{"id":15531,"date":"2014-01-31T09:40:58","date_gmt":"2014-01-31T09:40:58","guid":{"rendered":"http:\/\/museuciencies.cat\/area-cientifica\/col%c2%b7leccions\/col%c2%b7leccions-geologiques\/petrologiques\/"},"modified":"2026-03-24T14:53:52","modified_gmt":"2026-03-24T12:53:52","slug":"petrologicas","status":"publish","type":"page","link":"https:\/\/museuciencies.cat\/es\/area-cientifica\/colecciones\/colecciones-geologicas\/petrologicas\/","title":{"rendered":"Petrol\u00f3gicas"},"content":{"rendered":"<div id=\"marc-plana\">\n<p>La colecci\u00f3n petrol\u00f3gica est\u00e1 formada por m\u00e1s de 21.000 registros de rocas procedentes de todo el mundo, una colecci\u00f3n de aproximadamente 5.000 l\u00e1minas delgadas para el estudio microsc\u00f3pico y 31 grandes bloques p\u00e9treos expuestos en el exterior del <a href=\"https:\/\/museuciencies.cat\/es\/el-nat\/las-sedes\/centro-martorell-de-exposiciones\/\" target=\"_blank\" rel=\"noopener\"><strong>Centre Martorell d\u2019Exposicions.<\/strong><\/a> Dentro de esta colecci\u00f3n tambi\u00e9n hay una subcolecci\u00f3n de sedimentos de m\u00e1s de 3.200 ejemplares.<\/p>\n<p>El origen de la colecci\u00f3n se remonta a los inicios del Museo, a finales del siglo XIX, y se ha ido ampliando hasta la actualidad a trav\u00e9s del trabajo de campo de la secci\u00f3n de petrolog\u00eda y de donaciones procedentes de instituciones y particulares.<\/p>\n<\/div>\n","protected":false},"excerpt":{"rendered":"<p>La colecci\u00f3n petrol\u00f3gica est\u00e1 formada por m\u00e1s de 21.000 registros de rocas procedentes de todo el mundo, una colecci\u00f3n de aproximadamente 5.000 l\u00e1minas delgadas para el estudio microsc\u00f3pico y 31 grandes bloques p\u00e9treos expuestos en el exterior del Centre Martorell d\u2019Exposicions. Dentro de esta colecci\u00f3n tambi\u00e9n hay una subcolecci\u00f3n de sedimentos de m\u00e1s de 3.200 [&hellip;]<\/p>\n","protected":false},"author":2,"featured_media":0,"parent":15005,"menu_order":122,"comment_status":"closed","ping_status":"closed","template":"page-fill-coleccions.php","meta":{"_acf_changed":false,"footnotes":""},"class_list":["post-15531","page","type-page","status-publish","hentry"],"acf":{"activeu_alerta":false,"arxius_adjunts":false,"boto_de_link_o_mail":false,"descripcio":"","imatge_llistat":false,"img_cap":9373,"links_associats":false,"llista_equip_museu":"","llista_estudiants":false,"llista_fons":[{"titol":"Colecci\u00f3n Antiga ","link":"","descripcio":"<p>Colecci\u00f3n adquirida el 30 de abril de 1988 a<strong> Pere Antiga i Sunyer<\/strong> que constaba de 100 rocas. Hoy en d\u00eda quedan 37 rocas (de unas dimensiones semejantes) y 13 l\u00e1minas delgadas de la colecci\u00f3n. La localidad de origen del material est\u00e1 muy bien documentada. La mayor\u00eda de las muestras son de Francia pero tambi\u00e9n hay rocas alemanas y de la Rep\u00fablica Checa. Por lo que respecta al origen geol\u00f3gico, la mayor\u00eda son rocas de tipo \u00edgneo.<\/p>\n"},{"titol":"Colecci\u00f3n de Grandes Bloques","link":"","descripcio":"<p>La colecci\u00f3n de Grandes Bloques se inici\u00f3 en el a\u00f1o 1905 por iniciativa de<strong> Norbert Font i Sagu\u00e9<\/strong> (1873-1910). Estaba formada por 133 grandes bloques de roca instalados en el parque de la Ciutadella, en el exterior del Museu Martorell. Los ejemplares proven\u00edan de las canteras m\u00e1s importantes de Catalu\u00f1a. La colecci\u00f3n se destruy\u00f3 en el a\u00f1o 1929, pero el Museo \u00a0conserva una muestra reducida de cada ejemplar. Durante la d\u00e9cada de 1940, la colecci\u00f3n se reconstruy\u00f3 con 32 bloques gracias a la intervenci\u00f3n de algunos naturalistas catalanes. En el a\u00f1o 2003, el Departamento de Arquitectura, Sector de Urbanismo del Ajuntament\u00a0de Barcelona, se encarg\u00f3 de la restauraci\u00f3n de la colecci\u00f3n y la renovaci\u00f3n de los r\u00f3tulos explicativos. La colecci\u00f3n que se expone actualmente est\u00e1 formada por 33 bloques de rocas de grandes dimensiones adosados a la fachada principal del Museu Martorell, adem\u00e1s de varias columnas prism\u00e1ticas de basalto situadas en los laterales del vest\u00edbulo exterior, tal como estaban originalmente.<\/p>\n"},{"titol":"Colecci\u00f3n Minera","link":"","descripcio":"<p>Es la colecci\u00f3n proveniente de la exposici\u00f3n inaugurada en 1904 sobre \u00abMiner\u00eda y trabajos hidr\u00e1ulicos de Catalu\u00f1a e islas Baleares, cono un anexo de car\u00e1cter internacional para m\u00e1quinas y material aplicable a las industrias minera, metal\u00fargica, hidr\u00e1ulica y el\u00e9ctrica\u00bb. Fue organizada por el Fomento del Trabajo Nacional para dar a conocer la riqueza minera de Catalu\u00f1a y de las islas Baleares. El material ingres\u00f3 en el Museo en 1905 (G\u00f3mez-Alba, 2001). La colecci\u00f3n de petrolog\u00eda tiene inventariados 32 ejemplares, todos ellos situados en Espa\u00f1a. Consta de 22 rocas sedimentarias y 10 \u00edgneas.<\/p>\n"},{"titol":"Colecci\u00f3n Rosals","link":"","descripcio":"<p>En 1917 ingres\u00f3 en el Museo una colecci\u00f3n de moluscos, geolog\u00eda y paleontolog\u00eda donada por<strong> Joan Rosals i Corretjer<\/strong>. Actualmente la colecci\u00f3n de petrolog\u00eda conserva 101 ejemplares de rocas de esta colecci\u00f3n. Predominan las muestras de Catalu\u00f1a y del resto de Espa\u00f1a. Tambi\u00e9n hay ejemplares de Alemania y Francia que son en su gran mayor\u00eda rocas \u00edgneas. Dentro de las muestras catalanas dominan los p\u00f3rfidos, las margas y las cornubianitas.<\/p>\n"},{"titol":"Colecci\u00f3n Vidal","link":"","descripcio":"<p>Dentro de la numerosa colecci\u00f3n geol\u00f3gica y paleontol\u00f3gica que Llu\u00eds Mari\u00e0 Vidal i Carreras don\u00f3 a la Junta de Ciencias Naturales, depositada en el Museu Martorell en 1922, tenemos inventariados 235 ejemplares. Todas las muestras son de Catalu\u00f1a, mayoritariamente de Lleida i Girona. Destaca la alta presencia de muestras de Vall d&#8217;Aran y de las dos comarcas del Pallars. Litol\u00f3gicamente predominan las rocas org\u00e1nicas (53 ejemplares), los granitos, los m\u00e1rmoles y las filitas.<\/p>\n"},{"titol":"Colecci\u00f3n RACAB","link":"","descripcio":"<p>El Museo es depositario, desde 1925, de una parte de la colecci\u00f3n procedente de Real Academia de las Ciencias y las Artes de Barcelona. La colecci\u00f3n de petrolog\u00eda, con 1.143 ejemplares inventariados, consta de ejemplares de todo el mundo. Como es de esperar, por proximidad predominan las muestras localizadas en Europa (aproximadamente 900 ejemplares) y, m\u00e1s concretamente, las situadas en Espa\u00f1a (524 ejemplares). Dentro de Espa\u00f1a, las muestras de Catalu\u00f1a suponen casi la mitad de los ejemplares. Esta colecci\u00f3n fue creada por recolectores ilustres como Jaume Almera i Comas (rocas predominantemente de Francia), Artur Bofill i Poch (rocas metam\u00f3rficas de Barcelona), Ram\u00f3n de Bol\u00f2s i Saderra (rocas volc\u00e1nicas), Eduard Fontser\u00e8 i Riba (rocas varias de toda Espa\u00f1a), Carles de Gimbernat (mayoritariamente rocas volc\u00e1nicas y de Italia), Antoni Llobet i Vall-Llosera (rocas de Europa \u2013con una representaci\u00f3n destacada de las de Francia y Espa\u00f1a\u2013, Am\u00e9rica y \u00c1frica) y Joan Artur Maliban i Autet (rocas volc\u00e1nicas de Canarias). Desde el punto de vista litol\u00f3gico destacan las rocas de origen volc\u00e1nico (343 ejemplares) con una colecci\u00f3n amplia de rocas de la Garrotxa y con la colecci\u00f3n de medallas de lava acu\u00f1adas por Carles de Gimbernat con lava del Vesubio. Tambi\u00e9n es importante la colecci\u00f3n de carbones con 142 ejemplares.<\/p>\n<p>&nbsp;<\/p>\n"},{"titol":"Colecci\u00f3n de L\u00e1mina Delgada","link":"","descripcio":"<p>Para complementar la documentaci\u00f3n y la investigaci\u00f3n se realiza, paralelamente a la colecci\u00f3n de rocas, la colecci\u00f3n de l\u00e1mina delgada. Esta colecci\u00f3n, con <strong>4.197 ejemplares<\/strong>, puede dividirse en dos: la de l\u00e1mina delgada antigua, que va aproximadamente desde 1900 a 1950, y la de la l\u00e1mina delgada nueva, a partir de 1950. Engloba muchas colecciones y donantes y la procedencia y litolog\u00eda de las preparaciones es muy diversa. Destacan la donaci\u00f3n de <strong>Gonzalo Moragas<\/strong>, la de mayor tama\u00f1o, con 1.300 preparaciones, y la donaci\u00f3n de <strong>Norbert Font i Sagu\u00e9<\/strong>, que es la m\u00e1s particular. Desde 1998 a 2004, cuando funcionaba el laboratorio de L\u00e1mina Delgada del Museo, la colecci\u00f3n se enriqueci\u00f3 con m\u00faltiples nuevas preparaciones.<\/p>\n"}],"llista_investigadors":false,"llista_voluntaris":false,"nou_carrusel":false,"presenta_fills":"no","tambe_us_pot_interessar":"","text_alerta":"","text_fons_de_la_colleccio":"<div id=\"contingut\">\n<div id=\"marc-plana\">\n<p>En la colecci\u00f3n de petrolog\u00eda encontramos representados la mayor parte de tipos de rocas conocidas e incluye una buena muestra de: rocas plut\u00f3nicas y volc\u00e1nicas con las diferentes variedades \u00e1cidas y b\u00e1sicas; rocas metam\u00f3rficas (con diferente grado de metamorfismo) y rocas sedimentarias (carbon\u00e1ticas, silicicl\u00e1sticas, evapor\u00edticas, carbones, bauxitas\u2026). Las colecciones cubren un amplio sector geogr\u00e1fico que comprende Catalu\u00f1a (Pirineos, Depresi\u00f3n Central, Cordillera Prelitoral, etc.) y todo el Estado espa\u00f1ol, Europa y zonas espec\u00edficas de Am\u00e9rica, \u00c1frica y Australia, donde se realizaron varias expediciones durante la d\u00e9cada de los sesenta para recolectar rocas b\u00e1sicas y ultrab\u00e1sicas de los escudos prec\u00e1mbricos.<\/p>\n<\/div>\n<\/div>\n","text_fons_dingres":"<p>Las tres principales fuentes de ingreso que ampl\u00edan d\u00eda a d\u00eda la colecci\u00f3n petrol\u00f3gica del Museo son:<\/p>\n<ul>\n<li>Las aportaciones procedentes de la recolecci\u00f3n de los conservadores responsables, ya sea a trav\u00e9s de muestras de campo recolectadas para proyectos de investigaci\u00f3n o de la recolecci\u00f3n dirigida a llenar los vac\u00edos geol\u00f3gico-geogr\u00e1ficos de la colecci\u00f3n.<\/li>\n<li>Las donaciones por parte de instituciones y personas ajenas al Museo. Cualquier donaci\u00f3n tiene que disponer de un m\u00ednimo de informaci\u00f3n para que sea aceptada por el Museo. Habitualmente, la donaci\u00f3n de una colecci\u00f3n petrol\u00f3gica va asociada a la de una mineral\u00f3gica. Personajes ilustres como Jaume Almera, Mari\u00e0 Faura, Pius Font, Gonzalo Moragas, Joan Rosals, Baltasar Serradell y Llu\u00eds Mari\u00e0 Vidal, efectuaron donaciones al Museo.<\/li>\n<li>La colecci\u00f3n tambi\u00e9n re\u00fane muestras fruto de la realizaci\u00f3n de tesis doctorales, proyectos de final de carrera o proyectos de investigaci\u00f3n. Todo este material bien documentado y con publicaciones asociadas tiene la oportunidad de estar abierto a la consulta y conservarse en unas condiciones apropiadas.<\/li>\n<\/ul>\n<p>&nbsp;<\/p>\n<p>&nbsp;<\/p>\n<p>&nbsp;<\/p>\n","text_fons_documental":"","text_galeria_dimatges":"","text_guies_de_lectura":"","text_novetats_bibliografiques":"","text_preparacio_i_conservacio":"<p>Aunque en general la colecci\u00f3n de petrolog\u00eda no requiere ninguna conservaci\u00f3n especial, se ha iniciado un proceso de adecuaci\u00f3n de la misma que consiste en la limpieza y acondicionamiento de las muestras y en la protecci\u00f3n de la informaci\u00f3n asociada. Esta acci\u00f3n garantiza una mejor conservaci\u00f3n y consulta del material. Hay que hacer menci\u00f3n especial de las rocas salinas, que en algunos casos deber\u00e1n prepararse con una capa protectora y mantenerse aisladas de la humedad en vitrinas o botes especiales.<\/p>\n<p>Por otra parte, se realizan l\u00e1minas delgadas de las muestras, es decir secciones de las rocas de unas 30 micras de grosor, con el objetivo de estudiarlas mediante un microscopio de polarizaci\u00f3n y darles una clasificaci\u00f3n fiable. Uno de los proyectos en el punto de mira de esta secci\u00f3n, que se desarrollar\u00e1 junto con la secci\u00f3n de paleontolog\u00eda, es la reactivaci\u00f3n del laboratorio de preparaci\u00f3n de l\u00e1mina delgada.<\/p>\n","tipologia_de_colaborador":false,"presenta_peu":false,"segona_part":""},"jetpack_sharing_enabled":true,"_links":{"self":[{"href":"https:\/\/museuciencies.cat\/es\/wp-json\/wp\/v2\/pages\/15531","targetHints":{"allow":["GET"]}}],"collection":[{"href":"https:\/\/museuciencies.cat\/es\/wp-json\/wp\/v2\/pages"}],"about":[{"href":"https:\/\/museuciencies.cat\/es\/wp-json\/wp\/v2\/types\/page"}],"author":[{"embeddable":true,"href":"https:\/\/museuciencies.cat\/es\/wp-json\/wp\/v2\/users\/2"}],"replies":[{"embeddable":true,"href":"https:\/\/museuciencies.cat\/es\/wp-json\/wp\/v2\/comments?post=15531"}],"version-history":[{"count":2,"href":"https:\/\/museuciencies.cat\/es\/wp-json\/wp\/v2\/pages\/15531\/revisions"}],"predecessor-version":[{"id":127173,"href":"https:\/\/museuciencies.cat\/es\/wp-json\/wp\/v2\/pages\/15531\/revisions\/127173"}],"up":[{"embeddable":true,"href":"https:\/\/museuciencies.cat\/es\/wp-json\/wp\/v2\/pages\/15005"}],"wp:attachment":[{"href":"https:\/\/museuciencies.cat\/es\/wp-json\/wp\/v2\/media?parent=15531"}],"curies":[{"name":"wp","href":"https:\/\/api.w.org\/{rel}","templated":true}]}}