{"id":15489,"date":"2014-05-12T13:52:58","date_gmt":"2014-05-12T13:52:58","guid":{"rendered":"http:\/\/museuciencies.cat\/area-cientifica\/linies-de-recerca\/diversitat-natural\/bioespeleologia\/"},"modified":"2024-05-03T09:07:35","modified_gmt":"2024-05-03T07:07:35","slug":"bioespeleologia","status":"publish","type":"page","link":"https:\/\/museuciencies.cat\/es\/area-cientifica\/lineas-de-investigacion\/diversidad-natural\/bioespeleologia\/","title":{"rendered":"Bioespeleolog\u00eda y fauna hipogea"},"content":{"rendered":"<p>La l\u00ednea de investigaci\u00f3n de <strong>Bioespeleolog\u00eda y prospecci\u00f3n de fauna hipogea<\/strong> es de larga tradici\u00f3n institucional e hist\u00f3rica. Fue impulsada por el ilustre entom\u00f3logo, conservador y posteriormente director del Museo de Zoolog\u00eda de Barcelona, el <span style=\"color: #000000;\"><a style=\"color: #000000;\" href=\"https:\/\/es.wikipedia.org\/wiki\/Francesc_Espa%C3%B1ol_Coll\" target=\"_blank\" rel=\"noopener\"><strong>Dr.<\/strong>\u00a0<strong>Francesc Espa\u00f1ol i Coll<\/strong><\/a>,<\/span>\u00a0maestro de multitud de j\u00f3venes entom\u00f3logos y espele\u00f3logos, l\u00ednisaque actualmente continua muy activa. Cabe destacar que este proyecto de recolecci\u00f3n de larga trayectoria no habr\u00eda sido posible sin la inestimable colaboraci\u00f3n de los miembros de la <strong><a href=\"http:\/\/biosp.blogspot.com\/\" target=\"_blank\" rel=\"noopener\">Asociaci\u00f3n Catalana de Bioespeleolog\u00eda (BIOSP)<\/a> y de la <a href=\"https:\/\/www.espeleologia.cat\/ca\/\" target=\"_blank\" rel=\"noopener\">Federaci\u00f3n Catalana de Espeleolog\u00eda (FCE).<\/a><\/strong><\/p>\n<p>La persistente actividad recolectora llevada a cabo durante casi un siglo ha dado lugar a una colecci\u00f3n que supera con creces <strong>los 100.000 ejemplare<\/strong>s de \u00e1mbito ib\u00e9rico y norafricano, con representantes de los principales grupos de artr\u00f3podos (crust\u00e1ceos, ar\u00e1cnidos, miri\u00e1podos, insectos, col\u00e9mbolos, dipluros y proturos).<\/p>\n<p>Actualmente, el estudio de la fauna hipogea ha ganado una nueva dimensi\u00f3n gracias a la incorporaci\u00f3n de herramientas moleculares. En un contexto de cambio global, el estudio gen\u00e9tico de la fauna cavern\u00edcola resulta imprescindible para evaluar el estado de conservaci\u00f3n de estos ambientes tan fr\u00e1giles. Este objetivo es posible gracias a la estrecha colaboraci\u00f3n del Departamento de Artr\u00f3podos del Museo con el grupo liderado por el <strong><a href=\"https:\/\/www.marnedo.net\/\" target=\"_blank\" rel=\"noopener\">Dr. Miquel \u00c0ngel Arnedo <\/a><\/strong>en la Universidad de Barcelona (UB), los cuales pertenecen, al mismo tiempo, al grupo de investigaci\u00f3n <strong><a href=\"https:\/\/www.zoosysevo.net\" target=\"_blank\" rel=\"noopener\">ZooSysEvo<\/a>.<\/strong><\/p>\n","protected":false},"excerpt":{"rendered":"<p>La l\u00ednea de investigaci\u00f3n de Bioespeleolog\u00eda y prospecci\u00f3n de fauna hipogea es de larga tradici\u00f3n institucional e hist\u00f3rica. Fue impulsada por el ilustre entom\u00f3logo, conservador y posteriormente director del Museo de Zoolog\u00eda de Barcelona, el Dr.\u00a0Francesc Espa\u00f1ol i Coll,\u00a0maestro de multitud de j\u00f3venes entom\u00f3logos y espele\u00f3logos, l\u00ednisaque actualmente continua muy activa. Cabe destacar que este [&hellip;]<\/p>\n","protected":false},"author":2,"featured_media":0,"parent":15191,"menu_order":148,"comment_status":"closed","ping_status":"closed","template":"page-fills-programes-recerca.php","meta":{"_acf_changed":false,"footnotes":""},"class_list":["post-15489","page","type-page","status-publish","hentry"],"acf":{"activeu_alerta":false,"arxius_adjunts":false,"boto_de_link_o_mail":false,"imatge_llistat":false,"img_cap":110735,"links_associats":false,"llistat_projectes":[{"titol":"SPELEOGENOMICS-2: Iniciativa para generar genomas de referencia de artr\u00f3podos cavern\u00edcolas","any":"2023","responsable":"","financament":"Institut d'Estudis Catalans","durada":"1 a\u00f1o","descripcio":"<p>SPELEOGENOMICS-2 es un proyecto cuyo principal objetivo gira entorno a la obtenci\u00f3n de genomas de referencia para seis especies de la fauna cavern\u00edcola (habitantes de cuevas) representativas de los principales linajes de artr\u00f3podos. El proyecto se centrar\u00e1 en organismos end\u00e9micos o mayoritariamente circunscritos al \u00e1rea de influencia del CBP (\u201cCatalan Biogenome Project\u201d). Las especies cavern\u00edcolas presentan rasgos fenot\u00edpicos y metab\u00f3licos notablemente similares debido a las fuertes presiones selectivas ejercidas por el medio subterr\u00e1neo. Dicho nivel de adaptaci\u00f3n, por desgracia, las hace vulnerables a los cambios ambientales; las cuevas son h\u00e1bitats muy fr\u00e1giles, amenazados constantemente por la contaminaci\u00f3n, los cambios en el uso del suelo, las actividades tur\u00edsticas o el cambio clim\u00e1tico. En este sentido, los genomas de referencia ayudar\u00e1n a explorar su posici\u00f3n filogen\u00e9tica y aquellas adaptaciones gen\u00f3micas que facilitan su supervivencia en entornos extremos, as\u00ed como su historia demogr\u00e1fica y variabilidad gen\u00e9tica, lo que contribuir\u00e1 significativamente a su conservaci\u00f3n.<\/p>\n<p>Web convocatoria\u00a0 <a href=\"https:\/\/www.iec.cat\/recerca\/convocatories-dajuts-a-la-recerca\/\">https:\/\/www.iec.cat\/recerca\/convocatories-dajuts-a-la-recerca\/<\/a><a href=\"https:\/\/www.iec.cat\/\" target=\"_blank\" rel=\"noopener\"><img loading=\"lazy\" decoding=\"async\" class=\"aligncenter size-full wp-image-109319\" src=\"https:\/\/museuciencies.cat\/wp-content\/uploads\/2024\/03\/logoIEC.jpg\" alt=\"\" width=\"222\" height=\"101\" \/><\/a><\/p>\n","documents_adjunts":false},{"titol":"Barcoding III: Fauna hipogea de los parques de DIBA","any":"2023","responsable":"","financament":"Diputaci\u00f3 de Barcelona","durada":"3 a\u00f1os","descripcio":"<p>El objetivo principal de este proyecto es conocer el estado de conservaci\u00f3n de algunas especies interesantes propias del h\u00e1bitat hipogeo o que se encuentran frecuentemente en este medio, localizadas en la Xarxa de Parcs de la Diputaci\u00f3 de Barcelona (DIBA). Para alcanzar este objetivo, se llevar\u00e1n a cabo recolecciones de espec\u00edmenes para su posterior estudio tanto a nivel morfol\u00f3gico como molecular (c\u00f3digo de barras gen\u00e9tico).<\/p>\n","documents_adjunts":false}],"nou_carrusel":false,"presenta_fills":"no","tambe_us_pot_interessar":"","text_alerta":"","presenta_peu":false,"segona_part":""},"jetpack_sharing_enabled":true,"_links":{"self":[{"href":"https:\/\/museuciencies.cat\/es\/wp-json\/wp\/v2\/pages\/15489","targetHints":{"allow":["GET"]}}],"collection":[{"href":"https:\/\/museuciencies.cat\/es\/wp-json\/wp\/v2\/pages"}],"about":[{"href":"https:\/\/museuciencies.cat\/es\/wp-json\/wp\/v2\/types\/page"}],"author":[{"embeddable":true,"href":"https:\/\/museuciencies.cat\/es\/wp-json\/wp\/v2\/users\/2"}],"replies":[{"embeddable":true,"href":"https:\/\/museuciencies.cat\/es\/wp-json\/wp\/v2\/comments?post=15489"}],"version-history":[{"count":8,"href":"https:\/\/museuciencies.cat\/es\/wp-json\/wp\/v2\/pages\/15489\/revisions"}],"predecessor-version":[{"id":110695,"href":"https:\/\/museuciencies.cat\/es\/wp-json\/wp\/v2\/pages\/15489\/revisions\/110695"}],"up":[{"embeddable":true,"href":"https:\/\/museuciencies.cat\/es\/wp-json\/wp\/v2\/pages\/15191"}],"wp:attachment":[{"href":"https:\/\/museuciencies.cat\/es\/wp-json\/wp\/v2\/media?parent=15489"}],"curies":[{"name":"wp","href":"https:\/\/api.w.org\/{rel}","templated":true}]}}