{"id":15478,"date":"2014-05-12T13:52:10","date_gmt":"2014-05-12T13:52:10","guid":{"rendered":"http:\/\/museuciencies.cat\/area-cientifica\/linies-de-recerca\/diversitat-natural\/artropodiversitat\/"},"modified":"2024-12-13T16:08:05","modified_gmt":"2024-12-13T14:08:05","slug":"artropodiversidad","status":"publish","type":"page","link":"https:\/\/museuciencies.cat\/es\/area-cientifica\/lineas-de-investigacion\/diversidad-natural\/artropodiversidad\/","title":{"rendered":"Sistem\u00e1tica de artr\u00f3podos"},"content":{"rendered":"<p>El <strong>estudio y revisi\u00f3n de las colecciones<\/strong>, tanto hist\u00f3ricas como recientes, es uno de los proyectos prioritarios en el Museo, dado que es la \u00fanica forma de conocer el valor tanto cient\u00edfico como muse\u00edstico del patrimonio que en \u00e9ste se preserva. Los estudios de revisi\u00f3n de material, llevados a cabo tanto dentro de las instalaciones del Museo como a trav\u00e9s de pr\u00e9stamos cient\u00edficos, a menudo duran a\u00f1os y en ellos se ven involucrados numerosos especialistas. Fruto de estas revisiones exhaustivas, ven la luz cat\u00e1logos de familias, subfamilias y\/o g\u00e9neros, descripciones de nuevos taxones, designaciones de tipos y nuevos datos biogeogr\u00e1ficos (ver apartado de publicaciones).<\/p>\n<p>Paralelamente, el Departamento de Artr\u00f3podos trabaja en estrecha colaboraci\u00f3n con t\u00e9cnicos de diversos espacios y parques naturales y con investigadores de otras instituciones a fin de participar en <strong>seguimientos activos de biodiversidad de insectos y\/u otros artr\u00f3podos de \u00e1mbito tanto nacional como internacional<\/strong>. A pesar de la dificultad que supone tener que trabajar con un volumen de muestras tan grande y diverso y coordinar a un gran n\u00famero de especialistas, este tipo de estudios permiten el ingreso de muestras recientes de elevado valor cient\u00edfico y muse\u00edstico. Asimismo, los datos que se derivan de su estudio pueden resultar de gran utilidad a la hora de dise\u00f1ar o revisar las pol\u00edticas de gesti\u00f3n y conservaci\u00f3n de la biodiversidad en diferentes espacios y parques naturales.<\/p>\n","protected":false},"excerpt":{"rendered":"<p>El estudio y revisi\u00f3n de las colecciones, tanto hist\u00f3ricas como recientes, es uno de los proyectos prioritarios en el Museo, dado que es la \u00fanica forma de conocer el valor tanto cient\u00edfico como muse\u00edstico del patrimonio que en \u00e9ste se preserva. Los estudios de revisi\u00f3n de material, llevados a cabo tanto dentro de las instalaciones [&hellip;]<\/p>\n","protected":false},"author":2,"featured_media":0,"parent":15191,"menu_order":99,"comment_status":"closed","ping_status":"closed","template":"page-fills-programes-recerca.php","meta":{"_acf_changed":false,"footnotes":""},"class_list":["post-15478","page","type-page","status-publish","hentry"],"acf":{"activeu_alerta":false,"arxius_adjunts":false,"boto_de_link_o_mail":false,"imatge_llistat":false,"img_cap":110730,"links_associats":false,"llistat_projectes":[{"titol":"INC-STEP - Instigating a National Reference Collection for Spain's Threatened Pollinators","any":"2024","responsable":"","financament":"Uni\u00f3n Europea (Horizon IA - Innovation Action)","durada":"22 meses","descripcio":"<p>El <a href=\"https:\/\/tettris.eu\/\" target=\"_blank\" rel=\"noopener\"><strong>Proyecto TETTRIs (UE &#8211; Horizon IA)<\/strong><\/a> naci\u00f3 como una contribuci\u00f3n de la comunidad taxon\u00f3mica y CETAF para aportar conocimientos e innovaciones que hagan frente a la p\u00e9rdida de biodiversidad. El proyecto INC-STEP, financiado por TETTRIs y coordinado por un consorcio de cinco instituciones espa\u00f1olas (MCNC-CSIC, UNAV, UCM, UV y MCNB), busca iniciar una colecci\u00f3n nacional de referencia de polinizadores pertenecientes a seis grupos: Hesperiidae y Papilionidae (Lepidoptera); Eristalinae (Diptera; Syrphidae); <em>Bombus<\/em>, <em>Colletes<\/em> y <em>Xylocopa<\/em> (Hymenoptera; Apoidea). El consorcio coordinar\u00e1 la revisi\u00f3n taxon\u00f3mica de dichos grupos, la cual llevar\u00e1n a cabo tax\u00f3nomos expertos, en las colecciones de las cinco instituciones; analizar\u00e1 las carencias en el conocimiento taxon\u00f3mico y geogr\u00e1fico de dichas colecciones y aplicar\u00e1 diversas herramientas para solventarlas; desarrollar\u00e1 herramientas para facilitar la incorporaci\u00f3n de espec\u00edmenes de otras colecciones; digitalizar\u00e1 espec\u00edmenes para crear colecciones virtuales; y elaborar\u00e1 un mapa interactivo en l\u00ednea de las colecciones.<\/p>\n<p><img loading=\"lazy\" decoding=\"async\" class=\"aligncenter wp-image-109029\" src=\"https:\/\/museuciencies.cat\/wp-content\/uploads\/2024\/02\/logocombinatEU_Tetris-615x145.jpg\" alt=\"\" width=\"467\" height=\"110\" srcset=\"https:\/\/museuciencies.cat\/wp-content\/uploads\/2024\/02\/logocombinatEU_Tetris-615x145.jpg 615w, https:\/\/museuciencies.cat\/wp-content\/uploads\/2024\/02\/logocombinatEU_Tetris-1024x241.jpg 1024w, https:\/\/museuciencies.cat\/wp-content\/uploads\/2024\/02\/logocombinatEU_Tetris-768x181.jpg 768w, https:\/\/museuciencies.cat\/wp-content\/uploads\/2024\/02\/logocombinatEU_Tetris.jpg 1246w\" sizes=\"auto, (max-width: 467px) 100vw, 467px\" \/><\/p>\n<p><strong>Enlace web del proyecto<\/strong>: <a href=\"https:\/\/tettris.eu\/\" target=\"_blank\" rel=\"noopener\">https:\/\/tettris.eu\/\u00a0<\/a><\/p>\n<p><em>This project has received funding from the European Union\u2019s Horizon Europe Research and Innovation program within the framework of the TETTRIs Project funded under Grant Agreement Nr 101081903.<\/em><\/p>\n","documents_adjunts":false},{"titol":"TTCYN: Taxonomy, trophic and evolutionary relationships of gall forming and inquiline gall wasps (Hymenoptera: Cynipidae) in Fagaceae, with special attention to the Nearctic and Neotropics (PID2021-128146NB-I00) ","any":"2022","responsable":"","financament":"Gobierno de Espa\u00f1a (Ministerio de Ciencia, Innovaci\u00f3n y Universidades) y Uni\u00f3n Europea","durada":"4 a\u00f1os","descripcio":"<p>Los cin\u00edpidos son insectos endofit\u00f3fagos inductores de agallas o inquilinos de agallas inducidas principalmente por otros cin\u00edpidos. Tradicionalmente, los cin\u00edpidos se han estudiado desde una perspectiva morfol\u00f3gica, pero la importancia de un enfoque molecular ha ido creciendo en las \u00faltimas d\u00e9cadas. Las regiones Pale\u00e1rtica Oriental, Ne\u00e1rtica y Neotropical son especialmente interesantes, ya que incluyen tanto el origen ancestral de la familia (Pale\u00e1rtico Oriental) como sus mayores \u00edndices de biodiversidad (Ne\u00e1rtico, Neotr\u00f3pico). El estudio de estas regiones podr\u00eda arrojar luz a dos importantes procesos evolutivos y sistem\u00e1ticos: la diversificaci\u00f3n de gall\u00edcolas e inquilinos. Los principales objetivos de este estudio son desentra\u00f1ar la taxonom\u00eda y filogenia internas de la tribu Cynipini y el g\u00e9nero <em>Synergu<\/em>s en el Ne\u00e1rtico y el Neotr\u00f3pico, poniendo especial atenci\u00f3n a la fauna mexicana, a fin de establecer los l\u00edmites de diversos g\u00e9neros; estudiar las comunidades de parasitoides asociadas a las agallas; y determinar las relaciones entre <em>Quercus<\/em>-Cynipini-Inquilinos-Parasitoides.<\/p>\n<p><strong>Web convocatoria<\/strong>:\u00a0 <a href=\"https:\/\/www.aei.gob.es\/convocatorias\/buscador-convocatorias\/proyectos-generacion-conocimiento-2021\" target=\"_blank\" rel=\"noopener\">https:\/\/www.aei.gob.es\/convocatorias\/buscador-convocatorias\/proyectos-generacion-conocimiento-2021<\/a><\/p>\n<p><img loading=\"lazy\" decoding=\"async\" class=\"size-full wp-image-109326 alignleft\" src=\"https:\/\/museuciencies.cat\/wp-content\/uploads\/2024\/03\/320px-Logotipo_del_Ministerio_de_Ciencia_Innovacion_y_Universidades.svg_.png\" alt=\"\" width=\"320\" height=\"83\" \/><img loading=\"lazy\" decoding=\"async\" class=\"wp-image-109330 alignleft\" src=\"https:\/\/museuciencies.cat\/wp-content\/uploads\/2024\/03\/Projecte-nou-73-615x408.jpg\" alt=\"\" width=\"123\" height=\"81\" srcset=\"https:\/\/museuciencies.cat\/wp-content\/uploads\/2024\/03\/Projecte-nou-73-615x408.jpg 615w, https:\/\/museuciencies.cat\/wp-content\/uploads\/2024\/03\/Projecte-nou-73-1024x679.jpg 1024w, https:\/\/museuciencies.cat\/wp-content\/uploads\/2024\/03\/Projecte-nou-73-768x509.jpg 768w, https:\/\/museuciencies.cat\/wp-content\/uploads\/2024\/03\/Projecte-nou-73.jpg 1283w\" sizes=\"auto, (max-width: 123px) 100vw, 123px\" \/><\/p>\n","documents_adjunts":false}],"nou_carrusel":false,"presenta_fills":"no","tambe_us_pot_interessar":"","text_alerta":"","presenta_peu":false,"segona_part":""},"jetpack_sharing_enabled":true,"_links":{"self":[{"href":"https:\/\/museuciencies.cat\/es\/wp-json\/wp\/v2\/pages\/15478","targetHints":{"allow":["GET"]}}],"collection":[{"href":"https:\/\/museuciencies.cat\/es\/wp-json\/wp\/v2\/pages"}],"about":[{"href":"https:\/\/museuciencies.cat\/es\/wp-json\/wp\/v2\/types\/page"}],"author":[{"embeddable":true,"href":"https:\/\/museuciencies.cat\/es\/wp-json\/wp\/v2\/users\/2"}],"replies":[{"embeddable":true,"href":"https:\/\/museuciencies.cat\/es\/wp-json\/wp\/v2\/comments?post=15478"}],"version-history":[{"count":9,"href":"https:\/\/museuciencies.cat\/es\/wp-json\/wp\/v2\/pages\/15478\/revisions"}],"predecessor-version":[{"id":115907,"href":"https:\/\/museuciencies.cat\/es\/wp-json\/wp\/v2\/pages\/15478\/revisions\/115907"}],"up":[{"embeddable":true,"href":"https:\/\/museuciencies.cat\/es\/wp-json\/wp\/v2\/pages\/15191"}],"wp:attachment":[{"href":"https:\/\/museuciencies.cat\/es\/wp-json\/wp\/v2\/media?parent=15478"}],"curies":[{"name":"wp","href":"https:\/\/api.w.org\/{rel}","templated":true}]}}