{"id":15454,"date":"2014-01-31T09:32:10","date_gmt":"2014-01-31T09:32:10","guid":{"rendered":"http:\/\/museuciencies.cat\/area-cientifica\/departaments-cientifics\/conservacio-preventiva-i-restauracio\/"},"modified":"2024-09-06T11:38:48","modified_gmt":"2024-09-06T09:38:48","slug":"conservacio-preventiva-i-restauracio","status":"publish","type":"page","link":"https:\/\/museuciencies.cat\/es\/area-cientifica\/servicio-cientifico-tecnico\/laboratorios-tecnicos\/conservacio-preventiva-i-restauracio\/","title":{"rendered":"Conservaci\u00f3n preventiva y restauraci\u00f3n"},"content":{"rendered":"<p>Con la finalidad de velar por la integridad de sus fondos a corto, medio y largo plazo, el Museo dispone de un Laboratorio de Conservaci\u00f3n Preventiva y Restauraci\u00f3n (LCPR). Funciona desde 2009 y actualmente tiene dos sedes, una en el\u00a0<a href=\"https:\/\/museuciencies.cat\/el-nat\/les-seus\/laboratori-de-natura\/\">Castell dels Tres Dragons<\/a> (Parc de la Ciutadella) y otra en el <a href=\"https:\/\/museuciencies.cat\/el-nat\/les-seus\/museu-de-ciencies-naturals-de-barcelona\/\">Museu de Ci\u00e8ncies Naturals de Barcelona<\/a> (Parc del F\u00f2rum).<\/p>\n<p>El equipo del LCPR presta servicio a todas las colecciones del museo \u2013zool\u00f3gicas, geol\u00f3gicas y bot\u00e1nicas- que num\u00e9ricamente superan los tres millones de ejemplares. Estos se encuentran expuestos, almacenados o en dep\u00f3sito, distribuidos entre los distintos edificios que forman el Museo: Museu de Ci\u00e8ncies Naturals de Barcelona (Parc del F\u00f2rum), Centro Martorell de Exposiciones y\u00a0 Castell dels Tres Dragons (Parc de la Ciutadella) e Institut Bot\u00e0nic de Barcelona (Parc de Montju\u00efc).<\/p>\n<p>El ICOM considera que la conservaci\u00f3n es una de las obligaciones deontol\u00f3gicas esenciales de la profesi\u00f3n muse\u00edstica, que debe asegurar la transmisi\u00f3n de las colecciones a las generaciones futuras en el mejor estado posible. En esta l\u00ednea, el ICOM precisa que debe atenderse especialmente la conservaci\u00f3n preventiva, incluyendo la \u201cprotecci\u00f3n del medio ambiente apropiada contra las causas conocidas de deterioro, naturales o artificiales, de las colecciones de los museos\u201d.<\/p>\n<p>El LCPR lleva a cabo las acciones de conservaci\u00f3n preventiva y curativa necesarias para mantener la integridad de las colecciones del Museo.<\/p>\n<p>En t\u00e9rminos generales, <strong>la conservaci\u00f3n preventiva<\/strong> es la disciplina que act\u00faa de forma continua e integral sobre las colecciones, para evitar que sufran da\u00f1os y para ralentizar sus procesos naturales de envejecimiento. La pr\u00e1ctica de la conservaci\u00f3n preventiva implica acciones como el control de las variables ambientales a las que est\u00e1n sometidos los ejemplares, o la implantaci\u00f3n de estrategias para evitar plagas.<\/p>\n<p>La <strong>restauraci\u00f3n<\/strong>, tambi\u00e9n denominada conservaci\u00f3n curativa, es la disciplina que se encarga de paliar los da\u00f1os o alteraciones de los ejemplares cuando afectan a su integridad o impiden, dificultan o alteran su lectura. En el LCPR se intervienen los ejemplares deteriorados que lo requieren mediante tratamientos de limpieza, consolidaci\u00f3n y reintegraci\u00f3n, con el fin de adecuarlos para su exhibici\u00f3n p\u00fablica o su estudio. Todos los procesos de restauraci\u00f3n se llevan a cabo respetando los valores originales de los ejemplares: cient\u00edficos, hist\u00f3ricos, est\u00e9ticos\u2026<\/p>\n<p>El estudio de c\u00f3mo y porqu\u00e9 se degradan los materiales constitutivos de las colecciones es otro de los retos y objetivos del LCPR. Los resultados de estas investigaciones son muy \u00fatiles para desarrollar nuevos procedimientos de conservaci\u00f3n, evitar degradaciones futuras o tratar los da\u00f1os producidos a lo largo del tiempo.<\/p>\n<p><a href=\"https:\/\/museuciencies.cat\/wp-content\/uploads\/2021\/10\/2020_Memoria_LCPR.pdf\">Memoria LCPR 2020 (PDF 1 Mb, en catal\u00e1n)<\/a><\/p>\n","protected":false},"excerpt":{"rendered":"<p>Con la finalidad de velar por la integridad de sus fondos a corto, medio y largo plazo, el Museo dispone de un Laboratorio de Conservaci\u00f3n Preventiva y Restauraci\u00f3n (LCPR). Funciona desde 2009 y actualmente tiene dos sedes, una en el\u00a0Castell dels Tres Dragons (Parc de la Ciutadella) y otra en el Museu de Ci\u00e8ncies Naturals [&hellip;]<\/p>\n","protected":false},"author":2,"featured_media":0,"parent":15399,"menu_order":37,"comment_status":"closed","ping_status":"closed","template":"page-fills-departaments-cientifics.php","meta":{"_acf_changed":false,"footnotes":""},"class_list":["post-15454","page","type-page","status-publish","hentry"],"acf":{"activeu_alerta":false,"arxius_adjunts":false,"boto_de_link_o_mail":false,"descripcio":"","imatge_llistat":false,"img_cap":6203,"links_associats":false,"llista_equip_museu":[{"ID":18624,"post_author":"1","post_date":"2014-05-12 11:11:50","post_date_gmt":"2014-05-12 11:11:50","post_content":"","post_title":"Eul\u00e0lia Garcia","post_excerpt":"","post_status":"publish","comment_status":"closed","ping_status":"closed","post_password":"","post_name":"eulalia-garcia","to_ping":"","pinged":"","post_modified":"2024-08-29 12:09:10","post_modified_gmt":"2024-08-29 10:09:10","post_content_filtered":"","post_parent":0,"guid":"http:\/\/museuciencies.cat\/equip-huma\/eulalia-garcia-2\/","menu_order":29,"post_type":"equip-huma","post_mime_type":"","comment_count":"0","filter":"raw"},{"ID":18532,"post_author":"3","post_date":"2014-05-12 17:39:36","post_date_gmt":"2014-05-12 17:39:36","post_content":"","post_title":"Maria Vila","post_excerpt":"","post_status":"draft","comment_status":"closed","ping_status":"closed","post_password":"","post_name":"maria-vila","to_ping":"","pinged":"","post_modified":"2024-11-20 14:54:06","post_modified_gmt":"2024-11-20 12:54:06","post_content_filtered":"","post_parent":0,"guid":"http:\/\/museuciencies.cat\/equip-huma\/maria-vila-2\/","menu_order":29,"post_type":"equip-huma","post_mime_type":"","comment_count":"0","filter":"raw"}],"llista_estudiants":false,"llista_investigadors":[{"nom":"Olga Mu\u00f1oz Blasco","especialitat":"conservadora-restauradora","procedencia":"GROP, S.L.","institucio":"","link_institucio":""},{"nom":"Berta Roman","especialitat":"conservadora-restauradora","procedencia":"GROP, S.L.","institucio":"","link_institucio":""}],"llista_memories":false,"llista_projectes":false,"llista_publicacions":[{"nom_de_la_publicacio":"<p style=\"font-weight: 400;\">Campeny, M., P\u00e9rez-Azc\u00e1rate, M., Duque, S., Fern\u00e1ndez-Lluch, D., Garcia-Franquesa, E., Arom\u00ed, J. R., Casalod, A., Rodr\u00edguez-Ferrer, A., 2019. Conservaci\u00f3 i condicionament de la vitrina de sals del Museu Martorell (Museu de Ci\u00e8ncies Naturals de Barcelona) 1921-2018. <em>Treballs del Museu de Geologia de Barcelona<\/em>, 24: 25-37.<\/p>\n<p style=\"font-weight: 400;\">\n","es_document_o_link":"Link","document":false,"link":"https:\/\/doi.org\/10.32800\/tmgb.2018.24.0025"},{"nom_de_la_publicacio":"<p>P\u00e9rez-Azc\u00e1rate, M., Font-Rossell\u00f3, B., Garcia-Franquesa, E., 2019. Documenting a historic mounted fin whale skeleton in preparation for a move: a case study at the Museu de Ci\u00e8ncies Naturals de Barcelona. <i>Collection Forum,<\/i> 32 (1): 47-58. (disponible a partir de novembre 2020).<\/p>\n","es_document_o_link":"sense","document":false,"link":""},{"nom_de_la_publicacio":"<p>Garcia-Franquesa, E., 2018. A whale skeleton is moved. <i>Journal of Natural Science Collections, <\/i>5: 115-124.<\/p>\n","es_document_o_link":"Link","document":false,"link":"https:\/\/www.natsca.org\/article\/2441"},{"nom_de_la_publicacio":"<p>P\u00e9rez, M., Garcia-Franquesa, E., 2017. Sistemas de embalaje permanente para colecciones osteol\u00f3gicas: incidencia de los materiales en el control ambiental pasivo, resultados preliminares. Actas de la <em>XV Reuni\u00f3n <\/em><em>T\u00e9cnica de<\/em><em> Conservaci\u00f3n y Restauraci\u00f3n: sistemas y materiales para el montaje, exhibici\u00f3n y almacenaje de bienes patrimoniales<\/em>, Museo de Arte Contempor\u00e1neo de Barcelona (MACBA) 27 y 28 de noviembre de 2017.<\/p>\n","es_document_o_link":"sense","document":false,"link":""},{"nom_de_la_publicacio":"<p>P\u00e9rez, M., Mu\u00f1oz, O., Garcia-Franquesa, E.,\u00a0 2016. Conservaci\u00f3n-restauraci\u00f3n de modelos bot\u00e1nicos de frutas del Gabinete Salvador\u201d. <em>Ge-conservaci\u00f3n<\/em>, 9, 83-95.<\/p>\n","es_document_o_link":"sense","document":false,"link":""},{"nom_de_la_publicacio":"<p>Prieto, M., P\u00e9rez, M., 2016. Preventive conservation programme for managment of carpet beetles pests (Coleoptera: Dermestidae) at the Natural Sciences Museum of Barcelona. Actes del <em>XVII Congresso Ib\u00e9rico de Entomologia<\/em> \u2013 Lisboa (Portugal), 5-8 setembro de 2016.<\/p>\n","es_document_o_link":"sense","document":false,"link":""},{"nom_de_la_publicacio":"<p>Rull, M., P\u00e9rez, M., Uribe, F., 2016. Scanning Electron Microscope (SEM) shows undesirable effects of ultrasonic cleaning on recent mollusk shells. <em>Journal of Paleontological Techniques<\/em>, 15: 22-30.<\/p>\n","es_document_o_link":"Link","document":false,"link":"http:\/\/www.jpaleontologicaltechniques.org\/pasta3\/JPT%20N15\/pdf\/JPT15_pg_22_30.pdf"},{"nom_de_la_publicacio":"<p>P\u00e9rez, M., Mu\u00f1oz, O., Herv\u00e1s, N., Ib\u00e1\u00f1ez, N., Garcia-Franquesa, E.,\u00a0 2015. El Gabinete de Historia Natural Salvador: intervenciones de conservaci\u00f3n preventiva y curativa e inventario preliminar. <em>Bolet\u00edn de la Real Sociedad Espa\u00f1ola de Historia Natural, Secc. Aula, Museos y Colecciones<\/em>, 2, 2015, 87-99.<\/p>\n","es_document_o_link":"Link","document":false,"link":"http:\/\/digital.csic.es\/handle\/10261\/117440"},{"nom_de_la_publicacio":"<p>Torres, R., Cardona, J., Garcia, E., Vila, M., 2014. Causas, efectos y soluciones de vibraciones en ejemplares de museos expuestos en vitrina. <em>Actas del 45 Congreso Espa\u00f1ol de Acustica<\/em>, Murcia.<\/p>\n","es_document_o_link":"Link","document":false,"link":"http:\/\/www.sea-acustica.es\/fileadmin\/Murcia14\/AEV-0%20005.pdf"},{"nom_de_la_publicacio":"<p>Vila, M., P\u00e9rez, M., Mu\u00f1oz, O., Garcia-Franquesa, E., 2014. Two examples of preventive conservation practice in the Museu de Ci\u00e8ncies Naturals de Barcelona (MCNB):\u00a0 inspection of specimens and substitution of\u00a0 packaging. <em>Journal of Palentological techniques,<\/em> 13: 65-69.<\/p>\n","es_document_o_link":"Link","document":false,"link":"http:\/\/www.jpaleontologicaltechniques.org\/pasta3\/JPT%20N13\/pdf\/JPT13_pg_65_69.pdf"},{"nom_de_la_publicacio":"<p>Val, S., Garcia, E., P\u00e9rez, M., Valls, M., Cancelo, C., Guerrero, N., L\u00f3pez, D., 2012. Restauraci\u00f3 d\u2019una <em>Balaenoptera physalus<\/em>. La balena emblem\u00e0tica del Museu de Ci\u00e8ncies Naturals de Barcelona. <em>UNICUM Paleontologia<\/em>.<\/p>\n","es_document_o_link":"sense","document":false,"link":""},{"nom_de_la_publicacio":"<p>P\u00e9rez, M., Font, B., Garcia, E., 2011. The mounted fin skeleton at the Museu de Ci\u00e8ncies Naturals de Barcelona. Documentation and graphic record. <em>II Conservation Workshop. Finding Global Solutions for Natural History Collections. From the site to the storage<\/em>. Institut Catal\u00e0 de Paleontologia, Sabadell. (en prensa).<\/p>\n","es_document_o_link":"sense","document":false,"link":""},{"nom_de_la_publicacio":"<p>P\u00e9rez, M., Font, B., Garcia, E., Mu\u00f1oz, O., Coll, C., 2011. Conservation treatments of old taxidermies at the \u2018Museu de Ci\u00e8ncies Naturals de Barcelona. <em>II Conservation Workshop. Finding Global Solutions for Natural History Collections. From the site to the storage<\/em>. Institut Catal\u00e0 de Paleontologia, Sabadell. (en prensa).<\/p>\n","es_document_o_link":"sense","document":false,"link":""},{"nom_de_la_publicacio":"<p>Quesada, J., Garcia, E., D\u00edaz, A., P\u00e9rez, M., 2011. Preventive conservation in the Natural Sciences Museum of Barcelona (NAT): monitoring enviromental conditions of zoological collections. <em>II Conservation Workshop. Finding Global Solutions for Natural History Collections. From the site to the storage<\/em>. Institut Catal\u00e0 de Paleontologia, Sabadell. (en prensa).<\/p>\n","es_document_o_link":"sense","document":false,"link":"http:\/\/"},{"nom_de_la_publicacio":"<p>Aurell, J., P\u00e9rez, M., 2010. Collecting conservation problems: first round towards preservation. <em>I Conservation Workshop. Finding Global Solutions for Natural History Collections. From the site to the storage<\/em>. Institut Catal\u00e0 de Paleontologia, Sabadell. ISBN: 978-84-614-5858-5.<\/p>\n","es_document_o_link":"sense","document":false,"link":"http:\/\/"},{"nom_de_la_publicacio":"<p>Garcia-Franquesa, E., 2009. Biodiversity in storerooms. <em>Paleontologia i Evoluci\u00f3. Mem\u00f2ria especial<\/em> n\u00ba4 (2009): 89-100.<\/p>\n","es_document_o_link":"sense","document":false,"link":"http:\/\/"}],"llista_recursos":false,"llista_servies":false,"llista_voluntaris":false,"nou_carrusel":false,"presenta_fills":"no","tambe_us_pot_interessar":"","text_alerta":"","text_equip":"<p><span style=\"color: #ffffff;\">TXT<\/span><\/p>\n","text_memories":"","text_projectes":"<p>Para alcanzar los objetivos mencionados, el laboratorio lleva a cabo toda una serie de tareas de conservaci\u00f3n sobre los fondos del Museo que se resumen en las siguientes l\u00edneas de trabajo:<\/p>\n<ul>\n<li>Seguimiento y control de las condiciones ambientales (humedad relativa, temperatura e iluminaci\u00f3n).<\/li>\n<li>Elaboraci\u00f3n i seguimiento del plan de IPM.<\/li>\n<li>Embalajes permanentes.<\/li>\n<li>Adecuaci\u00f3n de espacios y mobiliario.<\/li>\n<li>Gesti\u00f3n de pr\u00e9stamos (embalajes temporales, <em>condition reports<\/em>, correos).<\/li>\n<li>Exposiciones temporales.<\/li>\n<li>Mantenimiento de las reservas y las exposiciones permanentes.<\/li>\n<li><\/li>\n<li>Elaboraci\u00f3n de r\u00e9plicas y modelos.<\/li>\n<li>Investigaci\u00f3n aplicada.<\/li>\n<\/ul>\n<p>&nbsp;<\/p>\n<p>&nbsp;<\/p>\n<p>Estas l\u00edneas de trabajo se han materializado en distintos proyectos, entre los cuales destacamos: <a href=\"https:\/\/museuciencies.cat\/wp-content\/uploads\/2017\/12\/Projectes_LCPR.pdf\" target=\"_blank\" rel=\"noopener\">Proyectos LCPR<\/a><\/p>\n","text_publicacions":"<p>Los c\u00f3digos \u00e9ticos y deontol\u00f3gicos que el LCPR suscribe, fomentan la difusi\u00f3n de los resultados de sus intervenciones y estudios, con la finalidad de enriquecer y hacer avanzar la disciplina de la conservaci\u00f3n-restauraci\u00f3n. Desde su origen en 2009, los profesionales que han formado parte o han colaborado con el equipo del LCPR, han contribuido a este objetivo con la publicaci\u00f3n de los siguientes trabajos especializados:<\/p>\n","text_recursos":"<p><strong>MANUALES Y GU\u00cdAS DE CONSERVACI\u00d3N<\/strong><\/p>\n<ul>\n<li><a href=\"https:\/\/museuciencies.cat\/wp-content\/uploads\/2023\/04\/2020_Guia_Actuacion_Radioactivos_ES.pdf\" target=\"_blank\" rel=\"noopener\">Gu\u00eda de actuaci\u00f3n en la manipulaci\u00f3n de muestras radioactivas<\/a><\/li>\n<li><a href=\"https:\/\/museuciencies.cat\/wp-content\/uploads\/2023\/04\/Guia_Actuacion_Abestos_Anfiboles_Fibrosos_ES.pdf\" target=\"_blank\" rel=\"noopener\">Gu\u00eda de actuaci\u00f3n en la manipulaci\u00f3n de asbestos y anf\u00edboles fibrosos<\/a><\/li>\n<li>Procedimientos de conservaci\u00f3n:\n<ul>\n<li><a href=\"https:\/\/museuciencies.cat\/wp-content\/uploads\/2023\/04\/2020_PDC_CCAA_ES.pdf\" target=\"_blank\" rel=\"noopener\">Condiciones ambientales<\/a><\/li>\n<li><a href=\"https:\/\/museuciencies.cat\/wp-content\/uploads\/2023\/04\/2020_PDC_emb_perm_manip_ES.pdf\" target=\"_blank\" rel=\"noopener\">Embalaje permanente y manipulaci\u00f3n<\/a><\/li>\n<li><a href=\"https:\/\/museuciencies.cat\/wp-content\/uploads\/2023\/04\/2020_PDC_emb_temp_manip_ES.pdf\" target=\"_blank\" rel=\"noopener\">Embalaje temporal y manipulaci\u00f3n<\/a><\/li>\n<li><a href=\"https:\/\/museuciencies.cat\/wp-content\/uploads\/2023\/04\/2020_PDC_marc_etiqu_ES.pdf\" target=\"_blank\" rel=\"noopener\">Marcaje y etiquetado<\/a><\/li>\n<li><a href=\"https:\/\/museuciencies.cat\/wp-content\/uploads\/2023\/04\/2020_PDC_mobiliario_ES.pdf\" target=\"_blank\" rel=\"noopener\">Mobiliario<\/a><\/li>\n<li><a href=\"https:\/\/museuciencies.cat\/wp-content\/uploads\/2023\/04\/2020_PDC_limpieza_reservas_ES.pdf\" target=\"_blank\" rel=\"noopener\">Limpieza reservas<\/a><\/li>\n<li><a href=\"https:\/\/museuciencies.cat\/wp-content\/uploads\/2023\/04\/2020_PDC_plan_ipm_ES.pdf\" target=\"_blank\" rel=\"noopener\">Plan de gesti\u00f3n integrada de plagas (IPM)<\/a><\/li>\n<\/ul>\n<\/li>\n<\/ul>\n<p><strong>ENLACES DE INTER\u00c9S:<\/strong><\/p>\n<p>&#8211; \u00c9tica y deontolog\u00cda de la conservaci\u00f3n-restauraci\u00f3n:<\/p>\n<ul>\n<li><a href=\"http:\/\/www.conservation-us.org\/our-organizations\/association-(aic)\/governance\/code-of-ethics-and-guidelines-for-practice#.Wco2AfR9ZCA\" target=\"_blank\" rel=\"noopener\">European Confederation of Conservator-Restorers&#8217; Organizations<\/a><\/li>\n<\/ul>\n<p>&#8211; Fundamentos de Conservaci\u00f3n-restauraci\u00f3n<\/p>\n<ul>\n<li><a href=\"https:\/\/www.canada.ca\/en\/conservation-institute\/services\/care-objects.html\" target=\"_blank\" rel=\"noopener\">Canadian Conservation Institute <\/a><\/li>\n<\/ul>\n<p>&#8211; Conservaci\u00f3n-restauraci\u00f3n de colecciones de ciencias naturales:<\/p>\n<ul>\n<li><a href=\"http:\/\/www.spnhc.org\/ Natural Sciences Collections Association https:\/\/www.natsca.org\/\" target=\"_blank\" rel=\"noopener\">The Society for the Preservation of Natural History Collections\u00a0<\/a><\/li>\n<li>Natural Sciences Collections Association <a href=\"https:\/\/www.natsca.org\/\">https:\/\/www.natsca.org\/<\/a><\/li>\n<\/ul>\n","text_serveis":"<p>Al margen de sus tareas habituales, el LCPR atiende peticiones puntuales de los conservadores del Museo, priorizando las intervenciones m\u00e1s urgentes, en base al grado de deterioro de los ejemplares afectados. Todas las intervenciones son consensuadas con el conservador responsable de cada colecci\u00f3n y son supervisadas por la jefa de colecciones.<\/p>\n<p>El LCPR tambi\u00e9n atiende consultas de otros museos o entidades p\u00fablicas que custodian patrimonio de ciencias naturales, o bien que conservan piezas compuestas por materiales de origen animal, vegetal, mineral, p\u00e9treo\u2026 Se atienden tambi\u00e9n solicitudes de informaci\u00f3n sobre embalaje, transporte y almacenaje de colecciones de ciencias naturales, y sobre materiales e instrumental de conservaci\u00f3n y restauraci\u00f3n.<\/p>\n<p>Adem\u00e1s, se acogen alumnos en formaci\u00f3n de estudios oficiales en conservaci\u00f3n y restauraci\u00f3n que se imparten en la Escuela Superior de Conservaci\u00f3n y Restauraci\u00f3n de Bienes Culturales de Catalunya (ESCRBCC) y en la Facultad de Bellas Artes de la Universidad de Barcelona (UB). Algunas actividades educativas y visitas concertadas, son guiadas por las conservadoras-restauradoras del Museo, cuando la tem\u00e1tica es la conservaci\u00f3n y la restauraci\u00f3n del patrimonio.<\/p>\n","tipologia_de_colaborador":[{"tipus_de_colaboracio":"","descripcio_del_tipus":"","colaboradors":[{"nom":"Marta P\u00e9rez Azc\u00e1rate","especialitat":"Conservaci\u00f3n-restauraci\u00f3n","procedencia":"","institucio":"","link_institucio":"http:\/\/"}]}],"presenta_peu":false,"segona_part":""},"jetpack_sharing_enabled":true,"_links":{"self":[{"href":"https:\/\/museuciencies.cat\/es\/wp-json\/wp\/v2\/pages\/15454","targetHints":{"allow":["GET"]}}],"collection":[{"href":"https:\/\/museuciencies.cat\/es\/wp-json\/wp\/v2\/pages"}],"about":[{"href":"https:\/\/museuciencies.cat\/es\/wp-json\/wp\/v2\/types\/page"}],"author":[{"embeddable":true,"href":"https:\/\/museuciencies.cat\/es\/wp-json\/wp\/v2\/users\/2"}],"replies":[{"embeddable":true,"href":"https:\/\/museuciencies.cat\/es\/wp-json\/wp\/v2\/comments?post=15454"}],"version-history":[{"count":3,"href":"https:\/\/museuciencies.cat\/es\/wp-json\/wp\/v2\/pages\/15454\/revisions"}],"predecessor-version":[{"id":113488,"href":"https:\/\/museuciencies.cat\/es\/wp-json\/wp\/v2\/pages\/15454\/revisions\/113488"}],"up":[{"embeddable":true,"href":"https:\/\/museuciencies.cat\/es\/wp-json\/wp\/v2\/pages\/15399"}],"wp:attachment":[{"href":"https:\/\/museuciencies.cat\/es\/wp-json\/wp\/v2\/media?parent=15454"}],"curies":[{"name":"wp","href":"https:\/\/api.w.org\/{rel}","templated":true}]}}