{"id":15392,"date":"2014-01-31T09:46:54","date_gmt":"2014-01-31T09:46:54","guid":{"rendered":"http:\/\/museuciencies.cat\/area-cientifica\/serveis-cientifico-tecnics\/prestec-col%c2%b7leccions\/"},"modified":"2025-03-27T12:01:18","modified_gmt":"2025-03-27T10:01:18","slug":"prestamo-de-colecciones","status":"publish","type":"page","link":"https:\/\/museuciencies.cat\/es\/area-cientifica\/servicio-cientifico-tecnico\/prestamo-de-colecciones\/","title":{"rendered":"Pr\u00e9stamo de colecciones"},"content":{"rendered":"<div id=\"marc-plana\">\n<p><em>AVISO: A partir del 14 de febrero de 2025, no podremos atender solicitudes de consulta o pr\u00e9stamo <strong>de colecciones zool\u00f3gicas<\/strong>. Por causas ajenas a la colecci\u00f3n, derivadas del proyecto de remodelaci\u00f3n del edificio del Castell dels Tres Dragons, que el Ayuntamiento iniciar\u00e1 a mediados de septiembre de este a\u00f1o, se est\u00e1n realizando trabajos log\u00edsticos de reubicaci\u00f3n y adecuaci\u00f3n de los ejemplares. Como resultado, la colecci\u00f3n permanecer\u00e1 cerrada a consultas y revisiones externas hasta nuevo aviso.<\/em><\/p>\n<p>Los espec\u00edmenes de colecciones pueden ser expuestos o estudiados fuera de las instalaciones del Museo. Los pr\u00e9stamos de colecciones son cesiones en comodato sujetos a las condiciones establecidas por el Museo. Estos pr\u00e9stamos son aprobados por la Direcci\u00f3n del Museo y solo se llevan a cabo cuando hay garant\u00edas de buena conservaci\u00f3n, buen uso y retorno.<\/p>\n<p>El tr\u00e1mite puede durar de semanas a meses desde la petici\u00f3n formal, en funci\u00f3n de su complejidad y de la disponibilidad de las personas que lo atienden. Los meses de agosto y diciembre no se consideran h\u00e1biles para la gesti\u00f3n de pr\u00e9stamos.<\/p>\n<p>Para cualquier consulta y acuerdo sobre la solicitud de espec\u00edmenes, contactad con las <a href=\"https:\/\/museuciencies.cat\/es\/el-nat\/quienes-somos\/equipo\/\" target=\"_blank\" rel=\"noopener\">personas responsables del \u00e1rea de colecciones.<\/a><\/p>\n<h3>Pr\u00e9stamo cient\u00edfico<\/h3>\n<p>La cesi\u00f3n de espec\u00edmenes de colecciones con finalidad de investigaci\u00f3n se rige por las <a href=\"https:\/\/museuciencies.cat\/wp-content\/uploads\/2021\/10\/Cond_prestamo_cientifico_CAST-1.pdf\" target=\"_blank\" rel=\"noopener\">condiciones de pr\u00e9stamo cient\u00edfico<\/a>.<\/p>\n<p>C\u00f3mo acceder a un pr\u00e9stamo cient\u00edfico:<\/p>\n<ul>\n<li>Debe presentarse una petici\u00f3n por escrito a la persona responsable de la colecci\u00f3n. <a href=\"https:\/\/museuciencies.cat\/wp-content\/uploads\/2021\/09\/Model_solicitud_prestec_cientific_trilingue.pdf\" target=\"_blank\" rel=\"noopener\"><u>Formulario de solicitud<\/u>.<\/a><\/li>\n<\/ul>\n<p>Cuando la petici\u00f3n ha sido aprobada:<\/p>\n<ul>\n<li>Deben leerse y aceptarse las condiciones de pr\u00e9stamo cient\u00edfico, que incluyen condiciones espec\u00edficas, si procede.<\/li>\n<li>Cumplimentar y firmar un contrato de cesi\u00f3n en comodato, que enviar\u00e1 la colecci\u00f3n que efect\u00faa el pr\u00e9stamo.<\/li>\n<\/ul>\n<h3>Pr\u00e9stamo cultural<\/h3>\n<p>El pr\u00e9stamo cultural consiste en la cesi\u00f3n de espec\u00edmenes de colecciones\u00a0 para ser expuestos en exposiciones externas al Museo y est\u00e1 regido por las condiciones que se indican a continuaci\u00f3n, en funci\u00f3n de la duraci\u00f3n del pr\u00e9stamo.<\/p>\n<p><strong>Si la duraci\u00f3n del pr\u00e9stamo es inferior a cuatro a\u00f1os<\/strong><\/p>\n<p>El pr\u00e9stamo est\u00e1 bajo las <a href=\"https:\/\/museuciencies.cat\/wp-content\/uploads\/2021\/10\/Condiciones_comodato_cultural_CAST-1.pdf\" target=\"_blank\" rel=\"noopener\">condiciones de pr\u00e9stamo cultural.<\/a><\/p>\n<p>C\u00f3mo acceder al pr\u00e9stamo:<\/p>\n<ul>\n<li>Debe presentarse una petici\u00f3n por escrito a la persona responsable de la colecci\u00f3n, indicando nombre y apellido de la persona responsable de la recepci\u00f3n del pr\u00e9stamo y su cargo profesional; nombre de la instituci\u00f3n, direcci\u00f3n postal, tel\u00e9fono, correo electr\u00f3nico y nombre completo del representante legal; t\u00edtulo de la exposici\u00f3n, fechas y ubicaci\u00f3n; lista de material acordado; periodo que durar\u00e1 el pr\u00e9stamo (todo el periodo, incluido el transporte, tiene que estar cubierto por la p\u00f3liza de seguros); previsi\u00f3n de asumir los compromisos econ\u00f3micos estipulados en las condiciones de pr\u00e9stamo (seguro, transporte, conservaci\u00f3n. etc.).<\/li>\n<\/ul>\n<p>Cuando la petici\u00f3n haya sido aprobada:<\/p>\n<ol>\n<li>Debe aportarse el informe de las instalaciones del edificio o sala de exposiciones (<em>facility report<\/em>).<\/li>\n<li>Deben leerse y aceptarse las condiciones de pr\u00e9stamo cultural, que incluir\u00e1n condiciones espec\u00edficas, si procede.<\/li>\n<li>Debe cumplimentarse y firmarse un contrato de cesi\u00f3n en comodato, que enviar\u00e1 la colecci\u00f3n que efect\u00faa el pr\u00e9stamo.<\/li>\n<li>Debe aportarse la p\u00f3liza de seguro.<\/li>\n<\/ol>\n<p><strong>Si la duraci\u00f3n del pr\u00e9stamo es superior a cuatro a\u00f1os<\/strong><\/p>\n<p>El pr\u00e9stamo est\u00e1 bajo las <a href=\"https:\/\/museuciencies.cat\/wp-content\/uploads\/2021\/10\/Condiciones_comodato_cultural_CAST-1.pdf\">condiciones de pr\u00e9stamo cultural<\/a><\/p>\n<p>C\u00f3mo acceder al pr\u00e9stamo:<\/p>\n<ul>\n<li>Debe presentarse una petici\u00f3n oficial por escrito a la Direcci\u00f3n del Museo, indicando nombre y apellido de la persona responsable de la recepci\u00f3n del pr\u00e9stamo y su cargo profesional; nombre de la instituci\u00f3n, direcci\u00f3n postal, tel\u00e9fono, correo electr\u00f3nico y nombre completo del representante legal; t\u00edtulo de la exposici\u00f3n, fechas y ubicaci\u00f3n; lista de material acordado; periodo que durar\u00e1 el pr\u00e9stamo (todo el periodo, incluido el transporte, tiene que estar cubierto por la p\u00f3liza de seguros); previsi\u00f3n de asumir los compromisos econ\u00f3micos estipulados en las condiciones de pr\u00e9stamo (seguro, transporte, conservaci\u00f3n. etc.).<\/li>\n<\/ul>\n<p>Cuando la petici\u00f3n haya sido aprobada por el Museo:<\/p>\n<ol>\n<li>Debe aportarse el informe de las instalaciones del edificio o sala de exposiciones (<em>facility report<\/em>).<\/li>\n<li>Deben leerse y aceptarse las condiciones de pr\u00e9stamo cultural, que incluir\u00e1n condiciones espec\u00edficas, si procede.<\/li>\n<li>Debe acreditarse la suscripci\u00f3n del seguro.<\/li>\n<\/ol>\n<p>La Direcci\u00f3n de Patrimonio (ICUB) y los Servicios Jur\u00eddicos del ICUB tramitan, aprueban y notifican la resoluci\u00f3n definitiva a las partes, el museo comodante y el museo comodatario.<\/p>\n<\/div>\n","protected":false},"excerpt":{"rendered":"<p>AVISO: A partir del 14 de febrero de 2025, no podremos atender solicitudes de consulta o pr\u00e9stamo de colecciones zool\u00f3gicas. Por causas ajenas a la colecci\u00f3n, derivadas del proyecto de remodelaci\u00f3n del edificio del Castell dels Tres Dragons, que el Ayuntamiento iniciar\u00e1 a mediados de septiembre de este a\u00f1o, se est\u00e1n realizando trabajos log\u00edsticos de [&hellip;]<\/p>\n","protected":false},"author":2,"featured_media":0,"parent":15367,"menu_order":107,"comment_status":"closed","ping_status":"closed","template":"","meta":{"_acf_changed":false,"footnotes":""},"class_list":["post-15392","page","type-page","status-publish","hentry"],"acf":{"activeu_alerta":false,"arxius_adjunts":false,"boto_de_link_o_mail":false,"imatge_llistat":false,"img_cap":6789,"links_associats":false,"nou_carrusel":false,"presenta_fills":"no","tambe_us_pot_interessar":"","text_alerta":"","presenta_peu":false,"segona_part":""},"jetpack_sharing_enabled":true,"_links":{"self":[{"href":"https:\/\/museuciencies.cat\/es\/wp-json\/wp\/v2\/pages\/15392","targetHints":{"allow":["GET"]}}],"collection":[{"href":"https:\/\/museuciencies.cat\/es\/wp-json\/wp\/v2\/pages"}],"about":[{"href":"https:\/\/museuciencies.cat\/es\/wp-json\/wp\/v2\/types\/page"}],"author":[{"embeddable":true,"href":"https:\/\/museuciencies.cat\/es\/wp-json\/wp\/v2\/users\/2"}],"replies":[{"embeddable":true,"href":"https:\/\/museuciencies.cat\/es\/wp-json\/wp\/v2\/comments?post=15392"}],"version-history":[{"count":1,"href":"https:\/\/museuciencies.cat\/es\/wp-json\/wp\/v2\/pages\/15392\/revisions"}],"predecessor-version":[{"id":118280,"href":"https:\/\/museuciencies.cat\/es\/wp-json\/wp\/v2\/pages\/15392\/revisions\/118280"}],"up":[{"embeddable":true,"href":"https:\/\/museuciencies.cat\/es\/wp-json\/wp\/v2\/pages\/15367"}],"wp:attachment":[{"href":"https:\/\/museuciencies.cat\/es\/wp-json\/wp\/v2\/media?parent=15392"}],"curies":[{"name":"wp","href":"https:\/\/api.w.org\/{rel}","templated":true}]}}