{"id":15381,"date":"2014-01-31T09:46:35","date_gmt":"2014-01-31T09:46:35","guid":{"rendered":"http:\/\/museuciencies.cat\/area-cientifica\/serveis-cientifico-tecnics\/consulta-cientifica-col%c2%b7leccions\/"},"modified":"2025-11-04T14:18:54","modified_gmt":"2025-11-04T12:18:54","slug":"consulta-cientifica-de-colecciones","status":"publish","type":"page","link":"https:\/\/museuciencies.cat\/es\/area-cientifica\/servicio-cientifico-tecnico\/consulta-cientifica-de-colecciones\/","title":{"rendered":"Consulta presencial de las colecciones"},"content":{"rendered":"<div id=\"marc-plana\">\n<p><em><strong>AVISO: Debido a los trabajos de adecuaci\u00f3n y mejora del edificio el Castell dels Tres Dragons, las colecciones de zoolog\u00eda permanecer\u00e1n cerradas hasta nuevo aviso. Tampoco se podr\u00e1n atender las consultas presenciales. Disculpad las molestias.<\/strong><\/em><\/p>\n<p>Las colecciones cient\u00edficas que est\u00e1n accesibles a la consulta presencial son las de de geolog\u00eda, paleontolog\u00eda y mineralog\u00eda que se encuentran en el Castell dels Tres Dragons. Para ello, hay que acordar previamente d\u00eda y hora con el y <a href=\"https:\/\/museuciencies.cat\/es\/el-nat\/quienes-somos\/equip-2\/\" target=\"_blank\" rel=\"noopener\">la responsable del \u00e1rea de colecciones del Museo.<\/a><\/p>\n<p>Si deseas acceder al Herbario y la Colecci\u00f3n Salvador entra en la <a href=\"https:\/\/www.ibb.csic.es\/es\/\" target=\"_blank\" rel=\"noopener noreferrer\">web<\/a> del Instituto Bot\u00e1nico de Barcelona (IBB).<\/p>\n<p>Si deseas acceder a la consulta en l\u00ednea entra en <a href=\"https:\/\/museuciencies.cat\/es\/area-cientifica\/colecciones\/acceso-a-las-bases-de-datos\/\" target=\"_blank\" rel=\"noopener noreferrer\">Acceso a Bases de datos<\/a>.<\/p>\n<\/div>\n","protected":false},"excerpt":{"rendered":"<p>AVISO: Debido a los trabajos de adecuaci\u00f3n y mejora del edificio el Castell dels Tres Dragons, las colecciones de zoolog\u00eda permanecer\u00e1n cerradas hasta nuevo aviso. Tampoco se podr\u00e1n atender las consultas presenciales. Disculpad las molestias. Las colecciones cient\u00edficas que est\u00e1n accesibles a la consulta presencial son las de de geolog\u00eda, paleontolog\u00eda y mineralog\u00eda que se [&hellip;]<\/p>\n","protected":false},"author":2,"featured_media":0,"parent":15367,"menu_order":106,"comment_status":"closed","ping_status":"closed","template":"","meta":{"_acf_changed":false,"footnotes":""},"class_list":["post-15381","page","type-page","status-publish","hentry"],"acf":{"activeu_alerta":false,"arxius_adjunts":false,"boto_de_link_o_mail":false,"imatge_llistat":false,"img_cap":71972,"links_associats":false,"nou_carrusel":false,"presenta_fills":"no","tambe_us_pot_interessar":"","text_alerta":"","presenta_peu":false,"segona_part":""},"jetpack_sharing_enabled":true,"_links":{"self":[{"href":"https:\/\/museuciencies.cat\/es\/wp-json\/wp\/v2\/pages\/15381","targetHints":{"allow":["GET"]}}],"collection":[{"href":"https:\/\/museuciencies.cat\/es\/wp-json\/wp\/v2\/pages"}],"about":[{"href":"https:\/\/museuciencies.cat\/es\/wp-json\/wp\/v2\/types\/page"}],"author":[{"embeddable":true,"href":"https:\/\/museuciencies.cat\/es\/wp-json\/wp\/v2\/users\/2"}],"replies":[{"embeddable":true,"href":"https:\/\/museuciencies.cat\/es\/wp-json\/wp\/v2\/comments?post=15381"}],"version-history":[{"count":6,"href":"https:\/\/museuciencies.cat\/es\/wp-json\/wp\/v2\/pages\/15381\/revisions"}],"predecessor-version":[{"id":124038,"href":"https:\/\/museuciencies.cat\/es\/wp-json\/wp\/v2\/pages\/15381\/revisions\/124038"}],"up":[{"embeddable":true,"href":"https:\/\/museuciencies.cat\/es\/wp-json\/wp\/v2\/pages\/15367"}],"wp:attachment":[{"href":"https:\/\/museuciencies.cat\/es\/wp-json\/wp\/v2\/media?parent=15381"}],"curies":[{"name":"wp","href":"https:\/\/api.w.org\/{rel}","templated":true}]}}