{"id":15286,"date":"2014-01-31T09:45:17","date_gmt":"2014-01-31T09:45:17","guid":{"rendered":"http:\/\/museuciencies.cat\/area-cientifica\/linies-de-recerca\/conservacio-de-la-flora-mediterrania\/"},"modified":"2024-10-25T15:23:55","modified_gmt":"2024-10-25T13:23:55","slug":"conservacion-de-la-flora-mediterranea","status":"publish","type":"page","link":"https:\/\/museuciencies.cat\/es\/area-cientifica\/lineas-de-investigacion\/conservacion-de-la-flora-mediterranea\/","title":{"rendered":"Conservaci\u00f3n de la Flora Mediterr\u00e1nea"},"content":{"rendered":"<p>Las colecciones de plantas mediterr\u00e1neas del Jard\u00ed Bot\u00e0nic de Barcelona son un excelente material para elaborar estudios de investigaci\u00f3n bot\u00e1nica relacionados con muchas disciplinas diferentes. Los principales estudios cient\u00edficos que relacionan las instituciones bot\u00e1nicas con el Jard\u00ed, est\u00e1n dirigidos a proporcionar informaci\u00f3n que ayude a resolver cuestiones de conservaci\u00f3n vegetal, como son estudios de biolog\u00eda reproductiva, an\u00e1lisis de diversidad gen\u00e9tica, din\u00e1mica de poblaciones o estudios de fisiolog\u00eda.<\/p>\n<p>El Jard\u00ed dispone de unos viveros e invernaderos para cultivar y mantener aquellas plantas de inter\u00e9s cient\u00edfico y educativo. Estas plantas cultivadas son introducidas en el Jard\u00ed en espacios de exposici\u00f3n, entre los cuales tienen un inter\u00e9s especial las rocallas, donde se muestran especies amenazadas. De esta manera, el Jard\u00ed \u00a0Bot\u00e0nic sensibiliza al visitante hacia la importancia de las plantas y el respeto por el medio ambiente. Y entre otras informaciones, difunde cu\u00e1les son, y cu\u00e1l es el estado de conservaci\u00f3n de las especies amenazadas en Catalunya y tambi\u00e9n explica cu\u00e1les son los proyectos que se est\u00e1n desarrollando y los resultado obtenidos.<\/p>\n","protected":false},"excerpt":{"rendered":"<p>Las colecciones de plantas mediterr\u00e1neas del Jard\u00ed Bot\u00e0nic de Barcelona son un excelente material para elaborar estudios de investigaci\u00f3n bot\u00e1nica relacionados con muchas disciplinas diferentes. Los principales estudios cient\u00edficos que relacionan las instituciones bot\u00e1nicas con el Jard\u00ed, est\u00e1n dirigidos a proporcionar informaci\u00f3n que ayude a resolver cuestiones de conservaci\u00f3n vegetal, como son estudios de biolog\u00eda [&hellip;]<\/p>\n","protected":false},"author":2,"featured_media":0,"parent":15026,"menu_order":227,"comment_status":"closed","ping_status":"closed","template":"page-fills-programes-recerca.php","meta":{"_acf_changed":false,"footnotes":""},"class_list":["post-15286","page","type-page","status-publish","hentry"],"acf":{"activeu_alerta":false,"arxius_adjunts":false,"boto_de_link_o_mail":false,"imatge_llistat":false,"img_cap":7208,"links_associats":false,"llistat_projectes":[{"titol":"FLORAPYR 3D: Cooperar en el seguimiento y conservaci\u00f3n de la flora pirenaica","any":"2024","responsable":[{"ID":18360,"post_author":"3","post_date":"2014-05-13 10:57:54","post_date_gmt":"2014-05-13 10:57:54","post_content":"","post_title":"Miriam Aixart","post_excerpt":"","post_status":"publish","comment_status":"closed","ping_status":"closed","post_password":"","post_name":"miriam-aixart","to_ping":"","pinged":"","post_modified":"2024-08-29 12:02:21","post_modified_gmt":"2024-08-29 10:02:21","post_content_filtered":"","post_parent":0,"guid":"http:\/\/museuciencies.cat\/equip-huma\/miriam-aixart-2\/","menu_order":29,"post_type":"equip-huma","post_mime_type":"","comment_count":"0","filter":"raw"},{"ID":18256,"post_author":"3","post_date":"2014-05-13 11:20:03","post_date_gmt":"2014-05-13 11:20:03","post_content":"","post_title":"Neus Nualart","post_excerpt":"","post_status":"draft","comment_status":"closed","ping_status":"closed","post_password":"","post_name":"neus-nualart","to_ping":"","pinged":"","post_modified":"2024-11-20 14:57:00","post_modified_gmt":"2024-11-20 12:57:00","post_content_filtered":"","post_parent":0,"guid":"http:\/\/museuciencies.cat\/equip-huma\/neus-nualart-2\/","menu_order":29,"post_type":"equip-huma","post_mime_type":"","comment_count":"0","filter":"raw"}],"financament":"Fondo Europeo de Desarrollo Regional (FEDER) a trav\u00e9s del Programa Interreg V-A Espa\u00f1a-Francia-Andorra (POCTEFA 2014-2020)","durada":"3 a\u00f1os","descripcio":"<p>El proyecto FLORAPYR 3D es una iniciativa internacional dedicada a mejorar el conocimiento y la conservaci\u00f3n de la flora de los Pirineos continuando el trabajo iniciado en el proyecto FLORAPYR AVANCE, que se desarroll\u00f3 entre los a\u00f1os 2020 y 2022. Su objetivo es proporcionar una evaluaci\u00f3n continua del estado de la flora pirenaica y de sus problemas de conservaci\u00f3n, para sensibilizar y, en caso necesario, alertar a las autoridades p\u00fablicas y los gestores del territorio del macizo, as\u00ed como al p\u00fablico en general, sobre la necesidad de una mejor conservaci\u00f3n de las plantas silvestres, de sus h\u00e1bitats y de los lugares especialmente ricos y vulnerables.<\/p>\n<p><a href=\"https:\/\/museuciencies.cat\/es\/area-cientifica\/colecciones\/colecciones-botanicas\/semillas\/\" target=\"_blank\" rel=\"noopener\">El Banco de Germoplasma del JBB<\/a> participa en la dinamizaci\u00f3n de la red transfronteriza de banco de semillas que contiene muestras de semillas de especies de distribuci\u00f3n pirenaica con alg\u00fan problema de conservaci\u00f3n, sensibles al cambio clim\u00e1tico u otros m\u00e1s comunes que formen paisaje. Adem\u00e1s aportar\u00e1 datos y fotograf\u00edas, herramienta fundamental para la preservaci\u00f3n a largo plazo de especies sensibles en los Pirineos.<\/p>\n<p>El herbario BC interviene aportando datos sobre plantas vascular y bri\u00f3fitos en el Atlas online de la flora de los Pirineos (<a href=\"https:\/\/atlasflorapyrenaea.eu\/\" target=\"_blank\" rel=\"noopener\">https:\/\/atlasflorapyrenaea.eu\/<\/a>) y promocionando la participaci\u00f3n ciudadana a trav\u00e9s de la plataforma iNaturalist, que contribuye a la concienciaci\u00f3n de la poblaci\u00f3n y, al mismo tiempo, incrementa la recopilaci\u00f3n de datos.<\/p>\n<p>El proyecto FLORAPYR 3D es una colaboraci\u00f3n entre m\u00faltiples centros de investigaci\u00f3n y conservatorios bot\u00e1nicos de la zona pirenaica, tanto espa\u00f1oles como franceses. Est\u00e1 liderado por el Conservatoire Botanique National des Pyr\u00e9n\u00e9es et Midi-Pyr\u00e9n\u00e9es (CBNPMP) y est\u00e1 cofinanciado en un 65% por el Fondo Europeo de Desarrollo Regional (FEDER) a trav\u00e9s del Programa Interreg V-A Espa\u00f1a-Francia-Andorra (POCTEFA 2014-2020).<\/p>\n<p><img loading=\"lazy\" decoding=\"async\" class=\"aligncenter wp-image-114282\" src=\"https:\/\/museuciencies.cat\/wp-content\/uploads\/2024\/10\/logo-projecte-615x137.png\" alt=\"\" width=\"462\" height=\"103\" srcset=\"https:\/\/museuciencies.cat\/wp-content\/uploads\/2024\/10\/logo-projecte-615x137.png 615w, https:\/\/museuciencies.cat\/wp-content\/uploads\/2024\/10\/logo-projecte-768x171.png 768w, https:\/\/museuciencies.cat\/wp-content\/uploads\/2024\/10\/logo-projecte.png 1024w\" sizes=\"auto, (max-width: 462px) 100vw, 462px\" \/><\/p>\n","documents_adjunts":false},{"titol":"FLORAPYR AVANCE","any":"2020","responsable":[{"ID":18360,"post_author":"3","post_date":"2014-05-13 10:57:54","post_date_gmt":"2014-05-13 10:57:54","post_content":"","post_title":"Miriam Aixart","post_excerpt":"","post_status":"publish","comment_status":"closed","ping_status":"closed","post_password":"","post_name":"miriam-aixart","to_ping":"","pinged":"","post_modified":"2024-08-29 12:02:21","post_modified_gmt":"2024-08-29 10:02:21","post_content_filtered":"","post_parent":0,"guid":"http:\/\/museuciencies.cat\/equip-huma\/miriam-aixart-2\/","menu_order":29,"post_type":"equip-huma","post_mime_type":"","comment_count":"0","filter":"raw"}],"financament":"Fondo Europeo de Desarrollo Regional (FEDER)","durada":"","descripcio":"<p>El proyecto FLORAPYR AVANCE 322\/19 (2020-2022) tiene como objetivo principal contribuir al Observatorio Pirinaico del Cambio Clim\u00e1tico (OPCC) y combatir la vulnerabilidad de la flora de los Pirineos, muy rica en endemismos y gravemente amenazada por los aumentos de temperatura.<\/p>\n<p>Los diferentes centros de investigaci\u00f3n que participan del proyecto representan diferentes sectores de los Pirineos en Andorra, Espa\u00f1a (Arag\u00f3n, Catalu\u00f1a y Pa\u00eds Vasco) y Francia. Conjuntamente, desarrollan diferentes acciones como el seguimiento y la conservaci\u00f3n de la flora a trav\u00e9s de ciencia ciudadana o la producci\u00f3n de indicadores que nos informen sobre la sensibilidad de las especies y los h\u00e1bitats al cambio clim\u00e1tico mediante el seguimiento de la vegetaci\u00f3n de neveros y los sistemas agro-pastoriles. El Banco de Germoplasma del JBB interviene en la creaci\u00f3n de una red de Bancos de semillas interpirinaica que contiene muestras de semillas de especies de distribuci\u00f3n pirinaica con alg\u00fan problema de conservaci\u00f3n, sensibles al cambio clim\u00e1tico u otras m\u00e1s comunes que formen paisaje.<\/p>\n<p>Este proyecto ha sido cofinanciado al 65% por el Fondo Europeo de Desarrollo Regional (FEDER) mediante el Programa Interreg V-A Espa\u00f1a-Francia-Andorra (POCTEFA 2014-2020). El objetivo del POCTEFA es reforzar la integraci\u00f3n econ\u00f3mica y social de la zona fronteriza Espa\u00f1a-Francia-Andorra. Su ayuda se concentra en el desarrollo de actividades econ\u00f3micas, sociales y medioambientales transfronterizas mediante estrategias conjuntas a favor del desarrollo territorial sostenible.<\/p>\n<p><img loading=\"lazy\" decoding=\"async\" class=\"aligncenter size-full wp-image-70813\" src=\"https:\/\/museuciencies.cat\/wp-content\/uploads\/2020\/10\/logo-FLORAPYR-AVANCE_sense-n\u00ba.png\" alt=\"\" width=\"458\" height=\"81\" \/><\/p>\n","documents_adjunts":false},{"titol":"SEMCLIMED","any":"","responsable":"","financament":"","durada":"","descripcio":"<p>El proyecto SEMCLIMED, que est\u00e1 incluido dentro del programa comunitario INTERREG IIIB MEDOCC, propone una serie de acciones cuya finalidad es evaluar los efectos de las nuevas condiciones ambientales generadas por el cambio clim\u00e1tico sobre la flora de la cuenca mediterr\u00e1nea. Es un ejemplo de colaboraci\u00f3n interregional para la conservaci\u00f3n de la flora puesto que tambi\u00e9n pretende reforzar las redes entre centros bot\u00e1nicos del territorio del Mediterr\u00e1neo occidental (Francia, Espa\u00f1a, Grecia e Italia) a fin de mejorar la informaci\u00f3n y la comunicaci\u00f3n en el campo de la conservaci\u00f3n, as\u00ed como la cooperaci\u00f3n con los pa\u00edses de la orilla sur del Mediterr\u00e1neo (Marruecos, T\u00fanez y Egipto).<\/p>\n<p>El proyecto SEMCLIMED basa su actuaci\u00f3n en cinco acciones b\u00e1sicas, en tres de las cuales colaboran el Jard\u00ed Bot\u00e0nic de Barcelona y su Banco de Semillas.<\/p>\n<p>En una primera acci\u00f3n se estudia el impacto de las futuras condiciones clim\u00e1ticas sobre el comportamiento germinativo de algunas especies de la cuenca mediterr\u00e1nea, mediante la simulaci\u00f3n de condiciones diferentes de temperatura y luminosidad dentro de la c\u00e1mara de germinaci\u00f3n.<\/p>\n<p>La segunda acci\u00f3n importante es la conservaci\u00f3n de la flora del norte de \u00c1frica, debido a la vulnerabilidad y fragilidad que presenta ante los cambios ambientales. El Jard\u00ed Bot\u00e0nic y el Banco de Semillas colaboran estrechamente dirigiendo las campa\u00f1as de recolecci\u00f3n de semillas en Marruecos y ayudando a la creaci\u00f3n del primer banco de semillas de este pa\u00eds, en el Instituto Cient\u00edfico de Rabat.<\/p>\n<p>Por \u00faltimo, el Jard\u00ed Bot\u00e0nic y el Banco de Semillas tambi\u00e9n participan en una tercera acci\u00f3n de colecciones vivas de plantas raras y amenazadas, es decir, en la constituci\u00f3n de un microh\u00e1bitat, concretamente una rocalla adecuada para la exposici\u00f3n de especies rup\u00edcolas muy abundantes en las regiones mediterr\u00e1neas.<\/p>\n","documents_adjunts":false},{"titol":"Index Seminum","any":"","responsable":[{"ID":18360,"post_author":"3","post_date":"2014-05-13 10:57:54","post_date_gmt":"2014-05-13 10:57:54","post_content":"","post_title":"Miriam Aixart","post_excerpt":"","post_status":"publish","comment_status":"closed","ping_status":"closed","post_password":"","post_name":"miriam-aixart","to_ping":"","pinged":"","post_modified":"2024-08-29 12:02:21","post_modified_gmt":"2024-08-29 10:02:21","post_content_filtered":"","post_parent":0,"guid":"http:\/\/museuciencies.cat\/equip-huma\/miriam-aixart-2\/","menu_order":29,"post_type":"equip-huma","post_mime_type":"","comment_count":"0","filter":"raw"}],"financament":"","durada":"","descripcio":"<p>El Index Seminum es un cat\u00e1logo anual de semillas disponibles para intercambiar entre jardines.<\/p>\n<p>Cada a\u00f1o desde los diferentes jardines del mundo se realiza una lista de las semillas disponibles que tiene cada centro para ofrecer e intercambiar con otros jardines.<\/p>\n<p>Las semillas se ofrecen de forma libre y gratuita \u00fanicamente para la investigaci\u00f3n, ensayos, educaci\u00f3n y desarrollo de las colecciones.<\/p>\n","documents_adjunts":[{"titol":"Index Seminum 2012","descripcio":"","\u00e9s_document_o_link_":"Document","document":"https:\/\/museuciencies.cat\/wp-content\/uploads\/is2012jbbindexseminum2012.276.pdf","link":"http:\/\/"}]}],"nou_carrusel":false,"presenta_fills":"no","tambe_us_pot_interessar":"","text_alerta":"","presenta_peu":false,"segona_part":""},"jetpack_sharing_enabled":true,"_links":{"self":[{"href":"https:\/\/museuciencies.cat\/es\/wp-json\/wp\/v2\/pages\/15286","targetHints":{"allow":["GET"]}}],"collection":[{"href":"https:\/\/museuciencies.cat\/es\/wp-json\/wp\/v2\/pages"}],"about":[{"href":"https:\/\/museuciencies.cat\/es\/wp-json\/wp\/v2\/types\/page"}],"author":[{"embeddable":true,"href":"https:\/\/museuciencies.cat\/es\/wp-json\/wp\/v2\/users\/2"}],"replies":[{"embeddable":true,"href":"https:\/\/museuciencies.cat\/es\/wp-json\/wp\/v2\/comments?post=15286"}],"version-history":[{"count":1,"href":"https:\/\/museuciencies.cat\/es\/wp-json\/wp\/v2\/pages\/15286\/revisions"}],"predecessor-version":[{"id":114284,"href":"https:\/\/museuciencies.cat\/es\/wp-json\/wp\/v2\/pages\/15286\/revisions\/114284"}],"up":[{"embeddable":true,"href":"https:\/\/museuciencies.cat\/es\/wp-json\/wp\/v2\/pages\/15026"}],"wp:attachment":[{"href":"https:\/\/museuciencies.cat\/es\/wp-json\/wp\/v2\/media?parent=15286"}],"curies":[{"name":"wp","href":"https:\/\/api.w.org\/{rel}","templated":true}]}}