{"id":15245,"date":"2014-05-08T15:57:02","date_gmt":"2014-05-08T15:57:02","guid":{"rendered":"http:\/\/museuciencies.cat\/area-cientifica\/col%c2%b7leccions\/adquisicio-de-col%c2%b7leccions\/"},"modified":"2025-05-02T11:47:21","modified_gmt":"2025-05-02T09:47:21","slug":"adquisicion-de-colecciones","status":"publish","type":"page","link":"https:\/\/museuciencies.cat\/es\/area-cientifica\/colecciones\/adquisicion-de-colecciones\/","title":{"rendered":"Adquisici\u00f3n de colecciones"},"content":{"rendered":"<div class=\"columnacentre\">\n<p>Las colecciones del Museo crecen cada a\u00f1o, ya sea a partir de recolecciones propias en el marco de proyectos de investigaci\u00f3n, ya sea a partir de la donaci\u00f3n de investigadores, entidades y personas particulares . El Museo valora la idoneidad de la adquisici\u00f3n caso por caso y, cuando se realiza el ingreso definitivo, adquiere el compromiso de velar por su conservaci\u00f3n a largo plazo y de facilitar que los ejemplares y la informaci\u00f3n asociada sean accesibles. Cuando llegan los materiales, se preparan para su conservaci\u00f3n, se registran y se documentan (lugar y fecha de recolecci\u00f3n, nombre de la persona recolectora, fuente y forma de ingreso, trabajos publicados, etc\u00e9tera). Todos estos datos son de gran importancia para dar valor cient\u00edfico a cada esp\u00e9cimen. Los datos de los ejemplares forman parte de bases de datos consultables.<\/p>\n<p>La <a href=\"https:\/\/museuciencies.cat\/wp-content\/uploads\/2025\/05\/2025_2029_Politica_Adquisicions_aprovada.pdf\" target=\"_blank\" rel=\"noopener\">pol\u00edtica de adquisici\u00f3n de colecciones<\/a> (en catal\u00e1n) contiene las l\u00edneas generales que rigen el crecimiento del patrimonio de colecciones del MCNB.<\/p>\n<p>En caso de querer hacer una donaci\u00f3n, las <a href=\"https:\/\/museuciencies.cat\/es\/el-nat\/quienes-somos\/equipo\/\" target=\"_blank\" rel=\"noopener noreferrer\">personas responsables del \u00c1rea de Colecciones del Museo<\/a> valorar\u00e1n el ofrecimiento y eventualmente os informar\u00e1n de la documentaci\u00f3n necesaria: ofrecimiento escrito de la donaci\u00f3n, la descripci\u00f3n de los ejemplares y declaraci\u00f3n responsable.<\/p>\n<p>Si se requieren n\u00fameros de registro de colecciones para la publicaci\u00f3n de ejemplares Tipo y ejemplares Figurados, ser\u00e1 necesario aceptar las condiciones y cumplimentar el documento <a href=\"https:\/\/museuciencies.cat\/wp-content\/uploads\/2020\/12\/2020_Acord_cessio_num_reg_TIPUS_FIGURATS_Cast.pdf\" target=\"_blank\" rel=\"noopener\">Acuerdo de cesi\u00f3n de n\u00fameros de registro<\/a> .<\/p>\n<p>Pod\u00e9is consultar las <a href=\"https:\/\/museuciencies.cat\/wp-content\/uploads\/2020\/07\/Donacions_quadre-resum_2017_2019.pdf\" target=\"_blank\" rel=\"noopener noreferrer\">Donaciones recibidas en el Museu de Ci\u00e8ncies Naturals<\/a><a href=\"https:\/\/museuciencies.cat\/wp-content\/uploads\/2020\/07\/Donacions_quadre-resum_2017_2019.pdf\" target=\"_blank\" rel=\"noopener noreferrer\"> de Barcelona<\/a>.<\/p>\n<p><a href=\"https:\/\/museuciencies.cat\/wp-content\/uploads\/2025\/05\/2024_Adquisicions_colleccions_MCNB.pdf\" target=\"_blank\" rel=\"noopener\">Informe sobre la adquisici\u00f3n de colecciones 2024<\/a> (PDF 596 Kb, en catal\u00e1n)<\/p>\n<p><a href=\"https:\/\/museuciencies.cat\/wp-content\/uploads\/2025\/05\/2023_Informe_Adquisicions_colleccions.pdf\" target=\"_blank\" rel=\"noopener\">Informe sobre la adquisici\u00f3n de colecciones 2023<\/a> (PDF 582 Kb, en catal\u00e1n)<\/p>\n<p><a href=\"https:\/\/museuciencies.cat\/wp-content\/uploads\/2023\/11\/2022_Informe_Adquisicions_colleccions_WEB.pdf\">Informe sobre la adquisici\u00f3n de colecciones 2022<\/a> (PDF 984 Kb, en catal\u00e1n)<\/p>\n<p><a href=\"https:\/\/museuciencies.cat\/wp-content\/uploads\/2023\/11\/2021_Informe_Adquisicions_colleccions_WEB.pdf\">Informe sobre la adquisici\u00f3n de colecciones 2021<\/a> (PDF 513 Kb, en catal\u00e1n)<\/p>\n<\/div>\n<div id=\"contingut\"><\/div>\n","protected":false},"excerpt":{"rendered":"<p>Las colecciones del Museo crecen cada a\u00f1o, ya sea a partir de recolecciones propias en el marco de proyectos de investigaci\u00f3n, ya sea a partir de la donaci\u00f3n de investigadores, entidades y personas particulares . El Museo valora la idoneidad de la adquisici\u00f3n caso por caso y, cuando se realiza el ingreso definitivo, adquiere el [&hellip;]<\/p>\n","protected":false},"author":2,"featured_media":0,"parent":12832,"menu_order":160,"comment_status":"closed","ping_status":"closed","template":"","meta":{"_acf_changed":false,"footnotes":""},"class_list":["post-15245","page","type-page","status-publish","hentry"],"acf":{"activeu_alerta":false,"arxius_adjunts":false,"boto_de_link_o_mail":false,"descripcio":"","imatge_llistat":false,"img_cap":7719,"links_associats":false,"llista_equip_museu":"","llista_fons":false,"llista_investigadors":false,"llista_voluntaris":false,"nou_carrusel":false,"presenta_fills":"no","tambe_us_pot_interessar":"","text_alerta":"","text_fons_de_la_colleccio":"","text_fons_dingres":"","text_fons_documental":"","text_galeria_dimatges":"","text_guies_de_lectura":"","text_novetats_bibliografiques":"","text_preparacio_i_conservacio":"","tipologia_de_colaborador":false,"presenta_peu":false,"segona_part":""},"jetpack_sharing_enabled":true,"_links":{"self":[{"href":"https:\/\/museuciencies.cat\/es\/wp-json\/wp\/v2\/pages\/15245","targetHints":{"allow":["GET"]}}],"collection":[{"href":"https:\/\/museuciencies.cat\/es\/wp-json\/wp\/v2\/pages"}],"about":[{"href":"https:\/\/museuciencies.cat\/es\/wp-json\/wp\/v2\/types\/page"}],"author":[{"embeddable":true,"href":"https:\/\/museuciencies.cat\/es\/wp-json\/wp\/v2\/users\/2"}],"replies":[{"embeddable":true,"href":"https:\/\/museuciencies.cat\/es\/wp-json\/wp\/v2\/comments?post=15245"}],"version-history":[{"count":2,"href":"https:\/\/museuciencies.cat\/es\/wp-json\/wp\/v2\/pages\/15245\/revisions"}],"predecessor-version":[{"id":119518,"href":"https:\/\/museuciencies.cat\/es\/wp-json\/wp\/v2\/pages\/15245\/revisions\/119518"}],"up":[{"embeddable":true,"href":"https:\/\/museuciencies.cat\/es\/wp-json\/wp\/v2\/pages\/12832"}],"wp:attachment":[{"href":"https:\/\/museuciencies.cat\/es\/wp-json\/wp\/v2\/media?parent=15245"}],"curies":[{"name":"wp","href":"https:\/\/api.w.org\/{rel}","templated":true}]}}