{"id":15219,"date":"2014-10-14T11:31:59","date_gmt":"2014-10-14T11:31:59","guid":{"rendered":"http:\/\/museuciencies.cat\/area-cientifica\/linies-de-recerca\/diversitat-natural\/biologia-marina\/"},"modified":"2017-12-05T18:18:39","modified_gmt":"2017-12-05T16:18:39","slug":"biologia-marina","status":"publish","type":"page","link":"https:\/\/museuciencies.cat\/es\/area-cientifica\/lineas-de-investigacion\/diversidad-natural\/biologia-marina\/","title":{"rendered":"Biologia marina"},"content":{"rendered":"<p><span style=\"color: #000000;\">Con pocos resultados visibles a\u00fan, el Departamento de Invertebrados no Artr\u00f3podos defiende una implicaci\u00f3n creciente en la actividad cient\u00edfica asociada al medio marino.<\/span><\/p>\n<p><span style=\"color: #000000;\">La estrategia planteada consiste en establecer alianzas con equipos de investigaci\u00f3n instituidos en centros de investigaci\u00f3n de relevancia. El Museo ofrece un destino a las colecciones de investigaci\u00f3n que estos equipos re\u00fanan y proporciona difusi\u00f3n y apoyo a su reutilizaci\u00f3n cient\u00edfica de m\u00e1xima intensidad.<\/span><\/p>\n<p><span style=\"color: #000000;\">Desde el a\u00f1o 2012, se ha creado una colecci\u00f3n de referencia de cnidarios y acaba de ingresar en el Museo una\u00a0<a style=\"color: #000000;\" href=\"\/es\/area-cientifica\/colecciones\/colecciones-zoologicas\/invertebrados-no-artropodos\/\">colecci\u00f3n de briozoos<\/a>. El incremento del potencial cient\u00edfico del Museo se debe a la incorporaci\u00f3n de muestras de muy alto valor cient\u00edfico a\u00f1adido que siguen rindiendo resultados de investigaci\u00f3n.<\/span><\/p>\n","protected":false},"excerpt":{"rendered":"<p>Con pocos resultados visibles a\u00fan, el Departamento de Invertebrados no Artr\u00f3podos defiende una implicaci\u00f3n creciente en la actividad cient\u00edfica asociada al medio marino. La estrategia planteada consiste en establecer alianzas con equipos de investigaci\u00f3n instituidos en centros de investigaci\u00f3n de relevancia. El Museo ofrece un destino a las colecciones de investigaci\u00f3n que estos equipos re\u00fanan [&hellip;]<\/p>\n","protected":false},"author":2,"featured_media":0,"parent":15191,"menu_order":141,"comment_status":"closed","ping_status":"closed","template":"page-fills-programes-recerca.php","meta":{"_acf_changed":false,"footnotes":""},"class_list":["post-15219","page","type-page","status-publish","hentry"],"acf":{"activeu_alerta":false,"arxius_adjunts":false,"boto_de_link_o_mail":false,"imatge_llistat":false,"img_cap":20772,"links_associats":false,"llistat_projectes":[{"titol":"Crear una infraestructura de colecci\u00f3n de cnidarios en el Museo a partir de colecciones de investigaci\u00f3n fundacionales","any":"","responsable":"","financament":"Ministerio de Ciencia e Innovaci\u00f3n","durada":"","descripcio":"<p>Se pretende crear una infraestructura cient\u00edfica para el estudio de los cnidarios en el Museu de Ci\u00e8ncies Naturals de Barcelona. El n\u00facleo estar\u00e1 constituido por una colecci\u00f3n cient\u00edfica de muestras de cnidarios que aspira a ser referente internacional del conocimiento de este grupo en el \u00e1mbito de la biodiversidad marina. Se dedicar\u00e1 un inter\u00e9s especial a facilitar el acceso f\u00edsico y virtual a la colecci\u00f3n, que se formar\u00e1 a partir de colecciones procedentes de destacados programas cient\u00edficos desarrollados en el Institut de Ci\u00e8ncies del Mar (CSIC) y el Departamento de Fisiolog\u00eda y Zoolog\u00eda de la Universidad de Sevilla.<\/p>\n","documents_adjunts":false}],"nou_carrusel":false,"presenta_fills":"no","tambe_us_pot_interessar":"","text_alerta":"","presenta_peu":false},"jetpack_sharing_enabled":true,"_links":{"self":[{"href":"https:\/\/museuciencies.cat\/es\/wp-json\/wp\/v2\/pages\/15219","targetHints":{"allow":["GET"]}}],"collection":[{"href":"https:\/\/museuciencies.cat\/es\/wp-json\/wp\/v2\/pages"}],"about":[{"href":"https:\/\/museuciencies.cat\/es\/wp-json\/wp\/v2\/types\/page"}],"author":[{"embeddable":true,"href":"https:\/\/museuciencies.cat\/es\/wp-json\/wp\/v2\/users\/2"}],"replies":[{"embeddable":true,"href":"https:\/\/museuciencies.cat\/es\/wp-json\/wp\/v2\/comments?post=15219"}],"version-history":[{"count":0,"href":"https:\/\/museuciencies.cat\/es\/wp-json\/wp\/v2\/pages\/15219\/revisions"}],"up":[{"embeddable":true,"href":"https:\/\/museuciencies.cat\/es\/wp-json\/wp\/v2\/pages\/15191"}],"wp:attachment":[{"href":"https:\/\/museuciencies.cat\/es\/wp-json\/wp\/v2\/media?parent=15219"}],"curies":[{"name":"wp","href":"https:\/\/api.w.org\/{rel}","templated":true}]}}