{"id":15150,"date":"2014-01-31T09:39:47","date_gmt":"2014-01-31T09:39:47","guid":{"rendered":"http:\/\/museuciencies.cat\/area-cientifica\/col%c2%b7leccions\/col%c2%b7leccions-zoologiques\/invertebrats-no-artropodes\/"},"modified":"2017-12-01T12:10:52","modified_gmt":"2017-12-01T10:10:52","slug":"invertebrados-no-artropodos","status":"publish","type":"page","link":"https:\/\/museuciencies.cat\/es\/area-cientifica\/colecciones\/colecciones-zoologicas\/invertebrados-no-artropodos\/","title":{"rendered":"Invertebrados no artr\u00f3podos"},"content":{"rendered":"<div id=\"marc-plana\">\n<p><span style=\"color: #000000;\">El concepto de <strong>invertebrados no-artr\u00f3podos<\/strong>\u00a0no tiene sentido biol\u00f3gico sino que responde a necesidades organizativas que tienen tradici\u00f3n en museos as\u00ed como en instituciones acad\u00e9micas. El\u00a0<a style=\"color: #000000;\" href=\"http:\/\/museuciencies.cat\/es\/area-cientifica\/departaments-cientifics\/invertebrats-no-artopodes\/\">Departamento de Invertebrados no-Artr\u00f3podos<\/a>\u00a0del Museo re\u00fane cerca de <strong>100.000 muestras<\/strong>\u00a0de una ampl\u00edsima diversidad de tipos biol\u00f3gicos de origen evolutivo muy diverso: esponjas, corales, moluscos, gusanos de todo tipo, estrellas de mar, adem\u00e1s de medusas y erizos de mar, entre otros. Las muestras conservadas var\u00edan en su presentaci\u00f3n: esqueletos de invertebrados en seco, ejemplares en l\u00edquido conservante, preparaciones microsc\u00f3picas, etc.<\/span><\/p>\n<p><span style=\"color: #000000;\">Se pueden consultar siguiendo un\u00a0<a style=\"color: #000000;\" href=\"http:\/\/emp-web-15.zetcom.ch\/eMuseumPlus\">formulario de b\u00fasqueda<\/a>\u00a0o navegando por una\u00a0<a style=\"color: #000000;\" href=\"http:\/\/taxomap.bioexplora.cat\/taxomap.php\">selecci\u00f3n gr\u00e1fica<\/a>. Entre los ejemplares de mayor valor cient\u00edfico se cuentan m\u00e1s de 300 registros correspondientes a ejemplares tipo y materiales depositados de conformidad con el C\u00f3digo Internacional de Nomenclatura Zool\u00f3gica para ser testigos de nuevas especies o subespecies descritas. Los tipos del Museo se pueden consultar en una\u00a0<a style=\"color: #000000;\" href=\"http:\/\/www.bioexplora.cat\/WIKICOLLECTA\/index.php\/es\/colecciones\/category\/tipus\">web espec\u00edfica<\/a>.<\/span><\/p>\n<\/div>\n","protected":false},"excerpt":{"rendered":"<p>El concepto de invertebrados no-artr\u00f3podos\u00a0no tiene sentido biol\u00f3gico sino que responde a necesidades organizativas que tienen tradici\u00f3n en museos as\u00ed como en instituciones acad\u00e9micas. El\u00a0Departamento de Invertebrados no-Artr\u00f3podos\u00a0del Museo re\u00fane cerca de 100.000 muestras\u00a0de una ampl\u00edsima diversidad de tipos biol\u00f3gicos de origen evolutivo muy diverso: esponjas, corales, moluscos, gusanos de todo tipo, estrellas de mar, [&hellip;]<\/p>\n","protected":false},"author":2,"featured_media":0,"parent":15148,"menu_order":136,"comment_status":"closed","ping_status":"closed","template":"page-fill-coleccions.php","meta":{"_acf_changed":false,"footnotes":""},"class_list":["post-15150","page","type-page","status-publish","hentry"],"acf":{"activeu_alerta":false,"arxius_adjunts":false,"boto_de_link_o_mail":[{"text":"Systematic Research Collections","link":"http:\/\/www.inhs.uiuc.edu\/cbd\/main\/collections\/mollusk_links\/museumlist.html"},{"text":"Moluscan Species Database ","link":""},{"text":"Mollusc Molecular News ","link":"http:\/\/www.uoguelph.ca\/mmnw\/"}],"descripcio":"","imatge_llistat":false,"img_cap":7163,"links_associats":false,"llista_equip_museu":"","llista_estudiants":false,"llista_fons":[{"titol":"Moluscos (caracoles, mejillones, pulpos, etc.)","link":"","descripcio":"<p><span style=\"color: #000000;\">Es la colecci\u00f3n m\u00e1s numerosa, con casi 90.000 registros, de este departamento. Se preservan muestras de moluscos\u00a0<a style=\"color: #000000;\" href=\"http:\/\/www.bioexplora.cat\/ncd\/collection-detail\/collection-of-continental-molluscs\/c282\/lang-es\">continentales<\/a>\u00a0y\u00a0<a style=\"color: #000000;\" href=\"http:\/\/www.bioexplora.cat\/ncd\/ficha-coleccion\/coleccion-de-moluscos-marinos\/c300\/lang-es\">marinos<\/a>. Est\u00e1 formada por material de estudio, b\u00e1sicamente conquiliol\u00f3gico (de conchas) pero con una creciente representaci\u00f3n de muestras en l\u00edquido preservante. Es el resultado de una prospecci\u00f3n amplia, continuada y profunda de diferentes localizaciones, realizada por investigadores de la talla de Artur Bofill, Joan B. Aguilar-Amat, Friedrich Haas y Carles Altimira, entre otros. A partir de la colecci\u00f3n fundacional de Francesc Martorell, las colecciones de Joan Rosals, Baltasar Serradell y, m\u00e1s recientemente, Luis Gasull y Miquel Bech, han supuesto incrementos significativos de los fondos malacol\u00f3gicos del museo.<\/span><\/p>\n<p><span style=\"color: #000000;\">La colecci\u00f3n de moluscos re\u00fane unos 85.000 ejemplares o lotes de ejemplares. Adem\u00e1s de moluscos terrestres y de agua dulce procedentes principalmente de Catalu\u00f1a, Baleares, Valencia, el norte de \u00c1frica y la pen\u00ednsula ib\u00e9rica, contiene tambi\u00e9n muestras de moluscos marinos del Mediterr\u00e1neo y de otros mares lejanos. La procedencia de otras representaciones menores se distribuye por todo el planeta. Algunas de las muestras conservadas tienen el valor de ser espec\u00edmenes t\u00edpicos, empleados en la descripci\u00f3n de nuevas especies.<\/span><\/p>\n"},{"titol":"Cnidarios (corales, medusas, etc.)","link":"","descripcio":"<p><span style=\"color: #000000;\">Casi 1.000 registros constituyen la\u00a0<a style=\"color: #000000;\" href=\"http:\/\/www.bioexplora.cat\/ncd\/fitxa-colleccio\/colleccio-de-cnidaris\/c351\">colecci\u00f3n de cnidarios<\/a>\u00a0que se conservan en seco y en l\u00edquido preservante. Se ha compilado a partir de muestras antiguas ingresadas por Josep Maluquer a principios del a\u00f1o 1917. En 2012 se recibi\u00f3 la donaci\u00f3n de sendas colecciones creadas a ra\u00edz de proyectos de investigaci\u00f3n.\u00a0 El Dr. Josep M. Gili, del Instituto de Ciencias del Mar (CSIC), y el Dr. Pablo J. Gonz\u00e1lez, de la Universidad de Sevilla, donaron en conjunto m\u00e1s de 600 muestras que han permitido reunir una representaci\u00f3n de unas 450 especies de cnidarios en el Museo. Tambi\u00e9n contiene ejemplares tipo.<\/span><\/p>\n"},{"titol":"An\u00e9lidos (lombrices de tierra, sanguijuelas, poliquetos, etc.)","link":"","descripcio":"<p>Se trata esencialmente de una colecci\u00f3n de muestras conservadas en l\u00edquido. Casi 400 registros que reconocen unas 40 especies, distribuidos por Catalu\u00f1a, la pen\u00ednsula Ib\u00e9rica, las islas Baleares y el norte de \u00c1frica. Una parte significativa de la colecci\u00f3n proviene de recolecciones realizadas en el curso de investigaciones bioespeleol\u00f3gicas.<\/p>\n"},{"titol":"Equinodermos (erizos de mar, estrellas de mar, pepinos y lirios de mar)","link":"","descripcio":"<p>Una colecci\u00f3n que se inici\u00f3 con donaciones de la Real Academia de Artes y Ciencias de Barcelona, combinadas con el fondo fundacional del Museo donado por Francesc Martorell y otros ingresos como la colecci\u00f3n de Baltasar Serradell. Las muestras conservadas en alcohol provienen b\u00e1sicamente de la Estaci\u00f3n Zool\u00f3gica de N\u00e1poles y de la Estaci\u00f3n de Biolog\u00eda Mar\u00edtima de Santander. Se conservan m\u00e1s de 200 lotes correspondientes a m\u00e1s de 40 especies, b\u00e1sicamente del Mediterr\u00e1neo.<\/p>\n"},{"titol":"Briozoos (animales musgo)","link":"","descripcio":"<p>Lo que hab\u00eda sido una colecci\u00f3n residual se ha convertido en un grupo biol\u00f3gico destacado en los fondos del Museo. El a\u00f1o 2013 se ingresaron las muestras de las colecciones de investigaci\u00f3n creadas por el Dr. Mikel Zabala, de la Universidad de Barcelona, y la Dra. Teresa Madurell, del Instituto de Ciencias del Mar. Como resultado de ello, un centenar de muestras org\u00e1nicas y las correspondientes series fotogr\u00e1ficas permiten dotar a la colecci\u00f3n actual de briozoos del Museo de un car\u00e1cter marcado por su representaci\u00f3n de la diversidad del Mediterr\u00e1neo. Incluye ejemplares tipo.<\/p>\n"},{"titol":"Por\u00edferos (esponjas)","link":"","descripcio":"<p>El Museo cuenta con una representaci\u00f3n, todav\u00eda peque\u00f1a, de esponjas del Mediterr\u00e1neo, m\u00e1s algunas muestras ex\u00f3ticas. Un centenar de muestras para ilustrar la fauna mediterr\u00e1nea con representaci\u00f3n de unas 20 especies.<\/p>\n"},{"titol":"Platelmintos (gusanos planos)","link":"","descripcio":"<p>M\u00e1s de 60 muestras para poco m\u00e1s de una docena de especies, la mayor\u00eda de ellas par\u00e1sitas, configuran una colecci\u00f3n alimentada a menudo por ingresos de ejemplares tipo de nuevas especies descritas.<\/p>\n"},{"titol":"Resto de colecciones","link":"","descripcio":"<p>El resto de colecciones de este departamento constituye un fondo m\u00e1s peque\u00f1o en volumen, pero que se est\u00e1 incrementando gracias al ingreso de colecciones de investigaci\u00f3n. Un centenar m\u00e1s de muestras est\u00e1n distribuidas entre varios grupos zool\u00f3gicos: 10 f\u00edlums. Pueden mencionarse las colecciones de braqui\u00f3podos (poco m\u00e1s de 50 registros) y de nematodos (unos 40 registros) como las m\u00e1s numerosas entre las minoritarias en el Departamento de Invertebrados no-Artr\u00f3podos.<\/p>\n"}],"llista_investigadors":false,"llista_voluntaris":false,"nou_carrusel":false,"presenta_fills":"no","tambe_us_pot_interessar":"","text_alerta":"","text_fons_de_la_colleccio":"","text_fons_dingres":"<p><span style=\"color: #000000;\">La procedencia de las colecciones de este departamento es muy variada. La fracci\u00f3n m\u00e1s importante del fondo est\u00e1 constituida por\u00a0<strong>colecciones de particulares de reconocido prestigio<\/strong>, muestras obtenidas por t\u00e9cnicos del Museo, as\u00ed como legados de proyectos de investigaci\u00f3n. El n\u00facleo principal de la colecci\u00f3n de moluscos, la m\u00e1s importante del departamento, se ha formado a partir de investigaciones propias y de la incorporaci\u00f3n de\u00a0<strong>colecciones reunidas por cient\u00edficos y naturalistas<\/strong>. El periodo m\u00e1s destacado por el n\u00famero de muestras ingresadas en el Museo corresponde a la actividad de la denominada escuela catalana de malacolog\u00eda durante la primera mitad del siglo XX.<\/span><\/p>\n<p><span style=\"color: #000000;\">En el \u00e1mbito institucional puede destacarse la donaci\u00f3n efectuada por la\u00a0<a style=\"color: #000000;\" href=\"http:\/\/www.racab.es\/\">Real Academia de Ciencias y Artes de Barcelona<\/a>, as\u00ed como la de la <a style=\"color: #000000;\" href=\"http:\/\/www.szn.it\/\">Estaci\u00f3n Zool\u00f3gica de N\u00e1poles<\/a>\u00a0(Italia) o la de la <a style=\"color: #000000;\" href=\"http:\/\/canales.eldiariomontanes.es\/patrimonio\/museos\/mus16.htm\">Estaci\u00f3n de Biolog\u00eda Mar\u00edtima de Santander<\/a>\u00a0(actualmente Museo Mar\u00edtimo del Cant\u00e1brico). En el Museo tambi\u00e9n est\u00e1 depositado material de estudio correspondiente a tesis doctorales sobre cnidarios (corales y medusas) y esponjas.<\/span><\/p>\n<p><span style=\"color: #000000;\">En la actualidad, el crecimiento del fondo es producto, en primer lugar, de\u00a0<strong>recolecciones asociadas a proyectos de investigaci\u00f3n propios del departamento<\/strong>, aunque tambi\u00e9n se producen ingresos procedentes de donaciones de otros investigadores as\u00ed como de naturalistas que han reunido colecciones cient\u00edficamente documentadas.<\/span><\/p>\n<p>En ocasiones, tambi\u00e9n se depositan en el Museo materiales procedentes de actuaciones policiales, intervenidos en aplicaci\u00f3n de la legislaci\u00f3n medioambiental.<\/p>\n","text_fons_documental":"","text_galeria_dimatges":"","text_guies_de_lectura":"","text_novetats_bibliografiques":"","text_preparacio_i_conservacio":"<p><span style=\"color: #000000;\">Las muestras\u00a0 de invertebrados no artr\u00f3podos recolectadas suelen necesitar poca manipulaci\u00f3n para transformarlas en muestras de estudio. La falta de un esqueleto externo, como el que poseen los artr\u00f3podos, o de una epidermis con queratina, propia de los vertebrados, impide emplear procedimientos de preservaci\u00f3n basados en la conservaci\u00f3n de la apariencia externa en seco.<\/span><\/p>\n<p><span style=\"color: #000000;\">La profusi\u00f3n de colecciones de organismos acu\u00e1ticos o de cuerpo blando invoca una extendida pr\u00e1ctica en este Departamento a favor de la preservaci\u00f3n en fluidos como el alcohol. Las excepciones m\u00e1s notables las constituyen las conchas de moluscos, terrestres o acu\u00e1ticos, o los exoesqueletos de corales y braqui\u00f3podos.<\/span><\/p>\n<p><span style=\"color: #000000;\">El\u00a0dominio de los l\u00edquidos conservantes obliga a asegurarse de la m\u00e1xima estabilidad de las condiciones de consulta de los ejemplares preservados. Un permanente cuidado en la inspecci\u00f3n de las condiciones de conservaci\u00f3n debe controlar evaporaciones s\u00fabitas, alteraciones de pH, p\u00e9rdida de densidad de las soluciones en alcohol, etc. Garantizar el uso cient\u00edfico y divulgativo de las colecciones, hoy y ma\u00f1ana, conduce a los profesionales de la conservaci\u00f3n a un objetivo de vigilancia continuada de los materiales y las condiciones de preservaci\u00f3n en las que se mantienen las muestras.<\/span><\/p>\n<p><span style=\"color: #000000;\">La vigencia del compromiso con las colecciones es universal en todos los departamentos de colecciones, pero en el caso de las muestras de f\u00edlums que no son ni cordados ni artr\u00f3podos el balance se invierte: menos atenci\u00f3n a la preparaci\u00f3n inicial de las muestras a cambio de muchas m\u00e1s prevenciones acerca de qu\u00e9 l\u00edquidos son los id\u00f3neos en cada caso y c\u00f3mo se garantizan rendimientos de preservaci\u00f3n y consulta a largo plazo.\u00a0 Adem\u00e1s, hay que prever la preservaci\u00f3n de preparaciones para microscop\u00eda \u00f3ptica o electr\u00f3nica, secciones histol\u00f3gicas y fotograf\u00edas asociadas, etc.<\/span><\/p>\n","tipologia_de_colaborador":false,"presenta_peu":false},"jetpack_sharing_enabled":true,"_links":{"self":[{"href":"https:\/\/museuciencies.cat\/es\/wp-json\/wp\/v2\/pages\/15150","targetHints":{"allow":["GET"]}}],"collection":[{"href":"https:\/\/museuciencies.cat\/es\/wp-json\/wp\/v2\/pages"}],"about":[{"href":"https:\/\/museuciencies.cat\/es\/wp-json\/wp\/v2\/types\/page"}],"author":[{"embeddable":true,"href":"https:\/\/museuciencies.cat\/es\/wp-json\/wp\/v2\/users\/2"}],"replies":[{"embeddable":true,"href":"https:\/\/museuciencies.cat\/es\/wp-json\/wp\/v2\/comments?post=15150"}],"version-history":[{"count":0,"href":"https:\/\/museuciencies.cat\/es\/wp-json\/wp\/v2\/pages\/15150\/revisions"}],"up":[{"embeddable":true,"href":"https:\/\/museuciencies.cat\/es\/wp-json\/wp\/v2\/pages\/15148"}],"wp:attachment":[{"href":"https:\/\/museuciencies.cat\/es\/wp-json\/wp\/v2\/media?parent=15150"}],"curies":[{"name":"wp","href":"https:\/\/api.w.org\/{rel}","templated":true}]}}