{"id":15148,"date":"2014-07-16T09:43:22","date_gmt":"2014-07-16T09:43:22","guid":{"rendered":"http:\/\/museuciencies.cat\/area-cientifica\/col%c2%b7leccions\/col%c2%b7leccions-zoologiques\/"},"modified":"2025-03-28T10:47:40","modified_gmt":"2025-03-28T08:47:40","slug":"colecciones-zoologicas","status":"publish","type":"page","link":"https:\/\/museuciencies.cat\/es\/area-cientifica\/colecciones\/colecciones-zoologicas\/","title":{"rendered":"Colecciones zool\u00f3gicas"},"content":{"rendered":"<p><em><strong>AVISO: Debido a los trabajos de adecuaci\u00f3n y mejora del edificio el Castell dels Tres Dragons, las colecciones de zoolog\u00eda permanecer\u00e1n cerradas hasta nuevo aviso. Disculpad las molestias.<\/strong><\/em><\/p>\n<p><span style=\"color: #000000;\">Las<strong>\u00a0colecciones zool\u00f3gicas<\/strong>\u00a0(<strong>de <a style=\"color: #000000;\" href=\"\/es\/area-cientifica\/colecciones\/colecciones-zoologicas\/invertebrados-no-artropodos\/\">invertebrados no artr\u00f3podos<\/a><\/strong><strong>,\u00a0<\/strong><strong><a style=\"color: #000000;\" href=\"\/es\/area-cientifica\/colecciones\/colecciones-zoologicas\/artropodos\/\">artr\u00f3podos<\/a> <\/strong>y <a href=\"https:\/\/museuciencies.cat\/es\/area-cientifica\/departamentos-cientificos\/vertebrados\/\"><strong>vertebrados<\/strong><\/a>) son consultadas cada a\u00f1o por bi\u00f3logos, paleont\u00f3logos y m\u00e9dicos que trabajan en proyectos de investigaci\u00f3n nacionales e internacionales. Los \u00e1mbitos principales de trabajo incluyen el estudio y seguimiento de la biodiversidad, aspectos de la evoluci\u00f3n, la ecoetolog\u00eda y la ecolog\u00eda. El\u00a0<a style=\"color: #000000;\" href=\"\/es\/area-cientifica\/colecciones\/colecciones-zoologicas\/banco-de-tejidos\/\">Banco de tejidos<\/a>, que conserva muestras de las colecciones zool\u00f3gicas aptas para extraer material gen\u00e9tico, es cada vez m\u00e1s utilizado. La\u00a0<a style=\"color: #000000;\" href=\"\/es\/area-cientifica\/colecciones\/colecciones-zoologicas\/fonoteca\/\">Fonoteca Naturaleza Sonora<\/a>,\u00a0por su parte, contiene grabaciones de sonidos de la naturaleza utilizados en varios \u00e1mbitos de la actividad del Museo.<\/span><\/p>\n","protected":false},"excerpt":{"rendered":"<p>AVISO: Debido a los trabajos de adecuaci\u00f3n y mejora del edificio el Castell dels Tres Dragons, las colecciones de zoolog\u00eda permanecer\u00e1n cerradas hasta nuevo aviso. Disculpad las molestias. Las\u00a0colecciones zool\u00f3gicas\u00a0(de invertebrados no artr\u00f3podos,\u00a0artr\u00f3podos y vertebrados) son consultadas cada a\u00f1o por bi\u00f3logos, paleont\u00f3logos y m\u00e9dicos que trabajan en proyectos de investigaci\u00f3n nacionales e internacionales. Los \u00e1mbitos [&hellip;]<\/p>\n","protected":false},"author":2,"featured_media":0,"parent":12832,"menu_order":165,"comment_status":"closed","ping_status":"closed","template":"","meta":{"_acf_changed":false,"footnotes":""},"class_list":["post-15148","page","type-page","status-publish","hentry"],"acf":{"activeu_alerta":false,"arxius_adjunts":false,"boto_de_link_o_mail":false,"descripcio":"","imatge_llistat":false,"img_cap":6197,"links_associats":false,"llista_equip_museu":"","llista_fons":false,"llista_investigadors":false,"llista_voluntaris":false,"nou_carrusel":false,"presenta_fills":"no","tambe_us_pot_interessar":"","text_alerta":"","text_fons_de_la_colleccio":"","text_fons_dingres":"","text_fons_documental":"","text_galeria_dimatges":"","text_guies_de_lectura":"","text_novetats_bibliografiques":"","text_preparacio_i_conservacio":"","tipologia_de_colaborador":false,"presenta_peu":false,"segona_part":""},"jetpack_sharing_enabled":true,"_links":{"self":[{"href":"https:\/\/museuciencies.cat\/es\/wp-json\/wp\/v2\/pages\/15148","targetHints":{"allow":["GET"]}}],"collection":[{"href":"https:\/\/museuciencies.cat\/es\/wp-json\/wp\/v2\/pages"}],"about":[{"href":"https:\/\/museuciencies.cat\/es\/wp-json\/wp\/v2\/types\/page"}],"author":[{"embeddable":true,"href":"https:\/\/museuciencies.cat\/es\/wp-json\/wp\/v2\/users\/2"}],"replies":[{"embeddable":true,"href":"https:\/\/museuciencies.cat\/es\/wp-json\/wp\/v2\/comments?post=15148"}],"version-history":[{"count":3,"href":"https:\/\/museuciencies.cat\/es\/wp-json\/wp\/v2\/pages\/15148\/revisions"}],"predecessor-version":[{"id":118292,"href":"https:\/\/museuciencies.cat\/es\/wp-json\/wp\/v2\/pages\/15148\/revisions\/118292"}],"up":[{"embeddable":true,"href":"https:\/\/museuciencies.cat\/es\/wp-json\/wp\/v2\/pages\/12832"}],"wp:attachment":[{"href":"https:\/\/museuciencies.cat\/es\/wp-json\/wp\/v2\/media?parent=15148"}],"curies":[{"name":"wp","href":"https:\/\/api.w.org\/{rel}","templated":true}]}}