{"id":15108,"date":"2014-01-31T09:33:29","date_gmt":"2014-01-31T09:33:29","guid":{"rendered":"http:\/\/museuciencies.cat\/area-cientifica\/departaments-cientifics\/invertebrats-no-artopodes\/"},"modified":"2024-08-29T14:54:49","modified_gmt":"2024-08-29T12:54:49","slug":"invertebrados-no-artropodos","status":"publish","type":"page","link":"https:\/\/museuciencies.cat\/es\/area-cientifica\/departamentos-cientificos\/invertebrados-no-artropodos\/","title":{"rendered":"Invertebrados no Artr\u00f3podos"},"content":{"rendered":"<p><span style=\"color: #000000;\">El Departamento de Invertebrados no Artr\u00f3podos custodia\u00a0<a style=\"color: #000000;\" href=\"\/es\/area-cientifica\/colecciones\/colecciones-zoologicas\/invertebrados-no-artropodos\/\">colecciones<\/a>\u00a0de\u00a0<strong>16 f\u00edlums zool\u00f3gicos<\/strong>\u00a0(el f\u00edlum corresponde a la primera divisi\u00f3n en la que se clasifica el reino animal). Sin embargo, los\u00a0moluscos son el grupo mayoritario en las colecciones del departamento. Los moluscos son tambi\u00e9n uno de los grupos de animales m\u00e1s diversificado. Un dato significativo: como parte del patrimonio fundacional del Museo exist\u00eda la colecci\u00f3n de moluscos, de mayor\u00eda tropical, reunida por <strong>Francesc Martorell i Pe\u00f1a<\/strong>.<\/span><\/p>\n<p><span style=\"color: #000000;\">La diversidad de organismos conservados en este departamento se traduce tambi\u00e9n en una gran variabilidad de or\u00edgenes geogr\u00e1ficos y, lo que es m\u00e1s importante, de h\u00e1bitats. Es en este departamento del Museo donde resultan m\u00e1s visibles los animales que pueblan los fondos marinos. No es casual que los moluscos, tan bien representados en las colecciones, sean uno de los pocos f\u00edlums con especies que habitan medio a\u00e9reos, marinos y de agua dulce.<\/span><\/p>\n","protected":false},"excerpt":{"rendered":"<p>El Departamento de Invertebrados no Artr\u00f3podos custodia\u00a0colecciones\u00a0de\u00a016 f\u00edlums zool\u00f3gicos\u00a0(el f\u00edlum corresponde a la primera divisi\u00f3n en la que se clasifica el reino animal). Sin embargo, los\u00a0moluscos son el grupo mayoritario en las colecciones del departamento. Los moluscos son tambi\u00e9n uno de los grupos de animales m\u00e1s diversificado. Un dato significativo: como parte del patrimonio fundacional [&hellip;]<\/p>\n","protected":false},"author":2,"featured_media":0,"parent":12829,"menu_order":244,"comment_status":"closed","ping_status":"closed","template":"page-fills-departaments-cientifics.php","meta":{"_acf_changed":false,"footnotes":""},"class_list":["post-15108","page","type-page","status-publish","hentry"],"acf":{"activeu_alerta":false,"arxius_adjunts":false,"boto_de_link_o_mail":false,"descripcio":"","imatge_llistat":false,"img_cap":7163,"links_associats":false,"llista_equip_museu":[{"ID":18624,"post_author":"1","post_date":"2014-05-12 11:11:50","post_date_gmt":"2014-05-12 11:11:50","post_content":"","post_title":"Eul\u00e0lia Garcia","post_excerpt":"","post_status":"publish","comment_status":"closed","ping_status":"closed","post_password":"","post_name":"eulalia-garcia","to_ping":"","pinged":"","post_modified":"2024-08-29 12:09:10","post_modified_gmt":"2024-08-29 10:09:10","post_content_filtered":"","post_parent":0,"guid":"http:\/\/museuciencies.cat\/equip-huma\/eulalia-garcia-2\/","menu_order":29,"post_type":"equip-huma","post_mime_type":"","comment_count":"0","filter":"raw"}],"llista_estudiants":false,"llista_investigadors":[{"nom":"Miguel Prieto","especialitat":"documentalista","procedencia":"Myrmex. Serveis t\u00e8cnics a les ci\u00e8ncies naturals SL","institucio":"","link_institucio":""}],"llista_memories":false,"llista_projectes":false,"llista_publicacions":[{"nom_de_la_publicacio":"<p>Folia, M., Agull\u00f3, J. &amp; <strong>Uribe, F.<\/strong>, 2015. Descripci\u00f3n de los fondos de un museo de cienciasnaturales a nivel de colecciones con el est\u00e1ndar Natural CollectionsDescription (NCD). <em>Bolet\u00edn de la Real Sociedad Espa\u00f1ola de Historia Natural. <\/em>2: 39.47.<\/p>\n","es_document_o_link":"Link","document":false,"link":"http:\/\/147.96.59.157\/rsehn\/index.php?d=publicaciones&num=39&w=262"},{"nom_de_la_publicacio":"<p><strong>Uribe, F.<\/strong>, &amp; Prieto, M., 2014. Georreferenciarantiguascolecciones de CienciasNaturales : Georeferencingold natural historycollections : progressingfromcraft to technology. <em>Bolet\u00edn de La Real Sociedad Espa\u00f1ola de Historia Natural &#8211; Secci\u00f3n Aula, Museos y Colecciones de Historia Natural<\/em>, 1, 1\u201312<\/p>\n<p>&nbsp;<\/p>\n","es_document_o_link":"Link","document":false,"link":"http:\/\/147.96.59.157\/rsehn\/index.php?d=publicaciones&num=35&w=234"},{"nom_de_la_publicacio":"<p>Germain,\u00a0 J., <strong>Uribe, F.<\/strong>, &amp; Boet, O., 2014. Participaci\u00f3 de voluntaris en l \u2019estudi de la biodiversitat : un balan\u00e7 amb resultats positius. <em>Butllet\u00ed de La Instituci\u00f3 Catalana d\u2019Hist\u00f2ria Natural,<\/em> 78, 39\u201346.<\/p>\n","es_document_o_link":"Link","document":false,"link":"http:\/\/ichn.iec.cat\/pdf\/Butlleti_78\/05_2014_JGermain_et_al.pdf"},{"nom_de_la_publicacio":"<p>Garcia-Franquesa, E., Gago, S., Agull\u00f3, J., Caballero-L\u00f3pez, B., Mas\u00f3, G., Quesada, J. &amp; <strong>Uribe, F.<\/strong>, 2014. El registro digital de colecciones : un cambiosignificativo en la documentaci\u00f3n de las coleccioneszool\u00f3gicas del Museu de Ci\u00e8ncies Naturals de Barcelona ( MCNB ). <em>Bolet\u00edn de La Real Sociedad Espa\u00f1ola de Historia Natural &#8211; Secci\u00f3n Aula, Museos y Colecciones de Historia Natural<\/em>, 1, 1\u20138.<\/p>\n","es_document_o_link":"Link","document":false,"link":"http:\/\/historia.bio.ucm.es\/rsehn\/cont\/publis\/boletines\/221.pdf"},{"nom_de_la_publicacio":"<p>Lista de publicaciones del Departamento desde 1997\u00a0hasta la actualidad<\/p>\n","es_document_o_link":"Document","document":"https:\/\/museuciencies.cat\/wp-content\/uploads\/Bibliografia_web_INA.pdf","link":""}],"llista_recursos":false,"llista_servies":false,"llista_voluntaris":false,"nou_carrusel":false,"presenta_fills":"no","tambe_us_pot_interessar":"","text_alerta":"","text_equip":"","text_memories":"","text_projectes":"<h3><span style=\"color: #000000;\">Proyectos de gesti\u00f3n de la colecci\u00f3n<\/span><\/h3>\n<p><span style=\"color: #000000;\">En el a\u00f1o 2010\u00a0se consigui\u00f3 completar el inventario de las colecciones y bases de datos que describen las colecciones del departamento. La revisi\u00f3n y catalogaci\u00f3n del fondo sigue siendo la prioridad y supera ya un 30% del total de elementos registrados. Actualmente disponemos de herramientas de descripci\u00f3n de colecciones que facilitan una \u00f3ptima explotaci\u00f3n de las muestras y de las informaciones asociadas que conforman el fondo de colecciones. El ritmo de documentaci\u00f3n e informatizaci\u00f3n es intenso para nutrir las fuentes de informaci\u00f3n de colecciones.\u00a0En la actualidad, la base de datos ha completado ya la documentaci\u00f3n de todos los f\u00edlums representados en el departamento, excepto los moluscos, la colecci\u00f3n m\u00e1s numerosa con diferencia. La parte del fondo ya informatizada participa de la plataforma de conocimiento de la biodiversidad m\u00e1s amplia del mundo, el portal <a style=\"color: #000000;\" href=\"http:\/\/www.gbif.org\/\">GBIF<\/a>,\u00a0<em>Global Biodiversity Information Facility<\/em>, siendo particularmente accesibles la colecci\u00f3n de malacolog\u00eda\u00a0y el conjunto de colecciones reconocido como\u00a0zoolog\u00eda general.<\/span><\/p>\n<p><span style=\"color: #000000;\">Se est\u00e1 dedicando especial atenci\u00f3n a la\u00a0<strong>documentaci\u00f3n de espec\u00edmenes tipo<\/strong>. Los primeros resultados son visibles en forma de\u00a0<a style=\"color: #000000;\" href=\"http:\/\/amz.museucienciesjournals.cat\/volum-06-2008-amz\/els-exemplars-tipus-de-les-col%C2%B7leccions-malacologiques-del-museu-de-ciencies-naturals-de-barcelona-i-del-museu-valencia-dhistoria-natural\/?lang=es\">cat\u00e1logo para los tipos de moluscos<\/a>\u00a0(publicado\u00a0 en catal\u00e1n, castellano e ingl\u00e9s). Varias colecciones que han ingresado en el departamento o ingresos puntuales por parte de investigadores est\u00e1n nutriendo de forma continuada el fondo de ejemplares acreditados como tipos. Se ha abierto un espacio web con capacidades interactivas de consulta de la\u00a0<a style=\"color: #000000;\" href=\"http:\/\/www.bioexplora.cat\/WIKICOLLECTA\/index.php\/es\/proyectos\/especimenes-tipo\">informaci\u00f3n de los tipos<\/a>.<\/span><\/p>\n<p><span style=\"color: #000000;\">Un aspecto de la documentaci\u00f3n en el que se est\u00e1 trabajando de forma conjunta con los dem\u00e1s departamentos de colecciones es la\u00a0<strong>georreferenciaci\u00f3n<\/strong>, es decir, disponer de informaci\u00f3n de coordenadas que permita analizar la distribuci\u00f3n de los espec\u00edmenes en el espacio. La recolecci\u00f3n actual ya prev\u00e9 el uso de aparatos para fijar con exactitud la posici\u00f3n, pero la inmensa mayor\u00eda de las colecciones del Museo han ingresado en tiempos anteriores y se dispone \u00fanicamente de descripciones textuales de los puntos de recolecci\u00f3n. El proceso de georreferenciaci\u00f3n retrospectiva, es decir, de asignar coordenadas a descripciones basadas en top\u00f3nimos, es un proyecto de gran envergadura que est\u00e1 en pleno proceso de desarrollo en la organizaci\u00f3n interna y p\u00fablica del departamento.<\/span><\/p>\n<p><span style=\"color: #000000;\">Conforme avanza el conocimiento documental de las colecciones ya ingresadas se abren posibilidades de acci\u00f3n para mejorar la presencia de los grupos zool\u00f3gicos mal representados en el fondo del Museo.<\/span><\/p>\n<h3><span style=\"color: #000000;\">Proyectos cient\u00edficos<\/span><\/h3>\n<p><span style=\"color: #000000;\">Concebir el fondo de colecciones como una infraestructura cient\u00edfica lleva a dotarla del m\u00e1ximo de posibilidades de consulta y uso aplicado a la investigaci\u00f3n. Este es el esp\u00edritu de la web\u00a0<a style=\"color: #000000;\" href=\"http:\/\/www.bioexplora.cat\/index_e.htm\">Bioexplora<\/a>. En primer lugar se est\u00e1n desarrollando herramientas de consulta clara e intuitiva de las colecciones que conduzcan a procedimientos de descarga de los resultados en varios formatos. Este es el objetivo de desarrollar un proyecto propio:\u00a0<a style=\"color: #000000;\" href=\"http:\/\/taxomap.bioexplora.cat\/taxomap.php?lang=es\">Taxo&amp;Map<\/a>.<\/span><\/p>\n<p><span style=\"color: #000000;\">Un espacio web creado para ponerlo a disposici\u00f3n de quien quiera consultar las colecciones del Museo con mayor profundidad es\u00a0<a style=\"color: #000000;\" href=\"http:\/\/www.bioexplora.cat\/WIKICOLLECTA\/index.php\/es\/\">WikiCollecta<\/a>, con el que los consultores expertos y el p\u00fablico en general tienen ocasi\u00f3n de conocer mejor las colecciones, a las personas que han intervenido en la gestaci\u00f3n del fondo patrimonial cient\u00edfico del departamento o c\u00f3mo se est\u00e1n resolviendo los procesos de georreferenciaci\u00f3n retrospectiva.<\/span><\/p>\n<p><span style=\"color: #000000;\">La investigaci\u00f3n biol\u00f3gica del Departamento se consigna en dos l\u00edneas:\u00a0<a style=\"color: #000000;\" href=\"http:\/\/museuciencies.cat\/es\/area-cientifica\/linies-de-recerca\/diversitat-natural\/malacologia-terrestre\/\">malacolog\u00eda terrestre<\/a>, la m\u00e1s tradicional, y\u00a0<a style=\"color: #000000;\" href=\"http:\/\/museuciencies.cat\/es\/area-cientifica\/linies-de-recerca\/diversitat-natural\/biologia-marina\/\">biolog\u00eda marina<\/a>, de m\u00e1s reciente incorporaci\u00f3n. El impulso a la investigaci\u00f3n est\u00e1 a\u00fan supeditado a la prioridad que se da a conseguir la capacitaci\u00f3n cient\u00edfica de las colecciones, un objetivo pr\u00f3ximo.<\/span><\/p>\n<p><span style=\"color: #000000;\">Por lo que respecta a las condiciones de conservaci\u00f3n de las muestras de colecciones, se presta especial atenci\u00f3n a las calidades de los l\u00edquidos conservantes y a sus capacidades para no interferir en el an\u00e1lisis molecular de las muestras. En este sentido se han puesto en marcha varios experimentos para conocer la estabilidad en el tiempo de las condiciones de conservaci\u00f3n que proporcionan diferentes l\u00edquidos.<\/span><\/p>\n<p><span style=\"color: #000000;\">Por \u00faltimo, es importante se\u00f1alar la participaci\u00f3n en los proyectos de publicaciones peri\u00f3dicas que edita el Museo, concretamente\u00a0<a style=\"color: #000000;\" href=\"http:\/\/amz.museucienciesjournals.cat\/?lang=es\"><em>Arxius de Miscel\u00b7l\u00e0nia Zool\u00f2gica<\/em><\/a><em>\u00a0<\/em>y\u00a0<a style=\"color: #000000;\" href=\"http:\/\/abc.museucienciesjournals.cat\/?lang=es\"><em>Animal Biodiversity and Conservation<\/em><\/a>.<\/span><\/p>\n","text_publicacions":"","text_recursos":"<h3><span style=\"color: #000000;\">Criterios de actuaci\u00f3n<\/span><\/h3>\n<p><span style=\"color: #000000;\">Los criterios de actuaci\u00f3n de este departamento se conciben con el convencimiento de que la proyecci\u00f3n digital de los contenidos de las colecciones es primordial.<\/span><\/p>\n<p><span style=\"color: #000000;\">La reflexi\u00f3n sobre este asunto, que se traslada a un plan general del Museo, puede seguirse en el siguiente\u00a0<a style=\"color: #000000;\" href=\"http:\/\/museuciencies.cat\/wp-content\/uploads\/Labo_digital.pdf\">documento<\/a>.<\/span><\/p>\n<h3><span style=\"color: #000000;\">Colaboraciones con el Departamento de Invertebrados no Artr\u00f3podos<\/span><\/h3>\n<p><span style=\"color: #000000;\">Es tradici\u00f3n que haya personas que colaboran en los programas de trabajo del departamento o que encuentran apoyo en \u00e9l para desarrollar proyectos propios. Desde el propio departamento se impulsan v\u00edas de participaci\u00f3n activa,\u00a0tanto en\u00a0el cuidado directo de las colecciones, \u00a0como en la revisi\u00f3n de documentaci\u00f3n (etiquetas, fichas\u2026) o la publicaci\u00f3n de contenidos en Internet. Son tres ejemplos de experiencias en las que la colaboraci\u00f3n ha sido fruct\u00edfera para ambas partes, el Museo y las personas que colaboran con el mismo.<\/span><\/p>\n<p>La vinculaci\u00f3n formal se establece a trav\u00e9s de la <a style=\"color: #000000;\" href=\"http:\/\/agenda.museuciencies.cat\/descargas\/museuciencies1679.pdf\">Asociaci\u00f3n de Amigos del Museo de Ciencias Naturales de Barcelona<\/a>. Si la idea de colaborar en la actividad cient\u00edfica del departamento te despierta inter\u00e9s o curiosidad, no dudes en solicitar una entrevista con <a style=\"color: #000000;\" href=\"mailto:furibe@bcn.cat\">Francesc Uribe<\/a>, responsable del departamento, para explorar conjuntamente las posibilidades de colaborar.<\/p>\n","text_serveis":"<p><span style=\"color: #000000;\">El principal servicio es ofrecer\u00a0una respuesta r\u00e1pida y eficiente a las consultas referentes a las colecciones custodiadas, sea de forma remota v\u00eda web o presencial previa solicitud (contacto: <a style=\"color: #000000;\" href=\"furibe@bcn.cat\">Francesc Uribe<\/a>).<\/span><\/p>\n<p><span style=\"color: #000000;\">En atenci\u00f3n al p\u00fablico investigador se proporcionan servicios de custodia aplazada para material todav\u00eda sometido a revisi\u00f3n de las publicaciones cient\u00edficas.<\/span><\/p>\n<p>&nbsp;<\/p>\n","tipologia_de_colaborador":[{"tipus_de_colaboracio":"Investigadores que han donado colecciones recientemente y cuidan de las mismas","descripcio_del_tipus":"","colaboradors":[{"nom":"Josep M. Gili","especialitat":"cnidarios","procedencia":"","institucio":"","link_institucio":"http:\/\/"},{"nom":"Pablo J. Gonz\u00e1lez","especialitat":"cnidarios","procedencia":"","institucio":"","link_institucio":"http:\/\/"},{"nom":"Teresa Madurell","especialitat":"briozoos","procedencia":"","institucio":"","link_institucio":"http:\/\/"},{"nom":"Mikel Zabala","especialitat":"briozoos","procedencia":"","institucio":"","link_institucio":"http:\/\/"}]},{"tipus_de_colaboracio":"Apoyo cient\u00edfico y revisi\u00f3n de las colecciones","descripcio_del_tipus":"","colaboradors":[{"nom":"Cristian Altaba","especialitat":"moluscos","procedencia":"","institucio":"","link_institucio":"http:\/\/"},{"nom":"Vicen\u00e7 Bros","especialitat":"moluscos","procedencia":"","institucio":"","link_institucio":"http:\/\/"},{"nom":"Jordi Cadevall","especialitat":"moluscos","procedencia":"","institucio":"","link_institucio":"http:\/\/"},{"nom":"Carles Gili","especialitat":"moluscos","procedencia":"","institucio":"","link_institucio":"http:\/\/"},{"nom":"Cristina Gonz\u00e1lez","especialitat":"georeferenciaci\u00f3n","procedencia":"","institucio":"","link_institucio":"http:\/\/"},{"nom":"Elisabeth Hern\u00e1ndez","especialitat":"moluscos","procedencia":"","institucio":"","link_institucio":"http:\/\/"},{"nom":"Jordi Nebot","especialitat":"moluscos","procedencia":"","institucio":"","link_institucio":"http:\/\/"},{"nom":"Albert Orozco","especialitat":"moluscos","procedencia":"","institucio":"","link_institucio":"http:\/\/"}]}],"presenta_peu":false,"segona_part":""},"jetpack_sharing_enabled":true,"_links":{"self":[{"href":"https:\/\/museuciencies.cat\/es\/wp-json\/wp\/v2\/pages\/15108","targetHints":{"allow":["GET"]}}],"collection":[{"href":"https:\/\/museuciencies.cat\/es\/wp-json\/wp\/v2\/pages"}],"about":[{"href":"https:\/\/museuciencies.cat\/es\/wp-json\/wp\/v2\/types\/page"}],"author":[{"embeddable":true,"href":"https:\/\/museuciencies.cat\/es\/wp-json\/wp\/v2\/users\/2"}],"replies":[{"embeddable":true,"href":"https:\/\/museuciencies.cat\/es\/wp-json\/wp\/v2\/comments?post=15108"}],"version-history":[{"count":2,"href":"https:\/\/museuciencies.cat\/es\/wp-json\/wp\/v2\/pages\/15108\/revisions"}],"predecessor-version":[{"id":113282,"href":"https:\/\/museuciencies.cat\/es\/wp-json\/wp\/v2\/pages\/15108\/revisions\/113282"}],"up":[{"embeddable":true,"href":"https:\/\/museuciencies.cat\/es\/wp-json\/wp\/v2\/pages\/12829"}],"wp:attachment":[{"href":"https:\/\/museuciencies.cat\/es\/wp-json\/wp\/v2\/media?parent=15108"}],"curies":[{"name":"wp","href":"https:\/\/api.w.org\/{rel}","templated":true}]}}