{"id":15062,"date":"2014-05-12T13:59:59","date_gmt":"2014-05-12T13:59:59","guid":{"rendered":"http:\/\/museuciencies.cat\/area-cientifica\/linies-de-recerca\/paleobiogeografia-i-biostatigrafia-del-teis\/macroforaminifers\/"},"modified":"2023-08-09T12:28:03","modified_gmt":"2023-08-09T10:28:03","slug":"micropaleontologia","status":"publish","type":"page","link":"https:\/\/museuciencies.cat\/es\/area-cientifica\/lineas-de-investigacion\/paleobiodiversidad-y-paleoambientes-marinos\/micropaleontologia\/","title":{"rendered":"Micropaleontolog\u00eda"},"content":{"rendered":"<h3>FORAMLAB: Grupo de Investigaci\u00f3n en Micropaleontolog\u00eda<\/h3>\n<p>La micropaleontolog\u00eda es la rama de la paleontolog\u00eda que estudia los organismos de escala microsc\u00f3pica, incluyendo su morfolog\u00eda, ecolog\u00eda, evoluci\u00f3n y distribuci\u00f3n a partir de los restos f\u00f3siles, as\u00ed como a partir del c\u00f3digo gen\u00e9tico de las formas vivas actuales. Los foramin\u00edferos constituyen uno de los grupos de microf\u00f3siles m\u00e1s importantes por su diversidad y abundancia, como tambi\u00e9n pasa en otros grupos, como los dinoflagelados, los cocolitof\u00f3ridos, los radiolarios, las diatomeas, el polen, los ostr\u00e1codos y los conodontos. Los microf\u00f3siles se encuentran entre los organismos m\u00e1s utilizados en estudios geol\u00f3gicos y paleontol\u00f3gicos aplicados.<\/p>\n<p>La principal misi\u00f3n del FORAMLAB (Grupo de Investigaci\u00f3n en Micropaleontolog\u00eda del Museo de Ciencias Naturales de Barcelona) es estudiar y documentar la paleobiodiversidad en ambientes marinos de \u00e9pocas geol\u00f3gicas pasadas, poniendo el foco en los foramin\u00edferos y otros organismos relacionados, y su aplicaci\u00f3n en la dataci\u00f3n de dep\u00f3sitos sedimentarios (bioestratigraf\u00eda) y en estudios paleoambientales (paleoecolog\u00eda) y de distribuci\u00f3n (paleobiogeograf\u00eda), todo para servir a la ciencia y a la sociedad.<\/p>\n<ul>\n<li><strong>Responsable<\/strong> del Museo de esta l\u00ednea de investigaci\u00f3n: Vicent Vicedo<\/li>\n<li><strong>Principales proyectos y art\u00edculos: <\/strong>En este<a href=\"https:\/\/www.researchgate.net\/lab\/MCNB-Micropalaeontology-group-Vicent-Vicedo-Lab-Vicent-Vicedo\" target=\"_blank\" rel=\"noopener\"> enlace<\/a> encontrar\u00e9is los principales proyectos y art\u00edculos del Grupo de Investigaci\u00f3n en Micropaleontolog\u00eda.<\/li>\n<\/ul>\n<h3>Foraminifera: fuente de datos de los ambientes marinos<\/h3>\n<p><strong>\u00bfQu\u00e9 son los foramin\u00edferos?<\/strong><\/p>\n<p>Los foramin\u00edferos son organismos unicelulares con un esqueleto mineral que se encuentran principalmente en ambientes marinos desde hace aproximadamente 500 millones de a\u00f1os hasta la actualidad. Pueden tener un modo de vida planct\u00f3nico, en suspensi\u00f3n en la columna de agua, o bent\u00f3nico, en relaci\u00f3n con el sustrato.<\/p>\n<p>Sus medidas van desde las decenas de micras hasta varios cent\u00edmetros, y se pueden considerar entre los grupos bi\u00f3ticos m\u00e1s abundantes y variados de los ecosistemas marinos: pueblan desde las zonas litorales hasta los fondos oce\u00e1nicos. Un cent\u00edmetro c\u00fabico de sedimento o roca (en el caso de los f\u00f3siles) puede contener centenares de ejemplares.<\/p>\n<p><strong>La paleobiodiversidad en los foramin\u00edferos<\/strong><\/p>\n<p>La identificaci\u00f3n precisa de las especies de foramin\u00edferos, mediante el an\u00e1lisis de la arquitectura de su esqueleto mineral, es un proceso clave para cualquier uso aplicado posterior \u00bebioestratigr\u00e1fico, paleobiogeogr\u00e1fico o paleoecol\u00f3gico\u00be de este grupo.<\/p>\n<p>Una correcta identificaci\u00f3n es una condici\u00f3n indispensable para caracterizar la paleobiodiversidad de los ecosistemas marinos, tanto actuales como del pasado. Disponer de un inventario lo m\u00e1s completo posible de las diferentes formas de vida existentes es necesario para desarrollar cualquier conclusi\u00f3n sobre el impacto real que presentan las crisis ambientales para las poblaciones y que llevan a patrones de adaptaci\u00f3n o extinci\u00f3n.<\/p>\n<p><strong>Los foramin\u00edferos en las reconstrucciones paleoambientales<\/strong><\/p>\n<p>Los foramin\u00edferos planct\u00f3nicos y bent\u00f3nicos son sensibles a los cambios en la disponibilidad de nutrientes y a las condiciones ambientales del medio. As\u00ed, son buenos indicadores de las variaciones de par\u00e1metros f\u00edsicos y qu\u00edmicos, como por ejemplo la temperatura, la salinidad, la profundidad, la latitud, etc., tanto en la actualidad como en \u00e9pocas geol\u00f3gicas pasadas.<\/p>\n<p><strong>Los foramin\u00edferos como herramienta de dataci\u00f3n<\/strong><\/p>\n<p>Las asociaciones f\u00f3siles de estos organismos son muy \u00fatiles para definir la edad de los dep\u00f3sitos sedimentarios donde se encuentran, por lo cual se considera que son extraordinarios f\u00f3siles gu\u00eda en bioestratigraf\u00eda. Este uso de los foramin\u00edferos es esencial en estudios sobre la evoluci\u00f3n de las cuencas sedimentarias, tanto para lograr objetivos acad\u00e9micos como industriales (extracci\u00f3n de recursos naturales).<\/p>\n","protected":false},"excerpt":{"rendered":"<p>FORAMLAB: Grupo de Investigaci\u00f3n en Micropaleontolog\u00eda La micropaleontolog\u00eda es la rama de la paleontolog\u00eda que estudia los organismos de escala microsc\u00f3pica, incluyendo su morfolog\u00eda, ecolog\u00eda, evoluci\u00f3n y distribuci\u00f3n a partir de los restos f\u00f3siles, as\u00ed como a partir del c\u00f3digo gen\u00e9tico de las formas vivas actuales. Los foramin\u00edferos constituyen uno de los grupos de microf\u00f3siles [&hellip;]<\/p>\n","protected":false},"author":2,"featured_media":0,"parent":15030,"menu_order":141,"comment_status":"closed","ping_status":"closed","template":"page-fills-programes-recerca.php","meta":{"_acf_changed":false,"footnotes":""},"class_list":["post-15062","page","type-page","status-publish","hentry"],"acf":{"activeu_alerta":false,"arxius_adjunts":false,"boto_de_link_o_mail":false,"imatge_llistat":false,"img_cap":8704,"links_associats":false,"llistat_projectes":false,"nou_carrusel":false,"presenta_fills":"no","tambe_us_pot_interessar":"","text_alerta":"","presenta_peu":false,"segona_part":""},"jetpack_sharing_enabled":true,"_links":{"self":[{"href":"https:\/\/museuciencies.cat\/es\/wp-json\/wp\/v2\/pages\/15062","targetHints":{"allow":["GET"]}}],"collection":[{"href":"https:\/\/museuciencies.cat\/es\/wp-json\/wp\/v2\/pages"}],"about":[{"href":"https:\/\/museuciencies.cat\/es\/wp-json\/wp\/v2\/types\/page"}],"author":[{"embeddable":true,"href":"https:\/\/museuciencies.cat\/es\/wp-json\/wp\/v2\/users\/2"}],"replies":[{"embeddable":true,"href":"https:\/\/museuciencies.cat\/es\/wp-json\/wp\/v2\/comments?post=15062"}],"version-history":[{"count":0,"href":"https:\/\/museuciencies.cat\/es\/wp-json\/wp\/v2\/pages\/15062\/revisions"}],"up":[{"embeddable":true,"href":"https:\/\/museuciencies.cat\/es\/wp-json\/wp\/v2\/pages\/15030"}],"wp:attachment":[{"href":"https:\/\/museuciencies.cat\/es\/wp-json\/wp\/v2\/media?parent=15062"}],"curies":[{"name":"wp","href":"https:\/\/api.w.org\/{rel}","templated":true}]}}