{"id":15030,"date":"2014-01-31T09:44:48","date_gmt":"2014-01-31T09:44:48","guid":{"rendered":"http:\/\/museuciencies.cat\/area-cientifica\/linies-de-recerca\/paleobiogeografia-i-biostatigrafia-del-teis\/"},"modified":"2023-01-12T17:26:25","modified_gmt":"2023-01-12T15:26:25","slug":"paleobiodiversidad-y-paleoambientes-marinos","status":"publish","type":"page","link":"https:\/\/museuciencies.cat\/es\/area-cientifica\/lineas-de-investigacion\/paleobiodiversidad-y-paleoambientes-marinos\/","title":{"rendered":"Paleobiodiversidad y paleoambientes marinos"},"content":{"rendered":"<p>El registro f\u00f3sil constituye una fuente de informaci\u00f3n no renovable de incalculable valor que se manifiesta como una ventana a la historia del planeta y a la evoluci\u00f3n de la vida. Tanto los cambios ambientales globales como los locales dejan su huella en el registro geol\u00f3gico.<\/p>\n<p>Los ecosistemas marinos son muy sensibles ante estos cambios. Por lo tanto, el estudio de la diversidad de especies marinas es clave para entender el impacto de los cambios en la biosfera. Observar los patrones de extinci\u00f3n y diversificaci\u00f3n de los organismos a lo largo de los tiempos geol\u00f3gicos es, en s\u00ed mismo, un conocimiento esencial que nos ayuda a calibrar las consecuencias de futuras alteraciones ambientales en el planeta, bien sean a escala local o global.<\/p>\n<p>Esta l\u00ednea de investigaci\u00f3n estable del <a href=\"https:\/\/museuciencies.cat\/es\/area-cientifica\/departamentos-cientificos\/paleontologia\/\" target=\"_blank\" rel=\"noopener\">Departamento de Paleontolog\u00eda del Museo<\/a> se ocupa de caracterizar la diversidad de especies marinas f\u00f3siles, especialmente de protistas e invertebrados, as\u00ed como su distribuci\u00f3n en el tiempo (bioestratigraf\u00eda) y en el espacio (paleobiogeograf\u00eda), y su aplicaci\u00f3n en estudios paleoecol\u00f3gicos. El \u00e1mbito de actuaci\u00f3n se centra en los f\u00f3siles de estos grupos bi\u00f3ticos acumulados en las rocas sedimentarias depositadas en el mar de Tetis \u00beantiguo oc\u00e9ano del que el Mediterr\u00e1neo actual es un vestigio\u00be y la relaci\u00f3n de este con otros dominios marinos circundantes.<\/p>\n<p>Esta l\u00ednea de investigaci\u00f3n se centra en estudiar, principalmente, los <a href=\"https:\/\/museuciencies.cat\/es\/area-cientifica\/lineas-de-investigacion\/paleobiodiversidad-y-paleoambientes-marinos\/micropaleontologia\/\" target=\"_blank\" rel=\"noopener\">macroforamin\u00edferos<\/a>.<\/p>\n","protected":false},"excerpt":{"rendered":"<p>El registro f\u00f3sil constituye una fuente de informaci\u00f3n no renovable de incalculable valor que se manifiesta como una ventana a la historia del planeta y a la evoluci\u00f3n de la vida. Tanto los cambios ambientales globales como los locales dejan su huella en el registro geol\u00f3gico. Los ecosistemas marinos son muy sensibles ante estos cambios. [&hellip;]<\/p>\n","protected":false},"author":2,"featured_media":0,"parent":15026,"menu_order":230,"comment_status":"closed","ping_status":"closed","template":"page-fills-programes-recerca.php","meta":{"_acf_changed":false,"footnotes":""},"class_list":["post-15030","page","type-page","status-publish","hentry"],"acf":{"activeu_alerta":false,"arxius_adjunts":false,"boto_de_link_o_mail":false,"imatge_llistat":false,"img_cap":7437,"links_associats":false,"llistat_projectes":false,"nou_carrusel":false,"presenta_fills":"no","tambe_us_pot_interessar":"","text_alerta":"","presenta_peu":false},"jetpack_sharing_enabled":true,"_links":{"self":[{"href":"https:\/\/museuciencies.cat\/es\/wp-json\/wp\/v2\/pages\/15030","targetHints":{"allow":["GET"]}}],"collection":[{"href":"https:\/\/museuciencies.cat\/es\/wp-json\/wp\/v2\/pages"}],"about":[{"href":"https:\/\/museuciencies.cat\/es\/wp-json\/wp\/v2\/types\/page"}],"author":[{"embeddable":true,"href":"https:\/\/museuciencies.cat\/es\/wp-json\/wp\/v2\/users\/2"}],"replies":[{"embeddable":true,"href":"https:\/\/museuciencies.cat\/es\/wp-json\/wp\/v2\/comments?post=15030"}],"version-history":[{"count":0,"href":"https:\/\/museuciencies.cat\/es\/wp-json\/wp\/v2\/pages\/15030\/revisions"}],"up":[{"embeddable":true,"href":"https:\/\/museuciencies.cat\/es\/wp-json\/wp\/v2\/pages\/15026"}],"wp:attachment":[{"href":"https:\/\/museuciencies.cat\/es\/wp-json\/wp\/v2\/media?parent=15030"}],"curies":[{"name":"wp","href":"https:\/\/api.w.org\/{rel}","templated":true}]}}