{"id":15010,"date":"2014-01-31T09:38:31","date_gmt":"2014-01-31T09:38:31","guid":{"rendered":"http:\/\/museuciencies.cat\/area-cientifica\/col%c2%b7leccions\/col%c2%b7leccions-geologiques\/paeontologiques\/"},"modified":"2019-11-27T12:04:06","modified_gmt":"2019-11-27T11:04:06","slug":"paleontologicas","status":"publish","type":"page","link":"https:\/\/museuciencies.cat\/es\/area-cientifica\/colecciones\/colecciones-geologicas\/paleontologicas\/","title":{"rendered":"Paleontol\u00f3gicas"},"content":{"rendered":"<div id=\"marc-plana\">\n<div>\n<p>En el a\u00f1o 1891 se adquiri\u00f3 a <strong>F. Pisani<\/strong>, marchante de Par\u00eds, la primera colecci\u00f3n paleontol\u00f3gica de importancia del Museo (entonces Museu Martorell). A dicha colecci\u00f3n pronto se le a\u00f1adieron otras fruto de la recolecci\u00f3n realizada para la confecci\u00f3n del <strong>Mapa Geol\u00f3gico de Catalu\u00f1a (colecci\u00f3n Almera)<\/strong>, cuya sede se estableci\u00f3 en el Museo. Los trabajos de revisi\u00f3n monogr\u00e1ficos, efectuados por especialistas como<strong> J. Lambert, G. de Angelis d&#8217;Ossat, P. Fallot<\/strong> o <strong>F. Blanchet<\/strong>, dieron lugar a un aumento significativo de los ejemplares tipo y figurados. El grueso del material, completado con algunas compras en el extranjero, recolecciones y excavaciones del personal t\u00e9cnico del Museo, ingres\u00f3 en el mismo durante el primer tercio del siglo XX.<\/p>\n<p>El registro actual de la colecci\u00f3n general de Paleontolog\u00eda se inici\u00f3 en el a\u00f1o 1922 con la entrada de la colecci\u00f3n de <strong>Llu\u00eds Mari\u00e0 Vidal<\/strong>. En las \u00faltimas d\u00e9cadas se han ido a\u00f1adiendo otras colecciones importantes entre las que destacan por su variedad y n\u00famero de ejemplares las formadas por el profesor <strong>Jos\u00e9 F. de Villalta<\/strong> y sus colaboradores, la colecci\u00f3n de plantas del Oligoceno de Catalu\u00f1a de <strong>Mart\u00ed Madern<\/strong>, las colecciones <strong>Gurrea<\/strong> y <strong>Campreci\u00f3s<\/strong>, registradas parcialmente en 1995 y 2009, respectivamente, y la colecci\u00f3n de<strong> J. A. Vela<\/strong>, con una rica representaci\u00f3n de trilobites, registrada entre 2010 y 2014.<\/p>\n<p>De este modo, la colecci\u00f3n paleontol\u00f3gica se encuentra en constante crecimiento gracias a las continuas donaciones y a las recolecciones efectuadas en campa\u00f1as de campo por los equipos t\u00e9cnicos responsables (en el marco de varios proyectos de investigaci\u00f3n).<\/p>\n<\/div>\n<\/div>\n","protected":false},"excerpt":{"rendered":"<p>En el a\u00f1o 1891 se adquiri\u00f3 a F. Pisani, marchante de Par\u00eds, la primera colecci\u00f3n paleontol\u00f3gica de importancia del Museo (entonces Museu Martorell). A dicha colecci\u00f3n pronto se le a\u00f1adieron otras fruto de la recolecci\u00f3n realizada para la confecci\u00f3n del Mapa Geol\u00f3gico de Catalu\u00f1a (colecci\u00f3n Almera), cuya sede se estableci\u00f3 en el Museo. Los trabajos [&hellip;]<\/p>\n","protected":false},"author":2,"featured_media":0,"parent":15005,"menu_order":0,"comment_status":"closed","ping_status":"closed","template":"page-fill-coleccions.php","meta":{"_acf_changed":false,"footnotes":""},"class_list":["post-15010","page","type-page","status-publish","hentry"],"acf":{"activeu_alerta":false,"arxius_adjunts":false,"boto_de_link_o_mail":false,"descripcio":"","imatge_llistat":false,"img_cap":7777,"links_associats":false,"llista_equip_museu":"","llista_estudiants":false,"llista_fons":[{"titol":"Colecci\u00f3n de la Real Academia de Ciencias y Artes de Barcelona","link":"","descripcio":"<p>Se trata de una colecci\u00f3n de unos 1.500 registros, procedentes esencialmente de Catalu\u00f1a, Espa\u00f1a y Francia, pero tambi\u00e9n de Italia, Estados Unidos, Uruguay y Cuba. Algunos acad\u00e9micos como Gimbernat, Vidal y otros desde la fundaci\u00f3n de la Academia, participaron en la formaci\u00f3n de esta recopilaci\u00f3n.<\/p>\n"},{"titol":"Colecci\u00f3n Pisani","link":"","descripcio":"<p>Est\u00e1 formada por m\u00e1s de 1.200 n\u00fameros de registro que, en su mayor parte, corresponden a invertebrados. Entre los ejemplares encontramos representantes de las especies m\u00e1s conocidas y comunes de la pr\u00e1ctica totalidad de los grupos, pisos y cuencas, procedentes esencialmente de Suecia, Bohemia, Alemania, Suiza, Francia, Inglaterra e, incluso, Estados Unidos, por lo que en la actualidad el Museo dispone de un considerable repertorio de especies tipo que van desde el C\u00e1mbrico hasta al Plioceno.<\/p>\n"},{"titol":"Colecci\u00f3n Vidal","link":"","descripcio":"<p>La colecci\u00f3n de Llu\u00eds Mari\u00e0 Vidal i Carreras (1842-1922) es, sin duda, la colecci\u00f3n paleontol\u00f3gica catalana m\u00e1s importante del siglo XIX y primer tercio del siglo XX. Adem\u00e1s de una gran diversidad de especies, pisos y cuencas espa\u00f1olas y europeas, en ella est\u00e1n representados los principales yacimientos f\u00f3siles de Catalu\u00f1a, muchos descubiertos por el propio Vidal. Destacan los materiales del Sil\u00farico y Dev\u00f3nico del Pirineo, el Jur\u00e1sico de Camarasa, el Cret\u00e1ceo del Montsec (Santa Maria de Mei\u00e0) e importantes yacimientos como T\u00e0rrega (Oligoceno), Surroca-Ogassa (Carbon\u00edfero) y La Seu d&#8217;Urgell (Mioceno). La colecci\u00f3n contiene tambi\u00e9n la mayor parte de los tipos y figurados de la paleontolog\u00eda catalana de su \u00e9poca. El material comprende unas 6.000 entradas de registro, correspondientes a varias decenas de miles de ejemplares. Aunque es una colecci\u00f3n rica en vertebrados y flora \u2013a Llu\u00eds Mari\u00e0 Vidal le interesaba especialmente el carb\u00f3n\u2013 m\u00e1s del 90% de los registros que la forman corresponden a todo tipo de invertebrados.<\/p>\n"},{"titol":"Colecci\u00f3n Serradell","link":"","descripcio":"<p>Est\u00e1 formada casi exclusivamente por invertebrados (en gran medida gaster\u00f3podos y lamelibranquios) del Cenozoico de Catalu\u00f1a y tambi\u00e9n de Francia.<\/p>\n"},{"titol":"Colecci\u00f3n Villalta","link":"","descripcio":"<p>La denominada colecci\u00f3n Villalta ingres\u00f3 en el Museo en 1986 y est\u00e1 formada por:<br \/>\n\u2013 La colecci\u00f3n de invertebrados f\u00f3siles del Departamento de Geomorfolog\u00eda de la Universidad de Barcelona, depositada en el CSIC (Barcelona) con motivo del traslado a la nueva sede universitaria de Pedralbes. Contiene unos 20.000 ejemplares.<br \/>\n\u2013 La colecci\u00f3n de vertebrados pleistoc\u00e9nicos del CSIC (Barcelona), ya mencionada, est\u00e1 formada por los ejemplares procedentes de las excavaciones practicadas por el Dr. Josep F. de Villalta y sus colaboradores, principalmente durante la d\u00e9cada de 1970. Contiene unos 10.000 ejemplares.<br \/>\n\u2013 Una colecci\u00f3n de flora del Mioceno de la Cerdanya y algunos ejemplares tipo resultado de la investigaci\u00f3n de Villalta en vertebrados, que suman cerca de un millar de ejemplares.<\/p>\n"},{"titol":"Colecciones modernas","link":"","descripcio":"<p>Entre las colecciones modernas destaca la colecci\u00f3n Gurrea, registrada parcialmente en 1995, que es obra de un paleont\u00f3logo aficionado y est\u00e1 constituida por m\u00e1s de 4.500 registros. Como en el caso de la colecci\u00f3n de la RACA, m\u00e1s del 95% de los ejemplares de la colecci\u00f3n Gurrea corresponden a invertebrados. El resto de materiales registrados en los \u00faltimos a\u00f1os procede b\u00e1sicamente de proyectos de investigaci\u00f3n en los que participan personal t\u00e9cnico del Museo, as\u00ed como de algunas donaciones de particulares como la colecci\u00f3n Tor\u00e0 del Jur\u00e1sico de M\u00e9xico o los duplicados de la colecci\u00f3n Ferrer-Condal del Tri\u00e1sico de Alcover (Alt Camp). Pr\u00e1cticamente todos corresponden a invertebrados.<\/p>\n"},{"titol":"Colecci\u00f3n paleobot\u00e1nica","link":"","descripcio":"<p>La colecci\u00f3n paleobot\u00e1nica del Museo es la m\u00e1s completa de Catalu\u00f1a y est\u00e1 formada por:<br \/>\n\u2013 Material procedente de la colecci\u00f3n de Llu\u00eds Mari\u00e0 Vidal, ingresado en 1922, entre el que destaca el del Carbon\u00edfero de la cuenca de Sant Joan de les Abadesses y el del Oligoceno de T\u00e0rrega.<br \/>\n\u2013 La colecci\u00f3n de flora del Mioceno de la Cerdanya, del profesor Josep F. de Villalta, ingresada en el a\u00f1o 1986.<br \/>\n\u2013 La colecci\u00f3n del Mioceno de la Cerdanya del Dr. Julio G\u00f3mez-Alba.<br \/>\n\u2013 La colecci\u00f3n de Mart\u00ed Madern i Carreres, del Oligoceno del \u00e1rea de Cervera, donada en 1989.<br \/>\n\u2013 Las colecciones de Joan Vicente i Castells, del Mioceno de Montju\u00efc (Barcelona) y del Cret\u00e1ceo de Isona, donadas al Museo en 2001 y 2002, respectivamente.<br \/>\n\u2013 La colecci\u00f3n paleobot\u00e1nica de Joan Campreci\u00f3s (que incluye el Oligoceno de Pujalt, Anoia) donada al Museo en el a\u00f1o 2009.<br \/>\nLa colecci\u00f3n, estudiada y publicada parcialmente, contiene varios miles de ejemplares y numerosos tipos y figurados.<\/p>\n"},{"titol":"Colecci\u00f3n de vertebrados f\u00f3siles","link":"","descripcio":"<p>La colecci\u00f3n de vertebrados f\u00f3siles del Museo est\u00e1 formada b\u00e1sicamente por:<br \/>\n\u2013 Material procedente de yacimientos europeos, entre el que destaca el Eoceno de la cuenca de Par\u00eds, procedente de la antigua colecci\u00f3n Baron, adquirida en 1890.<br \/>\n\u2013 Material procedente del Mapa Geol\u00f3gico de Catalu\u00f1a, en el que destaca el Pleistoceno de la Cueva de Gr\u00e0cia (Barcelona).<br \/>\n\u2013 Material de la colecci\u00f3n Llu\u00eds Mari\u00e0 Vidal, ingresada en el a\u00f1o 1922, donde destacan los yacimientos de Santa Maria de Mei\u00e0 (Cret\u00e1ceo) y T\u00e0rrega (Oligoceno).<br \/>\n\u2013 La colecci\u00f3n de vertebrados pleistoc\u00e9nicos del CSIC (Barcelona), formada a partir de numerosas excavaciones de cuevas practicadas principalmente por el Dr. Jos\u00e9 F. de Villalta. Ingres\u00f3 en el Museo en 1986.<br \/>\nTodo el conjunto, en fase de inventario, consta de unos 15.000 ejemplares.<\/p>\n"},{"titol":"Colecci\u00f3n de micropaleontolog\u00eda y l\u00e1mina delgada","link":"","descripcio":"<p>Los grupos taxon\u00f3micos que se pueden englobar dentro de la denominaci\u00f3n de colecciones de micropaleontolog\u00eda son numerosos, pero destaca la colecci\u00f3n de rocas sedimentarias y l\u00e1minas delgadas con macroforam\u00edniferos (protozoos). Aunque algunas colecciones de paleontolog\u00eda del Museo conten\u00edan alguna entrada de macroforamin\u00edferos, la colecci\u00f3n de micropaleontolog\u00eda se est\u00e1 desarrollando y aumentando en volumen debido a la l\u00ednea de investigaci\u00f3n desarrollada desde 2011 en el Museo por el Vicent Vicedo, conservador de la colecci\u00f3n de paleontolog\u00eda del Museo. Es, por consiguiente, una colecci\u00f3n eminentemente cient\u00edfica con numerosos espec\u00edmenes tipo y figurados.<\/p>\n<p>Actualmente la colecci\u00f3n est\u00e1 formada por m\u00e1s de 2.000 entradas, entre rocas, l\u00e1minas delgadas y espec\u00edmenes. El material proviene de varios lugares del mundo (principalmente de Espa\u00f1a, Italia y Om\u00e1n) y de diferentes edades (del Jur\u00e1sico al Mioceno).<\/p>\n"}],"llista_investigadors":false,"llista_voluntaris":false,"nou_carrusel":false,"presenta_fills":"no","tambe_us_pot_interessar":"","text_alerta":"","text_fons_de_la_colleccio":"","text_fons_dingres":"<p>En el caso de la colecci\u00f3n paleontol\u00f3gica del Museo, pueden diferenciarse tres fuentes de ingreso:<\/p>\n<ol>\n<li>La primera es fruto de las <strong>recolecciones efectuadas por el personal del Museo<\/strong>, esencialmente durante la realizaci\u00f3n de proyectos de investigaci\u00f3n financiados por el Estado, o mediante trabajos de campo financiados a trav\u00e9s de proyectos del Institut de Cultura de Barcelona.<\/li>\n<li>La segunda es la oferta de <strong>donaci\u00f3n de colecciones<\/strong> por parte de particulares o instituciones. En estos casos la secci\u00f3n de paleontolog\u00eda siempre se reserva el derecho de aceptar o no cada uno de los ejemplares que conforman la colecci\u00f3n. Desde 1986, el Museo siempre notifica al donante los datos registrales de los materiales definitivamente aceptados.<\/li>\n<li>Por \u00faltimo, la tercera fuente corresponde a <strong>ejemplares recogidos por especialistas en geolog\u00eda y paleontolog\u00eda<\/strong>, b\u00e1sicamente durante los trabajos de campo necesarios para la realizaci\u00f3n de tesis doctorales o proyectos de investigaci\u00f3n posteriores a las mismas. Estos especialistas, con vistas a futuras publicaciones cient\u00edficas, tratan de identificar \u2013mediante el concurso de un especialista\u2013 los ejemplares de determinados grupos que sean bioestratigr\u00e1ficamente o paleoecol\u00f3gicamente importantes. Cuando este especialista, que muchas veces es el \u00fanico del Estado espa\u00f1ol, trabaja en el Museo, los ejemplares identificados suelen acabar incorpor\u00e1ndose a las colecciones y muchas veces se convierten en ejemplares importantes. Son los denominados <strong>ejemplares tipo o figurados<\/strong>\u00a0por representar nuevas especies o haber sido reproducidos en publicaciones especializadas y ser objeto de consultas por parte de otros especialistas mundiales.<\/li>\n<\/ol>\n<p>Como en cualquier campo de las ciencias naturales, uno de los criterios esenciales para el ingreso de ejemplares o colecciones es que vayan acompa\u00f1ados de una documentaci\u00f3n fiable y consistente (que describa, entre otras, la procedencia geogr\u00e1fica), porque si no se da esta circunstancia el f\u00f3sil pierde todo el inter\u00e9s con relaci\u00f3n a una serie de disciplinas que dependen de esta informaci\u00f3n (como la Bioestratigraf\u00eda o Paleobiogeograf\u00eda).<\/p>\n","text_fons_documental":"","text_galeria_dimatges":"","text_guies_de_lectura":"","text_novetats_bibliografiques":"","text_preparacio_i_conservacio":"<p>Como en cualquier campo de las ciencias naturales, uno de los criterios esenciales para el ingreso de ejemplares o colecciones es que vayan acompa\u00f1ados de una documentaci\u00f3n fiable y consistente (que describa, entre otros datos, la procedencia geogr\u00e1fica), puesto que si no se da esta circunstancia el f\u00f3sil pierde todo inter\u00e9s respecto a una serie de disciplinas que dependen de dicha informaci\u00f3n, como la bioestratigraf\u00eda o la paleobiogeograf\u00eda.<\/p>\n<p>El proceso de preparaci\u00f3n requiere diferentes t\u00e9cnicas en funci\u00f3n de la naturaleza y estado del f\u00f3sil. El tratamiento puede consistir en un sencillo cepillado en seco o en un lavado con agua (con o sin jab\u00f3n, neutro o sin especificaciones, con cepillado o sin), un enjuague y un secado (natural o con secador).<\/p>\n<p>Tambi\u00e9n puede ser necesaria una consolidaci\u00f3n, mediante adhesivos o diferentes consolidantes, o la separaci\u00f3n del f\u00f3sil de la ganga (roca o sedimento que lo engloba), que requiere la aplicaci\u00f3n de procedimientos f\u00edsicos (martillo y escoplo, l\u00e1piz neum\u00e1tico, microabras\u00edmetro, etc.) o fisicoqu\u00edmicos, como la disgregaci\u00f3n de muestras en agua con o sin per\u00f3xido de hidr\u00f3geno (H<sub>2<\/sub>O<sub>2<\/sub>, agua oxigenada). En el caso de los microf\u00f3siles, adem\u00e1s puede emplearse la t\u00e9cnica de l\u00e1mina delgada como m\u00e9todo de preparaci\u00f3n, para su posterior estudio y conservaci\u00f3n.<\/p>\n<p>La muestra, una vez preparada, se registra, se etiqueta y se dispone en una bolsa (habitualmente de polietileno) para que no resulte afectada por el polvo ni la humedad. Si la roca o el sedimento donde el f\u00f3sil se encuentra contiene una cantidad considerable de sulfuro de hierro en forma del mineral marcasita, hay que disponer una cantidad de gel de s\u00edlice para equilibrar (por absorci\u00f3n) una parte de la humedad del interior de la bolsa prolongando as\u00ed la conservaci\u00f3n del f\u00f3sil, puesto que en caso contrario la humedad alterar\u00eda la marcasita y crear\u00eda part\u00edculas de \u00e1cido sulf\u00farico que acabar\u00edan destruyendo el f\u00f3sil.<\/p>\n<p>Una vez acondicionado, el f\u00f3sil se registra inform\u00e1ticamente en una base de datos que considera aspectos registrales, num\u00e9ricos, posicionales, hist\u00f3ricos, sistem\u00e1ticos, geogr\u00e1ficos, bioestratigr\u00e1ficos y tipol\u00f3gicos.<\/p>\n<p>Por \u00faltimo, se almacena en condiciones ambientales\u00a0\u00f3ptimas en armarios compactos.<\/p>\n","tipologia_de_colaborador":false,"presenta_peu":false},"jetpack_sharing_enabled":true,"_links":{"self":[{"href":"https:\/\/museuciencies.cat\/es\/wp-json\/wp\/v2\/pages\/15010","targetHints":{"allow":["GET"]}}],"collection":[{"href":"https:\/\/museuciencies.cat\/es\/wp-json\/wp\/v2\/pages"}],"about":[{"href":"https:\/\/museuciencies.cat\/es\/wp-json\/wp\/v2\/types\/page"}],"author":[{"embeddable":true,"href":"https:\/\/museuciencies.cat\/es\/wp-json\/wp\/v2\/users\/2"}],"replies":[{"embeddable":true,"href":"https:\/\/museuciencies.cat\/es\/wp-json\/wp\/v2\/comments?post=15010"}],"version-history":[{"count":0,"href":"https:\/\/museuciencies.cat\/es\/wp-json\/wp\/v2\/pages\/15010\/revisions"}],"up":[{"embeddable":true,"href":"https:\/\/museuciencies.cat\/es\/wp-json\/wp\/v2\/pages\/15005"}],"wp:attachment":[{"href":"https:\/\/museuciencies.cat\/es\/wp-json\/wp\/v2\/media?parent=15010"}],"curies":[{"name":"wp","href":"https:\/\/api.w.org\/{rel}","templated":true}]}}