{"id":14981,"date":"2014-01-31T09:34:06","date_gmt":"2014-01-31T09:34:06","guid":{"rendered":"http:\/\/museuciencies.cat\/area-cientifica\/departaments-cientifics\/paleontologia\/"},"modified":"2026-03-11T15:09:04","modified_gmt":"2026-03-11T13:09:04","slug":"paleontologia","status":"publish","type":"page","link":"https:\/\/museuciencies.cat\/es\/area-cientifica\/departamentos-cientificos\/paleontologia\/","title":{"rendered":"Paleontolog\u00eda"},"content":{"rendered":"<p>Los principales objetivos del Departamento de Paleontolog\u00eda son la <strong>gesti\u00f3n<\/strong>, <strong>conservaci\u00f3n<\/strong>, <strong>investigaci\u00f3n y difusi\u00f3n<\/strong> del patrimonio paleontol\u00f3gico que custodia. La <a style=\"color: #000000;\" href=\"https:\/\/museuciencies.cat\/es\/area-cientifica\/colecciones\/colecciones-geologicas\/paleontologicas\/\">colecci\u00f3n de Paleontolog\u00eda<\/a> es, desde los puntos de vista de volumen y cient\u00edfico, la m\u00e1s importante de las colecciones geol\u00f3gicas del Museo.<\/p>\n<p>En primer lugar, por lo que respeta a su\u00a0<strong>gesti\u00f3n<\/strong> y <strong>conservaci\u00f3n<\/strong>, los esfuerzos del departamento est\u00e1n enfocados en\u00a0la documentaci\u00f3n de los espec\u00edmenes, mejorar\u00a0las t\u00e9cnicas de gesti\u00f3n inform\u00e1tica de sus datos \u2014implementando nuevos programas inform\u00e1ticos\u2014 y la adecuaci\u00f3n de las condiciones de conservaci\u00f3n de los espec\u00edmenes, actividades en las que se trabaja d\u00eda a d\u00eda para mejorar y alcanzar los niveles est\u00e1ndar de preservaci\u00f3n.<\/p>\n<p>En segundo lugar, la <strong>investigaci\u00f3n<\/strong> que se desarrolla en el departamento estudia, principalmente, la diversidad de la vida en el pasado \u2014de dos grupos bi\u00f3ticos en particular, los equinoideos y los macroforamin\u00edferos\u2014 y su evoluci\u00f3n a lo largo de los tiempos geol\u00f3gicos. Para lograr este objetivo, el personal t\u00e9cnico responsable realiza labores de recolecci\u00f3n de espec\u00edmenes en el campo para su posterior estudio en colaboraci\u00f3n con investigadores e investigadoras de las universidades catalanas y otras instituciones europeas.<\/p>\n<p><span id=\"result_box\" class=\"\" lang=\"es\">Por \u00faltimo, la <strong>difusi\u00f3n<\/strong> <span class=\"\">de los contenidos<\/span> paleontol\u00f3gicos del Museo se lleva a cabo mediante diversas v\u00edas. <span class=\"\">Una de ellas<\/span> es la enfocada al p\u00fablico general, mediante la planificaci\u00f3n <span class=\"\">de exposiciones,<\/span> la publicaci\u00f3n de noticias en las diferentes redes sociales y <span class=\"\">la participaci\u00f3n en actividades<\/span> organizadas por el Museo. En el \u00e1mbito m\u00e1s especializado<span class=\"\">, la difusi\u00f3n<\/span> se realiza mediante la publicaci\u00f3n de art\u00edculos cient\u00edficos y de cat\u00e1logos de colecciones, y con la participaci\u00f3n en congresos nacionales <span class=\"\">e internacionales.<\/span><\/span><\/p>\n<p>Entre las dem\u00e1s actividades que se impulsan desde el departamento puede destacarse el trabajo junto a personas colaboradoras y aficionadas, facilitar el acceso a las colecciones a personal investigadore externo y la acogida de estudiantes (de grado o posgrado) en pr\u00e1cticas. Estas \u00faltimas cumplen, adem\u00e1s, el objetivo educador que un museo lleva asociado.<\/p>\n","protected":false},"excerpt":{"rendered":"<p>Los principales objetivos del Departamento de Paleontolog\u00eda son la gesti\u00f3n, conservaci\u00f3n, investigaci\u00f3n y difusi\u00f3n del patrimonio paleontol\u00f3gico que custodia. La colecci\u00f3n de Paleontolog\u00eda es, desde los puntos de vista de volumen y cient\u00edfico, la m\u00e1s importante de las colecciones geol\u00f3gicas del Museo. En primer lugar, por lo que respeta a su\u00a0gesti\u00f3n y conservaci\u00f3n, los esfuerzos [&hellip;]<\/p>\n","protected":false},"author":2,"featured_media":0,"parent":12829,"menu_order":251,"comment_status":"closed","ping_status":"closed","template":"page-fills-departaments-cientifics.php","meta":{"_acf_changed":false,"footnotes":""},"class_list":["post-14981","page","type-page","status-publish","hentry"],"acf":{"activeu_alerta":false,"arxius_adjunts":false,"boto_de_link_o_mail":false,"descripcio":"","imatge_llistat":false,"img_cap":7662,"links_associats":false,"llista_equip_museu":[{"ID":126835,"post_author":"2","post_date":"2026-03-11 15:01:37","post_date_gmt":"2026-03-11 13:01:37","post_content":"","post_title":"Raquel Robles","post_excerpt":"","post_status":"publish","comment_status":"closed","ping_status":"closed","post_password":"","post_name":"raquel-robles","to_ping":"","pinged":"","post_modified":"2026-03-11 15:02:41","post_modified_gmt":"2026-03-11 13:02:41","post_content_filtered":"","post_parent":0,"guid":"https:\/\/museuciencies.cat\/equip-huma\/raquel-robles\/","menu_order":0,"post_type":"equip-huma","post_mime_type":"","comment_count":"0","filter":"raw"},{"ID":126841,"post_author":"3","post_date":"2014-05-12 17:07:20","post_date_gmt":"2014-05-12 17:07:20","post_content":"","post_title":"Vicent Vicedo","post_excerpt":"","post_status":"publish","comment_status":"closed","ping_status":"closed","post_password":"","post_name":"vicent-vicedo","to_ping":"","pinged":"","post_modified":"2026-03-11 15:08:24","post_modified_gmt":"2026-03-11 13:08:24","post_content_filtered":"","post_parent":0,"guid":"https:\/\/museuciencies.cat\/equip-huma\/vicent-vicedo\/","menu_order":29,"post_type":"equip-huma","post_mime_type":"","comment_count":"0","filter":"raw"}],"llista_estudiants":false,"llista_investigadors":false,"llista_memories":false,"llista_projectes":false,"llista_publicacions":false,"llista_recursos":false,"llista_servies":false,"llista_voluntaris":false,"nou_carrusel":false,"presenta_fills":"no","tambe_us_pot_interessar":"","text_alerta":"","text_equip":"","text_memories":"","text_projectes":"<h3>Proyectos de documentaci\u00f3n y conservaci\u00f3n<\/h3>\n<p>Los principales proyectos que se realizan en el Departamento de Paleontolog\u00eda son los relacionados con la documentaci\u00f3n y conservaci\u00f3n de las colecciones y la mayor parte de recursos humanos y econ\u00f3micos del mismo se destinan a desarrollar estos proyectos.<\/p>\n<p>Los proyectos que actualmente se est\u00e1n desarrollando son:<\/p>\n<ol>\n<li>Inventario de la colecci\u00f3n general de paleontolog\u00eda<\/li>\n<li>Inventario y documentaci\u00f3n de los invertebrados f\u00f3siles de la colecci\u00f3n Villalta<\/li>\n<li>Mejora de las t\u00e9cnicas de conservaci\u00f3n<\/li>\n<li>Implementaci\u00f3n de nuevas t\u00e9cnicas de gesti\u00f3n para las bases de datos inform\u00e1ticos de las colecciones<\/li>\n<li>Publicaci\u00f3n de los datos de las colecciones en cat\u00e1logos, portales de paleobiodiversidad, etc<\/li>\n<\/ol>\n<h3>Proyectos de investigaci\u00f3n<\/h3>\n<p>Los proyectos de investigaci\u00f3n desarrollados en el Departamento de Paleontolog\u00eda est\u00e1n enmarcados en la l\u00ednea de investigaci\u00f3n estable del Museo denominada \u201c<a href=\"https:\/\/museuciencies.cat\/es\/area-cientifica\/lineas-de-investigacion\/paleobiodiversidad-y-paleoambientes-marinos\/\" target=\"_blank\" rel=\"noopener\">Paleobiodiversidad y paleoambientes marinos\u201d<\/a>.<\/p>\n","text_publicacions":"<h3>Publicaciones y recursos relacionados con los proyectos de documentaci\u00f3n y conservaci\u00f3n<\/h3>\n<ul>\n<li><strong>Vicedo, V.<\/strong> &amp;<strong> Gallem\u00ed, J.<\/strong>, 2015. Las col\u00b7lecciones paleobot\u00e1nicas del Museo de Ciencias Naturales de Barcelona: paradigma de la utilidad del patrimonio geol\u00f3gico en el avance del conocimiento cient\u00edfico y museol\u00f3gico. En: A. Hilario, M. Mendia, M. Monge-Ganuzas, E. Fern\u00e1ndez, J. Vegas y A. Belmonte (Eds.). Patrimonio geol\u00f3gico y geoparques, avances de un camino para todos. <em>Cuadernos del Museo Geominero<\/em><strong>, <\/strong>18: 455-458. Instituto Geol\u00f3gico y Minero de Espa\u00f1a, Madrid.<\/li>\n<li><strong>Vicedo, V.,<\/strong> Troya, L.<strong> &amp; Gallem\u00ed, J.<\/strong>, 2015. La colecci\u00f3n paleontol\u00f3gica J.F. de Villalta del Museo de Ciencias Naturales de Barcelona. En: A. Hilario, M. Mendia, M. Monge-Ganuzas, E. Fern\u00e1ndez, J. Vegas y A. Belmonte (Eds.). Patrimonio geol\u00f3gico y geoparques, avances de un camino para todos. <em>Cuadernos del Museo Geominero<\/em>, 18: 459-464. Instituto Geol\u00f3gico y Minero de Espa\u00f1a, Madrid.<\/li>\n<li><strong>Gallem\u00ed, J.<\/strong>, <strong>Vicedo, V., <\/strong>L\u00f3pez, G. &amp; Troya, L., 2013. La col\u00b7lecci\u00f3 paleontol\u00f2gica G\u00f3mez-Alba del MGB-MCNB. <em>Treballs del Museu de Geologia de Barcelona<\/em>, 19: 59-147.<\/li>\n<li><strong>Vicedo, V.<\/strong> &amp; <strong>Gallem\u00ed, J.<\/strong>, 2012. Gesti\u00f3n documental de las colecciones de micropaleontolog\u00eda: informatizaci\u00f3n y acceso online. <em>XXVIII Jornadas de la Sociedad Espa\u00f1ola de Paleontolog\u00eda, S\u00f3ller, Mallorca (Espanya), Libro de res\u00famenes: <\/em> 143-145 (J.-C. Liao, J. A. G\u00e1mez Vintaned, J. I. Valenzuela-R\u00edos &amp; A. Grac\u00eda-Forner, Eds.). Dept. de Geologia, Univ. de Valencia.<\/li>\n<\/ul>\n<h3>Publicaciones y recursos relacionados con los proyectos de investigaci\u00f3n<\/h3>\n<p>Ver programa de investigaci\u00f3n <a href=\"http:\/\/museuciencies.cat\/es\/area-cientifica\/linies-de-recerca\/paleobiogeografia-i-biostatigrafia-del-teis\/\">Biostratigrafia i Paleobiogeografia del Tetis<\/a><\/p>\n<p>&nbsp;<\/p>\n","text_recursos":"","text_serveis":"","tipologia_de_colaborador":[{"tipus_de_colaboracio":"","descripcio_del_tipus":"","colaboradors":[{"nom":"\u00c1ngeles Zamora","especialitat":"","procedencia":"","institucio":"","link_institucio":"http:\/\/"},{"nom":"Gerard Lucena","especialitat":"","procedencia":"","institucio":"","link_institucio":"http:\/\/"},{"nom":" Juan Campreci\u00f3s","especialitat":"","procedencia":"","institucio":"","link_institucio":"http:\/\/"},{"nom":"J. \u00c0lex Oss\u00f3","especialitat":"","procedencia":"","institucio":"","link_institucio":"http:\/\/"},{"nom":"Jordi Vidal","especialitat":"asesor\u00eda en temas de imagen y fotograf\u00eda","procedencia":"","institucio":"","link_institucio":"http:\/\/"}]},{"tipus_de_colaboracio":"","descripcio_del_tipus":"","colaboradors":false}],"presenta_peu":false,"segona_part":""},"jetpack_sharing_enabled":true,"_links":{"self":[{"href":"https:\/\/museuciencies.cat\/es\/wp-json\/wp\/v2\/pages\/14981","targetHints":{"allow":["GET"]}}],"collection":[{"href":"https:\/\/museuciencies.cat\/es\/wp-json\/wp\/v2\/pages"}],"about":[{"href":"https:\/\/museuciencies.cat\/es\/wp-json\/wp\/v2\/types\/page"}],"author":[{"embeddable":true,"href":"https:\/\/museuciencies.cat\/es\/wp-json\/wp\/v2\/users\/2"}],"replies":[{"embeddable":true,"href":"https:\/\/museuciencies.cat\/es\/wp-json\/wp\/v2\/comments?post=14981"}],"version-history":[{"count":7,"href":"https:\/\/museuciencies.cat\/es\/wp-json\/wp\/v2\/pages\/14981\/revisions"}],"predecessor-version":[{"id":126844,"href":"https:\/\/museuciencies.cat\/es\/wp-json\/wp\/v2\/pages\/14981\/revisions\/126844"}],"up":[{"embeddable":true,"href":"https:\/\/museuciencies.cat\/es\/wp-json\/wp\/v2\/pages\/12829"}],"wp:attachment":[{"href":"https:\/\/museuciencies.cat\/es\/wp-json\/wp\/v2\/media?parent=14981"}],"curies":[{"name":"wp","href":"https:\/\/api.w.org\/{rel}","templated":true}]}}