{"id":14950,"date":"2014-10-08T13:27:21","date_gmt":"2014-10-08T13:27:21","guid":{"rendered":"http:\/\/museuciencies.cat\/area-cientifica\/centre-de-documentacio\/serveis\/"},"modified":"2023-01-26T15:13:57","modified_gmt":"2023-01-26T13:13:57","slug":"servicios","status":"publish","type":"page","link":"https:\/\/museuciencies.cat\/es\/area-cientifica\/centro-de-documentacion\/servicios\/","title":{"rendered":"Servicios"},"content":{"rendered":"<h3>Servicio de informaci\u00f3n<\/h3>\n<p>El Centro de Documentaci\u00f3n proporciona, tanto presencialmente como por otros medios, todo tipo de informaci\u00f3n sobre los recursos bibliogr\u00e1ficos y documentales del Museo y ayuda a los usuarios en sus b\u00fasquedas sobre cualquier tema relacionado con las ciencias naturales.<\/p>\n<h3>Puntos de lectura<\/h3>\n<ul>\n<li>Biblioteca: 12<\/li>\n<li>Mediateca: 21<\/li>\n<\/ul>\n<h3>Pr\u00e9stamo personal<\/h3>\n<p>El servicio de pr\u00e9stamo personal posibilita que los usuarios se lleven temporalmente documentos del fondo del Centro de Documentaci\u00f3n del Museu de Ci\u00e8ncies Naturals de Barcelona o de otros centros, al tiempo que garantiza la conservaci\u00f3n de estos documentos y la preservaci\u00f3n de los derechos de autor. Tiene una duraci\u00f3n de 30 d\u00edas prorrogables y permite retirar un m\u00e1ximo de cinco vol\u00famenes de la Biblioteca y de la Mediateca al mismo tiempo.<\/p>\n<p>Se encuentran excluidos de pr\u00e9stamo los siguientes documentos:<\/p>\n<ul>\n<li>Obras anteriores a 1901<\/li>\n<li>Publicaciones peri\u00f3dicas<\/li>\n<li>Separatas<\/li>\n<li>Mapas<\/li>\n<li>Enciclopedias y diccionarios<\/li>\n<li>Obras muy consultadas, de especial valor bibliogr\u00e1fico o en mal estado de conservaci\u00f3n.<\/li>\n<li>Por lo que respecta a las obras con material de acompa\u00f1amiento, se estudia cada caso en particular.<\/li>\n<\/ul>\n<p>El servicio de pr\u00e9stamo personal del Centro de Documentaci\u00f3n del Museo es gratuito siempre que el documento prestado forme parte de los fondos propios. En caso de que el documento provenga de otra biblioteca, el usuario tiene que abonar las tasas establecidas por el centro suministrador.<\/p>\n<p>Para llevarse documentos en pr\u00e9stamo es imprescindible poseer el carnet del Centro de Documentaci\u00f3n. Para hacerse el carnet hay que aportar el DNI, pasaporte, carnet de conducir o permiso de residencia, rellenar los datos de identificaci\u00f3n y firmar el compromiso de no efectuar ning\u00fan uso que vulnere la ley vigente en materia de derechos de autor.<\/p>\n<p>Los menores de 14 a\u00f1os necesitan la autorizaci\u00f3n del padre, madre o tutor legal, al igual que los mayores de esta edad que no dispongan de ning\u00fan documento acreditativo. La hoja de autorizaci\u00f3n est\u00e1 disponible en el mostrador de informaci\u00f3n.<\/p>\n<p>Hay que comunicar cualquier cambio de datos (domicilio, tel\u00e9fono, etc.).<\/p>\n<p>La vigencia del carnet es de tres a\u00f1os.<\/p>\n<p>Tener el carnet supone disfrutar de ciertas ventajas como:<\/p>\n<ul>\n<li>Entradas a precio reducido en el Museu de Ci\u00e8ncies Naturals de Barcelona<\/li>\n<li>Descuento del 5% en la tienda del Museo<\/li>\n<li>Invitaciones a todas las inauguraciones de las exposiciones<\/li>\n<\/ul>\n<p>La renovaci\u00f3n de los documentos prestados se realiza presencialmente, por tel\u00e9fono o por e-mail. El usuario debe dar su nombre y apellidos.<\/p>\n<h3>Servicio de obtenci\u00f3n de documentos<\/h3>\n<p>Ponemos a tu disposici\u00f3n todos los documentos del centro. En caso de que la Biblioteca no pueda satisfacer una petici\u00f3n con los documentos de su fondo, intentar\u00e1 solicitar una copia o pr\u00e9stamo del original a la biblioteca que lo tenga. En caso de que el documento provenga de otra biblioteca, el usuario tendr\u00e1 que abonar las tasas establecidas por el centro suministrador.<\/p>\n<p>Puedes remitirnos tus peticiones a la direcci\u00f3n:\u00a0<a href=\"mailto:bibmuseuciencies@bcn.cat\">bibmuseuciencies@bcn.cat<\/a><\/p>\n<h3>Pr\u00e9stamo interbibliotecario<\/h3>\n<p>Cuando el Centro de Documentaci\u00f3n no\u00a0pueda atender una petici\u00f3n con documentos de su propio fondo, solicitar\u00e1 dichos documentos a la biblioteca que los tenga. Del mismo modo, pone su patrimonio documental a disposici\u00f3n de otras bibliotecas.<\/p>\n<h3>Reprograf\u00eda<\/h3>\n<p>Pueden obtenerse fotocopias de todos los documentos siempre que su estado de conservaci\u00f3n y el marco legal vigente de protecci\u00f3n de la propiedad intelectual lo permitan. La fotocopiadora de la Mediateca es de autoservicio. En la Biblioteca las copias las realiza el personal. Las copias se env\u00edan por correo postal al usuario que as\u00ed lo solicita.<\/p>\n<p>Puedes remitirnos tus peticiones a la direcci\u00f3n de correo electr\u00f3nico: <a href=\"mailto:bibmuseuciencies@bcn.cat\">bibmuseuciencies@bcn.cat<\/a><\/p>\n<p><a href=\"http:\/\/museuciencies.cat\/wp-content\/uploads\/Tarifes_Centre_de_Documentacio.pdf\">Tarifas (PDF 59 KB)<\/a><\/p>\n<h3>Exposiciones bibliogr\u00e1ficas<\/h3>\n<p>En ocasiones concretas (donaciones, conmemoraciones, acontecimientos culturales de inter\u00e9s general\u2026) organizamos\u00a0exposiciones tem\u00e1ticas a partir de los documentos que conserva el Centro de Documentaci\u00f3n.<\/p>\n<h3>Sonidos a la carta<\/h3>\n<p>Con motivo de la creaci\u00f3n de la Mediateca, el departamento <strong>Naturaleza Sonora<\/strong> y el <strong>Centro de Documentaci\u00f3n<\/strong>\u00a0 propusieron poner al alcance del p\u00fablico la colecci\u00f3n de documentos sonoros del Museo, una de las m\u00e1s importantes de Europa.<\/p>\n<p>Mediante una aplicaci\u00f3n instalada en los ordenadores, los usuarios pueden escuchar el sonido de una especie animal en concreto o de un paisaje sonoro (bosque, sabana, selva&#8230;). En estos momentos se encuentran accesibles <strong>8.425 registros<\/strong>. De estos, el 30% est\u00e1n en fase de normalizaci\u00f3n de los nombres comunes de las especies.<\/p>\n","protected":false},"excerpt":{"rendered":"<p>Servicio de informaci\u00f3n El Centro de Documentaci\u00f3n proporciona, tanto presencialmente como por otros medios, todo tipo de informaci\u00f3n sobre los recursos bibliogr\u00e1ficos y documentales del Museo y ayuda a los usuarios en sus b\u00fasquedas sobre cualquier tema relacionado con las ciencias naturales. Puntos de lectura Biblioteca: 12 Mediateca: 21 Pr\u00e9stamo personal El servicio de pr\u00e9stamo [&hellip;]<\/p>\n","protected":false},"author":2,"featured_media":0,"parent":14905,"menu_order":105,"comment_status":"closed","ping_status":"closed","template":"","meta":{"_acf_changed":false,"footnotes":""},"class_list":["post-14950","page","type-page","status-publish","hentry"],"acf":{"activeu_alerta":false,"arxius_adjunts":false,"boto_de_link_o_mail":false,"imatge_llistat":false,"img_cap":7453,"links_associats":false,"nou_carrusel":false,"presenta_fills":"no","tambe_us_pot_interessar":"","text_alerta":"","presenta_peu":false,"segona_part":""},"jetpack_sharing_enabled":true,"_links":{"self":[{"href":"https:\/\/museuciencies.cat\/es\/wp-json\/wp\/v2\/pages\/14950","targetHints":{"allow":["GET"]}}],"collection":[{"href":"https:\/\/museuciencies.cat\/es\/wp-json\/wp\/v2\/pages"}],"about":[{"href":"https:\/\/museuciencies.cat\/es\/wp-json\/wp\/v2\/types\/page"}],"author":[{"embeddable":true,"href":"https:\/\/museuciencies.cat\/es\/wp-json\/wp\/v2\/users\/2"}],"replies":[{"embeddable":true,"href":"https:\/\/museuciencies.cat\/es\/wp-json\/wp\/v2\/comments?post=14950"}],"version-history":[{"count":0,"href":"https:\/\/museuciencies.cat\/es\/wp-json\/wp\/v2\/pages\/14950\/revisions"}],"up":[{"embeddable":true,"href":"https:\/\/museuciencies.cat\/es\/wp-json\/wp\/v2\/pages\/14905"}],"wp:attachment":[{"href":"https:\/\/museuciencies.cat\/es\/wp-json\/wp\/v2\/media?parent=14950"}],"curies":[{"name":"wp","href":"https:\/\/api.w.org\/{rel}","templated":true}]}}