{"id":14944,"date":"2014-10-08T14:00:32","date_gmt":"2014-10-08T14:00:32","guid":{"rendered":"http:\/\/museuciencies.cat\/area-cientifica\/centre-de-documentacio\/recursos-dinformacio\/"},"modified":"2021-03-12T19:02:10","modified_gmt":"2021-03-12T18:02:10","slug":"recursos-electronicos","status":"publish","type":"page","link":"https:\/\/museuciencies.cat\/es\/area-cientifica\/centro-de-documentacion\/recursos-electronicos\/","title":{"rendered":"Recursos electr\u00f3nicos"},"content":{"rendered":"<h3>Revistas, art\u00edculos, tesis y documentaci\u00f3n cient\u00edfica<\/h3>\n<p><strong>Biodiversidad<\/strong><\/p>\n<ul>\n<li><a href=\"https:\/\/www.biodiversitylibrary.org\/\">Biodiversity Heritage Library<\/a><\/li>\n<li><a href=\"https:\/\/zenodo.org\/communities\/biosyslit\/?page=1&amp;size=20\">Biodiversity Literature Repository<\/a><\/li>\n<li><a href=\"http:\/\/www.bioone.org\/\">BioOne<\/a><\/li>\n<li><a href=\"https:\/\/www.biorxiv.org\/\" target=\"_blank\" rel=\"noopener noreferrer\">BioRxiv<\/a><\/li>\n<li><a href=\"http:\/\/www.botanicus.org\/\">Botanicus Digital Library<\/a><\/li>\n<li><a href=\"https:\/\/eol.org\/\" target=\"_blank\" rel=\"noopener noreferrer\" data-saferedirecturl=\"https:\/\/www.google.com\/url?q=https:\/\/eol.org\/&amp;source=gmail&amp;ust=1586964572844000&amp;usg=AFQjCNG8OZSsuvnUHiu3A2gRJydSUupJQw\">Encyclopedia of Life<\/a><\/li>\n<\/ul>\n<p><strong>Geodiversidad<\/strong><\/p>\n<ul>\n<li><a href=\"https:\/\/www.dataone.org\/\" target=\"_blank\" rel=\"noopener noreferrer\">DataOne<\/a><\/li>\n<li><a href=\"https:\/\/eartharxiv.org\/\">EarthArxiv<\/a><\/li>\n<li><a href=\"https:\/\/www.earth-prints.org\/\">Earth Prints<\/a><\/li>\n<li><a href=\"http:\/\/www-connexe.univ-brest.fr\/geosciences\/e-journals\/\">GeoScience e-journals<\/a><\/li>\n<li><a href=\"https:\/\/pubs.geoscienceworld.org\/journals\">GeoScienceWorld journals<\/a><\/li>\n<li><a href=\"https:\/\/paleorxiv.org\/\">Paleorxiv<\/a><\/li>\n<\/ul>\n<h3>General<\/h3>\n<ul>\n<li>Catalu\u00f1a\n<ul>\n<li><a href=\"https:\/\/www.raco.cat\/\">RACO (Revistes Catalanes en Acc\u00e9s Obert)<\/a><\/li>\n<li><a href=\"https:\/\/www.recercat.cat\/\">Recercat (Dip\u00f2sit de la Recerca de Catalunya)<\/a><\/li>\n<li><a href=\"https:\/\/portalrecerca.csuc.cat\/\">PRC (Portal de la Recerca de Catalunya)<\/a><\/li>\n<li><a href=\"https:\/\/www.tesisenred.net\/\">Tesis Doctorals en Xarxa (TDX)<\/a><\/li>\n<\/ul>\n<\/li>\n<li>Espa\u00f1a\n<ul>\n<li><a href=\"http:\/\/revistas.csic.es\/\">Revistas Cient\u00edficas CSIC<\/a><\/li>\n<li><a href=\"https:\/\/indices.csic.es\/\">\u00cdndices CSIC<\/a><\/li>\n<li><a href=\"https:\/\/dialnet.unirioja.es\/\">Dialnet<\/a><\/li>\n<li><a href=\"https:\/\/dialnet.unirioja.es\/servlet\/sso\/login\">Dialnet Plus<\/a><\/li>\n<li><a href=\"https:\/\/www.educacion.gob.es\/teseo\/irGestionarConsulta.do\">Teseo<\/a><\/li>\n<li><a href=\"https:\/\/www.recolecta.fecyt.es\/buscador\">Recolecta<\/a><\/li>\n<\/ul>\n<\/li>\n<li>Europa\n<ul>\n<li><a href=\"https:\/\/www.openaire.eu\/search\/find?keyword=\">OpenAire<\/a><\/li>\n<li><a href=\"https:\/\/zenodo.org\/\">Zenodo<\/a><\/li>\n<\/ul>\n<\/li>\n<li>Internacional (revistas)\n<ul>\n<li><a href=\"https:\/\/doaj.org\/\">DOAJ (Directory of Open Access Journals)<\/a><\/li>\n<li><a href=\"http:\/\/v2.sherpa.ac.uk\/opendoar\/\">DOAR<\/a><\/li>\n<li><a href=\"http:\/\/rzblx1.uni-regensburg.de\/ezeit\/index.phtml?bibid=AAAAA&amp;colors=7&amp;lang=en\">Electronic Journals Library<\/a><\/li>\n<li><a href=\"http:\/\/sp.urici.csic.es\/subjects\/statsURICI.php?id=25&amp;proxy=1&amp;url=http%3A%2F%2Fwww.jstor.org%2F\">JSTOR<\/a><\/li>\n<\/ul>\n<\/li>\n<li>Internacional (art\u00edculos)\n<ul>\n<li><a href=\"https:\/\/core.ac.uk\/\">CORE<\/a><\/li>\n<li><a href=\"https:\/\/app.dimensions.ai\/\">Dimensions<\/a><\/li>\n<li><a href=\"http:\/\/gettheresearch.org\/\">Get the Research<\/a><\/li>\n<li><a href=\"https:\/\/scholar.google.cat\/\">Google Acad\u00e8mic<\/a><\/li>\n<li><a href=\"https:\/\/openaccessbutton.org\/\">Open Access Button<\/a><\/li>\n<li><a href=\"https:\/\/www.scopus.com\/\">Scopus<\/a><\/li>\n<li><a href=\"https:\/\/unpaywall.org\/\">Unpaywall<\/a><\/li>\n<li><a href=\"https:\/\/www.fecyt.es\/es\/recurso\/web-science\">Web of Science<\/a><\/li>\n<\/ul>\n<\/li>\n<\/ul>\n<h3>Datos de investigaci\u00f3n<\/h3>\n<ul>\n<li><a href=\"https:\/\/recercat.cat\/bitstream\/handle\/2072\/362618\/1909_RecomanacionsSeleccionarRepositoriDades.pdf\" target=\"_blank\" rel=\"noopener noreferrer\">Recomendaciones para seleccionar un repositorio para el dep\u00f3sito de datos de investigaci\u00f3n<\/a>. Consorci de Serveis Universitaris de Catalunya. (en catal\u00e1n)<\/li>\n<\/ul>\n<p><strong>Biodiversidad<\/strong><\/p>\n<ul>\n<li><a href=\"https:\/\/datadryad.org\/\">Dryad<\/a><\/li>\n<li><a href=\"https:\/\/eol.org\/\" target=\"_blank\" rel=\"noopener noreferrer\" data-saferedirecturl=\"https:\/\/www.google.com\/url?q=https:\/\/eol.org\/&amp;source=gmail&amp;ust=1586964572844000&amp;usg=AFQjCNG8OZSsuvnUHiu3A2gRJydSUupJQw\">Encyclopedia of Life<\/a><\/li>\n<li><a href=\"https:\/\/www.gbif.org\/es\/\">GBIF<\/a><\/li>\n<li><a href=\"http:\/\/plants.ensembl.org\/index.html\">Ensembl Plants<\/a><\/li>\n<\/ul>\n<p><strong>Geodiversidad<\/strong><\/p>\n<ul>\n<li><a href=\"https:\/\/paleobiodb.org\/#\/\">Paleobiology Database<\/a><\/li>\n<li><a href=\"https:\/\/zenodo.org\/communities\/palaeo3d\/\">Palaeontology 3D Data<\/a><\/li>\n<li><a href=\"https:\/\/www.pangaea.de\/\">Pangaea<\/a><\/li>\n<\/ul>\n<p><strong>General<\/strong><\/p>\n<ul>\n<li><a href=\"https:\/\/www.datacite.org\/\">Datacite<\/a><\/li>\n<li><a href=\"https:\/\/dataverse.org\/\">Dataverse<\/a><\/li>\n<li><a href=\"https:\/\/toolbox.google.com\/datasetsearch\">Google Dataset Search<\/a><\/li>\n<li><a href=\"https:\/\/repositoryfinder.datacite.org\/\">Repository Finder<\/a><\/li>\n<li><a href=\"https:\/\/www.re3data.org\/\">Re3data (Registry of Research Data Repositories)<\/a><\/li>\n<li><a href=\"https:\/\/zenodo.org\/\">Zenodo<\/a><\/li>\n<\/ul>\n<h3>Otros<\/h3>\n<p><strong>Ciencias Naturales<\/strong><\/p>\n<ul>\n<li><a href=\"https:\/\/museuciencies.cat\/wp-content\/uploads\/2020\/09\/GuiaDidacticaSobreCN.pdf\">Guia did\u00e1ctica sobre Ciencias Naturales<\/a><\/li>\n<\/ul>\n<p><strong>Geodiversidad<\/strong><\/p>\n<ul>\n<li><a href=\"https:\/\/www.neotomadb.org\/about\/category\/about\">Neotoma Palaecology Database<\/a><\/li>\n<li><a href=\"https:\/\/blogs.plos.org\/paleocomm\/\">PLoS Paleo Community<\/a><\/li>\n<\/ul>\n<p><strong>Museolog\u00eda y museograf\u00eda<\/strong><\/p>\n<ul>\n<li><a href=\"https:\/\/museuciencies.cat\/wp-content\/uploads\/2021\/03\/bibliografia_museologia_2021.pdf\">Fondo en el Centro de Documentaci\u00f3n sobre museolog\u00eda y museograf\u00eda<\/a> (marzo 2021, en catal\u00e1n)<\/li>\n<\/ul>\n","protected":false},"excerpt":{"rendered":"<p>Revistas, art\u00edculos, tesis y documentaci\u00f3n cient\u00edfica Biodiversidad Biodiversity Heritage Library Biodiversity Literature Repository BioOne BioRxiv Botanicus Digital Library Encyclopedia of Life Geodiversidad DataOne EarthArxiv Earth Prints GeoScience e-journals GeoScienceWorld journals Paleorxiv General Catalu\u00f1a RACO (Revistes Catalanes en Acc\u00e9s Obert) Recercat (Dip\u00f2sit de la Recerca de Catalunya) PRC (Portal de la Recerca de Catalunya) Tesis Doctorals [&hellip;]<\/p>\n","protected":false},"author":2,"featured_media":0,"parent":14905,"menu_order":111,"comment_status":"closed","ping_status":"closed","template":"","meta":{"_acf_changed":false,"footnotes":""},"class_list":["post-14944","page","type-page","status-publish","hentry"],"acf":{"activeu_alerta":false,"arxius_adjunts":false,"boto_de_link_o_mail":false,"imatge_llistat":false,"img_cap":6096,"links_associats":false,"nou_carrusel":false,"presenta_fills":"no","tambe_us_pot_interessar":"","text_alerta":"","presenta_peu":false},"jetpack_sharing_enabled":true,"_links":{"self":[{"href":"https:\/\/museuciencies.cat\/es\/wp-json\/wp\/v2\/pages\/14944","targetHints":{"allow":["GET"]}}],"collection":[{"href":"https:\/\/museuciencies.cat\/es\/wp-json\/wp\/v2\/pages"}],"about":[{"href":"https:\/\/museuciencies.cat\/es\/wp-json\/wp\/v2\/types\/page"}],"author":[{"embeddable":true,"href":"https:\/\/museuciencies.cat\/es\/wp-json\/wp\/v2\/users\/2"}],"replies":[{"embeddable":true,"href":"https:\/\/museuciencies.cat\/es\/wp-json\/wp\/v2\/comments?post=14944"}],"version-history":[{"count":0,"href":"https:\/\/museuciencies.cat\/es\/wp-json\/wp\/v2\/pages\/14944\/revisions"}],"up":[{"embeddable":true,"href":"https:\/\/museuciencies.cat\/es\/wp-json\/wp\/v2\/pages\/14905"}],"wp:attachment":[{"href":"https:\/\/museuciencies.cat\/es\/wp-json\/wp\/v2\/media?parent=14944"}],"curies":[{"name":"wp","href":"https:\/\/api.w.org\/{rel}","templated":true}]}}