{"id":14938,"date":"2014-01-31T09:49:37","date_gmt":"2014-01-31T09:49:37","guid":{"rendered":"http:\/\/museuciencies.cat\/area-cientifica\/centre-de-documentacio\/cataleg-cd\/"},"modified":"2019-02-05T16:49:02","modified_gmt":"2019-02-05T15:49:02","slug":"catalogo","status":"publish","type":"page","link":"https:\/\/museuciencies.cat\/es\/area-cientifica\/centro-de-documentacion\/catalogo\/","title":{"rendered":"Cat\u00e1logo"},"content":{"rendered":"<h3>Cat\u00e1logo bibliogr\u00e1fico<\/h3>\n<p>El Centro de Documentaci\u00f3n pertenece a la Red de Bibliotecas del CSIC en la categor\u00eda de \u00abbiblioteca asociada\u00bb y su fondo es consultable a trav\u00e9s del\u00a0cat\u00e1logo bibliogr\u00e1fico. Aqu\u00ed puedes consultar los fondos documentales de la Biblioteca y de la Mediateca, as\u00ed como tambi\u00e9n los de otras bibliotecas especializadas en nuestras disciplinas de alcance nacional.<\/p>\n<p>En el cat\u00e1logo se pueden encontrar libros, revistas, art\u00edculos, recursos electr\u00f3nicos, audiovisuales, mapas, etc.\u00a0Para identificar los documentos disponibles en el Centro de Documentaci\u00f3n, hay que emplear el filtro de b\u00fasqueda \u00abBiblioteca \/ Archivo \/ Proveedor\u00bb que aparece a la derecha de la p\u00e1gina de resultados, y seleccionar Museo de Ciencias Naturales de Barcelona. El c\u00f3digo que aparece en las localizaciones de cada registro bibliogr\u00e1fico es B-CienNat. Los materiales ubicados en la Mediateca se distinguen por el c\u00f3digo MED.<\/p>\n<ul>\n<li><a href=\"https:\/\/csic-primo.hosted.exlibrisgroup.com\/primo-explore\/search?search_scope=CAT_BIB_scope&amp;sortby=rank&amp;vid=34CSIC_VU1&amp;lang=es_ES\">Acceso al cat\u00e1logo<\/a><\/li>\n<\/ul>\n<p><strong>Otros cat\u00e1logos<\/strong><\/p>\n<p>Se pueden consultar tambi\u00e9n estos cat\u00e1logos:<\/p>\n<ul>\n<li><a href=\"http:\/\/ccuc.cbuc.cat\/search~S10*cat\" target=\"_blank\" rel=\"noopener\">Cat\u00e1logo de las bibliotecas de los museos y archivos del Instituto de Cultura de Barcelona<\/a><\/li>\n<li><a href=\"http:\/\/cbab.bcn.cat\/uhtbin\/intercat\" target=\"_blank\" rel=\"noopener\">Cat\u00e1logo colectivo de las bibliotecas del\u00a0 Ayuntamiento de Barcelona (CBAB)<\/a><\/li>\n<li><a href=\"http:\/\/ccuc.cbuc.cat\/\" target=\"_blank\" rel=\"noopener\">Cat\u00e1logo colectivo de las universidades de Catalunya (CCUC)<\/a><\/li>\n<li><a href=\"http:\/\/catalegclassicbeg.cultura.gencat.cat\/*spi\" target=\"_blank\" rel=\"noopener\">Cat\u00e1logo de las bibliotecas especializadas de la Generalitat de Catalunya (BEG)<\/a><\/li>\n<li><a href=\"https:\/\/www.mecd.gob.es\/cultura\/areas\/museos\/mc\/bimus\/catalogos.html\">Cat\u00e1logos de la Red de Bibliotecas de Museos (BIMUS)<\/a><\/li>\n<li><a href=\"http:\/\/rebiun.baratz.es\/rebiun\/\">Cat\u00e1logo de la Red de Bibliotecas Universitarias (REBIUN)<\/a><\/li>\n<li><a href=\"http:\/\/www.theeuropeanlibrary.org\/\">The European Library<\/a><\/li>\n<li><a href=\"https:\/\/www.worldcat.org\/\">Worldcat<\/a><\/li>\n<\/ul>\n","protected":false},"excerpt":{"rendered":"<p>Cat\u00e1logo bibliogr\u00e1fico El Centro de Documentaci\u00f3n pertenece a la Red de Bibliotecas del CSIC en la categor\u00eda de \u00abbiblioteca asociada\u00bb y su fondo es consultable a trav\u00e9s del\u00a0cat\u00e1logo bibliogr\u00e1fico. Aqu\u00ed puedes consultar los fondos documentales de la Biblioteca y de la Mediateca, as\u00ed como tambi\u00e9n los de otras bibliotecas especializadas en nuestras disciplinas de alcance [&hellip;]<\/p>\n","protected":false},"author":2,"featured_media":0,"parent":14905,"menu_order":107,"comment_status":"closed","ping_status":"closed","template":"","meta":{"_acf_changed":false,"footnotes":""},"class_list":["post-14938","page","type-page","status-publish","hentry"],"acf":{"activeu_alerta":false,"arxius_adjunts":false,"boto_de_link_o_mail":false,"imatge_llistat":false,"img_cap":7453,"links_associats":false,"nou_carrusel":false,"presenta_fills":"no","tambe_us_pot_interessar":"","text_alerta":"","presenta_peu":false},"jetpack_sharing_enabled":true,"_links":{"self":[{"href":"https:\/\/museuciencies.cat\/es\/wp-json\/wp\/v2\/pages\/14938","targetHints":{"allow":["GET"]}}],"collection":[{"href":"https:\/\/museuciencies.cat\/es\/wp-json\/wp\/v2\/pages"}],"about":[{"href":"https:\/\/museuciencies.cat\/es\/wp-json\/wp\/v2\/types\/page"}],"author":[{"embeddable":true,"href":"https:\/\/museuciencies.cat\/es\/wp-json\/wp\/v2\/users\/2"}],"replies":[{"embeddable":true,"href":"https:\/\/museuciencies.cat\/es\/wp-json\/wp\/v2\/comments?post=14938"}],"version-history":[{"count":0,"href":"https:\/\/museuciencies.cat\/es\/wp-json\/wp\/v2\/pages\/14938\/revisions"}],"up":[{"embeddable":true,"href":"https:\/\/museuciencies.cat\/es\/wp-json\/wp\/v2\/pages\/14905"}],"wp:attachment":[{"href":"https:\/\/museuciencies.cat\/es\/wp-json\/wp\/v2\/media?parent=14938"}],"curies":[{"name":"wp","href":"https:\/\/api.w.org\/{rel}","templated":true}]}}