{"id":14920,"date":"2014-01-31T09:49:07","date_gmt":"2014-01-31T09:49:07","guid":{"rendered":"http:\/\/museuciencies.cat\/area-cientifica\/centre-de-documentacio\/presentacio\/arxiu\/"},"modified":"2026-04-13T11:57:18","modified_gmt":"2026-04-13T09:57:18","slug":"arxiu","status":"publish","type":"page","link":"https:\/\/museuciencies.cat\/es\/area-cientifica\/centro-de-documentacion\/presentacion\/arxiu\/","title":{"rendered":"Archivo"},"content":{"rendered":"<p><strong>El Archivo<\/strong>\u00a0re\u00fane el conjunto de documentos producidos y recibidos por el Museo \u00a0en el ejercicio de las actividades que le son propias. En ellos se puede encontrar, a trav\u00e9s de legajos, facturas, informes y actas, la procedencia y recorrido de las colecciones, del edificio y del personal. La antig\u00fcedad de la documentaci\u00f3n se remonta a la fundaci\u00f3n del Museo, en 1878. Comprende todo el periodo de la Junta de Ciencias Naturales de Barcelona y su contenido, m\u00e1s all\u00e1 de su faceta administrativa y de apoyo al estudio de las colecciones, constituye una fuente de informaci\u00f3n indispensable para el conocimiento de la historia natural catalana.<\/p>\n<h3>Tipolog\u00eda documental<\/h3>\n<ul>\n<li>Formaci\u00f3n y mantenimiento de las colecciones de espec\u00edmenes (compra, recolecci\u00f3n, intercambio, donaci\u00f3n).<\/li>\n<li>Investigaci\u00f3n<\/li>\n<li>Exposici\u00f3n<\/li>\n<li>Organizaci\u00f3n de actividades<\/li>\n<li>Comunicaci\u00f3n y marketing<\/li>\n<li>Gesti\u00f3n administrativa<\/li>\n<li>Gesti\u00f3n documental<\/li>\n<\/ul>\n<p><strong>El Archivo fotogr\u00e1fico<\/strong> re\u00fane 15.000 unidades, que se encuentran pendientes de catalogar. Est\u00e1 gestionado por el Centro de Documentaci\u00f3n.<\/p>\n<p>Para m\u00e1s informaci\u00f3n:<\/p>\n<ul>\n<li><a href=\"https:\/\/museuciencies.cat\/wp-content\/uploads\/Reglament-Arxiu-Hist\u00f2ric_accessible.pdf\">Reglamento Archivo Hist\u00f3rico (213 KB)<\/a><\/li>\n<li><a href=\"https:\/\/museuciencies.cat\/wp-content\/uploads\/2019\/02\/Inventari-Arxiu-Hist\u00f2ric.pdf\" target=\"_blank\" rel=\"noopener noreferrer\">Inventario Archivo Hist\u00f3rico (1843 KB)<\/a><\/li>\n<\/ul>\n<h3><strong>Contacto<\/strong><\/h3>\n<p>Archivo<br \/>\nCastell dels Tres Dragons<br \/>\nPasseig Picasso, s\/n<br \/>\n08003 Barcelona<br \/>\nTel. +34 93 256 22 15<br \/>\n<a href=\"mailto:bibmuseuciencies@bcn.cat\">bibmuseuciencies@bcn.cat<\/a><\/p>\n<p><strong>Actualmente el Archivo est\u00e1 cerrado de manera indefinida con motivo de las obras del Castell dels Tres Dragons, pero se puede contactar para consultas y pedir documentaci\u00f3n.<\/strong><\/p>\n","protected":false},"excerpt":{"rendered":"<p>El Archivo\u00a0re\u00fane el conjunto de documentos producidos y recibidos por el Museo \u00a0en el ejercicio de las actividades que le son propias. En ellos se puede encontrar, a trav\u00e9s de legajos, facturas, informes y actas, la procedencia y recorrido de las colecciones, del edificio y del personal. La antig\u00fcedad de la documentaci\u00f3n se remonta a [&hellip;]<\/p>\n","protected":false},"author":2,"featured_media":0,"parent":14912,"menu_order":104,"comment_status":"closed","ping_status":"closed","template":"","meta":{"_acf_changed":false,"footnotes":""},"class_list":["post-14920","page","type-page","status-publish","hentry"],"acf":{"activeu_alerta":false,"arxius_adjunts":false,"boto_de_link_o_mail":false,"imatge_llistat":false,"img_cap":6044,"links_associats":false,"nou_carrusel":false,"presenta_fills":"no","tambe_us_pot_interessar":"","text_alerta":"","presenta_peu":false,"segona_part":""},"jetpack_sharing_enabled":true,"_links":{"self":[{"href":"https:\/\/museuciencies.cat\/es\/wp-json\/wp\/v2\/pages\/14920","targetHints":{"allow":["GET"]}}],"collection":[{"href":"https:\/\/museuciencies.cat\/es\/wp-json\/wp\/v2\/pages"}],"about":[{"href":"https:\/\/museuciencies.cat\/es\/wp-json\/wp\/v2\/types\/page"}],"author":[{"embeddable":true,"href":"https:\/\/museuciencies.cat\/es\/wp-json\/wp\/v2\/users\/2"}],"replies":[{"embeddable":true,"href":"https:\/\/museuciencies.cat\/es\/wp-json\/wp\/v2\/comments?post=14920"}],"version-history":[{"count":3,"href":"https:\/\/museuciencies.cat\/es\/wp-json\/wp\/v2\/pages\/14920\/revisions"}],"predecessor-version":[{"id":127433,"href":"https:\/\/museuciencies.cat\/es\/wp-json\/wp\/v2\/pages\/14920\/revisions\/127433"}],"up":[{"embeddable":true,"href":"https:\/\/museuciencies.cat\/es\/wp-json\/wp\/v2\/pages\/14912"}],"wp:attachment":[{"href":"https:\/\/museuciencies.cat\/es\/wp-json\/wp\/v2\/media?parent=14920"}],"curies":[{"name":"wp","href":"https:\/\/api.w.org\/{rel}","templated":true}]}}