{"id":14861,"date":"2013-03-31T10:30:04","date_gmt":"2013-03-31T10:30:04","guid":{"rendered":"http:\/\/museuciencies.cat\/visitanos\/jardi-botanic\/jardi-botanic-historic-2\/"},"modified":"2025-05-20T09:50:51","modified_gmt":"2025-05-20T07:50:51","slug":"jardin-botanico-historico","status":"publish","type":"page","link":"https:\/\/museuciencies.cat\/es\/el-nat\/las-sedes\/jardin-botanico-historico\/","title":{"rendered":"Jard\u00ed Bot\u00e0nic Hist\u00f2ric"},"content":{"rendered":"<p>El <strong>Jard\u00ed Bot\u00e0nic Hist\u00f2ric<\/strong>, un peque\u00f1o tesoro de la jardiner\u00eda barcelonesa, se oculta dentro de dos hondonadas procedentes de antiguas pedreras en el sector de la <strong>Foixarda de Montju\u00efc<\/strong>, detr\u00e1s del Museu Nacional d&#8217;Art de Catalunya. Al tratarse de un lugar hondo, situado en la umbr\u00eda de Montju\u00efc, el aire fr\u00edo se acumula en la parte baja y las temperaturas de la hondonada son hasta cuatro grados inferiores a las de la parte superior. Esta circunstancia facilita el desarrollo de especies de car\u00e1cter eurosiberiano, propias de climas m\u00e1s fr\u00edos.<\/p>\n","protected":false},"excerpt":{"rendered":"<p>El Jard\u00ed Bot\u00e0nic Hist\u00f2ric, un peque\u00f1o tesoro de la jardiner\u00eda barcelonesa, se oculta dentro de dos hondonadas procedentes de antiguas pedreras en el sector de la Foixarda de Montju\u00efc, detr\u00e1s del Museu Nacional d&#8217;Art de Catalunya. Al tratarse de un lugar hondo, situado en la umbr\u00eda de Montju\u00efc, el aire fr\u00edo se acumula en la [&hellip;]<\/p>\n","protected":false},"author":2,"featured_media":0,"parent":45481,"menu_order":319,"comment_status":"closed","ping_status":"closed","template":"page-amb-mapa.php","meta":{"_acf_changed":false,"footnotes":""},"class_list":["post-14861","page","type-page","status-publish","hentry"],"acf":{"activeu_alerta":false,"arxius_adjunts":false,"boto_de_link_o_mail":[{"text":"Plano guia del Jard\u00edn Bot\u00e1nico Hist\u00f3rico","link":"http:\/\/museuciencies.cat\/m\/wp-content\/uploads\/guiajbh.7501.pdf"}],"imatge_llistat":false,"img_cap":8260,"links_associats":false,"nou_carrusel":false,"presenta_fills":"si","tambe_us_pot_interessar":"","text_alerta":"","presenta_peu":false,"map":"Av. dels Montanyans, 16, 08038 Barcelona, Espa\u00f1a|41.36808006829813,2.149987231213345","visible":true,"nivell_de_zoom":"15","link_manual":"","text_del_link":"","imatge_del_link":false,"segona_part":""},"jetpack_sharing_enabled":true,"_links":{"self":[{"href":"https:\/\/museuciencies.cat\/es\/wp-json\/wp\/v2\/pages\/14861","targetHints":{"allow":["GET"]}}],"collection":[{"href":"https:\/\/museuciencies.cat\/es\/wp-json\/wp\/v2\/pages"}],"about":[{"href":"https:\/\/museuciencies.cat\/es\/wp-json\/wp\/v2\/types\/page"}],"author":[{"embeddable":true,"href":"https:\/\/museuciencies.cat\/es\/wp-json\/wp\/v2\/users\/2"}],"replies":[{"embeddable":true,"href":"https:\/\/museuciencies.cat\/es\/wp-json\/wp\/v2\/comments?post=14861"}],"version-history":[{"count":14,"href":"https:\/\/museuciencies.cat\/es\/wp-json\/wp\/v2\/pages\/14861\/revisions"}],"predecessor-version":[{"id":120396,"href":"https:\/\/museuciencies.cat\/es\/wp-json\/wp\/v2\/pages\/14861\/revisions\/120396"}],"up":[{"embeddable":true,"href":"https:\/\/museuciencies.cat\/es\/wp-json\/wp\/v2\/pages\/45481"}],"wp:attachment":[{"href":"https:\/\/museuciencies.cat\/es\/wp-json\/wp\/v2\/media?parent=14861"}],"curies":[{"name":"wp","href":"https:\/\/api.w.org\/{rel}","templated":true}]}}