{"id":14314,"date":"2014-08-26T13:48:43","date_gmt":"2014-08-26T13:48:43","guid":{"rendered":"http:\/\/museuciencies.cat\/que-passa-al-museu\/exposicions-permanents\/els-museus-de-ciencies-naturals-de-catalunya\/"},"modified":"2019-06-05T14:10:24","modified_gmt":"2019-06-05T13:10:24","slug":"los-museos-de-ciencias-naturales-de-cataluna","status":"publish","type":"page","link":"https:\/\/museuciencies.cat\/es\/visitanos\/exposiciones\/exposiciones-permanentes\/los-museos-de-ciencias-naturales-de-cataluna\/","title":{"rendered":"Los museos de ciencias naturales de Catalu\u00f1a"},"content":{"rendered":"<p><span style=\"color: #000000;\">Unas vitrinas alojadas en el vest\u00edbulo del Museu de Ci\u00e8ncies Naturals de Barcelona en el parque del F\u00f3rum contienen informaci\u00f3n sobre los museos y las instituciones de ciencias naturales de Catalu\u00f1a, un conjunto de centros de \u00e1mbito local, comarcal o supramunicipal que re\u00fanen colecciones de diferentes disciplinas como la bot\u00e1nica, la zoolog\u00eda, la geolog\u00eda o la paleontolog\u00eda y que son un recurso fundamental para el estudio, conservaci\u00f3n y promoci\u00f3n del patrimonio de su \u00e1mbito territorial. En concreto, informan sobre la misi\u00f3n, las colecciones y los proyectos de investigaci\u00f3n de dichas instituciones y en ellas se exponen algunos objetos representativos de sus fondos que han cedido al Museo.<\/span><\/p>\n<p><span style=\"color: #000000;\">Estas mesas expositivas tambi\u00e9n se aprovechan para efectuar un repaso de las donaciones recibidas por el Museo y para la exposici\u00f3n de algunas piezas.<\/span><\/p>\n<p><span style=\"color: #000000;\">El Museu de Ci\u00e8ncies Naturals de Barcelona tambi\u00e9n figura entre este conjunto de entidades con una presentaci\u00f3n de sus sedes, as\u00ed como de las asociaciones de amigos que forman parte del mismo y de las sociedades naturalistas que tienen en \u00e9l su sede.<\/span><\/p>\n<p><span style=\"color: #000000;\">En la misma zona del vest\u00edbulo puede contemplarse tambi\u00e9n el esqueleto de un rorcual com\u00fan, pieza estrella de la colecci\u00f3n de vertebrados, denominado <em>Brava <\/em>por votaci\u00f3n popular. Una mesa vitrina explica la historia de esta pieza y la documentaci\u00f3n referente a su traslado y montaje.<\/span><\/p>\n<p><span style=\"color: #000000;\"><strong>Lugar:<\/strong>\u00a0vest\u00edbulo del Museo<\/span><\/p>\n<p><span style=\"color: #000000;\"><strong>Horario:<\/strong>\u00a0dentro del horario de apertura del Museo<\/span><\/p>\n<p><span style=\"color: #000000;\"><strong>Acceso libre<\/strong><\/span><\/p>\n","protected":false},"excerpt":{"rendered":"<p>Unas vitrinas alojadas en el vest\u00edbulo del Museu de Ci\u00e8ncies Naturals de Barcelona en el parque del F\u00f3rum contienen informaci\u00f3n sobre los museos y las instituciones de ciencias naturales de Catalu\u00f1a, un conjunto de centros de \u00e1mbito local, comarcal o supramunicipal que re\u00fanen colecciones de diferentes disciplinas como la bot\u00e1nica, la zoolog\u00eda, la geolog\u00eda o [&hellip;]<\/p>\n","protected":false},"author":2,"featured_media":0,"parent":14302,"menu_order":116,"comment_status":"closed","ping_status":"closed","template":"","meta":{"_acf_changed":false,"footnotes":""},"class_list":["post-14314","page","type-page","status-publish","hentry"],"acf":{"activeu_alerta":false,"arxius_adjunts":false,"boto_de_link_o_mail":false,"imatge_llistat":false,"img_cap":9488,"links_associats":false,"nou_carrusel":false,"presenta_fills":"no","tambe_us_pot_interessar":"","text_alerta":"","presenta_peu":false},"jetpack_sharing_enabled":true,"_links":{"self":[{"href":"https:\/\/museuciencies.cat\/es\/wp-json\/wp\/v2\/pages\/14314","targetHints":{"allow":["GET"]}}],"collection":[{"href":"https:\/\/museuciencies.cat\/es\/wp-json\/wp\/v2\/pages"}],"about":[{"href":"https:\/\/museuciencies.cat\/es\/wp-json\/wp\/v2\/types\/page"}],"author":[{"embeddable":true,"href":"https:\/\/museuciencies.cat\/es\/wp-json\/wp\/v2\/users\/2"}],"replies":[{"embeddable":true,"href":"https:\/\/museuciencies.cat\/es\/wp-json\/wp\/v2\/comments?post=14314"}],"version-history":[{"count":0,"href":"https:\/\/museuciencies.cat\/es\/wp-json\/wp\/v2\/pages\/14314\/revisions"}],"up":[{"embeddable":true,"href":"https:\/\/museuciencies.cat\/es\/wp-json\/wp\/v2\/pages\/14302"}],"wp:attachment":[{"href":"https:\/\/museuciencies.cat\/es\/wp-json\/wp\/v2\/media?parent=14314"}],"curies":[{"name":"wp","href":"https:\/\/api.w.org\/{rel}","templated":true}]}}