{"id":13966,"date":"2014-01-27T15:36:21","date_gmt":"2014-01-27T15:36:21","guid":{"rendered":"http:\/\/museuciencies.cat\/visitanos\/el-laboratori-de-natura\/informacio-practica\/"},"modified":"2025-04-01T19:07:08","modified_gmt":"2025-04-01T17:07:08","slug":"informacion-practica","status":"publish","type":"page","link":"https:\/\/museuciencies.cat\/es\/el-nat\/las-sedes\/castell-dels-tres-dragons\/informacion-practica\/","title":{"rendered":"Informaci\u00f3n pr\u00e1ctica"},"content":{"rendered":"<h3><span style=\"color: #000000;\">Aviso importante<\/span><\/h3>\n<p>La visita al centro est\u00e1 cerrada al p\u00fablico en general, excepto\u00a0 el acceso a la consulta cient\u00edfica de las colecciones geol\u00f3gicas.<\/p>\n<h3><span style=\"color: #000000;\">\u00bfC\u00f3mo llegar?<\/span><\/h3>\n<p dir=\"ltr\"><span style=\"color: #000000;\"><a style=\"color: #000000;\" href=\"https:\/\/www.google.es\/maps\/place\/Castell+dels+Tres+Dragons\/@41.3866562,2.1831883,17z\/data=!4m5!3m4!1s0x0:0xec78a722cff60fcb!8m2!3d41.3881067!4d2.1833684?hl=ca\">Link a la ubicaci\u00f3n Google maps<\/a><\/span><\/p>\n<h4><span style=\"color: #000000;\">Direcci\u00f3n<\/span><\/h4>\n<p dir=\"ltr\"><span style=\"color: #000000;\">Passeig Picasso s\/n.<\/span><br \/>\n<span style=\"color: #000000;\"> 08003 Barcelona<\/span><br \/>\n<span style=\"color: #000000;\"> Tel\u00e8fon: 93 256 22 00<\/span><br \/>\n<span style=\"color: #000000;\"> Fax: 93 310 49 99<\/span><\/p>\n<p dir=\"ltr\"><span style=\"color: #000000;\">E-mail: <a style=\"color: #000000;\" href=\"mailto:museuciencies@bcn.cat\">museuciencies@bcn.cat<\/a><\/span><\/p>\n<h4><span style=\"color: #000000;\">Transporte<\/span><\/h4>\n<p><span style=\"color: #000000;\"><strong>Metro<\/strong><\/span><\/p>\n<p><span style=\"color: #000000;\">L4 Jaume I<\/span><br \/>\n<span style=\"color: #000000;\"> L1 Arc de Triomf<\/span><\/p>\n<p dir=\"ltr\"><span style=\"color: #000000;\"><strong>Tram<\/strong><\/span><\/p>\n<p dir=\"ltr\"><span style=\"color: #000000;\">T4: Parada Marina<\/span><\/p>\n<p dir=\"ltr\"><span style=\"color: #000000;\"><strong>Autob\u00fas<\/strong><\/span><\/p>\n<p dir=\"ltr\"><span style=\"color: #000000;\">V19, H16, B20, B25<\/span><\/p>\n<p><span style=\"color: #000000;\"><strong>Coche<\/strong><\/span><\/p>\n<p><span style=\"color: #000000;\">El Museo no dispone de aparcamiento propio. Aparcamientos m\u00e1s pr\u00f3ximos: paseo Llu\u00eds Companys, paseo del Born, plaza de la Catedral, avenida Camb\u00f3 y Via Laietana.<\/span><\/p>\n<p><span style=\"color: #000000;\"><strong>Bicing<\/strong><\/span><\/p>\n<p><span style=\"color: #000000;\">Estaciones m\u00e1s pr\u00f3ximas: paseo Llu\u00eds Companys-parque de la Ciutadella, calle Comer\u00e7 y avenida Marqu\u00e8s de l&#8217;Argentera (frente a la Estaci\u00f3 de Fran\u00e7a).<\/span><\/p>\n<h3><span style=\"color: #000000;\">\u00a0<\/span><\/h3>\n<p><span style=\"color: #000000;\">\u00a0<\/span><\/p>\n","protected":false},"excerpt":{"rendered":"<p>Aviso importante La visita al centro est\u00e1 cerrada al p\u00fablico en general, excepto\u00a0 el acceso a la consulta cient\u00edfica de las colecciones geol\u00f3gicas. \u00bfC\u00f3mo llegar? Link a la ubicaci\u00f3n Google maps Direcci\u00f3n Passeig Picasso s\/n. 08003 Barcelona Tel\u00e8fon: 93 256 22 00 Fax: 93 310 49 99 E-mail: museuciencies@bcn.cat Transporte Metro L4 Jaume I L1 [&hellip;]<\/p>\n","protected":false},"author":1,"featured_media":0,"parent":13959,"menu_order":180,"comment_status":"closed","ping_status":"closed","template":"page-amb-mapa.php","meta":{"_acf_changed":false,"footnotes":""},"class_list":["post-13966","page","type-page","status-publish","hentry"],"acf":{"activeu_alerta":false,"arxius_adjunts":false,"boto_de_link_o_mail":false,"imatge_llistat":false,"img_cap":19470,"links_associats":false,"nou_carrusel":false,"presenta_fills":"no","tambe_us_pot_interessar":"","text_alerta":"","presenta_peu":false,"map":"Passeig de Picasso, 5, 08003 Barcelona, Espa\u00f1a|41.38810344345136,2.183343175918594","visible":true,"nivell_de_zoom":"17","link_manual":"","text_del_link":"","imatge_del_link":false,"segona_part":""},"jetpack_sharing_enabled":true,"_links":{"self":[{"href":"https:\/\/museuciencies.cat\/es\/wp-json\/wp\/v2\/pages\/13966","targetHints":{"allow":["GET"]}}],"collection":[{"href":"https:\/\/museuciencies.cat\/es\/wp-json\/wp\/v2\/pages"}],"about":[{"href":"https:\/\/museuciencies.cat\/es\/wp-json\/wp\/v2\/types\/page"}],"author":[{"embeddable":true,"href":"https:\/\/museuciencies.cat\/es\/wp-json\/wp\/v2\/users\/1"}],"replies":[{"embeddable":true,"href":"https:\/\/museuciencies.cat\/es\/wp-json\/wp\/v2\/comments?post=13966"}],"version-history":[{"count":2,"href":"https:\/\/museuciencies.cat\/es\/wp-json\/wp\/v2\/pages\/13966\/revisions"}],"predecessor-version":[{"id":118363,"href":"https:\/\/museuciencies.cat\/es\/wp-json\/wp\/v2\/pages\/13966\/revisions\/118363"}],"up":[{"embeddable":true,"href":"https:\/\/museuciencies.cat\/es\/wp-json\/wp\/v2\/pages\/13959"}],"wp:attachment":[{"href":"https:\/\/museuciencies.cat\/es\/wp-json\/wp\/v2\/media?parent=13966"}],"curies":[{"name":"wp","href":"https:\/\/api.w.org\/{rel}","templated":true}]}}