{"id":13959,"date":"2014-01-27T15:35:07","date_gmt":"2014-01-27T15:35:07","guid":{"rendered":"http:\/\/museuciencies.cat\/visitanos\/el-laboratori-de-natura\/"},"modified":"2025-03-31T13:33:12","modified_gmt":"2025-03-31T11:33:12","slug":"castell-dels-tres-dragons","status":"publish","type":"page","link":"https:\/\/museuciencies.cat\/es\/el-nat\/las-sedes\/castell-dels-tres-dragons\/","title":{"rendered":"Castell dels Tres Dragons"},"content":{"rendered":"<p>El <em>Castell dels Tres Dragons<\/em>, en el parque de la Ciutadella, es una de las sedes cient\u00edficas del Museo que custodia las colecciones de zoolog\u00eda y geolog\u00eda. Centraliza gran parte de la actividad de investigaci\u00f3n cient\u00edfica y gesti\u00f3n de los fondos de las colecciones, as\u00ed como los servicios necesarios para preservar, documentar y estudiar este rico patrimonio.<\/p>\n<p>El <em>Castell dels Tres Dragons<\/em> es obra de Llu\u00eds Dom\u00e8nech i Montaner y fue proyectado como caf\u00e9-restaurante para la Exposici\u00f3n Universal de 1888. Destaca por su valor arquitect\u00f3nico y art\u00edstico. Durante el primer tercio del siglo XX combin\u00f3 varios usos, incluidas las ciencias naturales. Desde entonces se ha dedicado exclusivamente a la zoolog\u00eda y \u00faltimamente a la geolog\u00eda.<\/p>\n<p>Tambi\u00e9n acoge una biblioteca especializada en estas disciplinas cient\u00edficas.<\/p>\n<p><em><strong>Aviso:<\/strong><strong>\u00a0<\/strong><strong>la visita al centro est\u00e1 cerrada al p\u00fablico en general, excepto\u00a0 el acceso a la consulta cient\u00edfica de las colecciones geol\u00f3gicas. Debido a los trabajos de adecuaci\u00f3n y mejora del edificio, las colecciones de zoolog\u00eda permanecer\u00e1n cerradas hasta nuevo aviso. Disculpad las molestias.<\/strong><\/em><\/p>\n<p>&nbsp;<\/p>\n<p dir=\"ltr\" style=\"color: #444444;\">\n","protected":false},"excerpt":{"rendered":"<p>El Castell dels Tres Dragons, en el parque de la Ciutadella, es una de las sedes cient\u00edficas del Museo que custodia las colecciones de zoolog\u00eda y geolog\u00eda. Centraliza gran parte de la actividad de investigaci\u00f3n cient\u00edfica y gesti\u00f3n de los fondos de las colecciones, as\u00ed como los servicios necesarios para preservar, documentar y estudiar este [&hellip;]<\/p>\n","protected":false},"author":1,"featured_media":0,"parent":45481,"menu_order":46,"comment_status":"closed","ping_status":"closed","template":"page-amb-mapa.php","meta":{"_acf_changed":false,"footnotes":""},"class_list":["post-13959","page","type-page","status-publish","hentry"],"acf":{"activeu_alerta":false,"boto_de_link_o_mail":false,"espai_museu":"","imatge_del_link":false,"imatge_llistat":false,"img_cap":8358,"link_manual":"","logo":false,"map":"Passeig de Picasso, 5, 08003 Barcelona, Espa\u00f1a|41.38806092988438,2.183357850787388","nivell_de_zoom":"15","text-entradeta":"","text_alerta":"","text_del_link":"","visible":true,"segona_part":"","tambe_us_pot_interessar":"","presenta_peu":false,"nou_carrusel":false,"arxius_adjunts":false,"links_associats":false,"presenta_fills":"no"},"jetpack_sharing_enabled":true,"_links":{"self":[{"href":"https:\/\/museuciencies.cat\/es\/wp-json\/wp\/v2\/pages\/13959","targetHints":{"allow":["GET"]}}],"collection":[{"href":"https:\/\/museuciencies.cat\/es\/wp-json\/wp\/v2\/pages"}],"about":[{"href":"https:\/\/museuciencies.cat\/es\/wp-json\/wp\/v2\/types\/page"}],"author":[{"embeddable":true,"href":"https:\/\/museuciencies.cat\/es\/wp-json\/wp\/v2\/users\/1"}],"replies":[{"embeddable":true,"href":"https:\/\/museuciencies.cat\/es\/wp-json\/wp\/v2\/comments?post=13959"}],"version-history":[{"count":4,"href":"https:\/\/museuciencies.cat\/es\/wp-json\/wp\/v2\/pages\/13959\/revisions"}],"predecessor-version":[{"id":118342,"href":"https:\/\/museuciencies.cat\/es\/wp-json\/wp\/v2\/pages\/13959\/revisions\/118342"}],"up":[{"embeddable":true,"href":"https:\/\/museuciencies.cat\/es\/wp-json\/wp\/v2\/pages\/45481"}],"wp:attachment":[{"href":"https:\/\/museuciencies.cat\/es\/wp-json\/wp\/v2\/media?parent=13959"}],"curies":[{"name":"wp","href":"https:\/\/api.w.org\/{rel}","templated":true}]}}