{"id":12948,"date":"2014-10-02T18:00:55","date_gmt":"2014-10-02T18:00:55","guid":{"rendered":"http:\/\/museuciencies.cat\/?page_id=12948"},"modified":"2019-11-20T13:14:42","modified_gmt":"2019-11-20T12:14:42","slug":"la-biografia-de-la-tierra","status":"publish","type":"page","link":"https:\/\/museuciencies.cat\/es\/el-nat\/las-sedes\/museo-de-ciencias-naturales-de-barcelona\/exposicion-planeta-vida\/la-biografia-de-la-tierra\/","title":{"rendered":"La biograf\u00eda de la Tierra"},"content":{"rendered":"<p>Penetra en el t\u00fanel del tiempo y recorre la historia de la vida y del planeta desde sus or\u00edgenes hasta nuestros d\u00edas. Detente en los principales episodios evolutivos y descubre c\u00f3mo era la Tierra y cu\u00e1ndo aparecieron los primeros seres vivos.<\/p>\n<h3>Inicios del Universo y de la Tierra: 13.800 a 3.800 millones de a\u00f1os<\/h3>\n<p>Una gran explosi\u00f3n crea el Universo y se forma el sistema solar. Se forman la Tierra y la Luna y se desarrolla la primera atm\u00f3sfera alrededor de la Tierra.<\/p>\n<h3>Arqueozoico: 3.800 a 2.500 millones de a\u00f1os<\/h3>\n<p>Formaci\u00f3n de Ur, el primer continente, y aparici\u00f3n de la c\u00e9lula procariota, la primera forma de vida. Aparecen los primeros seres vivos de la Tierra, las bacterias.<\/p>\n<h3>Proterozoico: 2.500 a 542 millones de a\u00f1os<\/h3>\n<p>Se originan los continentes. Aparece la c\u00e9lula eucariota, precursora de los seres pluricelulares, y la vida se diversifica. Aparecen los primeros hongos, los protistas y los antepasados de las plantas.<\/p>\n<h3>Paleozoico inferior: 542 a 359 millones de a\u00f1os<\/h3>\n<p>Se forman las grandes cordilleras y se producen importantes cambios clim\u00e1ticos. Gran explosi\u00f3n de vida en los oc\u00e9anos. Los moluscos se vuelven m\u00e1s complejos y se adaptan a diferentes h\u00e1bitats. Aparecen los primeros artr\u00f3podos y los primeros vertebrados acu\u00e1ticos.<\/p>\n<h3>Paleozoico superior: 359 a 251 millones de a\u00f1os<\/h3>\n<p>Uni\u00f3n de los continentes para formar el supercontinente Pangea. Aumentan los niveles de ox\u00edgeno de la atm\u00f3sfera. La vida sale del agua y conquista el medio terrestre. Aparecen las primeras plantas y los primeros vertebrados terrestres.<\/p>\n<h3>Mesozoico: 251 a 65 millones de a\u00f1os<\/h3>\n<p>Fragmentaci\u00f3n del gran continente Pangea en continentes menores. Los invertebrados marinos se diversifican significativamente. Aparecen los dinosaurios y las primeras aves. Aparecen las primeras plantas con flores. Se produce una gran extinci\u00f3n masiva que significa la desaparici\u00f3n del 75% de las especies.<\/p>\n<h3>Cenozoico: 65 a 0 millones de a\u00f1os<\/h3>\n<p>Los continentes se desplazan hasta la posici\u00f3n que ocupan actualmente. Se inicia la orogenia alpina y aparecen las grandes cordilleras (el Himalaya, el Atlas, el Rif, las B\u00e9ticas, el Pirineo, los Apeninos, los Alpes, los Balcanes y los C\u00e1rpatos). Tambi\u00e9n se forma el mar Mediterr\u00e1neo. Es un periodo con grandes oscilaciones t\u00e9rmicas y \u00e9pocas de glaciaciones. Los mam\u00edferos ocupan la mayor\u00eda de ambientes continentales. Aparecen los primeros primates, una de cuyas l\u00edneas evolutivas ha evolucionado hacia la humanidad actual.<\/p>\n","protected":false},"excerpt":{"rendered":"<p>Penetra en el t\u00fanel del tiempo y recorre la historia de la vida y del planeta desde sus or\u00edgenes hasta nuestros d\u00edas. Detente en los principales episodios evolutivos y descubre c\u00f3mo era la Tierra y cu\u00e1ndo aparecieron los primeros seres vivos. Inicios del Universo y de la Tierra: 13.800 a 3.800 millones de a\u00f1os Una [&hellip;]<\/p>\n","protected":false},"author":3,"featured_media":0,"parent":12945,"menu_order":246,"comment_status":"closed","ping_status":"closed","template":"","meta":{"_acf_changed":false,"footnotes":""},"class_list":["post-12948","page","type-page","status-publish","hentry"],"acf":{"tambe_us_pot_interessar":"","img_cap":8035,"imatge_llistat":false,"nou_carrusel":false,"boto_de_link_o_mail":false,"arxius_adjunts":false,"links_associats":false,"presenta_fills":"no","activeu_alerta":false,"text_alerta":"","presenta_peu":false},"jetpack_sharing_enabled":true,"_links":{"self":[{"href":"https:\/\/museuciencies.cat\/es\/wp-json\/wp\/v2\/pages\/12948","targetHints":{"allow":["GET"]}}],"collection":[{"href":"https:\/\/museuciencies.cat\/es\/wp-json\/wp\/v2\/pages"}],"about":[{"href":"https:\/\/museuciencies.cat\/es\/wp-json\/wp\/v2\/types\/page"}],"author":[{"embeddable":true,"href":"https:\/\/museuciencies.cat\/es\/wp-json\/wp\/v2\/users\/3"}],"replies":[{"embeddable":true,"href":"https:\/\/museuciencies.cat\/es\/wp-json\/wp\/v2\/comments?post=12948"}],"version-history":[{"count":0,"href":"https:\/\/museuciencies.cat\/es\/wp-json\/wp\/v2\/pages\/12948\/revisions"}],"up":[{"embeddable":true,"href":"https:\/\/museuciencies.cat\/es\/wp-json\/wp\/v2\/pages\/12945"}],"wp:attachment":[{"href":"https:\/\/museuciencies.cat\/es\/wp-json\/wp\/v2\/media?parent=12948"}],"curies":[{"name":"wp","href":"https:\/\/api.w.org\/{rel}","templated":true}]}}