{"id":12945,"date":"2014-10-02T17:55:33","date_gmt":"2014-10-02T17:55:33","guid":{"rendered":"http:\/\/museuciencies.cat\/?page_id=12945"},"modified":"2025-04-22T16:29:34","modified_gmt":"2025-04-22T14:29:34","slug":"exposicion-planeta-vida","status":"publish","type":"page","link":"https:\/\/museuciencies.cat\/es\/el-nat\/las-sedes\/museo-de-ciencias-naturales-de-barcelona\/exposicion-planeta-vida\/","title":{"rendered":"Exposici\u00f3n \u00abPlaneta Vida\u00bb"},"content":{"rendered":"<p><strong>\u00abPlaneta Vida\u00bb<\/strong> interpreta la Tierra actual como resultado de la interacci\u00f3n entre el ambiente qu\u00edmico y f\u00edsico del planeta y los seres vivos. Los r\u00edos, las monta\u00f1as y los oc\u00e9anos est\u00e1n \u00edntimamente relacionados con los organismos que viven en ella y todos juntos forman un ecosistema global que act\u00faa regulando las condiciones del planeta.<\/p>\n<p>Esta visi\u00f3n de conjunto de la Tierra y de la vida, que integra todas las disciplinas de las ciencias naturales, es el eje vertebrador de esta muestra que se estructura en tres \u00e1mbitos:\u00a0\u2018La biograf\u00eda de la Tierra&#8217;, \u2018La Tierra hoy&#8217; y \u2018Las islas de ciencia&#8217;.<\/p>\n<p>El primero,\u00a0<strong>\u2018La biograf\u00eda de la Tierra&#8217;<\/strong>, describe un viaje por la historia de la vida y su coevoluci\u00f3n con nuestro planeta.\u00a0<strong>\u2018La Tierra hoy&#8217;<\/strong>, tal como indica el t\u00edtulo, es la parte\u00a0que explica como es la Tierra actualmente. Estos dos \u00e1mbitos muestran el fondo patrimonial del Museo.\u00a0<strong>\u2018Las islas de ciencia&#8217;,\u00a0<\/strong>\u00e1reas semipermanentes y renovables, son peque\u00f1as exposiciones en espacios aislados dentro de la exposici\u00f3n permanente que tratan aspectos como la evoluci\u00f3n, la nomenclatura y la clasificaci\u00f3n, el Mediterr\u00e1neo, el comportamiento animal, etc.<\/p>\n<p>Visita virtual de 360\u00aa:<\/p>\n<p><iframe loading=\"lazy\" style=\"border: 0;\" src=\"https:\/\/www.google.com\/maps\/embed?pb=!1m0!3m2!1ses!2sus!4v1474366320577!6m8!1m7!1s9H2XLLNoe9CTf6sS4oxcgQ!2m2!1d41.41106921648891!2d2.220484899197743!3f22.98072218341494!4f-16.819604917176164!5f0.44533105869195466\" width=\"600\" height=\"450\" frameborder=\"0\" allowfullscreen=\"allowfullscreen\"><\/iframe><\/p>\n<p>Adem\u00e1s, la exposici\u00f3n\u00a0presenta\u00a0importantes mejoras de accesibilidad a los contenidos\u00a0para personas con discapacidad visual. En las 17 tablas interactivas de la exposici\u00f3n, donde se muestran un total de 50 objetos que se pueden tocar libremente -entre piezas originales y maquetas- se han implementado esquemas en relieve de las piezas as\u00ed como textos en grandes caracteres y en braille<\/p>\n<h3>Esta exposici\u00f3n contempla de forma impl\u00edcita los siguientes <a href=\"https:\/\/www.un.org\/sustainabledevelopment\/es\/objetivos-de-desarrollo-sostenible\/\" target=\"_blank\" rel=\"noopener\"><strong>Objetivos de Desarrollo Sostenible (ODS)<\/strong><\/a>:<\/h3>\n<p><img loading=\"lazy\" decoding=\"async\" data-attachment-id=\"119167\" data-permalink=\"https:\/\/museuciencies.cat\/es\/el-nat\/las-sedes\/museo-de-ciencias-naturales-de-barcelona\/exposicion-planeta-vida\/ods-objetivos-desarrollo-sostenible-ekomodo-e1582029087666-1568x929\/\" data-orig-file=\"https:\/\/museuciencies.cat\/wp-content\/uploads\/2025\/04\/ODS-Objetivos-Desarrollo-Sostenible-Ekomodo-e1582029087666-1568x929-1.jpg\" data-orig-size=\"1568,929\" data-comments-opened=\"0\" data-image-meta=\"{&quot;aperture&quot;:&quot;0&quot;,&quot;credit&quot;:&quot;&quot;,&quot;camera&quot;:&quot;&quot;,&quot;caption&quot;:&quot;&quot;,&quot;created_timestamp&quot;:&quot;0&quot;,&quot;copyright&quot;:&quot;&quot;,&quot;focal_length&quot;:&quot;0&quot;,&quot;iso&quot;:&quot;0&quot;,&quot;shutter_speed&quot;:&quot;0&quot;,&quot;title&quot;:&quot;&quot;,&quot;orientation&quot;:&quot;0&quot;}\" data-image-title=\"ODS-Objetivos-Desarrollo-Sostenible-Ekomodo-e1582029087666-1568&#215;929\" data-image-description=\"\" data-image-caption=\"\" data-medium-file=\"https:\/\/museuciencies.cat\/wp-content\/uploads\/2025\/04\/ODS-Objetivos-Desarrollo-Sostenible-Ekomodo-e1582029087666-1568x929-1-615x364.jpg\" data-large-file=\"https:\/\/museuciencies.cat\/wp-content\/uploads\/2025\/04\/ODS-Objetivos-Desarrollo-Sostenible-Ekomodo-e1582029087666-1568x929-1-1024x607.jpg\" class=\"aligncenter size-large wp-image-119167\" src=\"https:\/\/museuciencies.cat\/wp-content\/uploads\/2025\/04\/ODS-Objetivos-Desarrollo-Sostenible-Ekomodo-e1582029087666-1568x929-1-1024x607.jpg\" alt=\"Tabla de los 17 objetivos de desarrollo sostenible\" width=\"1024\" height=\"607\" srcset=\"https:\/\/museuciencies.cat\/wp-content\/uploads\/2025\/04\/ODS-Objetivos-Desarrollo-Sostenible-Ekomodo-e1582029087666-1568x929-1-1024x607.jpg 1024w, https:\/\/museuciencies.cat\/wp-content\/uploads\/2025\/04\/ODS-Objetivos-Desarrollo-Sostenible-Ekomodo-e1582029087666-1568x929-1-615x364.jpg 615w, https:\/\/museuciencies.cat\/wp-content\/uploads\/2025\/04\/ODS-Objetivos-Desarrollo-Sostenible-Ekomodo-e1582029087666-1568x929-1-768x455.jpg 768w, https:\/\/museuciencies.cat\/wp-content\/uploads\/2025\/04\/ODS-Objetivos-Desarrollo-Sostenible-Ekomodo-e1582029087666-1568x929-1-1536x910.jpg 1536w, https:\/\/museuciencies.cat\/wp-content\/uploads\/2025\/04\/ODS-Objetivos-Desarrollo-Sostenible-Ekomodo-e1582029087666-1568x929-1.jpg 1568w\" sizes=\"auto, (max-width: 1024px) 100vw, 1024px\" \/><\/p>\n<h3>Partes de la exposici\u00f3n:<\/h3>\n","protected":false},"excerpt":{"rendered":"<p>\u00abPlaneta Vida\u00bb interpreta la Tierra actual como resultado de la interacci\u00f3n entre el ambiente qu\u00edmico y f\u00edsico del planeta y los seres vivos. Los r\u00edos, las monta\u00f1as y los oc\u00e9anos est\u00e1n \u00edntimamente relacionados con los organismos que viven en ella y todos juntos forman un ecosistema global que act\u00faa regulando las condiciones del planeta. Esta [&hellip;]<\/p>\n","protected":false},"author":3,"featured_media":0,"parent":12870,"menu_order":310,"comment_status":"closed","ping_status":"closed","template":"","meta":{"_acf_changed":false,"footnotes":""},"class_list":["post-12945","page","type-page","status-publish","hentry"],"acf":{"tambe_us_pot_interessar":"","img_cap":7993,"imatge_llistat":false,"nou_carrusel":false,"boto_de_link_o_mail":false,"arxius_adjunts":false,"links_associats":false,"presenta_fills":"si","activeu_alerta":false,"text_alerta":"","presenta_peu":false,"segona_part":""},"jetpack_sharing_enabled":true,"_links":{"self":[{"href":"https:\/\/museuciencies.cat\/es\/wp-json\/wp\/v2\/pages\/12945","targetHints":{"allow":["GET"]}}],"collection":[{"href":"https:\/\/museuciencies.cat\/es\/wp-json\/wp\/v2\/pages"}],"about":[{"href":"https:\/\/museuciencies.cat\/es\/wp-json\/wp\/v2\/types\/page"}],"author":[{"embeddable":true,"href":"https:\/\/museuciencies.cat\/es\/wp-json\/wp\/v2\/users\/3"}],"replies":[{"embeddable":true,"href":"https:\/\/museuciencies.cat\/es\/wp-json\/wp\/v2\/comments?post=12945"}],"version-history":[{"count":3,"href":"https:\/\/museuciencies.cat\/es\/wp-json\/wp\/v2\/pages\/12945\/revisions"}],"predecessor-version":[{"id":119173,"href":"https:\/\/museuciencies.cat\/es\/wp-json\/wp\/v2\/pages\/12945\/revisions\/119173"}],"up":[{"embeddable":true,"href":"https:\/\/museuciencies.cat\/es\/wp-json\/wp\/v2\/pages\/12870"}],"wp:attachment":[{"href":"https:\/\/museuciencies.cat\/es\/wp-json\/wp\/v2\/media?parent=12945"}],"curies":[{"name":"wp","href":"https:\/\/api.w.org\/{rel}","templated":true}]}}