{"id":12879,"date":"2013-10-27T18:17:11","date_gmt":"2013-10-27T18:17:11","guid":{"rendered":"http:\/\/museuciencies.cat\/?page_id=12879"},"modified":"2024-06-27T12:11:44","modified_gmt":"2024-06-27T10:11:44","slug":"como-llegar","status":"publish","type":"page","link":"https:\/\/museuciencies.cat\/es\/el-nat\/las-sedes\/museo-de-ciencias-naturales-de-barcelona\/informacion-practica\/como-llegar\/","title":{"rendered":"\u00bfC\u00f3mo llegar?"},"content":{"rendered":"<h3><span style=\"color: #000000;\">Direcci\u00f3n<\/span><\/h3>\n<p><strong><span style=\"color: #000000;\">Museu de Ci\u00e8ncies Naturals de Barcelona<\/span><\/strong><\/p>\n<p><span style=\"color: #000000;\">Plaza Leonardo da Vinci, 4-5<\/span><br \/>\n<span style=\"color: #000000;\"> Parque del F\u00f3rum<\/span><br \/>\n<span style=\"color: #000000;\"> 08019 Barcelona<\/span><br \/>\n<span style=\"color: #000000;\"> Tel.: 932566002<\/span><br \/>\n<span style=\"color: #000000;\"> E-mail: <a style=\"color: #000000;\" href=\"mailto:museuciencies@bcn.cat\">museuciencies@bcn.cat<\/a><\/span><\/p>\n<h3><span style=\"color: #000000;\">Transporte<\/span><\/h3>\n<ul>\n<li><span style=\"color: #000000;\"><strong>Metro <\/strong>L4 (l\u00ednea amarilla). Parada\u00a0el Maresme-F\u00f3rum (salida Rambla Prim)<br \/>\n<a href=\"https:\/\/www.tmb.cat\/es\/barcelona\/metro\/linies\" target=\"_blank\" rel=\"noopener noreferrer\">M\u00e1s informaci\u00f3n<\/a> sobre las l\u00edneas de metro<br \/>\n<strong>Aviso: L\u00ednea 4, entre la Pau y la Selva de Mar: este tramo estar\u00e1 fuera de servicio del 27 de julio al 22 de agosto, ambos incluidos, por obras de accesibilidad en la estaci\u00f3n de La Pau y mejoras en la infraestructura de la L4. Habr\u00e1 servicio alternativo de autobuses en las paradas afectadas.<\/strong><br \/>\n<\/span><\/li>\n<li><span style=\"color: #000000;\"><strong>Tranv\u00eda <\/strong>T4. Parada Maresme-F\u00f3rum<\/span><\/li>\n<li><span style=\"color: #000000;\"><strong>Bus <\/strong>H16 (parada F\u00f3rum), 7 parada Diagonal Mar, <a href=\"https:\/\/www.barcelonabusturistic.cat\/es\" target=\"_blank\" rel=\"noopener noreferrer\">bus tur\u00edstico<\/a> (ruta verde, funciona del 15\/4 al 25\/9), B20<br \/>\n<a href=\"https:\/\/www.tmb.cat\/es\/barcelona\/autobusos\/linies\" target=\"_blank\" rel=\"noopener noreferrer\">M\u00e1s informaci\u00f3n<\/a> l\u00edneas de bus<\/span><\/li>\n<li><span style=\"color: #000000;\"><strong>Coche <\/strong>aparcamientos m\u00e1s pr\u00f3ximos: en el mismo edificio F\u00f3rum y en el centro comercial Diagonal Mar<\/span><\/li>\n<li><span style=\"color: #000000;\"><strong>Bicing <\/strong>estaciones m\u00e1s pr\u00f3ximas: <a style=\"color: #000000;\" href=\"https:\/\/www.bicing.cat\/localizaciones\/localizaciones.php?TU5fTE9DQUxJWkFDSU9ORVM%3D&amp;MQ%3D%3D#anclamapa\">160-Av.Eduard Maristany, 1-F\u00f3rum<\/a><\/span><\/li>\n<\/ul>\n<p><strong>El Museo dispone de aparcamiento gratuito para bicicletas (30 plazas), en la misma puerta de entrada.<\/strong><\/p>\n","protected":false},"excerpt":{"rendered":"<p>Direcci\u00f3n Museu de Ci\u00e8ncies Naturals de Barcelona Plaza Leonardo da Vinci, 4-5 Parque del F\u00f3rum 08019 Barcelona Tel.: 932566002 E-mail: museuciencies@bcn.cat Transporte Metro L4 (l\u00ednea amarilla). Parada\u00a0el Maresme-F\u00f3rum (salida Rambla Prim) M\u00e1s informaci\u00f3n sobre las l\u00edneas de metro Aviso: L\u00ednea 4, entre la Pau y la Selva de Mar: este tramo estar\u00e1 fuera de servicio [&hellip;]<\/p>\n","protected":false},"author":3,"featured_media":0,"parent":12877,"menu_order":273,"comment_status":"closed","ping_status":"closed","template":"page-amb-mapa.php","meta":{"_acf_changed":false,"footnotes":""},"class_list":["post-12879","page","type-page","status-publish","hentry"],"acf":{"activeu_alerta":false,"text_alerta":"","arxius_adjunts":false,"boto_de_link_o_mail":false,"imatge_del_link":"https:\/\/museuciencies.cat\/wp-content\/uploads\/logo-blau1.png","imatge_llistat":false,"img_cap":7969,"links_associats":false,"link_manual":"http:\/\/goo.gl\/maps\/fLWmg","map":"Rambla de Prim, 2, 08019 Barcelona, Espa\u00f1a|41.41100212271001,2.221083641052246","nivell_de_zoom":"15","nou_carrusel":false,"presenta_fills":"no","tambe_us_pot_interessar":"","text_del_link":"Google Maps: Com arribar al Museu Blau","visible":true,"presenta_peu":false,"segona_part":""},"jetpack_sharing_enabled":true,"_links":{"self":[{"href":"https:\/\/museuciencies.cat\/es\/wp-json\/wp\/v2\/pages\/12879","targetHints":{"allow":["GET"]}}],"collection":[{"href":"https:\/\/museuciencies.cat\/es\/wp-json\/wp\/v2\/pages"}],"about":[{"href":"https:\/\/museuciencies.cat\/es\/wp-json\/wp\/v2\/types\/page"}],"author":[{"embeddable":true,"href":"https:\/\/museuciencies.cat\/es\/wp-json\/wp\/v2\/users\/3"}],"replies":[{"embeddable":true,"href":"https:\/\/museuciencies.cat\/es\/wp-json\/wp\/v2\/comments?post=12879"}],"version-history":[{"count":2,"href":"https:\/\/museuciencies.cat\/es\/wp-json\/wp\/v2\/pages\/12879\/revisions"}],"predecessor-version":[{"id":112155,"href":"https:\/\/museuciencies.cat\/es\/wp-json\/wp\/v2\/pages\/12879\/revisions\/112155"}],"up":[{"embeddable":true,"href":"https:\/\/museuciencies.cat\/es\/wp-json\/wp\/v2\/pages\/12877"}],"wp:attachment":[{"href":"https:\/\/museuciencies.cat\/es\/wp-json\/wp\/v2\/media?parent=12879"}],"curies":[{"name":"wp","href":"https:\/\/api.w.org\/{rel}","templated":true}]}}