{"id":12837,"date":"2014-01-31T09:40:17","date_gmt":"2014-01-31T09:40:17","guid":{"rendered":"http:\/\/museuciencies.cat\/colleccions-i-recerca\/col%c2%b7leccions\/col%c2%b7leccions-botaniques\/plantes\/"},"modified":"2019-11-27T09:41:19","modified_gmt":"2019-11-27T08:41:19","slug":"planta-viva","status":"publish","type":"page","link":"https:\/\/museuciencies.cat\/es\/area-cientifica\/colecciones\/colecciones-botanicas\/planta-viva\/","title":{"rendered":"Planta viva"},"content":{"rendered":"<p>El Jard\u00ed Bot\u00e0nic de Barcelona muestra una representaci\u00f3n de la vegetaci\u00f3n de clima mediterr\u00e1neo, caracterizado por una marcada estacionalidad d\u00f3nde los veranos son calurosos y secos, los inviernos son templados y las lluvias se concentran en la primavera y el oto\u00f1o.<\/p>\n<p><a href=\"http:\/\/museuciencies.cat\/wp-content\/uploads\/Colleccio_Planta_viva_csv.jpg\"><img loading=\"lazy\" decoding=\"async\" data-attachment-id=\"20560\" data-permalink=\"https:\/\/museuciencies.cat\/es\/area-cientifica\/colecciones\/colecciones-botanicas\/colleccio_planta_viva_csv-4\/\" data-orig-file=\"https:\/\/museuciencies.cat\/wp-content\/uploads\/Colleccio_Planta_viva_csv.jpg\" data-orig-size=\"3452,1872\" data-comments-opened=\"0\" data-image-meta=\"{&quot;aperture&quot;:&quot;0&quot;,&quot;credit&quot;:&quot;&quot;,&quot;camera&quot;:&quot;&quot;,&quot;caption&quot;:&quot;&quot;,&quot;created_timestamp&quot;:&quot;0&quot;,&quot;copyright&quot;:&quot;&quot;,&quot;focal_length&quot;:&quot;0&quot;,&quot;iso&quot;:&quot;0&quot;,&quot;shutter_speed&quot;:&quot;0&quot;,&quot;title&quot;:&quot;&quot;,&quot;orientation&quot;:&quot;1&quot;}\" data-image-title=\"Colleccio_Planta_viva_csv\" data-image-description=\"\" data-image-caption=\"\" data-medium-file=\"https:\/\/museuciencies.cat\/wp-content\/uploads\/Colleccio_Planta_viva_csv-615x333.jpg\" data-large-file=\"https:\/\/museuciencies.cat\/wp-content\/uploads\/Colleccio_Planta_viva_csv-1024x555.jpg\" class=\"alignnone wp-image-20560\" src=\"https:\/\/museuciencies.cat\/wp-content\/uploads\/\/Colleccio_Planta_viva_csv-615x333.jpg\" alt=\"Colleccio_Planta_viva_csv\" width=\"430\" height=\"233\" srcset=\"https:\/\/museuciencies.cat\/wp-content\/uploads\/Colleccio_Planta_viva_csv-615x333.jpg 615w, https:\/\/museuciencies.cat\/wp-content\/uploads\/Colleccio_Planta_viva_csv-1024x555.jpg 1024w\" sizes=\"auto, (max-width: 430px) 100vw, 430px\" \/><\/a><\/p>\n<p>La vegetaci\u00f3n mediterr\u00e1nea est\u00e1 considerada una de las m\u00e1s ricas en diversidad de especies. Se calcula que s\u00f3lo un 1,7% de las superficie emergente de la tierra presenta clima mediterr\u00e1neo. En cambio, la flora mediterr\u00e1nea contiene aproximadamente el 25% de las plantas conocidas. Actualmente la vegetaci\u00f3n mediterr\u00e1nea se considera seriamente amenazada principalmente por la acci\u00f3n del ser humano. Por esta raz\u00f3n, el Jard\u00edn Bot\u00e1nico de Barcelona tiene como objetivo principal conservar la biodiversidad de Catalun\u00f1a y la de los otros territorios mediterr\u00e1neos, y llevar a cabo una divulgaci\u00f3n cient\u00edfica para sensibilizar a la ciudadan\u00eda hacia el respecto al medio ambiente.<\/p>\n<p>La cuenca mediterr\u00e1nea no es la \u00fanica regi\u00f3n del mundo con clima mediterr\u00e1neo, sino que hay otras zonas del planeta, situadas entre latitud de 30\u00ba y 40\u00ba, en el hemisferio norte y sur, que tambi\u00e9n tienen clima mediterr\u00e1neo. Estas regiones son: California, Chile central, la zona m\u00e1s meridional del Sur de \u00c1frica, y el sur y sur-oeste del continente australiano.<\/p>\n<p>La similitud de paisajes entre estas zonas es la fuente de inspiraci\u00f3n del Jard\u00ed Bot\u00e0nic de Barcelona. En primer lugar, la vegetaci\u00f3n en el Jard\u00edn se ordena de acuerdo con la procedencia geogr\u00e1fica. En seg\u00fan lugar, se agrupa recreando de una manera artificial las formaciones paisaj\u00edsticas que se observan en la naturaleza, que reciben el nombre de fitoepisodios. Y para finalizar, los paisajes de bosques se representan en las zonas m\u00e1s elevadas del Jard\u00edn, mientras que las comunidades arbustivas se muestran en las zonas centrales y bajas.<\/p>\n","protected":false},"excerpt":{"rendered":"<p>El Jard\u00ed Bot\u00e0nic de Barcelona muestra una representaci\u00f3n de la vegetaci\u00f3n de clima mediterr\u00e1neo, caracterizado por una marcada estacionalidad d\u00f3nde los veranos son calurosos y secos, los inviernos son templados y las lluvias se concentran en la primavera y el oto\u00f1o. La vegetaci\u00f3n mediterr\u00e1nea est\u00e1 considerada una de las m\u00e1s ricas en diversidad de especies. [&hellip;]<\/p>\n","protected":false},"author":2,"featured_media":0,"parent":12834,"menu_order":0,"comment_status":"closed","ping_status":"closed","template":"page-fill-coleccions.php","meta":{"_acf_changed":false,"footnotes":""},"class_list":["post-12837","page","type-page","status-publish","hentry"],"acf":{"activeu_alerta":false,"arxius_adjunts":false,"boto_de_link_o_mail":false,"descripcio":"","imatge_llistat":false,"img_cap":6163,"links_associats":false,"llista_equip_museu":"","llista_fons":[{"titol":"Colecci\u00f3n de Planta Viva","link":"","descripcio":"<p>A diferencia de otros museos con colecciones inertes, las del Jard\u00edn Bot\u00e1nico muestran el constante dinamismo de una colecci\u00f3n de plantas vivas. Cada a\u00f1o se reproducen en los viveros y se plantan en el Jard\u00edn nuevas especies, y por el contrario, algunas no se adaptan bien al cultivo o a las caracter\u00edsticas del lugar donde se plantan y desaparecen de la colecci\u00f3n. Adem\u00e1s, las plantas cambian mucho a lo largo del a\u00f1o.<\/p>\n<p>El proyecto del Jard\u00ed Bot\u00e0nic de Barcelona prev\u00e9 llegar a representar <strong>4.000 especies<\/strong> mediterr\u00e1neas de todo el mundo.<\/p>\n<p>Actualmente la cifra total de especies representadas alcanza las<strong> 1.597<\/strong>. La cantidad de especies var\u00eda seg\u00fan la zona geogr\u00e1fica.<\/p>\n"},{"titol":"Colecci\u00f3n ex situ del Jard\u00edn","link":"","descripcio":"<div id=\"contingut\" class=\"pagina\">\n<p>Las colecciones de plantes mediterr\u00e1neas del Jard\u00ed Bot\u00e0nic de Barcelona son un excelente material para elaborar estudios de investigaci\u00f3n bot\u00e1nica relacionados con muchas disciplinas diferentes. Los principales estudios cient\u00edficos que relacionan las instituciones bot\u00e1nicas con el Jard\u00edn, est\u00e1n dirigidos a proporcionar informaci\u00f3n que ayude a resolver cuestiones de conservaci\u00f3n vegetal, como son estudios de biolog\u00eda reproductiva, an\u00e1lisis de diversidad gen\u00e9tica, din\u00e1mica de poblaciones o estudios de fisiolog\u00eda.<\/p>\n<p>El Jard\u00edn dipone de unos viveros e invernaderos para cultivar y mantener aquellas plantas de inter\u00e9s cient\u00edfico y educativo. Estas plantas cultivadas son introducidas en el Jard\u00edn en espacios de exposici\u00f3n, entre los cuales tienen un inter\u00e9s especial las rocallas, donde se muestran especies amenazadas. De esta manera, el Jard\u00edn sensibiliza al visitante hacia la importancia de las plantas y el respeto por el medio ambiente. Y entre otras informaciones, difunde cu\u00e1les son, y cu\u00e1l es el estado de conservaci\u00f3n de las especies amenazadas en Catalu\u00f1a y tambi\u00e9n explica cu\u00e1les son los proyectos que se est\u00e1n desarrollando y los resultado obtenidos.<\/p>\n<\/div>\n<p>&nbsp;<\/p>\n"}],"llista_investigadors":false,"llista_voluntaris":false,"nou_carrusel":false,"presenta_fills":"no","tambe_us_pot_interessar":"","text_alerta":"","text_fons_de_la_colleccio":"<p><span style=\"color: #ffffff;\">TXT<\/span><\/p>\n","text_fons_dingres":"","text_fons_documental":"","text_galeria_dimatges":"","text_guies_de_lectura":"","text_novetats_bibliografiques":"","text_preparacio_i_conservacio":"","tipologia_de_colaborador":false,"llista_estudiants":false,"presenta_peu":false},"jetpack_sharing_enabled":true,"_links":{"self":[{"href":"https:\/\/museuciencies.cat\/es\/wp-json\/wp\/v2\/pages\/12837","targetHints":{"allow":["GET"]}}],"collection":[{"href":"https:\/\/museuciencies.cat\/es\/wp-json\/wp\/v2\/pages"}],"about":[{"href":"https:\/\/museuciencies.cat\/es\/wp-json\/wp\/v2\/types\/page"}],"author":[{"embeddable":true,"href":"https:\/\/museuciencies.cat\/es\/wp-json\/wp\/v2\/users\/2"}],"replies":[{"embeddable":true,"href":"https:\/\/museuciencies.cat\/es\/wp-json\/wp\/v2\/comments?post=12837"}],"version-history":[{"count":0,"href":"https:\/\/museuciencies.cat\/es\/wp-json\/wp\/v2\/pages\/12837\/revisions"}],"up":[{"embeddable":true,"href":"https:\/\/museuciencies.cat\/es\/wp-json\/wp\/v2\/pages\/12834"}],"wp:attachment":[{"href":"https:\/\/museuciencies.cat\/es\/wp-json\/wp\/v2\/media?parent=12837"}],"curies":[{"name":"wp","href":"https:\/\/api.w.org\/{rel}","templated":true}]}}