{"id":12834,"date":"2014-07-16T08:50:35","date_gmt":"2014-07-16T08:50:35","guid":{"rendered":"http:\/\/museuciencies.cat\/colleccions-i-recerca\/col%c2%b7leccions\/col%c2%b7leccions-botaniques\/"},"modified":"2017-12-01T12:00:09","modified_gmt":"2017-12-01T10:00:09","slug":"colecciones-botanicas","status":"publish","type":"page","link":"https:\/\/museuciencies.cat\/es\/area-cientifica\/colecciones\/colecciones-botanicas\/","title":{"rendered":"Colecciones bot\u00e1nicas"},"content":{"rendered":"<p><span style=\"color: #000000;\"><a style=\"color: #000000;\" href=\"http:\/\/museuciencies.cat\/es\/area-cientifica\/col%C2%B7leccions\/col%C2%B7leccions-botaniques\/herbaris\/\"><strong>Las colecciones de herbario<\/strong><\/a>\u00a0 del Institut Bot\u00e0nic de Barcelona son referentes internacionales en el estudio del cambio clim\u00e1tico, de la evoluci\u00f3n de la flora, de la invasi\u00f3n de nuevas especies y de la regresi\u00f3n de la flora aut\u00f3ctona ante los cambios de usos del territorio y los cambios debidos a las oscilaciones del clima. Estas colecciones dibujan el proceso de conocimiento del mundo vegetal a lo largo del tiempo. El herbario participa en programas nacionales e internacionales de estudio de la fitodiversidad.<\/span><\/p>\n<p><span style=\"color: #000000;\"><a style=\"color: #000000;\" href=\"http:\/\/museuciencies.cat\/es\/area-cientifica\/col%C2%B7leccions\/col%C2%B7leccions-botaniques\/plantes\/\"><strong>Las colecciones de planta viva<\/strong><\/a><strong>\u00a0<\/strong><strong>y\u00a0<\/strong><a style=\"color: #000000;\" href=\"http:\/\/museuciencies.cat\/es\/area-cientifica\/col%C2%B7leccions\/col%C2%B7leccions-botaniques\/llavors\/\"><strong>de semillas<\/strong><\/a>\u00a0del Jard\u00ed Bot\u00e0nic tienen objetivos de conservaci\u00f3n de la biodiversidad de Catalu\u00f1a y de otros territorios de clima mediterr\u00e1neo, orientados a la preservaci\u00f3n gen\u00e9tica y al cultivo y reintroducci\u00f3n de especies amenazadas. Las colecciones reflejan el trabajo de conservaci\u00f3n de la flora amenazada que se desarrolla desde hace a\u00f1os. El Banco de Semillas participa en varios programas internacionales de conservaci\u00f3n y colabora con quince centros del \u00e1rea mediterr\u00e1nea.<\/span><\/p>\n","protected":false},"excerpt":{"rendered":"<p>Las colecciones de herbario\u00a0 del Institut Bot\u00e0nic de Barcelona son referentes internacionales en el estudio del cambio clim\u00e1tico, de la evoluci\u00f3n de la flora, de la invasi\u00f3n de nuevas especies y de la regresi\u00f3n de la flora aut\u00f3ctona ante los cambios de usos del territorio y los cambios debidos a las oscilaciones del clima. Estas [&hellip;]<\/p>\n","protected":false},"author":2,"featured_media":0,"parent":12832,"menu_order":163,"comment_status":"closed","ping_status":"closed","template":"page-fill-coleccions.php","meta":{"_acf_changed":false,"footnotes":""},"class_list":["post-12834","page","type-page","status-publish","hentry"],"acf":{"activeu_alerta":false,"arxius_adjunts":false,"boto_de_link_o_mail":false,"descripcio":"","imatge_llistat":false,"img_cap":7444,"links_associats":false,"llista_equip_museu":"","llista_fons":false,"llista_investigadors":false,"llista_voluntaris":false,"nou_carrusel":false,"presenta_fills":"no","tambe_us_pot_interessar":"","text_alerta":"","text_fons_de_la_colleccio":"","text_fons_dingres":"","text_fons_documental":"","text_galeria_dimatges":"","text_guies_de_lectura":"","text_novetats_bibliografiques":"","text_preparacio_i_conservacio":"","tipologia_de_colaborador":false,"llista_estudiants":false,"presenta_peu":false},"jetpack_sharing_enabled":true,"_links":{"self":[{"href":"https:\/\/museuciencies.cat\/es\/wp-json\/wp\/v2\/pages\/12834","targetHints":{"allow":["GET"]}}],"collection":[{"href":"https:\/\/museuciencies.cat\/es\/wp-json\/wp\/v2\/pages"}],"about":[{"href":"https:\/\/museuciencies.cat\/es\/wp-json\/wp\/v2\/types\/page"}],"author":[{"embeddable":true,"href":"https:\/\/museuciencies.cat\/es\/wp-json\/wp\/v2\/users\/2"}],"replies":[{"embeddable":true,"href":"https:\/\/museuciencies.cat\/es\/wp-json\/wp\/v2\/comments?post=12834"}],"version-history":[{"count":0,"href":"https:\/\/museuciencies.cat\/es\/wp-json\/wp\/v2\/pages\/12834\/revisions"}],"up":[{"embeddable":true,"href":"https:\/\/museuciencies.cat\/es\/wp-json\/wp\/v2\/pages\/12832"}],"wp:attachment":[{"href":"https:\/\/museuciencies.cat\/es\/wp-json\/wp\/v2\/media?parent=12834"}],"curies":[{"name":"wp","href":"https:\/\/api.w.org\/{rel}","templated":true}]}}