{"id":124396,"date":"2025-11-11T13:59:27","date_gmt":"2025-11-11T11:59:27","guid":{"rendered":"https:\/\/museuciencies.cat\/comunicacion\/premi-nat\/premi-nat-2025\/"},"modified":"2025-11-25T18:44:32","modified_gmt":"2025-11-25T16:44:32","slug":"premi-nat-2025","status":"publish","type":"page","link":"https:\/\/museuciencies.cat\/es\/comunicacion\/premi-nat\/premi-nat-2025\/","title":{"rendered":"Premio Nat 2025"},"content":{"rendered":"<p>El Premio Nat 2025 distingue a <a href=\"https:\/\/philipball.co.uk\/latest-books\/\" target=\"_blank\" rel=\"noopener\"><strong>Phillip Ball,<\/strong><\/a>, doctor en f\u00edsica, qu\u00edmico, escritor y divulgador cient\u00edfico. Ha sido editor de la revista <em>Nature<\/em> durante dos d\u00e9cadas. Es autor de una veintena de libros sobre ciencia y su interacci\u00f3n con otras disciplinas, como el arte, la historia, la sociolog\u00eda o la filosof\u00eda.<\/p>\n<p>La octava edici\u00f3n del Premio Nat inaugur\u00f3 los actos de la Bienal Ciudad y Ciencia, que estuvo centrada en las tecnolog\u00edas cu\u00e1nticas. El acto de entrega tuvo lugar en el Hivernacle del Parc de la Ciutadella el 18 de noviembre. Durante el evento, Philip Ball imparti\u00f3 la conferencia <em>100 a\u00f1os de mec\u00e1nica cu\u00e1ntica: \u00bfqu\u00e9 significa?<\/em><\/p>\n<p>M\u00f2nica Usart, f\u00edsica y meteor\u00f3loga de RAC1, condujo la presentaci\u00f3n.<\/p>\n<p>Presidieron el acto Jordi Valls, Teniente de Alcald\u00eda de Econom\u00eda, Hacienda, Promoci\u00f3n Econ\u00f3mica y Turismo; Joaquim Borr\u00e0s, Director de Patrimonio Cultural de la Generalitat de Catalu\u00f1a; Toni Pou, comisario de la Bienal Ciudad y Ciencia; y Carles Lalueza, director del Museo.<\/p>\n<p>&nbsp;<\/p>\n<p><iframe loading=\"lazy\" title=\"vimeo-player\" src=\"https:\/\/player.vimeo.com\/video\/1140177731?h=c0dec519dc\" width=\"640\" height=\"360\" frameborder=\"0\" allowfullscreen=\"allowfullscreen\"><\/iframe><\/p>\n<p>El Premio Nat, dotado con 5.000 \u20ac, distingue a personas o instituciones que se han convertido en referentes por su manera de mirar y explicar la naturaleza, porque han impulsado vocaciones cient\u00edficas, enriquecido el conocimiento y porque han contribuido de forma destacada a la conservaci\u00f3n de la naturaleza. Los anteriores ganadores del Premio Nat han sido: Frans de Waal, Elisabeth Rasekoala, Nalini Nadkarni, Enric Sala, Itsaso V\u00e9lez del Burgo y Ann Druyan.<\/p>\n<p>El <strong>Jurado<\/strong> del Premio Nat est\u00e1 formado por:<\/p>\n<ul>\n<li>M\u00f2nica Artigas, periodista, subdirectora del \u00e1rea de revistas National Geographic<\/li>\n<li>Carlota Bruna, influencer, activista del medio ambiente y de los derechos de los animales<\/li>\n<li>David Bueno, director de la C\u00e1tedra de Neuroeducaci\u00f3n de la Universidad de Barcelona<\/li>\n<li>Carles Lalueza, director del Museo de Ciencias Naturales de Barcelona e investigador del Instituto de Biolog\u00eda Evolutiva de Barcelona<\/li>\n<li>Gemma Marfany, catedr\u00e1tica de Gen\u00e9tica de la Universidad de Barcelona<\/li>\n<li>Juli Peret\u00f3, catedr\u00e1tico de Bioqu\u00edmica y Biolog\u00eda Molecular de la Universidad de Valencia<\/li>\n<\/ul>\n<h3>Philip Ball<\/h3>\n<p>1962, Newport, Reino Unido<\/p>\n<p>Philip Ball es qu\u00edmico, doctor en f\u00edsica, escritor y divulgador de la ciencia. Trabaj\u00f3 durante veinte a\u00f1os en la revista <strong><em>Nature<\/em><\/strong>, primero como editor de ciencias f\u00edsicas y despu\u00e9s como editor consultor. Philip Ball es reconocido por su habilidad excepcional para comunicar ideas complejas de manera accesible y creativa, y por la gran variedad de disciplinas que aborda: desde la f\u00edsica cu\u00e1ntica hasta la m\u00fasica, pasando por la biolog\u00eda, la historia y la filosof\u00eda.<\/p>\n<p>El divulgador ingl\u00e9s ha escrito m\u00e1s de una veintena de libros que tratan temas tan variados como la naturaleza del agua, la formaci\u00f3n de patrones en el mundo natural, el color en el arte, la cognici\u00f3n de la m\u00fasica, la biolog\u00eda molecular, la mec\u00e1nica cu\u00e1ntica, la curiosidad o la f\u00edsica en la Alemania nazi.<\/p>\n<p>Su libro Masa cr\u00edtica recibi\u00f3 el Premio Aventis de Libros de Ciencia en 2005 y obtuvo la Medalla Wilkins-Bernal-Medawar de la Royal Society por sus contribuciones a la historia, la filosof\u00eda o las funciones sociales de la ciencia en 2022.<\/p>\n","protected":false},"excerpt":{"rendered":"<p>El Premio Nat 2025 distingue a Phillip Ball,, doctor en f\u00edsica, qu\u00edmico, escritor y divulgador cient\u00edfico. Ha sido editor de la revista Nature durante dos d\u00e9cadas. Es autor de una veintena de libros sobre ciencia y su interacci\u00f3n con otras disciplinas, como el arte, la historia, la sociolog\u00eda o la filosof\u00eda. La octava edici\u00f3n del [&hellip;]<\/p>\n","protected":false},"author":2,"featured_media":0,"parent":72688,"menu_order":0,"comment_status":"closed","ping_status":"closed","template":"","meta":{"_acf_changed":false,"footnotes":""},"class_list":["post-124396","page","type-page","status-publish","hentry"],"acf":{"segona_part":"","tambe_us_pot_interessar":"","img_cap":54106,"presenta_peu":false,"imatge_llistat":false,"nou_carrusel":false,"boto_de_link_o_mail":false,"arxius_adjunts":false,"links_associats":false,"presenta_fills":"no","activeu_alerta":false,"text_alerta":""},"jetpack_sharing_enabled":true,"_links":{"self":[{"href":"https:\/\/museuciencies.cat\/es\/wp-json\/wp\/v2\/pages\/124396","targetHints":{"allow":["GET"]}}],"collection":[{"href":"https:\/\/museuciencies.cat\/es\/wp-json\/wp\/v2\/pages"}],"about":[{"href":"https:\/\/museuciencies.cat\/es\/wp-json\/wp\/v2\/types\/page"}],"author":[{"embeddable":true,"href":"https:\/\/museuciencies.cat\/es\/wp-json\/wp\/v2\/users\/2"}],"replies":[{"embeddable":true,"href":"https:\/\/museuciencies.cat\/es\/wp-json\/wp\/v2\/comments?post=124396"}],"version-history":[{"count":2,"href":"https:\/\/museuciencies.cat\/es\/wp-json\/wp\/v2\/pages\/124396\/revisions"}],"predecessor-version":[{"id":124398,"href":"https:\/\/museuciencies.cat\/es\/wp-json\/wp\/v2\/pages\/124396\/revisions\/124398"}],"up":[{"embeddable":true,"href":"https:\/\/museuciencies.cat\/es\/wp-json\/wp\/v2\/pages\/72688"}],"wp:attachment":[{"href":"https:\/\/museuciencies.cat\/es\/wp-json\/wp\/v2\/media?parent=124396"}],"curies":[{"name":"wp","href":"https:\/\/api.w.org\/{rel}","templated":true}]}}