{"id":120103,"date":"2025-05-16T12:11:55","date_gmt":"2025-05-16T10:11:55","guid":{"rendered":"https:\/\/museuciencies.cat\/el-nat\/las-sedes\/museo-de-ciencias-naturales-de-barcelona\/terrat-viu-2\/"},"modified":"2025-05-16T12:20:05","modified_gmt":"2025-05-16T10:20:05","slug":"terrat-viu-2","status":"publish","type":"page","link":"https:\/\/museuciencies.cat\/es\/el-nat\/las-sedes\/museo-de-ciencias-naturales-de-barcelona\/terrat-viu-2\/","title":{"rendered":"Terrado Vivo"},"content":{"rendered":"<h3>C\u00f3mo es?<\/h3>\n<p>Superficie total de la cubierta: 14.000 m\u00b2<br \/>\nTerrado vivo: 7.100 m\u00b2<\/p>\n<p>Las caracter\u00edsticas y la ubicaci\u00f3n de los edificios condicionan los tipos de plantas de las cubiertas verdes. El Terrado tiene una limitaci\u00f3n de peso, el mar est\u00e1 cerca y a menudo sopla el viento. Para no sobrepasar el peso establecido, se han seleccionado plantas herb\u00e1ceas que requieren poco grosor de tierra, evitando \u00e1rboles o vegetaci\u00f3n pesada.<\/p>\n<p>El Terrado Vivo tiene flora adaptada a las condiciones ambientales del Mediterr\u00e1neo, y en concreto de Barcelona y a la proximidad del mar.<\/p>\n<p>La cubierta del Museo es un laboratorio natural donde se pueden llevar a cabo investigaciones en distintos \u00e1mbitos de la ciencia. Por sus caracter\u00edsticas, pueden desarrollarse proyectos sobre agricultura, fauna, calidad del agua o cambio clim\u00e1tico, en un entorno controlado.<\/p>\n<p>Estos proyectos los desarrollan los equipos cient\u00edficos del Museo en colaboraci\u00f3n con otros centros de investigaci\u00f3n y universidades.<\/p>\n<h3>Informaci\u00f3n pr\u00e1ctica<\/h3>\n<ul>\n<li><strong>De octubre a febrero:<\/strong><\/li>\n<\/ul>\n<p>Fines de semana i festivos, de 11h a 15h.<\/p>\n<ul>\n<li><strong>De marzo a setiembre:<br \/>\n<\/strong>S\u00e1bados, de 11h a 15h.<br \/>\nDomingos y festivos, de 11h a 15h.<br \/>\nDomingos tarde (puertas abiertas), de 16h a 20h.<\/li>\n<\/ul>\n<p><strong>El precio est\u00e1 incluido<\/strong> en la entrada general del Museo.<\/p>\n","protected":false},"excerpt":{"rendered":"<p>C\u00f3mo es? Superficie total de la cubierta: 14.000 m\u00b2 Terrado vivo: 7.100 m\u00b2 Las caracter\u00edsticas y la ubicaci\u00f3n de los edificios condicionan los tipos de plantas de las cubiertas verdes. El Terrado tiene una limitaci\u00f3n de peso, el mar est\u00e1 cerca y a menudo sopla el viento. Para no sobrepasar el peso establecido, se han [&hellip;]<\/p>\n","protected":false},"author":2,"featured_media":0,"parent":12870,"menu_order":283,"comment_status":"closed","ping_status":"closed","template":"","meta":{"_acf_changed":false,"footnotes":""},"class_list":["post-120103","page","type-page","status-publish","hentry"],"acf":{"segona_part":"","tambe_us_pot_interessar":"","img_cap":120098,"presenta_peu":false,"imatge_llistat":false,"nou_carrusel":false,"boto_de_link_o_mail":false,"arxius_adjunts":false,"links_associats":false,"presenta_fills":"no","activeu_alerta":false,"text_alerta":""},"jetpack_sharing_enabled":true,"_links":{"self":[{"href":"https:\/\/museuciencies.cat\/es\/wp-json\/wp\/v2\/pages\/120103","targetHints":{"allow":["GET"]}}],"collection":[{"href":"https:\/\/museuciencies.cat\/es\/wp-json\/wp\/v2\/pages"}],"about":[{"href":"https:\/\/museuciencies.cat\/es\/wp-json\/wp\/v2\/types\/page"}],"author":[{"embeddable":true,"href":"https:\/\/museuciencies.cat\/es\/wp-json\/wp\/v2\/users\/2"}],"replies":[{"embeddable":true,"href":"https:\/\/museuciencies.cat\/es\/wp-json\/wp\/v2\/comments?post=120103"}],"version-history":[{"count":2,"href":"https:\/\/museuciencies.cat\/es\/wp-json\/wp\/v2\/pages\/120103\/revisions"}],"predecessor-version":[{"id":120105,"href":"https:\/\/museuciencies.cat\/es\/wp-json\/wp\/v2\/pages\/120103\/revisions\/120105"}],"up":[{"embeddable":true,"href":"https:\/\/museuciencies.cat\/es\/wp-json\/wp\/v2\/pages\/12870"}],"wp:attachment":[{"href":"https:\/\/museuciencies.cat\/es\/wp-json\/wp\/v2\/media?parent=120103"}],"curies":[{"name":"wp","href":"https:\/\/api.w.org\/{rel}","templated":true}]}}