{"id":120076,"date":"2025-05-16T10:54:40","date_gmt":"2025-05-16T08:54:40","guid":{"rendered":"https:\/\/museuciencies.cat\/el-nat\/las-sedes\/hivernacle\/informacio-practica\/"},"modified":"2025-05-16T12:04:17","modified_gmt":"2025-05-16T10:04:17","slug":"informacio-practica","status":"publish","type":"page","link":"https:\/\/museuciencies.cat\/es\/el-nat\/las-sedes\/hivernacle\/informacio-practica\/","title":{"rendered":"Informaci\u00f3n pr\u00e1ctica"},"content":{"rendered":"<h3>\u00bfC\u00f3mo llegar?<\/h3>\n<p>Passeig Picasso, 7<br \/>\nParc de la Ciutadella<br \/>\n08003 Barcelona<\/p>\n<p>E-mail:\u00a0<a href=\"mailto:museuciencies@bcn.cat\" target=\"_blank\" rel=\"noopener\">museuciencies@bcn.cat<\/a><\/p>\n<p>No se permite el acceso con animales de compa\u00f1\u00eda, ya que el Invernadero es un espacio patrimonial. S\u00ed se permite el acceso con perros gu\u00eda.<\/p>\n<p><strong>Transportes<\/strong><\/p>\n<ul>\n<li>Metro:<br \/>\nL4 Jaume I, Bogatell<br \/>\nL1 Arc de Triomf<\/li>\n<li>Tram<br \/>\nT4: Parada Marina<\/li>\n<li>Autob\u00fas<br \/>\nV19, H16, B20, B25<\/li>\n<li>Coche:<br \/>\nEl museo no dispone de aparcamiento propio. Aparcamientos m\u00e1s cercanos: passeig Llu\u00eds Companys, passeig del Born, plaza de la Catedral, avenida Camb\u00f3 y Via Laietana.<\/li>\n<li>Bicing<br \/>\nEstaciones m\u00e1s cercanas: passeig Llu\u00eds Companys-Parque de la Ciutadella, calle Comer\u00e7 y avenida Marqu\u00e8s de l\u2019Argentera (frente a la Estaci\u00f3n de Francia).<\/li>\n<\/ul>\n<h3>Horarios y precios<\/h3>\n<p>De lunes a domingo, de 10 a 20 h.<br \/>\nEntrada libre.<br \/>\nD\u00edas de cierre anual: 1 de enero y 25 de diciembre.<\/p>\n","protected":false},"excerpt":{"rendered":"<p>\u00bfC\u00f3mo llegar? Passeig Picasso, 7 Parc de la Ciutadella 08003 Barcelona E-mail:\u00a0museuciencies@bcn.cat No se permite el acceso con animales de compa\u00f1\u00eda, ya que el Invernadero es un espacio patrimonial. S\u00ed se permite el acceso con perros gu\u00eda. Transportes Metro: L4 Jaume I, Bogatell L1 Arc de Triomf Tram T4: Parada Marina Autob\u00fas V19, H16, B20, [&hellip;]<\/p>\n","protected":false},"author":2,"featured_media":0,"parent":120068,"menu_order":319,"comment_status":"closed","ping_status":"closed","template":"","meta":{"_acf_changed":false,"footnotes":""},"class_list":["post-120076","page","type-page","status-publish","hentry"],"acf":{"segona_part":"","tambe_us_pot_interessar":"","img_cap":118439,"presenta_peu":false,"imatge_llistat":false,"nou_carrusel":false,"boto_de_link_o_mail":false,"arxius_adjunts":false,"links_associats":false,"presenta_fills":"no","activeu_alerta":false,"text_alerta":""},"jetpack_sharing_enabled":true,"_links":{"self":[{"href":"https:\/\/museuciencies.cat\/es\/wp-json\/wp\/v2\/pages\/120076","targetHints":{"allow":["GET"]}}],"collection":[{"href":"https:\/\/museuciencies.cat\/es\/wp-json\/wp\/v2\/pages"}],"about":[{"href":"https:\/\/museuciencies.cat\/es\/wp-json\/wp\/v2\/types\/page"}],"author":[{"embeddable":true,"href":"https:\/\/museuciencies.cat\/es\/wp-json\/wp\/v2\/users\/2"}],"replies":[{"embeddable":true,"href":"https:\/\/museuciencies.cat\/es\/wp-json\/wp\/v2\/comments?post=120076"}],"version-history":[{"count":3,"href":"https:\/\/museuciencies.cat\/es\/wp-json\/wp\/v2\/pages\/120076\/revisions"}],"predecessor-version":[{"id":120084,"href":"https:\/\/museuciencies.cat\/es\/wp-json\/wp\/v2\/pages\/120076\/revisions\/120084"}],"up":[{"embeddable":true,"href":"https:\/\/museuciencies.cat\/es\/wp-json\/wp\/v2\/pages\/120068"}],"wp:attachment":[{"href":"https:\/\/museuciencies.cat\/es\/wp-json\/wp\/v2\/media?parent=120076"}],"curies":[{"name":"wp","href":"https:\/\/api.w.org\/{rel}","templated":true}]}}