{"id":114424,"date":"2021-06-23T11:17:55","date_gmt":"2021-06-23T10:17:55","guid":{"rendered":"https:\/\/museuciencies.cat\/comunicacion\/publicaciones\/divulgativas\/guia-de-roques\/"},"modified":"2025-08-22T11:35:26","modified_gmt":"2025-08-22T09:35:26","slug":"guia-de-roques","status":"publish","type":"page","link":"https:\/\/museuciencies.cat\/es\/comunicacion\/publicaciones\/divulgativas\/guia-de-roques\/","title":{"rendered":"Guia de rocas"},"content":{"rendered":"<p>La narrativa de las rocas y de nuestro planeta comienza mucho antes que nuestra propia historia. Con la \u201c<strong>Gu\u00eda de rocas: conocimientos b\u00e1sicos y actividades did\u00e1cticas<\/strong>\u201c, el Museu de Ci\u00e8ncies Naturals de Barcelona os invita a descubrir este fascinante mundo de una manera visual y divulgativa.<\/p>\n<p><img loading=\"lazy\" decoding=\"async\" data-attachment-id=\"114426\" data-permalink=\"https:\/\/museuciencies.cat\/es\/comunicacion\/publicaciones\/divulgativas\/guia-de-roques\/portada\/\" data-orig-file=\"https:\/\/museuciencies.cat\/wp-content\/uploads\/2024\/11\/Portada.png\" data-orig-size=\"641,904\" data-comments-opened=\"0\" data-image-meta=\"{&quot;aperture&quot;:&quot;0&quot;,&quot;credit&quot;:&quot;&quot;,&quot;camera&quot;:&quot;&quot;,&quot;caption&quot;:&quot;&quot;,&quot;created_timestamp&quot;:&quot;0&quot;,&quot;copyright&quot;:&quot;&quot;,&quot;focal_length&quot;:&quot;0&quot;,&quot;iso&quot;:&quot;0&quot;,&quot;shutter_speed&quot;:&quot;0&quot;,&quot;title&quot;:&quot;&quot;,&quot;orientation&quot;:&quot;0&quot;}\" data-image-title=\"Portada\" data-image-description=\"\" data-image-caption=\"\" data-medium-file=\"https:\/\/museuciencies.cat\/wp-content\/uploads\/2024\/11\/Portada-436x615.png\" data-large-file=\"https:\/\/museuciencies.cat\/wp-content\/uploads\/2024\/11\/Portada.png\" class=\"aligncenter size-medium wp-image-114426\" src=\"https:\/\/museuciencies.cat\/wp-content\/uploads\/2024\/11\/Portada-436x615.png\" alt=\"Portada de la Guia de rocas\" width=\"436\" height=\"615\" srcset=\"https:\/\/museuciencies.cat\/wp-content\/uploads\/2024\/11\/Portada-436x615.png 436w, https:\/\/museuciencies.cat\/wp-content\/uploads\/2024\/11\/Portada.png 641w\" sizes=\"auto, (max-width: 436px) 100vw, 436px\" \/><\/p>\n<p>La versi\u00f3n 2 de la gu\u00eda (revisada y ampliada) incluye:<\/p>\n<ul>\n<li>11 fichas de contenido introductorio<\/li>\n<li>41 fichas de rocas (15 sedimentarias, 16 \u00edgneas y 10 metam\u00f3rficas)<\/li>\n<li>17 fichas de minerales formadores<\/li>\n<li>un glosario<\/li>\n<li>una bibliograf\u00eda clasificada por edades<\/li>\n<li>actividades para educaci\u00f3n infantil y primaria (15 fichas y 24 complementos did\u00e1cticos)<\/li>\n<li>actividades para educaci\u00f3n secundaria (15 fichas y 31 complementos did\u00e1cticos)<\/li>\n<\/ul>\n<p>Gracias a esta gu\u00eda, el museo aporta recursos a todos aquellos profesionales de la educaci\u00f3n que quieran incorporar en su proceso de ense\u00f1anza-aprendizaje contenidos conceptuales y procedimentales relacionados con esta disciplina. La gu\u00eda abarca la importancia del trabajo de un ge\u00f3logo, qu\u00e9 es una roca, c\u00f3mo se clasifican, qu\u00e9 tipos podemos encontrar y su forma de estudio macrosc\u00f3pica y microsc\u00f3pica.<\/p>\n<p>&nbsp;<\/p>\n<p><strong>Descarga gratuita de la Gu\u00eda de Rocas:<\/strong><\/p>\n<ul>\n<li><a href=\"https:\/\/museuciencies.cat\/wp-content\/uploads\/2024\/11\/GUIAROCAS_0_Intro_BR.pdf\" target=\"_blank\" rel=\"noopener\">Introducci\u00f3n<\/a> (PDF 1 Mb)<\/li>\n<li><a href=\"https:\/\/museuciencies.cat\/wp-content\/uploads\/2024\/11\/GUIAROCAS_1_conocimientos_basicos_BR.pdf\" target=\"_blank\" rel=\"noopener\">Parte 1 \u2013 Conocimientos b\u00e1sicos sobre las rocas<\/a> (PDF 10,2 Mb)<\/li>\n<li><a href=\"https:\/\/museuciencies.cat\/wp-content\/uploads\/2025\/08\/GUIAROCAS_2a_actividades_primaria_BR.pdf\" target=\"_blank\" rel=\"noopener\">Parte 2 \u2013 Actividades: Actividades para primaria<\/a> (PDF 0,6 Mb)<\/li>\n<li><a href=\"https:\/\/museuciencies.cat\/wp-content\/uploads\/2024\/11\/GUIAROCAS_2a_CDA_primaria_BR.pdf\" target=\"_blank\" rel=\"noopener\">Parte 2 \u2013 Actividades: Complementos did\u00e1cticos de las actividades de primaria<\/a> (PDF 8,8 Mb)<\/li>\n<li><a href=\"https:\/\/museuciencies.cat\/wp-content\/uploads\/2025\/08\/GUIAROCAS_2a_actividades_secundaria_BR-1.pdf\" target=\"_blank\" rel=\"noopener\">Parte 2 \u2013 Actividades: Actividades para secundari<\/a>a (PDF 0,6 Mb)<\/li>\n<li><a href=\"https:\/\/museuciencies.cat\/wp-content\/uploads\/2024\/11\/GUIAROCAS_2b_CDA_secundaria_BR.pdf\" target=\"_blank\" rel=\"noopener\">Parte 2 \u2013 Actividades: Complementos did\u00e1cticos de las actividades de secundaria<\/a> (PDF 10,7 Mb)<\/li>\n<\/ul>\n<p>&nbsp;<\/p>\n","protected":false},"excerpt":{"rendered":"<p>La narrativa de las rocas y de nuestro planeta comienza mucho antes que nuestra propia historia. Con la \u201cGu\u00eda de rocas: conocimientos b\u00e1sicos y actividades did\u00e1cticas\u201c, el Museu de Ci\u00e8ncies Naturals de Barcelona os invita a descubrir este fascinante mundo de una manera visual y divulgativa. La versi\u00f3n 2 de la gu\u00eda (revisada y ampliada) [&hellip;]<\/p>\n","protected":false},"author":3,"featured_media":0,"parent":15409,"menu_order":111,"comment_status":"closed","ping_status":"closed","template":"","meta":{"_acf_changed":false,"footnotes":""},"class_list":["post-114424","page","type-page","status-publish","hentry"],"acf":{"tambe_us_pot_interessar":"","img_cap":79529,"presenta_peu":false,"imatge_llistat":false,"nou_carrusel":false,"boto_de_link_o_mail":false,"arxius_adjunts":false,"links_associats":false,"presenta_fills":"no","activeu_alerta":false,"text_alerta":"","segona_part":""},"jetpack_sharing_enabled":true,"_links":{"self":[{"href":"https:\/\/museuciencies.cat\/es\/wp-json\/wp\/v2\/pages\/114424","targetHints":{"allow":["GET"]}}],"collection":[{"href":"https:\/\/museuciencies.cat\/es\/wp-json\/wp\/v2\/pages"}],"about":[{"href":"https:\/\/museuciencies.cat\/es\/wp-json\/wp\/v2\/types\/page"}],"author":[{"embeddable":true,"href":"https:\/\/museuciencies.cat\/es\/wp-json\/wp\/v2\/users\/3"}],"replies":[{"embeddable":true,"href":"https:\/\/museuciencies.cat\/es\/wp-json\/wp\/v2\/comments?post=114424"}],"version-history":[{"count":7,"href":"https:\/\/museuciencies.cat\/es\/wp-json\/wp\/v2\/pages\/114424\/revisions"}],"predecessor-version":[{"id":121934,"href":"https:\/\/museuciencies.cat\/es\/wp-json\/wp\/v2\/pages\/114424\/revisions\/121934"}],"up":[{"embeddable":true,"href":"https:\/\/museuciencies.cat\/es\/wp-json\/wp\/v2\/pages\/15409"}],"wp:attachment":[{"href":"https:\/\/museuciencies.cat\/es\/wp-json\/wp\/v2\/media?parent=114424"}],"curies":[{"name":"wp","href":"https:\/\/api.w.org\/{rel}","templated":true}]}}