{"id":114155,"date":"2024-10-15T14:02:38","date_gmt":"2024-10-15T12:02:38","guid":{"rendered":"https:\/\/museuciencies.cat\/comunicacion\/premi-nat\/premi-nat-2024\/"},"modified":"2024-10-29T19:12:39","modified_gmt":"2024-10-29T17:12:39","slug":"premi-nat-2024","status":"publish","type":"page","link":"https:\/\/museuciencies.cat\/es\/comunicacion\/premi-nat\/edicions-anteriors\/premi-nat-2024\/","title":{"rendered":"Premio Nat 2024"},"content":{"rendered":"<p>La s\u00e9ptima edici\u00f3n del Premio Nat distingue a <strong>Ann Druyan<\/strong>, escritora, guionista, productora y directora audiovisual especializada en la divulgaci\u00f3n de la ciencia. Junto a su difunto marido, Carl Sagan, escribi\u00f3 la serie documental \u201cCosmos, un viaje personal\u201d (1980). A lo largo de su carrera ha colaborado estrechamente con proyectos para la NASA, ha publicado varios libros de divulgaci\u00f3n cient\u00edfica y ha sido reconocida como firme activista en defensa del planeta.<\/p>\n<p>El 23 de octubre tuvo lugar el acto de entrega del <strong>Premi Nat<\/strong> en el Museu de Ci\u00e8ncies Naturals de Barcelona. Durante la sesi\u00f3n, Ann Druyan imparti\u00f3 la conferencia \u00abEn la puerta de las estrella\u00bbs (en ingl\u00e9s con traducci\u00f3n simult\u00e1nea al catal\u00e1n).<\/p>\n<div style=\"padding: 56.25% 0 0 0; position: relative;\"><iframe style=\"position: absolute; top: 0; left: 0; width: 100%; height: 100%;\" title=\"Premi Nat 2024\" src=\"https:\/\/player.vimeo.com\/video\/1024434198?badge=0&amp;autopause=0&amp;player_id=0&amp;app_id=58479\" frameborder=\"0\"><\/iframe><\/div>\n<p><script src=\"https:\/\/player.vimeo.com\/api\/player.js\"><\/script><\/p>\n<p>El <strong>Premi Nat<\/strong> naci\u00f3 en 2018 para conmemorar el 140 aniversario del Museu de Ci\u00e8ncies Naturals de Barcelona. Se trata de un premio dotado con cinco mil euros que distingue a personas o instituciones que han aportado una nueva mirada a la divulgaci\u00f3n de las ciencias naturales y que han contribuido a la creaci\u00f3n de vocaciones cient\u00edficas y a la conservaci\u00f3n de la naturaleza. El Premi Nat se otorga anualmente a personas o instituciones del \u00e1mbito local o internacional.<\/p>\n<p>Para esta edici\u00f3n del Premi Nat se ha contado con la colaboraci\u00f3n de la <a href=\"https:\/\/fundaciorecerca.cat\/ca\/\" target=\"_blank\" rel=\"noopener\">Fundaci\u00f3 Catalana per a la Recerca i la Innovaci\u00f3<\/a>.<\/p>\n<p>El <strong>jurado<\/strong> del Premi Nat est\u00e1 formado por:<\/p>\n<ul>\n<li>M\u00f2nica Artigas, periodista, subdirectora del \u00c1rea de Revistas de National Geographic.<\/li>\n<li>Carlota Bruna, influencer, activista del medio ambiente y de los derechos de los animales.<\/li>\n<li>David Bueno, director de la C\u00e1tedra de Neuroeducaci\u00f3n de la Universitat de Barcelona.<\/li>\n<li>Carles Lalueza, director del Museu de Ci\u00e8ncies Naturals de Barcelona, investigador del Institut de Biologia Evolutiva de Barcelona.<\/li>\n<li>Gemma Marfany, catedr\u00e1tica de Gen\u00e9tica de la Universitat de Barcelona.<\/li>\n<li>Juli Peret\u00f3, catedr\u00e1tico de Bioqu\u00edmica y Biolog\u00eda Molecular de la Universitat de Val\u00e8ncia.<\/li>\n<\/ul>\n<p>&nbsp;<\/p>\n<h3>Ann Druyan<\/h3>\n<p>Nueva York, 1949<\/p>\n<p>Ann Druyan es escritora, guionista, activista, productora y directora audiovisual especializada en la divulgaci\u00f3n de la ciencia. Druyan fue durante diez a\u00f1os la secretaria electa de la Federation of American Scientists y empez\u00f3 su carrera de escritora con la publicaci\u00f3n de la novel\u00b7la A Famous Broken Heart. Fue la directora creativa del proyecto de mensajes interestelares Voyager de la NASA. Su misi\u00f3n consisti\u00f3 en compilar im\u00e1genes y sonidos representativos de la Tierra y la humanidad que todav\u00eda viajan en discos de oro en las naves no tripuladas Voyager 1 y Voyager 2, lanzadas en 1977. El contenido de los discos est\u00e1 destinado a informar a posibles civilizaciones extraterrestres sobre la cultura humana.<\/p>\n<p>Ann Druyan escribi\u00f3 con su difunto marido, Carl Sagan (1934-1996), la serie de televisi\u00f3n Cosmos: un viaje personal (1980), uno de los documentales cient\u00edficos de m\u00e1s \u00e9xito de la historia de la televisi\u00f3n y que marc\u00f3 a una generaci\u00f3n entera. Mereci\u00f3 los premios Peabody y Emmy, y se calcula que lo han visto 400 millones de personas en todo el mundo.<\/p>\n<p>El d\u00fao tambi\u00e9n coescribi\u00f3 seis best-sellers, como El Cometa, Sombras de antepasados olvidados, El mundo y sus demonios, Miles de millones y La diversidad de la ciencia. Adem\u00e1s, Druyan fue cocreadora y coproductora del largometraje de Warner Bros Contact, protagonizado por Jodie Foster y dirigido por Robert Zemeckis.<\/p>\n<p>La aventura de Cosmos no acab\u00f3 en la d\u00e9cada de los ochenta. Druyan impuls\u00f3 dos temporadas m\u00e1s: Cosmos: Una odisea de tiempo y espacio (2014) y Cosmos: Mundos posibles (2020). La divulgadora americana fue la principal productora ejecutiva, directora y coguionista de estas dos secuelas para las cadenas de televisi\u00f3n Fox y National Geographic. Como su predecesor, estos documentales cient\u00edficos fueron reconocidos con premios Emmy y Peabody, y vistos por cientos de millones de personas en todo el mundo. De la serie Cosmos: Mundos posibles se ha publicado un libro con el mismo t\u00edtulo. Actualmente, Ann Druyan est\u00e1 produciendo dos largometrajes y escribiendo sus memorias. En 2004, obtuvo el premio Richard Dawkins.<\/p>\n<p>A unos 320 millones de kil\u00f3metros de distancia de la Tierra hay un asteroide en \u00f3rbita perpetua con su nombre: Druyan 4970.<\/p>\n","protected":false},"excerpt":{"rendered":"<p>La s\u00e9ptima edici\u00f3n del Premio Nat distingue a Ann Druyan, escritora, guionista, productora y directora audiovisual especializada en la divulgaci\u00f3n de la ciencia. Junto a su difunto marido, Carl Sagan, escribi\u00f3 la serie documental \u201cCosmos, un viaje personal\u201d (1980). A lo largo de su carrera ha colaborado estrechamente con proyectos para la NASA, ha publicado [&hellip;]<\/p>\n","protected":false},"author":2,"featured_media":0,"parent":105034,"menu_order":0,"comment_status":"closed","ping_status":"closed","template":"","meta":{"_acf_changed":false,"footnotes":""},"class_list":["post-114155","page","type-page","status-publish","hentry"],"acf":{"segona_part":"","tambe_us_pot_interessar":"","img_cap":114101,"presenta_peu":false,"imatge_llistat":false,"nou_carrusel":false,"boto_de_link_o_mail":false,"arxius_adjunts":false,"links_associats":false,"presenta_fills":"no","activeu_alerta":false,"text_alerta":""},"jetpack_sharing_enabled":true,"_links":{"self":[{"href":"https:\/\/museuciencies.cat\/es\/wp-json\/wp\/v2\/pages\/114155","targetHints":{"allow":["GET"]}}],"collection":[{"href":"https:\/\/museuciencies.cat\/es\/wp-json\/wp\/v2\/pages"}],"about":[{"href":"https:\/\/museuciencies.cat\/es\/wp-json\/wp\/v2\/types\/page"}],"author":[{"embeddable":true,"href":"https:\/\/museuciencies.cat\/es\/wp-json\/wp\/v2\/users\/2"}],"replies":[{"embeddable":true,"href":"https:\/\/museuciencies.cat\/es\/wp-json\/wp\/v2\/comments?post=114155"}],"version-history":[{"count":3,"href":"https:\/\/museuciencies.cat\/es\/wp-json\/wp\/v2\/pages\/114155\/revisions"}],"predecessor-version":[{"id":114411,"href":"https:\/\/museuciencies.cat\/es\/wp-json\/wp\/v2\/pages\/114155\/revisions\/114411"}],"up":[{"embeddable":true,"href":"https:\/\/museuciencies.cat\/es\/wp-json\/wp\/v2\/pages\/105034"}],"wp:attachment":[{"href":"https:\/\/museuciencies.cat\/es\/wp-json\/wp\/v2\/media?parent=114155"}],"curies":[{"name":"wp","href":"https:\/\/api.w.org\/{rel}","templated":true}]}}