{"id":105288,"date":"2023-10-16T13:21:39","date_gmt":"2023-10-16T11:21:39","guid":{"rendered":"https:\/\/museuciencies.cat\/comunicacion\/premi-nat\/premi-nat-2023\/"},"modified":"2024-10-16T11:46:54","modified_gmt":"2024-10-16T09:46:54","slug":"premi-nat-2023","status":"publish","type":"page","link":"https:\/\/museuciencies.cat\/es\/comunicacion\/premi-nat\/edicions-anteriors\/premi-nat-2023\/","title":{"rendered":"Premio Nat 2023"},"content":{"rendered":"<p>La sexta edici\u00f3n del <strong>Premio Nat<\/strong> distingue a<strong>\u00a0Itsaso V\u00e9lez del Burgo<\/strong>, primat\u00f3loga y directora t\u00e9cnica del\u00a0 <a href=\"https:\/\/www.lwiroprimates.org\/\" target=\"_blank\" rel=\"noopener\"><strong>Centro de Rehabilitaci\u00f3n de Primates Lwiro (CRPL), <\/strong><\/a>en la Rep\u00fablica Democr\u00e1tica del Congo, por su dedicaci\u00f3n a la conservaci\u00f3n de los primates, actividad que desarrollo junto al trabajo humanitario en un pa\u00eds asolado por la guerra, el hambre y las persecuciones.<\/p>\n<p><iframe loading=\"lazy\" title=\"YouTube video player\" src=\"https:\/\/www.youtube.com\/embed\/dKVZguullIM?si=oAZxfsXT24eyC5Kv\" width=\"560\" height=\"315\" frameborder=\"0\" allowfullscreen=\"allowfullscreen\"><\/iframe><\/p>\n<p>El acto de entrega del galard\u00f3n\u00a0 se celebr\u00f3 el 25 de octubre de 2023 en el Museo de Ciencias Naturales de Barcelona. La galardonada imparti\u00f3 la conferencia \u00abDesaf\u00edos para la conservaci\u00f3n de los grandes simios en la Rep\u00fablica Democr\u00e1tica del Congo\u00bb.<\/p>\n<p style=\"text-align: center;\"><iframe loading=\"lazy\" title=\"vimeo-player\" src=\"https:\/\/player.vimeo.com\/video\/879316489?h=94686e79a3\" width=\"640\" height=\"360\" frameborder=\"0\" allowfullscreen=\"allowfullscreen\"><\/iframe><\/p>\n<p>El\u00a0<strong>Premio Nat<\/strong> naci\u00f3 en 2018 para conmemorar el 140.o aniversario del Museo. Se trata de un premio dotado con 5.000 \u20ac que distingue a personas o instituciones que han aportado una nueva mirada a la divulgaci\u00f3n de las ciencias naturales y han contribuido a la creaci\u00f3n de vocaciones cient\u00edficas y a la conservaci\u00f3n de la naturaleza. El Premio Nat se otorga anualmente a personas o instituciones del \u00e1mbito local o internacional.<\/p>\n<p>El\u00a0<strong>jurado<\/strong>\u00a0del premio est\u00e1 formado por:<\/p>\n<ul>\n<li><strong>M\u00f2nica Artigas<\/strong>, periodista, subdirectora del \u00c1rea de Revistas de National Geographic.<\/li>\n<li><strong>Carlota Bruna<\/strong>, influencer y activista del medio ambiente y de los derechos de los animales.<\/li>\n<li><strong>David Bueno<\/strong>, director de la C\u00e1tedra de Neuroeducaci\u00f3m de la Universidad de Barcelona.<\/li>\n<li><strong>Carles Lalueza<\/strong>, director del Museo de Ciencias Naturales de Barcelona e investigador del Instituto de Biolog\u00eda Evolutiva de Barcelona.<\/li>\n<li><strong>Gemma Marfany<\/strong>, catedr\u00e1tica de Gen\u00e9tica de la Universidad de Barcelona.<\/li>\n<li><strong>Juli Peret\u00f3<\/strong>, catedr\u00e1tico de Bioqu\u00edmica y Biolog\u00eda molecular de la Universidad de Val\u00e8ncia.<\/li>\n<\/ul>\n<p>&nbsp;<\/p>\n<h3>Itsaso V\u00e9lez del Burgo<\/h3>\n<p>Vitoria, 1984<\/p>\n<p>La ganadora del\u00a0Premio Nat 2023, Itsaso V\u00e9lez del Burgo, es actualmente la directora t\u00e9cnica del\u00a0 <a href=\"https:\/\/www.lwiroprimates.org\/\" target=\"_blank\" rel=\"noopener\"><strong>Centro de Rehabilitaci\u00f3n de Primates Lwiro (CRPL), <\/strong><\/a>situado en la Rep\u00fablica Democr\u00e1tica del Congo. Lleg\u00f3 en 2014 para realizar un voluntariado de seis meses y ya lleva nueve a\u00f1os trabajando en esta instituci\u00f3n, donde viven 127 chimpanc\u00e9s y 126 monos de 16 especies diferentes, adem\u00e1s de loros, tortugas y puercoespines.<\/p>\n<p>Itsaso V\u00e9lez del Burgo, se licenci\u00f3 en Ciencias Ambientales por la Universidad de Barcelona (UB) y, posteriormente, realiz\u00f3 el M\u00e1ster en Primatolog\u00eda de la Facultad de Psicolog\u00eda, tambi\u00e9n en la UB. Desde muy peque\u00f1a ya era muy sensible a todo tipo de animales, buscaba insectos en dificultades para salvarlos y so\u00f1aba que de mayor trabajar\u00eda con animales; todos le parec\u00edan interesantes. Al acabar los estudios en Barcelona, viaj\u00f3 a M\u00e9xico, al Centro de Investigaci\u00f3n Tropical de la Universidad de Veracruz, para realizar una investigaci\u00f3n sobre monas aulladoras (2011-2012) y, m\u00e1s tarde, se desplaz\u00f3 a las monta\u00f1as Nimba, en la Rep\u00fablica de Guinea, para estudiar el comportamiento de chimpanc\u00e9s salvajes (2012-2013) para el Instituto de Investigaci\u00f3n de Primates de la Universidad de Kioto (KUPRI).<\/p>\n<p>El Centro de Rehabilitaci\u00f3n de Primates Lwiro est\u00e1 situado en el este de la Rep\u00fablica del Congo, solo a cuatro kil\u00f3metros del Parque Nacional Kahuzi-Biega. Este parque es uno de los sitios m\u00e1s importantes del mundo en cuanto a la conservaci\u00f3n del chimpanc\u00e9 oriental y, al mismo tiempo, es una de las zonas m\u00e1s violentas y conflictivas del planeta a causa de segunda guerra congole\u00f1a. Este conflicto b\u00e9lico (1998-2004) provoc\u00f3 que las armas y la pobreza se multiplicaran en un territorio gigantesco donde el Estado no tiene capacidad para defender los espacios naturales protegidos, y cre\u00f3 un escenario ideal para la caza furtiva y el tr\u00e1fico ilegal de mascotas. Para dar respuesta a esta situaci\u00f3n, el Centro de Rehabilitaci\u00f3n de Primates Lwiro fue fundado en 2002 por dos instituciones congole\u00f1as: el Instituto Congole\u00f1o para la Conservaci\u00f3n de la Naturaleza (ICCN) y el Centro de Investigaci\u00f3n en Ciencias Naturales (CRSN).<\/p>\n<p>Las biograf\u00edas de los chimpanc\u00e9s y otros primates que llegan al CRPL son muy similares: los cazadores furtivos matan los ejemplares adultos para traficar con su carne y venden las cr\u00edas al mercado internacional para ser utilizadas en la industria del espect\u00e1culo, en laboratorios y en zoos, o como mascotas.<\/p>\n<p>V\u00e9lez del Burgo se ocupa del seguimiento del comportamiento de los primates, participa en varios proyectos de investigaci\u00f3n, recauda fondos para el santuario y se encarga de la gesti\u00f3n econ\u00f3mica, la difusi\u00f3n y la gesti\u00f3n de la plantilla formada por cincuenta y cinco personas, de las cuales solo tres son expatriadas. El centro ha creado un programa de desarrollo humano dedicado a la conservaci\u00f3n de los grandes simios, porque, tal y como indica la web del CRPL, no se pueden cuidar los animales sin cuidar de la poblaci\u00f3n humana local, muy afectada por la violencia y la pobreza. Para poner un ejemplo, mujeres v\u00edctimas de violaciones han podido recuperarse de su trauma haci\u00e9ndose cargo de los beb\u00e9s primates, que, como los beb\u00e9s humanos, necesitan los cuidados de una madre las veinticuatro horas del d\u00eda durante los primeros a\u00f1os de vida. Esto es lo que retrata el documental <em>Mama<\/em>, rodado en el Centro de Rehabilitaci\u00f3n de Primates Lwiro y premiado en 2022 con el Premio Goya al mejor cortometraje documental. Tambi\u00e9n el a\u00f1o pasado, la revista <strong>National Geographic<\/strong> public\u00f3 un extenso reportaje sobre el importante trabajo que realiza el CRPL para dar segundas oportunidades a los animales y a las personas.<\/p>\n","protected":false},"excerpt":{"rendered":"<p>La sexta edici\u00f3n del Premio Nat distingue a\u00a0Itsaso V\u00e9lez del Burgo, primat\u00f3loga y directora t\u00e9cnica del\u00a0 Centro de Rehabilitaci\u00f3n de Primates Lwiro (CRPL), en la Rep\u00fablica Democr\u00e1tica del Congo, por su dedicaci\u00f3n a la conservaci\u00f3n de los primates, actividad que desarrollo junto al trabajo humanitario en un pa\u00eds asolado por la guerra, el hambre y [&hellip;]<\/p>\n","protected":false},"author":2,"featured_media":0,"parent":105034,"menu_order":0,"comment_status":"closed","ping_status":"closed","template":"","meta":{"_acf_changed":false,"footnotes":""},"class_list":["post-105288","page","type-page","status-publish","hentry"],"acf":{"segona_part":"","tambe_us_pot_interessar":"","img_cap":105058,"presenta_peu":false,"imatge_llistat":false,"nou_carrusel":false,"boto_de_link_o_mail":false,"arxius_adjunts":false,"links_associats":false,"presenta_fills":"no","activeu_alerta":false,"text_alerta":""},"jetpack_sharing_enabled":true,"_links":{"self":[{"href":"https:\/\/museuciencies.cat\/es\/wp-json\/wp\/v2\/pages\/105288","targetHints":{"allow":["GET"]}}],"collection":[{"href":"https:\/\/museuciencies.cat\/es\/wp-json\/wp\/v2\/pages"}],"about":[{"href":"https:\/\/museuciencies.cat\/es\/wp-json\/wp\/v2\/types\/page"}],"author":[{"embeddable":true,"href":"https:\/\/museuciencies.cat\/es\/wp-json\/wp\/v2\/users\/2"}],"replies":[{"embeddable":true,"href":"https:\/\/museuciencies.cat\/es\/wp-json\/wp\/v2\/comments?post=105288"}],"version-history":[{"count":1,"href":"https:\/\/museuciencies.cat\/es\/wp-json\/wp\/v2\/pages\/105288\/revisions"}],"predecessor-version":[{"id":114157,"href":"https:\/\/museuciencies.cat\/es\/wp-json\/wp\/v2\/pages\/105288\/revisions\/114157"}],"up":[{"embeddable":true,"href":"https:\/\/museuciencies.cat\/es\/wp-json\/wp\/v2\/pages\/105034"}],"wp:attachment":[{"href":"https:\/\/museuciencies.cat\/es\/wp-json\/wp\/v2\/media?parent=105288"}],"curies":[{"name":"wp","href":"https:\/\/api.w.org\/{rel}","templated":true}]}}