{"id":105172,"date":"2023-10-18T13:10:25","date_gmt":"2023-10-18T11:10:25","guid":{"rendered":"https:\/\/museuciencies.cat\/el-nat\/las-sedes\/centro-martorell-de-exposiciones\/informacion-practica\/com-arribar-hi\/"},"modified":"2024-01-24T15:12:09","modified_gmt":"2024-01-24T13:12:09","slug":"com-arribar-hi","status":"publish","type":"page","link":"https:\/\/museuciencies.cat\/es\/el-nat\/las-sedes\/centro-martorell-de-exposiciones\/informacion-practica\/com-arribar-hi\/","title":{"rendered":"C\u00f3mo llegar"},"content":{"rendered":"<h3><span style=\"color: #000000;\">Direcci\u00f3n<\/span><\/h3>\n<p><strong>Centro Martorell de Exposiciones<\/strong><\/p>\n<p><span style=\"color: #000000;\">Passeig Picasso, 9<br \/>\n<\/span><span style=\"color: #000000;\">Parc de la Ciutadella<\/span><br \/>\n<span style=\"color: #000000;\"> 08003 Barcelona<br \/>\nTel.: 934132293<\/span><br \/>\n<span style=\"color: #000000;\">E-mail: <a style=\"color: #000000;\" href=\"mailto:museuciencies@bcn.cat\">museuciencies@bcn.cat<\/a><\/span><\/p>\n<h4><span style=\"color: #000000;\">Transportes<\/span><\/h4>\n<p dir=\"ltr\"><span style=\"color: #000000;\"><strong>Metro<\/strong><\/span><\/p>\n<p dir=\"ltr\"><span style=\"color: #000000;\">L4 Jaume I\u00a0 ; Bogatell<\/span><br \/>\n<span style=\"color: #000000;\"> L1 Arc de Triomf<\/span><\/p>\n<p dir=\"ltr\"><span style=\"color: #000000;\"><strong>Tram<\/strong><\/span><\/p>\n<p dir=\"ltr\"><span style=\"color: #000000;\">T4: Parada Marina<\/span><\/p>\n<p dir=\"ltr\"><span style=\"color: #000000;\"><strong>Autob\u00fas<\/strong><\/span><\/p>\n<p dir=\"ltr\"><span style=\"color: #000000;\">V19, H16, B20, B25<\/span><\/p>\n<p dir=\"ltr\"><span style=\"color: #000000;\"><strong>Coche<\/strong><\/span><\/p>\n<p><span style=\"color: #000000;\">El Museo no dispone de aparcamiento propio. Aparcamientos m\u00e1s pr\u00f3ximos: paseo Llu\u00eds Companys, paseo del Born, plaza de la Catedral, avenida Camb\u00f3 y Via Laietana.<\/span><\/p>\n<p><span style=\"color: #000000;\"><strong>Bicing<\/strong><\/span><\/p>\n<p><span style=\"color: #000000;\">Estaciones m\u00e1s pr\u00f3ximas: paseo Llu\u00eds Companys-parque de la Ciutadella, calle Comer\u00e7 y avenida Marqu\u00e8s de l&#8217;Argentera (frente a la Estaci\u00f3 de Fran\u00e7a).<\/span><\/p>\n","protected":false},"excerpt":{"rendered":"<p>Direcci\u00f3n Centro Martorell de Exposiciones Passeig Picasso, 9 Parc de la Ciutadella 08003 Barcelona Tel.: 934132293 E-mail: museuciencies@bcn.cat Transportes Metro L4 Jaume I\u00a0 ; Bogatell L1 Arc de Triomf Tram T4: Parada Marina Autob\u00fas V19, H16, B20, B25 Coche El Museo no dispone de aparcamiento propio. Aparcamientos m\u00e1s pr\u00f3ximos: paseo Llu\u00eds Companys, paseo del Born, [&hellip;]<\/p>\n","protected":false},"author":2,"featured_media":0,"parent":14078,"menu_order":0,"comment_status":"closed","ping_status":"closed","template":"","meta":{"_acf_changed":false,"footnotes":""},"class_list":["post-105172","page","type-page","status-publish","hentry"],"acf":{"segona_part":"","tambe_us_pot_interessar":"","img_cap":75660,"presenta_peu":false,"imatge_llistat":false,"nou_carrusel":false,"boto_de_link_o_mail":false,"arxius_adjunts":false,"links_associats":false,"presenta_fills":"no","activeu_alerta":false,"text_alerta":""},"jetpack_sharing_enabled":true,"_links":{"self":[{"href":"https:\/\/museuciencies.cat\/es\/wp-json\/wp\/v2\/pages\/105172","targetHints":{"allow":["GET"]}}],"collection":[{"href":"https:\/\/museuciencies.cat\/es\/wp-json\/wp\/v2\/pages"}],"about":[{"href":"https:\/\/museuciencies.cat\/es\/wp-json\/wp\/v2\/types\/page"}],"author":[{"embeddable":true,"href":"https:\/\/museuciencies.cat\/es\/wp-json\/wp\/v2\/users\/2"}],"replies":[{"embeddable":true,"href":"https:\/\/museuciencies.cat\/es\/wp-json\/wp\/v2\/comments?post=105172"}],"version-history":[{"count":1,"href":"https:\/\/museuciencies.cat\/es\/wp-json\/wp\/v2\/pages\/105172\/revisions"}],"predecessor-version":[{"id":108204,"href":"https:\/\/museuciencies.cat\/es\/wp-json\/wp\/v2\/pages\/105172\/revisions\/108204"}],"up":[{"embeddable":true,"href":"https:\/\/museuciencies.cat\/es\/wp-json\/wp\/v2\/pages\/14078"}],"wp:attachment":[{"href":"https:\/\/museuciencies.cat\/es\/wp-json\/wp\/v2\/media?parent=105172"}],"curies":[{"name":"wp","href":"https:\/\/api.w.org\/{rel}","templated":true}]}}