{"id":81594,"date":"2021-10-14T15:04:36","date_gmt":"2021-10-14T14:04:36","guid":{"rendered":"https:\/\/museuciencies.cat\/communication\/nat-award\/premi-nat-2021\/"},"modified":"2022-04-27T10:22:35","modified_gmt":"2022-04-27T08:22:35","slug":"premi-nat-2021","status":"publish","type":"page","link":"https:\/\/museuciencies.cat\/en\/communication\/nat-award\/edicions-anteriors\/premi-nat-2021\/","title":{"rendered":"Nat Award 2021"},"content":{"rendered":"<p>In this fourth edition, the jury decided to award the Nat 2021 Prize to<strong> Nalini Nadkarni, <\/strong>for her enthusiastic work in research and dissemination of biodiversity and the environment, focused on the study and defence of forests around the world; and for the creation of original communication and educational tools aimed at all areas of society that also address gender issues and groups at risk of exclusion.<\/p>\n<div id=\"attachment_89578\" style=\"width: 625px\" class=\"wp-caption aligncenter\"><img loading=\"lazy\" decoding=\"async\" aria-describedby=\"caption-attachment-89578\" data-attachment-id=\"89578\" data-permalink=\"https:\/\/museuciencies.cat\/en\/communication\/nat-award\/edicions-anteriors\/premi-nat-2021\/preminat-2021_044-2\/\" data-orig-file=\"https:\/\/museuciencies.cat\/wp-content\/uploads\/2022\/04\/PREMINAT-2021_044-scaled.jpg\" data-orig-size=\"2560,1707\" data-comments-opened=\"0\" data-image-meta=\"{&quot;aperture&quot;:&quot;0&quot;,&quot;credit&quot;:&quot;Enric Gracia Molina&quot;,&quot;camera&quot;:&quot;&quot;,&quot;caption&quot;:&quot;&quot;,&quot;created_timestamp&quot;:&quot;1635358753&quot;,&quot;copyright&quot;:&quot;&quot;,&quot;focal_length&quot;:&quot;0&quot;,&quot;iso&quot;:&quot;0&quot;,&quot;shutter_speed&quot;:&quot;0&quot;,&quot;title&quot;:&quot;&quot;,&quot;orientation&quot;:&quot;0&quot;}\" data-image-title=\"PREMINAT 2021_044\" data-image-description=\"\" data-image-caption=\"&lt;p&gt;Acte de lliurament del Premi Nat 2021. D&#8217;esquerre a dreta: Anna Omedes, directora del MCNB, Ada Colau, alcaldessa de Barcelona i Nalini Nadkarni, guardonada PremiNat 2021&lt;\/p&gt;\n\" data-medium-file=\"https:\/\/museuciencies.cat\/wp-content\/uploads\/2022\/04\/PREMINAT-2021_044-615x410.jpg\" data-large-file=\"https:\/\/museuciencies.cat\/wp-content\/uploads\/2022\/04\/PREMINAT-2021_044-1024x683.jpg\" class=\"wp-image-89578 size-medium\" src=\"https:\/\/museuciencies.cat\/wp-content\/uploads\/2022\/04\/PREMINAT-2021_044-615x410.jpg\" alt=\" Nat 2021 Award Ceremony. From left to right: Anna Omedes, director of the MCNB, Ada Colau, Mayor of Barcelona and Nalini Nadkarni, winner of the 2021 PremiNat Award\" width=\"615\" height=\"410\" srcset=\"https:\/\/museuciencies.cat\/wp-content\/uploads\/2022\/04\/PREMINAT-2021_044-615x410.jpg 615w, https:\/\/museuciencies.cat\/wp-content\/uploads\/2022\/04\/PREMINAT-2021_044-1024x683.jpg 1024w, https:\/\/museuciencies.cat\/wp-content\/uploads\/2022\/04\/PREMINAT-2021_044-768x512.jpg 768w, https:\/\/museuciencies.cat\/wp-content\/uploads\/2022\/04\/PREMINAT-2021_044-1536x1024.jpg 1536w, https:\/\/museuciencies.cat\/wp-content\/uploads\/2022\/04\/PREMINAT-2021_044-2048x1365.jpg 2048w\" sizes=\"auto, (max-width: 615px) 100vw, 615px\" \/><p id=\"caption-attachment-89578\" class=\"wp-caption-text\">Nat 2021 Award Ceremony. From left to right: Anna Omedes, director of the MCNB, Ada Colau, Mayor of Barcelona and Nalini Nadkarni, winner of the 2021 PremiNat Award<\/p><\/div>\n<h3>Nat Honourable Mention 2021<\/h3>\n<p>Centre Excursionista de Catalunya (Hiking Club of Catalonia) and the Instituci\u00f3 Catalana d\u2019Hist\u00f2ria Natural (Catalan Institute of Natural History), for their great academic and educational work with the general public on the understanding, exploration, research, and dissemination of natural sciences and the preservation of the environment. A task begun in the 19th century, successfully continued to the present day, and which has made a decisive contribution to the history of the Museu de Ci\u00e8ncies Naturals de Barcelona (Barcelona Museum of Natural Sciences).<\/p>\n<p>&nbsp;<\/p>\n<p><strong>The Nat Award jury was formed by:<\/strong><\/p>\n<ul>\n<li>Dacha Atienza, head of collections &amp; research at the Barcelona Museum of Natural Sciences.<\/li>\n<li>Mara Dierssen, neurobiologist and science communicator.<\/li>\n<li>Mart\u00ed Dom\u00ednguez, biologist and director of the scientific journal M\u00e8tode.<\/li>\n<li>Xavier Duran, writer and journalist with TV3.<\/li>\n<li>Teresa Garnatje, director of the Institut Bot\u00e0nic de Barcelona (Botanical Institute of Barcelona).<\/li>\n<li>Anna Omedes, director of the Barcelona Museum of Natural Sciences.<\/li>\n<li>Joandom\u00e8nec Ros, Professor of Ecology at the University of Barcelona.<\/li>\n<\/ul>\n<p>&nbsp;<\/p>\n<p>This year&#8217;s winner, Nalini Nadkarni, biologist, ecologist and activist, gave the lecture &#8220;Weaving a tapestry of science, nature, and people to protect our one Earth&#8221;.<\/p>\n<p>You can follow the event and the conference live on the <a href=\"https:\/\/nattv.museuciencies.cat\/programes\/premi-nat-2021\/#modal\" target=\"_blank\" rel=\"noopener\">NatTV channel.<\/a><\/p>\n<p>More information: <a href=\"https:\/\/museuciencies.cat\/wp-content\/uploads\/2021\/10\/Dossier_premsa_PremiNat_2021_angles.pdf\" target=\"_blank\" rel=\"noopener\">Press kit<\/a><\/p>\n","protected":false},"excerpt":{"rendered":"<p>In this fourth edition, the jury decided to award the Nat 2021 Prize to Nalini Nadkarni, for her enthusiastic work in research and dissemination of biodiversity and the environment, focused on the study and defence of forests around the world; and for the creation of original communication and educational tools aimed at all areas of [&hellip;]<\/p>\n","protected":false},"author":2,"featured_media":0,"parent":105035,"menu_order":13,"comment_status":"closed","ping_status":"closed","template":"","meta":{"_acf_changed":false,"footnotes":""},"class_list":["post-81594","page","type-page","status-publish","hentry"],"acf":{"tambe_us_pot_interessar":"","img_cap":81133,"presenta_peu":false,"imatge_llistat":false,"nou_carrusel":false,"boto_de_link_o_mail":false,"arxius_adjunts":false,"links_associats":false,"presenta_fills":"no","activeu_alerta":false,"text_alerta":""},"jetpack_sharing_enabled":true,"_links":{"self":[{"href":"https:\/\/museuciencies.cat\/en\/wp-json\/wp\/v2\/pages\/81594","targetHints":{"allow":["GET"]}}],"collection":[{"href":"https:\/\/museuciencies.cat\/en\/wp-json\/wp\/v2\/pages"}],"about":[{"href":"https:\/\/museuciencies.cat\/en\/wp-json\/wp\/v2\/types\/page"}],"author":[{"embeddable":true,"href":"https:\/\/museuciencies.cat\/en\/wp-json\/wp\/v2\/users\/2"}],"replies":[{"embeddable":true,"href":"https:\/\/museuciencies.cat\/en\/wp-json\/wp\/v2\/comments?post=81594"}],"version-history":[{"count":0,"href":"https:\/\/museuciencies.cat\/en\/wp-json\/wp\/v2\/pages\/81594\/revisions"}],"up":[{"embeddable":true,"href":"https:\/\/museuciencies.cat\/en\/wp-json\/wp\/v2\/pages\/105035"}],"wp:attachment":[{"href":"https:\/\/museuciencies.cat\/en\/wp-json\/wp\/v2\/media?parent=81594"}],"curies":[{"name":"wp","href":"https:\/\/api.w.org\/{rel}","templated":true}]}}