{"id":15992,"date":"2014-01-31T08:41:41","date_gmt":"2014-01-31T08:41:41","guid":{"rendered":"http:\/\/museuciencies.cat\/qui-som\/forman-part\/promotors-col%c2%b7labordors-i-patrocinadors\/"},"modified":"2024-10-16T11:35:44","modified_gmt":"2024-10-16T09:35:44","slug":"promoters-collaborators-and-sponsors","status":"publish","type":"page","link":"https:\/\/museuciencies.cat\/en\/the-nat\/who-we-are\/be-a-part-of-the-museum\/promoters-collaborators-and-sponsors\/","title":{"rendered":"Promoters, collaborators and sponsors"},"content":{"rendered":"<p>Thanks to your support we are able to show and share our collections, and to carry out activities with, and for, the public, with the aim of disseminating the natural sciences and encouraging society to commit to conserving our natural heritage.<\/p>\n<h3>How can you collaborate?<\/h3>\n<p>You can collaborate on a specific project or in a specific programme of activities through various different forms of patronage and sponsorship that we propose: as a promoter, collaborator or sponsor. For further information, please contact us at:\u00a0<span style=\"color: #000000;\"><a style=\"color: #000000;\" href=\"mailto:museuciencies@bcn.cat\">museuciencies@bcn.cat<\/a><\/span><\/p>\n<h3>Entities that support us<\/h3>\n<h4>Collaborating entities<\/h4>\n<h4><\/h4>\n<div id=\"attachment_8885\" style=\"width: 140px\" class=\"wp-caption alignnone\"><a style=\"color: #000000;\" title=\"Web de l'Institut Catal+a d'Ornitologia\" href=\"http:\/\/www.ornitologia.org\/ca\/\" target=\"_blank\" rel=\"noopener\"><img loading=\"lazy\" decoding=\"async\" aria-describedby=\"caption-attachment-8885\" class=\"wp-image-8885 size-full\" src=\"https:\/\/museuciencies.cat\/wp-content\/uploads\/Logo-institut-ornitologia.jpg\" alt=\"\" width=\"130\" height=\"130\" \/><\/a><p id=\"caption-attachment-8885\" class=\"wp-caption-text\">Institut Catal\u00e0 d&#8217;Ornitologia<\/p><\/div>\n<div id=\"attachment_8889\" style=\"width: 143px\" class=\"wp-caption alignnone\"><a style=\"color: #000000;\" title=\"Web de la societat Catalana d'Herpetologia\" href=\"https:\/\/soccatherp.org\/\" target=\"_blank\" rel=\"noopener\"><img loading=\"lazy\" decoding=\"async\" aria-describedby=\"caption-attachment-8889\" class=\"wp-image-8889\" src=\"http:\/\/museuciencies.cat\/wp-content\/uploads\/Logo-societat-herpetologia.jpg\" alt=\"\" width=\"133\" height=\"160\" \/><\/a><p id=\"caption-attachment-8889\" class=\"wp-caption-text\">Societat Catalana d&#8217;Herpetologia<\/p><\/div>\n<div id=\"attachment_8893\" style=\"width: 145px\" class=\"wp-caption alignnone\"><a style=\"color: #000000;\" title=\"Web de la Societat Catalana de Lepideroptologia\" href=\"http:\/\/ichn.iec.cat\/SCL\/index.htm\" target=\"_blank\" rel=\"noopener\"><img loading=\"lazy\" decoding=\"async\" aria-describedby=\"caption-attachment-8893\" class=\"wp-image-8893\" src=\"http:\/\/museuciencies.cat\/wp-content\/uploads\/Logo-societat-lepidopterologia.jpg\" alt=\"\" width=\"135\" height=\"130\" \/><\/a><p id=\"caption-attachment-8893\" class=\"wp-caption-text\">Societat Catalana de Lepidopterologia<\/p><\/div>\n<div id=\"attachment_8897\" style=\"width: 149px\" class=\"wp-caption alignnone\"><a style=\"color: #000000;\" title=\"Asociaci\u00f3nIberomacaron\u00e9sica de Jardines bot\u00e1nicos\" href=\"http:\/\/www.jbotanicos.org\/\" target=\"_blank\" rel=\"noopener\"><img loading=\"lazy\" decoding=\"async\" aria-describedby=\"caption-attachment-8897\" class=\"wp-image-8897\" src=\"http:\/\/museuciencies.cat\/wp-content\/uploads\/asociacioniberomacaronesica.jpg\" alt=\"\" width=\"139\" height=\"96\" \/><\/a><p id=\"caption-attachment-8897\" class=\"wp-caption-text\">Asociaci\u00f3n Ibero-Macaron\u00e9sica de Jardines Bot\u00e1nicos<\/p><\/div>\n<div id=\"attachment_8901\" style=\"width: 158px\" class=\"wp-caption alignnone\"><a style=\"color: #000000;\" title=\"Associaci\u00f3 Catalana de bioespeleologia\" href=\"http:\/\/biosp.blogspot.com.es\/\" target=\"_blank\" rel=\"noopener\"><img loading=\"lazy\" decoding=\"async\" aria-describedby=\"caption-attachment-8901\" class=\"wp-image-8901\" src=\"http:\/\/museuciencies.cat\/wp-content\/uploads\/logo-biosp.jpg\" alt=\"\" width=\"148\" height=\"81\" \/><\/a><p id=\"caption-attachment-8901\" class=\"wp-caption-text\">Associaci\u00f3 Catalana de Bioespeleologia<\/p><\/div>\n<p><a href=\"http:\/\/www.molluscat.com\/\" target=\"_blank\" rel=\"noopener\"><img loading=\"lazy\" decoding=\"async\" class=\"alignnone wp-image-50775\" src=\"https:\/\/museuciencies.cat\/wp-content\/uploads\/2018\/03\/Logo-ACM2.jpg\" alt=\"\" width=\"157\" height=\"124\" \/><\/a><\/p>\n<p>Associaci\u00f3 Catalana<br \/>\nde Malacologia<\/p>\n<h4>Sponsors<\/h4>\n<div><span style=\"color: #000000;\"><a style=\"color: #000000;\" title=\"Web del Diari ARA\" href=\"http:\/\/www.ara.cat\/\"><img loading=\"lazy\" decoding=\"async\" data-attachment-id=\"113494\" data-permalink=\"https:\/\/museuciencies.cat\/en\/exposicio_temporal\/aigua-una-exposicio-sense-filtres\/logo-ara-pdf-2\/\" data-orig-file=\"https:\/\/museuciencies.cat\/wp-content\/uploads\/2024\/01\/LOGO-ara-pdf.jpg\" data-orig-size=\"150,104\" data-comments-opened=\"0\" data-image-meta=\"{&quot;aperture&quot;:&quot;0&quot;,&quot;credit&quot;:&quot;&quot;,&quot;camera&quot;:&quot;&quot;,&quot;caption&quot;:&quot;&quot;,&quot;created_timestamp&quot;:&quot;0&quot;,&quot;copyright&quot;:&quot;&quot;,&quot;focal_length&quot;:&quot;0&quot;,&quot;iso&quot;:&quot;0&quot;,&quot;shutter_speed&quot;:&quot;0&quot;,&quot;title&quot;:&quot;&quot;,&quot;orientation&quot;:&quot;0&quot;}\" data-image-title=\"LOGO-ara-pdf\" data-image-description=\"\" data-image-caption=\"\" data-medium-file=\"https:\/\/museuciencies.cat\/wp-content\/uploads\/2024\/01\/LOGO-ara-pdf.jpg\" data-large-file=\"https:\/\/museuciencies.cat\/wp-content\/uploads\/2024\/01\/LOGO-ara-pdf.jpg\" class=\"size-full wp-image-113494 alignleft\" src=\"https:\/\/museuciencies.cat\/wp-content\/uploads\/2024\/01\/LOGO-ara-pdf.jpg\" alt=\"\" width=\"150\" height=\"104\" \/><\/a><img loading=\"lazy\" decoding=\"async\" data-attachment-id=\"114147\" data-permalink=\"https:\/\/museuciencies.cat\/en\/the-nat\/who-we-are\/be-a-part-of-the-museum\/promoters-collaborators-and-sponsors\/logoelperiodico-2\/\" data-orig-file=\"https:\/\/museuciencies.cat\/wp-content\/uploads\/2024\/10\/logoelperiodico.jpg\" data-orig-size=\"335,187\" data-comments-opened=\"0\" data-image-meta=\"{&quot;aperture&quot;:&quot;0&quot;,&quot;credit&quot;:&quot;&quot;,&quot;camera&quot;:&quot;&quot;,&quot;caption&quot;:&quot;&quot;,&quot;created_timestamp&quot;:&quot;0&quot;,&quot;copyright&quot;:&quot;&quot;,&quot;focal_length&quot;:&quot;0&quot;,&quot;iso&quot;:&quot;0&quot;,&quot;shutter_speed&quot;:&quot;0&quot;,&quot;title&quot;:&quot;&quot;,&quot;orientation&quot;:&quot;0&quot;}\" data-image-title=\"logoelperiodico\" data-image-description=\"\" data-image-caption=\"\" data-medium-file=\"https:\/\/museuciencies.cat\/wp-content\/uploads\/2024\/10\/logoelperiodico.jpg\" data-large-file=\"https:\/\/museuciencies.cat\/wp-content\/uploads\/2024\/10\/logoelperiodico.jpg\" class=\"wp-image-114147 alignleft\" src=\"https:\/\/museuciencies.cat\/wp-content\/uploads\/2024\/10\/logoelperiodico.jpg\" alt=\"\" width=\"161\" height=\"90\" \/>\u00a0 \u00a0 \u00a0 \u00a0 \u00a0 \u00a0 \u00a0 \u00a0 \u00a0 \u00a0 \u00a0<\/span><\/div>\n","protected":false},"excerpt":{"rendered":"<p>Thanks to your support we are able to show and share our collections, and to carry out activities with, and for, the public, with the aim of disseminating the natural sciences and encouraging society to commit to conserving our natural heritage. How can you collaborate? You can collaborate on a specific project or in a [&hellip;]<\/p>\n","protected":false},"author":1,"featured_media":0,"parent":15967,"menu_order":136,"comment_status":"closed","ping_status":"closed","template":"","meta":{"_acf_changed":false,"footnotes":""},"class_list":["post-15992","page","type-page","status-publish","hentry"],"acf":{"activeu_alerta":false,"arxius_adjunts":false,"boto_de_link_o_mail":false,"imatge_llistat":false,"img_cap":7969,"links_associats":false,"nou_carrusel":false,"presenta_fills":"no","tambe_us_pot_interessar":"","text_alerta":"","presenta_peu":false,"segona_part":""},"jetpack_sharing_enabled":true,"_links":{"self":[{"href":"https:\/\/museuciencies.cat\/en\/wp-json\/wp\/v2\/pages\/15992","targetHints":{"allow":["GET"]}}],"collection":[{"href":"https:\/\/museuciencies.cat\/en\/wp-json\/wp\/v2\/pages"}],"about":[{"href":"https:\/\/museuciencies.cat\/en\/wp-json\/wp\/v2\/types\/page"}],"author":[{"embeddable":true,"href":"https:\/\/museuciencies.cat\/en\/wp-json\/wp\/v2\/users\/1"}],"replies":[{"embeddable":true,"href":"https:\/\/museuciencies.cat\/en\/wp-json\/wp\/v2\/comments?post=15992"}],"version-history":[{"count":2,"href":"https:\/\/museuciencies.cat\/en\/wp-json\/wp\/v2\/pages\/15992\/revisions"}],"predecessor-version":[{"id":114154,"href":"https:\/\/museuciencies.cat\/en\/wp-json\/wp\/v2\/pages\/15992\/revisions\/114154"}],"up":[{"embeddable":true,"href":"https:\/\/museuciencies.cat\/en\/wp-json\/wp\/v2\/pages\/15967"}],"wp:attachment":[{"href":"https:\/\/museuciencies.cat\/en\/wp-json\/wp\/v2\/media?parent=15992"}],"curies":[{"name":"wp","href":"https:\/\/api.w.org\/{rel}","templated":true}]}}