{"id":15981,"date":"2014-01-31T08:42:14","date_gmt":"2014-01-31T08:42:14","guid":{"rendered":"http:\/\/museuciencies.cat\/qui-som\/forman-part\/feste-amic\/"},"modified":"2017-11-27T14:09:40","modified_gmt":"2017-11-27T12:09:40","slug":"be-our-friend","status":"publish","type":"page","link":"https:\/\/museuciencies.cat\/en\/the-nat\/who-we-are\/be-a-part-of-the-museum\/be-our-friend\/","title":{"rendered":"Be our friend"},"content":{"rendered":"<p>Would you like to be an active part of a large museum and participate in the dissemination of our natural heritage?<\/p>\n<p>The Museum has had two Associations of Friends since 1993: the <a style=\"color: #000000;\" href=\"http:\/\/amicsnat.cat\" target=\"_blank\" rel=\"noopener noreferrer\">Associaci\u00f3 d&#8217;Amics del Museu de Ci\u00e8ncies Naturals de Barcelona (AAMCNB)<\/a>\u00a0(Association of friends of the Museu de Ci\u00e8ncies Naturals de\u00a0Barcelona)\u00a0and the\u00a0<a style=\"color: #000000;\" href=\"http:\/\/www.amicsjbb.org\/\">Associaci\u00f3 d&#8217;Amics del Jard\u00ed Bot\u00e0nic de Barcelona (AAJBB)<\/a>\u00a0(Association of friends of the Jard\u00ed Bot\u00e0nic de\u00a0Barcelona). Both of these organisations are non-profit and their main objectives are to support the Museum and its programmes and activities. Through their actions they help to achieve the Museum&#8217;s objectives: the conservation, study and dissemination of our natural heritage, education in the natural sciences, and promotion of environmental awareness.<\/p>\n<p style=\"text-align: center;\"><a href=\"http:\/\/amicsnat.cat\" target=\"_blank\" rel=\"noopener noreferrer\"><img loading=\"lazy\" decoding=\"async\" class=\"wp-image-8839 \" src=\"http:\/\/museuciencies.cat\/wp-content\/uploads\/logoamicsmuseu.jpg\" alt=\"logoamicsmuseu\" width=\"298\" height=\"130\" \/><\/a><\/p>\n<p style=\"text-align: center;\"><a href=\"http:\/\/www.amicsjbb.org\/\"><img loading=\"lazy\" decoding=\"async\" class=\"alignnone wp-image-8843 \" src=\"http:\/\/museuciencies.cat\/wp-content\/uploads\/logoamicsbot\u00e0nic.jpg\" alt=\"logoamicsbot\u00e0nic\" width=\"287\" height=\"55\" \/><\/a><\/p>\n<p>&nbsp;<\/p>\n<p>&nbsp;<\/p>\n<p>&nbsp;<\/p>\n<p>&nbsp;<\/p>\n<p>&nbsp;<\/p>\n","protected":false},"excerpt":{"rendered":"<p>Would you like to be an active part of a large museum and participate in the dissemination of our natural heritage? The Museum has had two Associations of Friends since 1993: the Associaci\u00f3 d&#8217;Amics del Museu de Ci\u00e8ncies Naturals de Barcelona (AAMCNB)\u00a0(Association of friends of the Museu de Ci\u00e8ncies Naturals de\u00a0Barcelona)\u00a0and the\u00a0Associaci\u00f3 d&#8217;Amics del Jard\u00ed [&hellip;]<\/p>\n","protected":false},"author":1,"featured_media":0,"parent":15967,"menu_order":136,"comment_status":"closed","ping_status":"closed","template":"","meta":{"_acf_changed":false,"footnotes":""},"class_list":["post-15981","page","type-page","status-publish","hentry"],"acf":{"activeu_alerta":false,"arxius_adjunts":false,"boto_de_link_o_mail":false,"imatge_llistat":false,"img_cap":8567,"links_associats":false,"nou_carrusel":false,"presenta_fills":"no","tambe_us_pot_interessar":"","text_alerta":"","presenta_peu":false},"jetpack_sharing_enabled":true,"_links":{"self":[{"href":"https:\/\/museuciencies.cat\/en\/wp-json\/wp\/v2\/pages\/15981","targetHints":{"allow":["GET"]}}],"collection":[{"href":"https:\/\/museuciencies.cat\/en\/wp-json\/wp\/v2\/pages"}],"about":[{"href":"https:\/\/museuciencies.cat\/en\/wp-json\/wp\/v2\/types\/page"}],"author":[{"embeddable":true,"href":"https:\/\/museuciencies.cat\/en\/wp-json\/wp\/v2\/users\/1"}],"replies":[{"embeddable":true,"href":"https:\/\/museuciencies.cat\/en\/wp-json\/wp\/v2\/comments?post=15981"}],"version-history":[{"count":0,"href":"https:\/\/museuciencies.cat\/en\/wp-json\/wp\/v2\/pages\/15981\/revisions"}],"up":[{"embeddable":true,"href":"https:\/\/museuciencies.cat\/en\/wp-json\/wp\/v2\/pages\/15967"}],"wp:attachment":[{"href":"https:\/\/museuciencies.cat\/en\/wp-json\/wp\/v2\/media?parent=15981"}],"curies":[{"name":"wp","href":"https:\/\/api.w.org\/{rel}","templated":true}]}}