{"id":15453,"date":"2014-01-31T09:32:10","date_gmt":"2014-01-31T09:32:10","guid":{"rendered":"http:\/\/museuciencies.cat\/area-cientifica\/departaments-cientifics\/conservacio-preventiva-i-restauracio\/"},"modified":"2024-09-06T11:39:08","modified_gmt":"2024-09-06T09:39:08","slug":"preventive-conservation-and-restoration","status":"publish","type":"page","link":"https:\/\/museuciencies.cat\/en\/science\/scientific-and-technical-services\/technical-laboratories\/preventive-conservation-and-restoration\/","title":{"rendered":"Preventive conservation and restoration"},"content":{"rendered":"<p>In 2009 the Museum established a <strong>preventive conservation and restoration laboratory<\/strong> (PCRL) which currently has two headquarters, one in the Castell dels Tres Dragons building and the other in the Forum Park building. The purpose of this laboratory is to ensure the short-, medium- and long-term preservation of the Museum collections. <strong>Preventive conservation<\/strong>\u00a0consists of ongoing, comprehensive maintenance procedures for safeguarding the collections \u2013whether on display, in storage or on loan\u2013 in order to prevent their deterioration and delay their natural ageing process. <strong>Restoration<\/strong>, also called curative conservation, refers to the practice of mitigating any damage or alteration in the items, which adversely affects their integrity and\/or prevents, hinders or modifies their observation.<\/p>\n<p>The PCRL conservation-restoration experts perform cleaning, consolidation and reintegration treatments on deteriorated specimens to make them suitable for exhibition, handling or study, respecting their original value (historical, scientific, aesthetic, etc.) at all times.<\/p>\n<p>Ascertaining exactly how and why the objects in the collections deteriorate is another of the challenges and objectives of the PCRL. The findings of this research are extremely useful when it comes to developing new procedures, preventing future degradation and treating long-lasting damage.<\/p>\n<p><a href=\"https:\/\/museuciencies.cat\/wp-content\/uploads\/2021\/10\/2020_Memoria_LCPR.pdf\">PCRL Report 2020 (PDF 1 Mb, in Catalan)<\/a><\/p>\n","protected":false},"excerpt":{"rendered":"<p>In 2009 the Museum established a preventive conservation and restoration laboratory (PCRL) which currently has two headquarters, one in the Castell dels Tres Dragons building and the other in the Forum Park building. The purpose of this laboratory is to ensure the short-, medium- and long-term preservation of the Museum collections. Preventive conservation\u00a0consists of ongoing, [&hellip;]<\/p>\n","protected":false},"author":2,"featured_media":0,"parent":15398,"menu_order":37,"comment_status":"closed","ping_status":"closed","template":"page-fills-departaments-cientifics.php","meta":{"_acf_changed":false,"footnotes":""},"class_list":["post-15453","page","type-page","status-publish","hentry"],"acf":{"activeu_alerta":false,"arxius_adjunts":false,"boto_de_link_o_mail":false,"descripcio":"","imatge_llistat":false,"img_cap":6203,"links_associats":false,"llista_equip_museu":[{"ID":18623,"post_author":"1","post_date":"2014-05-12 11:11:50","post_date_gmt":"2014-05-12 11:11:50","post_content":"","post_title":"Eul\u00e0lia Garcia","post_excerpt":"","post_status":"publish","comment_status":"closed","ping_status":"closed","post_password":"","post_name":"eulalia-garcia","to_ping":"","pinged":"","post_modified":"2024-08-29 12:09:24","post_modified_gmt":"2024-08-29 10:09:24","post_content_filtered":"","post_parent":0,"guid":"http:\/\/museuciencies.cat\/equip-huma\/eulalia-garcia-2\/","menu_order":29,"post_type":"equip-huma","post_mime_type":"","comment_count":"0","filter":"raw"},{"ID":18531,"post_author":"3","post_date":"2014-05-12 17:39:36","post_date_gmt":"2014-05-12 17:39:36","post_content":"","post_title":"Maria Vila","post_excerpt":"","post_status":"draft","comment_status":"closed","ping_status":"closed","post_password":"","post_name":"maria-vila","to_ping":"","pinged":"","post_modified":"2024-11-20 14:16:01","post_modified_gmt":"2024-11-20 12:16:01","post_content_filtered":"","post_parent":0,"guid":"http:\/\/museuciencies.cat\/equip-huma\/maria-vila-2\/","menu_order":29,"post_type":"equip-huma","post_mime_type":"","comment_count":"0","filter":"raw"}],"llista_estudiants":false,"llista_investigadors":[{"nom":"Olga Mu\u00f1oz Blasco","especialitat":"conservation\/restoration specialist","procedencia":"GROP, S.L.","institucio":"","link_institucio":""},{"nom":"Berta Roman","especialitat":"conservation\/restoration specialist","procedencia":"GROP, S.L.","institucio":"","link_institucio":""}],"llista_memories":false,"llista_projectes":false,"llista_publicacions":[{"nom_de_la_publicacio":"<p style=\"font-weight: 400;\">Campeny, M., P\u00e9rez-Azc\u00e1rate, M., Duque, S., Fern\u00e1ndez-Lluch, D., Garcia-Franquesa, E., Arom\u00ed, J.R., Casalod, A., Rodr\u00edguez-Ferrer, A., 2019. Conservaci\u00f3 i condicionament de la vitrina de sals del Museu Martorell (Museu de Ci\u00e8ncies Naturals de Barcelona) 1921-2018. <em>Treballs del Museu de Geologia de Barcelona<\/em>, 24: 25-37.<\/p>\n<p style=\"font-weight: 400;\">\n","es_document_o_link":"Link","document":false,"link":"https:\/\/doi.org\/10.32800\/tmgb.2018.24.0025"},{"nom_de_la_publicacio":"<p>P\u00e9rez-Azc\u00e1rate, M., Font-Rossell\u00f3, B., Garcia-Franquesa, E., 2019. Documenting a historic mounted fin whale skeleton in preparation for a move: a case study at the Museu de Ci\u00e8ncies Naturals de Barcelona. <i>Collection Forum,<\/i> 32 (1): 47-58. (disponible a partir de novembre 2020).<\/p>\n","es_document_o_link":"sense","document":false,"link":""},{"nom_de_la_publicacio":"<p>Garcia-Franquesa, E., 2018. A whale skeleton is moved. <i>Journal of Natural Science Collections, <\/i>5; 115-124.<\/p>\n","es_document_o_link":"Link","document":false,"link":"https:\/\/www.natsca.org\/article\/2441"},{"nom_de_la_publicacio":"<p>P\u00e9rez, M., Garcia-Franquesa, E., 2017. Sistemas de embalaje permanente para colecciones osteol\u00f3gicas: incidencia de los materiales en el control ambiental pasivo, resultados preliminares. Actas de la <em>XV Reuni\u00f3n <\/em><em>T\u00e9cnica de<\/em><em> Conservaci\u00f3n y Restauraci\u00f3n: sistemas y materiales para el montaje, exhibici\u00f3n y almacenaje de bienes patrimoniales<\/em>, Museo de Arte Contempor\u00e1neo de Barcelona (MACBA) 27 y 28 de noviembre de 2017.<\/p>\n","es_document_o_link":"sense","document":false,"link":""},{"nom_de_la_publicacio":"<p>P\u00e9rez, M., Mu\u00f1oz, O., Garcia-Franquesa, E., 2016. Conservaci\u00f3n-restauraci\u00f3n de modelos bot\u00e1nicos de frutas del Gabinete Salvador. <em>Ge-conservaci\u00f3n<\/em>, 9: 83-95.<\/p>\n","es_document_o_link":"sense","document":false,"link":""},{"nom_de_la_publicacio":"<p>Prieto, M., P\u00e9rez, M., 2016. Preventive conservation programme for managment of carpet beetles pests (Coleoptera: Dermestidae) at the Natural Sciences Museum of Barcelona. Actes del <em>XVII Congresso Ib\u00e9rico de Entomologia<\/em> \u2013 Lisboa (Portugal), 5-8 setembro de 2016<\/p>\n","es_document_o_link":"sense","document":false,"link":""},{"nom_de_la_publicacio":"<p>Rull, M., P\u00e9rez, M., Uribe, F., 2016. Scanning Electron Microscope (SEM) shows undesirable effects of ultrasonic cleaning on recent mollusk shells. <em>Journal of Paleontological Techniques<\/em>, 15: 22-30.<\/p>\n","es_document_o_link":"Link","document":false,"link":"http:\/\/www.jpaleontologicaltechniques.org\/pasta3\/JPT%20N15\/pdf\/JPT15_pg_22_30.pdf"},{"nom_de_la_publicacio":"<p>P\u00e9rez, M., Mu\u00f1oz, O., Herv\u00e1s, N., Ib\u00e1\u00f1ez, N., Garcia-Franquesa, E., 2015. El Gabinete de Historia Natural Salvador: intervenciones de conservaci\u00f3n preventiva y curativa e inventario preliminar. <em>Bolet\u00edn de la Real Sociedad Espa\u00f1ola de Historia Natural, Secc. Aula, Museos y Colecciones<\/em>, 2: 87-99.<\/p>\n","es_document_o_link":"Link","document":false,"link":"http:\/\/digital.csic.es\/handle\/10261\/117440"},{"nom_de_la_publicacio":"<p>Torres, R., Cardona, J., Garcia, E., Vila, M., 2014. Causas, efectos y soluciones de vibraciones en ejemplares de museos expuestos en vitrina. <em>Actas del 45 Congreso Espa\u00f1ol de Acustica<\/em>, Murcia.<\/p>\n","es_document_o_link":"Link","document":false,"link":"http:\/\/www.sea-acustica.es\/fileadmin\/Murcia14\/AEV-0%20005.pdf"},{"nom_de_la_publicacio":"<p>Vila, M., P\u00e9rez, M., Mu\u00f1oz, O., Garcia-Franquesa, E., 2014. Two examples of preventive conservation actions in the Museu de Ciencies Naturals de Barcelona (MCNB): Inspection of specimens and substitution of packaging. <em>Journal of Paleontological Techniques<\/em>, 13: 65-69.<\/p>\n","es_document_o_link":"Link","document":false,"link":"http:\/\/www.jpaleontologicaltechniques.org\/pasta3\/JPT%20N13\/pdf\/JPT13_pg_65_69.pdf"},{"nom_de_la_publicacio":"<p>Val, S., Garcia, E., P\u00e9rez, M., Valls, M., Cancelo, C., Guerrero, N., L\u00f3pez, D., 2012. Restauraci\u00f3 d\u2019una <em>Balaenoptera physalus<\/em>. La balena emblem\u00e0tica del Museu de Ci\u00e8ncies Naturals de Barcelona. UNICUM Paleontologia.<\/p>\n","es_document_o_link":"sense","document":false,"link":""},{"nom_de_la_publicacio":"<p>P\u00e9rez, M., Font, B., Garcia, E., 2011. The mounted fin skeleton at the Museu de Ci\u00e8ncies Naturals de Barcelona. Documentation and graphic record. <em>II Conservation Workshop. Finding Global Solutions for Natural History Collections. From the site to the storage<\/em>. Institut Catal\u00e0 de Paleontologia, Sabadell.<\/p>\n","es_document_o_link":"sense","document":false,"link":""},{"nom_de_la_publicacio":"<p>P\u00e9rez, M., Font, B., Garcia, E., Mu\u00f1oz, O., Coll, C., 2011. Conservation treatments of old taxidermies at the \u2018Museu de Ci\u00e8ncies Naturals de Barcelona. <em>II Conservation Workshop. Finding Global Solutions for Natural History Collections. From the site to the storage<\/em>. Institut Catal\u00e0 de Paleontologia, Sabadell.<\/p>\n","es_document_o_link":"sense","document":false,"link":""},{"nom_de_la_publicacio":"<p>Quesada, J., Garcia, E., D\u00edaz, A., P\u00e9rez, M., 2011. Preventive conservation in the Natural Sciences Museum of Barcelona: monitoring enviromental conditions of zoological collections. <em>II Conservation Workshop. Finding Global Solutions for Natural History Collections. From the site to the storage<\/em>. Institut Catal\u00e0 de Paleontologia, Sabadell. (in press).<\/p>\n","es_document_o_link":"sense","document":false,"link":""},{"nom_de_la_publicacio":"<p>Aurell, J., P\u00e9rez, M., 2010. Collecting conservation problems: first round towards preservation. <em>I Conservation Workshop. Finding Global Solutions for Natural History Collections. From the site to the storage<\/em>. Institut Catal\u00e0 de Paleontologia, Sabadell. ISBN: 978-84-614-5858-5.<\/p>\n","es_document_o_link":"sense","document":false,"link":"http:\/\/"},{"nom_de_la_publicacio":"<p>Garcia-Franquesa, E., 2009. Biodiversity in storerooms. <em>Paleontologia i Evoluci\u00f3. Mem\u00f2ria especial<\/em> n\u00ba4 (2009): 89-100.<\/p>\n","es_document_o_link":"sense","document":false,"link":"http:\/\/"}],"llista_recursos":[{"nom_del_recurs":"<p>Interesting links:<\/p>\n<p>&#8211; <a href=\"http:\/\/www.icom-cc.org\/47\/about-icom-cc\/definition-of-profession\/#.VETIqFNLfYI\" target=\"_blank\" rel=\"noopener\">International Council Of Museums-Committee for Conservation<\/a><\/p>\n<p>&#8211;<a href=\"http:\/\/www.investigacionenconservacion.es\/\" target=\"_blank\" rel=\"noopener\">\u00a0Observatory for Research into Cultural Heritage Conservation<\/a><\/p>\n<p>&#8211; <a href=\"http:\/\/www.spnhc.org\" target=\"_blank\" rel=\"noopener\">The Society for the Preservation of Natural History Collections<\/a><\/p>\n<p>&nbsp;<\/p>\n","es_document_o_link":"Document","document":false,"link":""}],"llista_servies":false,"llista_voluntaris":false,"nou_carrusel":false,"presenta_fills":"no","tambe_us_pot_interessar":"","text_alerta":"","text_equip":"<p><span style=\"color: #ffffff;\">TXT<\/span><\/p>\n","text_memories":"","text_projectes":"<p>The primary aim of the PCRL is to create a stable environment for the collection items and minimise any risks likely to trigger or accelerate their deterioration. The Museum&#8217;s preventive conservation experts address the following factors:<\/p>\n<ul>\n<li>Control of the environment (humidity, temperature, lighting and pollution)<\/li>\n<li>Prevention of pest infestation<\/li>\n<li>Handling of specimens<\/li>\n<li>Suitability of display and storage facilities<\/li>\n<li>Seeing to, and\/or supervising, the packaging and transport of items on loan<\/li>\n<\/ul>\n<p>Careful follow-up of the above factors largely avoids the need for direct intervention on specific items that have suffered some damage.<\/p>\n<p>Statistical analysis of the environment follow-up data is performed periodically to facilitate decision-making regarding any improvements to be made.<\/p>\n<p>Items on permanent display in the Museum, or in temporary exhibitions, are subject to meticulous follow-up in order to ensure they are appropriately conserved inside the cabinets and lose none of their aesthetic qualities.<\/p>\n<p>From 2011 to 2014 the Gabinet Salvador collection underwent a thorough review. All items were subject to some form of intervention involving improvements in their packaging and presentation and different levels of restoration treatments.<\/p>\n<p>Other projects undertaken at the PCRL are the study of the effect of vibrations on the items displayed, the effect of the packaging insulation on the environmental conditions, the review of the conservation and labelling systems of specimens in preserving liquid, and the systematic follow-up of certain infestations of insects.<\/p>\n","text_publicacions":"","text_recursos":"","text_serveis":"<p>The laboratory serves all the Museum collections, which amount to over three million items. The conservation\/restoration specialists resolve any conservation queries or issues detected by the curators.<\/p>\n<p>The laboratory also handles queries from other museums or public entities that hold natural history heritage items or objects containing organic matter of animal or vegetable origin. It also provides information on the packaging, transport and storage of natural history collections, and on the materials and instruments used in conservation and restoration.<\/p>\n<p>The laboratory takes in students enrolled on official courses in conservation and restoration, as imparted at the ESCRBCC (College for the Conservation and Restoration of the Cultural Heritage of Catalonia) and the Department of Fine Arts at Barcelona University. The laboratory conservation\/restoration specialists also offer guided visits for schools and faculties, by appointment, when the subject concerns the conservation and restoration of cultural heritage.<\/p>\n","tipologia_de_colaborador":[{"tipus_de_colaboracio":"","descripcio_del_tipus":"","colaboradors":[{"nom":"Marta P\u00e9rez Azc\u00e1rate","especialitat":"Conservation-restoration","procedencia":"","institucio":"","link_institucio":"http:\/\/"}]}],"presenta_peu":false,"segona_part":""},"jetpack_sharing_enabled":true,"_links":{"self":[{"href":"https:\/\/museuciencies.cat\/en\/wp-json\/wp\/v2\/pages\/15453","targetHints":{"allow":["GET"]}}],"collection":[{"href":"https:\/\/museuciencies.cat\/en\/wp-json\/wp\/v2\/pages"}],"about":[{"href":"https:\/\/museuciencies.cat\/en\/wp-json\/wp\/v2\/types\/page"}],"author":[{"embeddable":true,"href":"https:\/\/museuciencies.cat\/en\/wp-json\/wp\/v2\/users\/2"}],"replies":[{"embeddable":true,"href":"https:\/\/museuciencies.cat\/en\/wp-json\/wp\/v2\/comments?post=15453"}],"version-history":[{"count":3,"href":"https:\/\/museuciencies.cat\/en\/wp-json\/wp\/v2\/pages\/15453\/revisions"}],"predecessor-version":[{"id":113489,"href":"https:\/\/museuciencies.cat\/en\/wp-json\/wp\/v2\/pages\/15453\/revisions\/113489"}],"up":[{"embeddable":true,"href":"https:\/\/museuciencies.cat\/en\/wp-json\/wp\/v2\/pages\/15398"}],"wp:attachment":[{"href":"https:\/\/museuciencies.cat\/en\/wp-json\/wp\/v2\/media?parent=15453"}],"curies":[{"name":"wp","href":"https:\/\/api.w.org\/{rel}","templated":true}]}}