{"id":15107,"date":"2014-01-31T09:33:29","date_gmt":"2014-01-31T09:33:29","guid":{"rendered":"http:\/\/museuciencies.cat\/area-cientifica\/departaments-cientifics\/invertebrats-no-artopodes\/"},"modified":"2024-08-29T14:56:41","modified_gmt":"2024-08-29T12:56:41","slug":"non-arthropod-invertebrates","status":"publish","type":"page","link":"https:\/\/museuciencies.cat\/en\/science\/scientific-departments\/non-arthropod-invertebrates\/","title":{"rendered":"Non-Arthropod Invertebrates"},"content":{"rendered":"<p><span style=\"color: #000000;\">The Department of Non-Arthropod Invertebrates holds <a style=\"color: #000000;\" href=\"\/area-cientifica\/colleccions\/colleccions-zoologiques\/invertebrats-no-artropodes\/\">collections<\/a> of <strong>16 zoological phyla<\/strong> (the phylum is the first division into which the animal kingdom is classified). However, molluscs form the largest group in the department\u2019s collections. Molluscs are also one of the most diverse groups of animals. Interestingly, the founding patrimony of the museum included the collection of molluscs, mostly tropical, collected by <strong>Francesc Martorell i Pe\u00f1a<\/strong>.<\/span><\/p>\n<p><span style=\"color: #000000;\">The diversity of organisms preserved in this department also represents a large variety of geographic origins and, more importantly, habitats. This department of the museum most clearly shows the animals that populate the sea bottom. It is no coincidence that molluscs, so well represented in the collections, are one of the few phyla with species that are found on land and in both sea water and fresh water.<\/span><\/p>\n","protected":false},"excerpt":{"rendered":"<p>The Department of Non-Arthropod Invertebrates holds collections of 16 zoological phyla (the phylum is the first division into which the animal kingdom is classified). However, molluscs form the largest group in the department\u2019s collections. Molluscs are also one of the most diverse groups of animals. Interestingly, the founding patrimony of the museum included the collection [&hellip;]<\/p>\n","protected":false},"author":2,"featured_media":0,"parent":12828,"menu_order":244,"comment_status":"closed","ping_status":"closed","template":"page-fills-departaments-cientifics.php","meta":{"_acf_changed":false,"footnotes":""},"class_list":["post-15107","page","type-page","status-publish","hentry"],"acf":{"activeu_alerta":false,"arxius_adjunts":false,"boto_de_link_o_mail":false,"descripcio":"","imatge_llistat":false,"img_cap":7163,"links_associats":false,"llista_equip_museu":[{"ID":18623,"post_author":"1","post_date":"2014-05-12 11:11:50","post_date_gmt":"2014-05-12 11:11:50","post_content":"","post_title":"Eul\u00e0lia Garcia","post_excerpt":"","post_status":"publish","comment_status":"closed","ping_status":"closed","post_password":"","post_name":"eulalia-garcia","to_ping":"","pinged":"","post_modified":"2024-08-29 12:09:24","post_modified_gmt":"2024-08-29 10:09:24","post_content_filtered":"","post_parent":0,"guid":"http:\/\/museuciencies.cat\/equip-huma\/eulalia-garcia-2\/","menu_order":29,"post_type":"equip-huma","post_mime_type":"","comment_count":"0","filter":"raw"}],"llista_estudiants":false,"llista_investigadors":[{"nom":"Miguel Prieto","especialitat":"documentalist","procedencia":"Myrmex. Serveis t\u00e8cnics a les ci\u00e8ncies naturals SL","institucio":"","link_institucio":""}],"llista_memories":false,"llista_projectes":false,"llista_publicacions":[{"nom_de_la_publicacio":"<p>Folia, M., Agull\u00f3, J. &amp; <strong>Uribe, F.<\/strong>, 2015. Descripci\u00f3n de los fondos de un museo de ciencias naturales a nivel de colecciones con el est\u00e1ndar Natural CollectionsDescription (NCD). <em>Bolet\u00edn de la Real Sociedad Espa\u00f1ola de Historia Natural. <\/em>2: 39.47.<\/p>\n","es_document_o_link":"Link","document":false,"link":"http:\/\/147.96.59.157\/rsehn\/index.php?d=publicaciones&num=39&w=262"},{"nom_de_la_publicacio":"<p><strong>Uribe, F.<\/strong>, &amp; Prieto, M., 2014. Georreferenciar antiguas colecciones de CienciasNaturales : Georeferencing old natural history collections : progressing from craft to technology. <em>Bolet\u00edn de La Real Sociedad Espa\u00f1ola de Historia Natural &#8211; Secci\u00f3n Aula, Museos y Colecciones de Historia Natural<\/em>, 1, 1\u201312<\/p>\n<p>&nbsp;<\/p>\n","es_document_o_link":"Link","document":false,"link":"http:\/\/147.96.59.157\/rsehn\/index.php?d=publicaciones&num=35&w=234"},{"nom_de_la_publicacio":"<p>Germain,\u00a0 J., <strong>Uribe, F.<\/strong>, &amp; Boet, O., 2014. Participaci\u00f3 de voluntaris en l \u2019estudi de la biodiversitat : un balan\u00e7 amb resultats positius. <em>Butllet\u00ed de La Instituci\u00f3 Catalana d\u2019Hist\u00f2ria Natural,<\/em> 78, 39\u201346.<\/p>\n","es_document_o_link":"Link","document":false,"link":"http:\/\/ichn.iec.cat\/pdf\/Butlleti_78\/05_2014_JGermain_et_al.pdf"},{"nom_de_la_publicacio":"<p>Garcia-Franquesa, E., Gago, S., Agull\u00f3, J., Caballero-L\u00f3pez, B., Mas\u00f3, G., Quesada, J. &amp; <strong>Uribe, F.<\/strong>, 2014. El registro digital de colecciones : un cambio significativo en la documentaci\u00f3n de las colecciones zool\u00f3gicas del Museu de Ci\u00e8ncies Naturals de Barcelona ( MCNB ). <em>Bolet\u00edn de La Real Sociedad Espa\u00f1ola de Historia Natural &#8211; Secci\u00f3n Aula, Museos y Colecciones de Historia Natural<\/em>, 1, 1\u20138.<\/p>\n","es_document_o_link":"Link","document":false,"link":"http:\/\/historia.bio.ucm.es\/rsehn\/cont\/publis\/boletines\/221.pdf"},{"nom_de_la_publicacio":"<p>List of all Departments&#8217;s publications since 1997<\/p>\n","es_document_o_link":"Document","document":"https:\/\/museuciencies.cat\/wp-content\/uploads\/Bibliografia_web_INA.pdf","link":""}],"llista_recursos":false,"llista_servies":false,"llista_voluntaris":false,"nou_carrusel":false,"presenta_fills":"no","tambe_us_pot_interessar":"","text_alerta":"","text_equip":"","text_memories":"","text_projectes":"<h3><span style=\"color: #000000;\">Collection Management Projects<\/span><\/h3>\n<p><span style=\"color: #000000;\">The inventory of collections and databases that describe the collections of the department was completed in 2010. The revision and cataloguing of the collections continues to be the priority and accounts for more than 30% of all recorded elements. We currently have tools for describing collections, which facilitate optimum exploitation of the specimens and of the associated information that makes up the collections. The rhythm of documentation and computerization is intensive in order to fuel the sources of information of the collections.\u00a0Now, the database has already completed the documentation of all the phyla represented in the department, except for the molluscs, by far the largest collection. The part of the collections already computerized forms part of the broadest biodiversity platform in the world, the portal <a href=\"http:\/\/www.gbif.org\/\" target=\"_blank\" rel=\"noopener\">GBIF<\/a>,\u00a0<em>Global Biodiversity Information Facility<\/em>, where the malacology collection and the group of collections known as general zoology are particularly accessible.<\/span><\/p>\n<p><span style=\"color: #000000;\">Special attention is being paid to the <strong>documentation of type specimens<\/strong>. The initial results are visible in the form of the <a style=\"color: #000000;\" href=\"http:\/\/amz.museucienciesjournals.cat\/volum-06-2008-amz\/els-exemplars-tipus-de-les-col%C2%B7leccions-malacologiques-del-museu-de-ciencies-naturals-de-barcelona-i-del-museu-valencia-dhistoria-natural\/?lang=en\" target=\"_blank\" rel=\"noopener\">catalogue for mollusc types<\/a> (published in Catalan, Spanish and English). Several collections that have come to the department or occasional items brought in by researchers are continuously growing the collection of specimens accredited as type specimens. A web page has been set up with interactive query capability for\u00a0<a style=\"color: #000000;\" href=\"http:\/\/www.bioexplora.cat\/WIKICOLLECTA\/index.php\/en\/projects\/type-specimens\" target=\"_blank\" rel=\"noopener\">information on the type specimens<\/a>.<\/span><\/p>\n<p><span style=\"color: #000000;\">One aspect of the documentation that is being jointly worked on with the the departments of collections is <strong>georeferencing<\/strong>, i.e., information of coordinates that make it possible to analyse the distribution of the specimens in space. Current collecting techniques include the use of devices to determine precisely the position, but the vast majority of the museum\u2019s collections were obtained in earlier days and only text-based descriptions of the collection points are available. This retrospective georeferencing process, i.e., assigning coordinates to descriptions based on toponyms, is a vast project that is being fully developed in the internal and public organization of the department.<\/span><\/p>\n<p><span style=\"color: #000000;\">As documentary knowledge of the collections already in the museum advances, opportunities arise for taking action to improve the presence of zoological groups poorly represented among the museum\u2019s collections.<\/span><\/p>\n<h3><span style=\"color: #000000;\">Scientific Projects<\/span><\/h3>\n<p><span style=\"color: #000000;\">Designing the collections as a scientific infrastructure means providing it with the maximum capability for consultation and use applied to research. This is the spirit of the website <a style=\"color: #000000;\" href=\"http:\/\/www.bioexplora.cat\/index_a.htm\">Bioexplora<\/a>. Firstly, clear and intuitive consultation tools are being developed for the collections, which lead to procedures for downloading the results in different formats. This is the objective of deveoping a proprietary project:\u00a0<a style=\"color: #000000;\" href=\"http:\/\/taxomap.bioexplora.cat\/taxomap.php?lang=en\" target=\"_blank\" rel=\"noopener\">Taxo&amp;Map<\/a>.<\/span><\/p>\n<p><span style=\"color: #000000;\">A website created to be available to whoever wants to consult the museum\u2019s collections in greater depth is <a style=\"color: #000000;\" href=\"http:\/\/www.bioexplora.cat\/WIKICOLLECTA\/index.php\/en\/\" target=\"_blank\" rel=\"noopener\">WikiCollecta<\/a>, which allows expert consultants and the general public to learn more about the collections, the people who have taken part in managing the scientific patrimony of the department, or how the retrospective georeferencing processes are carried out.<\/span><\/p>\n<p><span style=\"color: #000000;\">Biological research in the department takes place in two areas: <a style=\"color: #000000;\" href=\"http:\/\/museuciencies.cat\/en\/area-cientifica\/linies-de-recerca\/diversitat-natural\/malacologia-terrestre\/\" target=\"_blank\" rel=\"noopener\">terrestrial malacology<\/a>, the more traditional area, and <a style=\"color: #000000;\" href=\"http:\/\/museuciencies.cat\/en\/area-cientifica\/linies-de-recerca\/diversitat-natural\/biologia-marina\/\" target=\"_blank\" rel=\"noopener\">marine biology<\/a>, which was added more recently. The drive to research is still subject to the priority of achieving the scientific endowment of the collections &#8211; a goal that is very near.<\/span><\/p>\n<p><span style=\"color: #000000;\">With regard to the conservation conditions of the specimens in the collections, special attention is paid to the quality of the preservative liquids and their ability to not interfere with the molecular analysis of the specimens. Several experiments have been carried out to determine the stability over time of the conservation conditions produced by the different liquids.<\/span><\/p>\n<p><span style=\"color: #000000;\">Finally, it is important to note the participation in the projects of periodical publications published by the museum, specifically <a style=\"color: #000000;\" href=\"http:\/\/amz.museucienciesjournals.cat\/?lang=en\" target=\"_blank\" rel=\"noopener\"><em>Arxius de Miscel\u00b7l\u00e0nia Zool\u00f2gica<\/em><\/a><em>\u00a0<\/em>and\u00a0<a style=\"color: #000000;\" href=\"http:\/\/abc.museucienciesjournals.cat\/?lang=en\" target=\"_blank\" rel=\"noopener\"><em>Animal Biodiversity and Conservation<\/em><\/a>.<\/span><\/p>\n<p>&nbsp;<\/p>\n","text_publicacions":"","text_recursos":"<h3><span style=\"color: #000000;\">Action criteria<\/span><\/h3>\n<p><span style=\"color: #000000;\">The action criteria of this department are designed with the conviction that online projection of the content of the collections is primordial.<\/span><\/p>\n<p><span style=\"color: #000000;\">The reflection on this matter, which has been included in a general plan of the museum, can be followed in this <a style=\"color: #000000;\" href=\"http:\/\/museuciencies.cat\/wp-content\/uploads\/Labo_digital.pdf\" target=\"_blank\" rel=\"noopener\">document<\/a>.<\/span><\/p>\n<h3><span style=\"color: #000000;\">Collaboration with the Department of Non-Arthropod Invertebrates<\/span><\/h3>\n<p><span style=\"color: #000000;\">Traditionally, there are people who collaborate on the work programmes of the department or who find support in the department for developing their own projects. Ways are being initiated in the department to facilitate this active participation. Direct care of the collections, review of the documentation (labels, data sheets, etc.) and publication of contents on the Internet are three examples of experiences in which collaboration has been productive for both parties &#8211; the museum and the people who collaborate with it.<\/span><\/p>\n<p><span style=\"color: #000000;\">The formal link is established via the <a style=\"color: #000000;\" href=\"http:\/\/agenda.museuciencies.cat\/descargas\/museuciencies1679.pdf\" target=\"_blank\" rel=\"noopener\">Association of Friends of the Barcelona Natural History Museum<\/a>. If the idea of collaborating on the scientific activity of the department interests you or sparks your curiosity, please ask for an interview with <a style=\"color: #000000;\" href=\"mailto:furibe@bcn.cat\">Francesc Uribe<\/a>, the head of the department, to explore options for collaborating.<\/span><\/p>\n","text_serveis":"<p>The main service is providing a rapid and efficient response to queries about the curated collections either remotely via the website or in person following an application (contact: <a style=\"color: #000000;\" href=\"mailto:furibe@bcn.cat\">Francesc Uribe<\/a>).<\/p>\n<p><span style=\"color: #000000;\">For researchers, there are delayed custody services for material that is still subject to review by scientific publications.<\/span><\/p>\n<p>&nbsp;<\/p>\n","tipologia_de_colaborador":[{"tipus_de_colaboracio":"Researchers who have recently donated collections and who look after them","descripcio_del_tipus":"","colaboradors":[{"nom":"Josep M. Gili","especialitat":"cnidarians","procedencia":"","institucio":"","link_institucio":"http:\/\/"},{"nom":"Pablo J. Gonz\u00e1lez","especialitat":"cnidarians","procedencia":"","institucio":"","link_institucio":"http:\/\/"},{"nom":"Teresa Madurell","especialitat":"bryozoans","procedencia":"","institucio":"","link_institucio":"http:\/\/"},{"nom":"Mikel Zabala","especialitat":"bryozoans","procedencia":"","institucio":"","link_institucio":"http:\/\/"}]},{"tipus_de_colaboracio":"Scientific support and review of the collections","descripcio_del_tipus":"","colaboradors":[{"nom":"Cristian Altaba","especialitat":"molluscs","procedencia":"","institucio":"","link_institucio":"http:\/\/"},{"nom":"Vicen\u00e7 Bros","especialitat":"molluscs","procedencia":"","institucio":"","link_institucio":"http:\/\/"},{"nom":"Jordi Cadevall","especialitat":"molluscs","procedencia":"","institucio":"","link_institucio":"http:\/\/"},{"nom":"Carles Gili","especialitat":"molluscs","procedencia":"","institucio":"","link_institucio":"http:\/\/"},{"nom":"Cristina Gonz\u00e1lez","especialitat":"georeferencing","procedencia":"","institucio":"","link_institucio":"http:\/\/"},{"nom":"Elisabeth Hern\u00e1ndez","especialitat":"molluscs","procedencia":"","institucio":"","link_institucio":"http:\/\/"},{"nom":"Jordi Nebot","especialitat":"molluscs","procedencia":"","institucio":"","link_institucio":"http:\/\/"},{"nom":"Albert Orozco","especialitat":"molluscs","procedencia":"","institucio":"","link_institucio":"http:\/\/"}]}],"presenta_peu":false,"segona_part":""},"jetpack_sharing_enabled":true,"_links":{"self":[{"href":"https:\/\/museuciencies.cat\/en\/wp-json\/wp\/v2\/pages\/15107","targetHints":{"allow":["GET"]}}],"collection":[{"href":"https:\/\/museuciencies.cat\/en\/wp-json\/wp\/v2\/pages"}],"about":[{"href":"https:\/\/museuciencies.cat\/en\/wp-json\/wp\/v2\/types\/page"}],"author":[{"embeddable":true,"href":"https:\/\/museuciencies.cat\/en\/wp-json\/wp\/v2\/users\/2"}],"replies":[{"embeddable":true,"href":"https:\/\/museuciencies.cat\/en\/wp-json\/wp\/v2\/comments?post=15107"}],"version-history":[{"count":2,"href":"https:\/\/museuciencies.cat\/en\/wp-json\/wp\/v2\/pages\/15107\/revisions"}],"predecessor-version":[{"id":113284,"href":"https:\/\/museuciencies.cat\/en\/wp-json\/wp\/v2\/pages\/15107\/revisions\/113284"}],"up":[{"embeddable":true,"href":"https:\/\/museuciencies.cat\/en\/wp-json\/wp\/v2\/pages\/12828"}],"wp:attachment":[{"href":"https:\/\/museuciencies.cat\/en\/wp-json\/wp\/v2\/media?parent=15107"}],"curies":[{"name":"wp","href":"https:\/\/api.w.org\/{rel}","templated":true}]}}