{"id":13972,"date":"2014-01-27T15:36:21","date_gmt":"2014-01-27T15:36:21","guid":{"rendered":"http:\/\/museuciencies.cat\/visitans\/el-laboratori-de-natura\/informacio-practica\/"},"modified":"2025-04-01T19:07:54","modified_gmt":"2025-04-01T17:07:54","slug":"useful-information","status":"publish","type":"page","link":"https:\/\/museuciencies.cat\/en\/the-nat\/venues\/castell-dels-tres-dragons\/useful-information\/","title":{"rendered":"Useful information"},"content":{"rendered":"<h3><span style=\"color: #000000;\">Important notice<\/span><\/h3>\n<p>The centre is closed to the general public , except\u00a0 the scientific access to geological collections .<\/p>\n<h3><span style=\"color: #000000;\"><strong>How to get here<\/strong><\/span><\/h3>\n<p dir=\"ltr\"><span style=\"color: #000000;\"><a style=\"color: #000000;\" href=\"https:\/\/www.google.es\/maps\/place\/Castell+dels+Tres+Dragons\/@41.3866562,2.1831883,17z\/data=!4m5!3m4!1s0x0:0xec78a722cff60fcb!8m2!3d41.3881067!4d2.1833684?hl=ca\">Link to the location using Google maps<\/a><\/span><\/p>\n<h4><span style=\"color: #000000;\">Address<\/span><\/h4>\n<p><span style=\"color: #000000;\">Passeig Picasso s\/n.<\/span><br \/>\n<span style=\"color: #000000;\"> 08003 Barcelona<\/span><br \/>\n<span style=\"color: #000000;\"> Tel.: 93 256 22 00<\/span><br \/>\n<span style=\"color: #000000;\"> Fax: 93 310 49 99<\/span><\/p>\n<p><span style=\"color: #000000;\">E-mail: <a style=\"color: #000000;\" href=\"mailto:museuciencies@bcn.cat\">museuciencies@bcn.cat<\/a><\/span><\/p>\n<h4><span style=\"color: #000000;\">Transport<\/span><\/h4>\n<p><span style=\"color: #000000;\"><strong>Metro<\/strong><\/span><\/p>\n<p><span style=\"color: #000000;\">L4 Jaume I<\/span><br \/>\n<span style=\"color: #000000;\"> L1 Arc de Triomf<\/span><\/p>\n<p dir=\"ltr\"><span style=\"color: #000000;\"><strong>Tram<\/strong><\/span><\/p>\n<p dir=\"ltr\"><span style=\"color: #000000;\">T4: Marina<\/span><\/p>\n<p dir=\"ltr\"><span style=\"color: #000000;\"><strong>Bus<\/strong><\/span><\/p>\n<p dir=\"ltr\"><span style=\"color: #000000;\">V19, H16, B20, B25<\/span><\/p>\n<p><span style=\"color: #000000;\"><strong>Car<\/strong><\/span><\/p>\n<p><span style=\"color: #000000;\">The Museum does not have its own parking facilities. Nearest car parks: Passeig Llu\u00eds Companys, Passeig del Born, Pla\u00e7a de la Catedral, Avinguda Camb\u00f3 and Via Laietana.<\/span><\/p>\n<p><span style=\"color: #000000;\"><strong>Bicing<\/strong><\/span><\/p>\n<p><span style=\"color: #000000;\">Nearest stations: Passeig Llu\u00eds Companys-Parc de la Ciutadella, Carrer Comer\u00e7 and Avinguda Marqu\u00e8s de l\u2019Argentera (opposite Estaci\u00f3 de Fran\u00e7a train station).<\/span><\/p>\n<h3><span style=\"color: #000000;\">\u00a0<\/span><\/h3>\n<p><span style=\"color: #000000;\">\u00a0<\/span><\/p>\n","protected":false},"excerpt":{"rendered":"<p>Important notice The centre is closed to the general public , except\u00a0 the scientific access to geological collections . How to get here Link to the location using Google maps Address Passeig Picasso s\/n. 08003 Barcelona Tel.: 93 256 22 00 Fax: 93 310 49 99 E-mail: museuciencies@bcn.cat Transport Metro L4 Jaume I L1 Arc [&hellip;]<\/p>\n","protected":false},"author":1,"featured_media":0,"parent":13962,"menu_order":180,"comment_status":"closed","ping_status":"closed","template":"page-amb-mapa.php","meta":{"_acf_changed":false,"footnotes":""},"class_list":["post-13972","page","type-page","status-publish","hentry"],"acf":{"activeu_alerta":false,"arxius_adjunts":false,"boto_de_link_o_mail":false,"imatge_llistat":false,"img_cap":7658,"links_associats":false,"nou_carrusel":false,"presenta_fills":"no","tambe_us_pot_interessar":"","text_alerta":"","presenta_peu":false,"map":"Passeig de Picasso, 5, 08003 Barcelona, Espa\u00f1a|41.388063196980376,2.1833539047546537","visible":true,"nivell_de_zoom":"17","link_manual":"","text_del_link":"","imatge_del_link":false,"segona_part":""},"jetpack_sharing_enabled":true,"_links":{"self":[{"href":"https:\/\/museuciencies.cat\/en\/wp-json\/wp\/v2\/pages\/13972","targetHints":{"allow":["GET"]}}],"collection":[{"href":"https:\/\/museuciencies.cat\/en\/wp-json\/wp\/v2\/pages"}],"about":[{"href":"https:\/\/museuciencies.cat\/en\/wp-json\/wp\/v2\/types\/page"}],"author":[{"embeddable":true,"href":"https:\/\/museuciencies.cat\/en\/wp-json\/wp\/v2\/users\/1"}],"replies":[{"embeddable":true,"href":"https:\/\/museuciencies.cat\/en\/wp-json\/wp\/v2\/comments?post=13972"}],"version-history":[{"count":3,"href":"https:\/\/museuciencies.cat\/en\/wp-json\/wp\/v2\/pages\/13972\/revisions"}],"predecessor-version":[{"id":118364,"href":"https:\/\/museuciencies.cat\/en\/wp-json\/wp\/v2\/pages\/13972\/revisions\/118364"}],"up":[{"embeddable":true,"href":"https:\/\/museuciencies.cat\/en\/wp-json\/wp\/v2\/pages\/13962"}],"wp:attachment":[{"href":"https:\/\/museuciencies.cat\/en\/wp-json\/wp\/v2\/media?parent=13972"}],"curies":[{"name":"wp","href":"https:\/\/api.w.org\/{rel}","templated":true}]}}