{"id":114986,"date":"2024-09-10T15:13:45","date_gmt":"2024-09-10T13:13:45","guid":{"rendered":"https:\/\/museuciencies.cat\/the-nat\/who-we-are\/work-with-us\/practiques-al-museu\/"},"modified":"2024-11-13T12:00:26","modified_gmt":"2024-11-13T10:00:26","slug":"practiques-al-museu","status":"publish","type":"page","link":"https:\/\/museuciencies.cat\/en\/the-nat\/who-we-are\/work-with-us\/practiques-al-museu\/","title":{"rendered":"Internships"},"content":{"rendered":"<p>If you want to do internships, consult the universities and centers with which the Museum has an agreement:<\/p>\n<ul>\n<li>Escola Superior de Conservaci\u00f3 i Restauraci\u00f3 de B\u00e9ns Culturals\u00a0 (<a href=\"https:\/\/www.escrbcc.cat\/\" target=\"_blank\" rel=\"noopener\">ESCRBCC<\/a>)<\/li>\n<li><a href=\"https:\/\/www.ub.edu\/portal\/web\/biologia\" target=\"_blank\" rel=\"noopener\">Facultat de Biologia<\/a>. Universitat de Barcelona<\/li>\n<li><a href=\"https:\/\/www.ub.edu\/portal\/web\/bellesarts\" target=\"_blank\" rel=\"noopener\">Facultat de Belles Arts.<\/a> Universitat de Barcelona<\/li>\n<li><a href=\"https:\/\/www.ub.edu\/portal\/web\/filologia-comunicacio\" target=\"_blank\" rel=\"noopener\">Facultat de Filologia<\/a>. Universitat de Barcelona<\/li>\n<li><a href=\"https:\/\/www.ub.edu\/portal\/web\/ciencies-terra\" target=\"_blank\" rel=\"noopener\">Facultat Ci\u00e8ncies de la Terra.<\/a> Universitat de Barcelona<\/li>\n<li><a href=\"https:\/\/www.uab.cat\/biociencies\/?gad_source=1&amp;gclid=CjwKCAjw3P-2BhAEEiwA3yPhwOcU7juxs3vJuaW878y2X9lTzZjuJzHlJj3Jh07bvr1d50ZsNdDF6BoC4e8QAvD_BwE\" target=\"_blank\" rel=\"noopener\">Facultat de Bioci\u00e8ncies<\/a>. Universitat Aut\u00f2noma de Barcelona<\/li>\n<li><a href=\"https:\/\/www.upm.es\/\" target=\"_blank\" rel=\"noopener\">Universidad Polit\u00e9cnica de Madrid<\/a><\/li>\n<\/ul>\n<p>&nbsp;<\/p>\n","protected":false},"excerpt":{"rendered":"<p>If you want to do internships, consult the universities and centers with which the Museum has an agreement: Escola Superior de Conservaci\u00f3 i Restauraci\u00f3 de B\u00e9ns Culturals\u00a0 (ESCRBCC) Facultat de Biologia. Universitat de Barcelona Facultat de Belles Arts. Universitat de Barcelona Facultat de Filologia. Universitat de Barcelona Facultat Ci\u00e8ncies de la Terra. Universitat de Barcelona [&hellip;]<\/p>\n","protected":false},"author":2,"featured_media":0,"parent":81393,"menu_order":0,"comment_status":"closed","ping_status":"closed","template":"","meta":{"_acf_changed":false,"footnotes":""},"class_list":["post-114986","page","type-page","status-publish","hentry"],"acf":{"segona_part":"","tambe_us_pot_interessar":"","img_cap":113627,"presenta_peu":false,"imatge_llistat":false,"nou_carrusel":false,"boto_de_link_o_mail":false,"arxius_adjunts":false,"links_associats":false,"presenta_fills":"no","activeu_alerta":false,"text_alerta":""},"jetpack_sharing_enabled":true,"_links":{"self":[{"href":"https:\/\/museuciencies.cat\/en\/wp-json\/wp\/v2\/pages\/114986","targetHints":{"allow":["GET"]}}],"collection":[{"href":"https:\/\/museuciencies.cat\/en\/wp-json\/wp\/v2\/pages"}],"about":[{"href":"https:\/\/museuciencies.cat\/en\/wp-json\/wp\/v2\/types\/page"}],"author":[{"embeddable":true,"href":"https:\/\/museuciencies.cat\/en\/wp-json\/wp\/v2\/users\/2"}],"replies":[{"embeddable":true,"href":"https:\/\/museuciencies.cat\/en\/wp-json\/wp\/v2\/comments?post=114986"}],"version-history":[{"count":1,"href":"https:\/\/museuciencies.cat\/en\/wp-json\/wp\/v2\/pages\/114986\/revisions"}],"predecessor-version":[{"id":114989,"href":"https:\/\/museuciencies.cat\/en\/wp-json\/wp\/v2\/pages\/114986\/revisions\/114989"}],"up":[{"embeddable":true,"href":"https:\/\/museuciencies.cat\/en\/wp-json\/wp\/v2\/pages\/81393"}],"wp:attachment":[{"href":"https:\/\/museuciencies.cat\/en\/wp-json\/wp\/v2\/media?parent=114986"}],"curies":[{"name":"wp","href":"https:\/\/api.w.org\/{rel}","templated":true}]}}