{"id":105175,"date":"2023-10-18T13:10:25","date_gmt":"2023-10-18T11:10:25","guid":{"rendered":"https:\/\/museuciencies.cat\/the-nat\/venues\/centre-martorell-dexposicions\/useful-information\/com-arribar-hi\/"},"modified":"2024-01-24T15:12:46","modified_gmt":"2024-01-24T13:12:46","slug":"how-to-get-there","status":"publish","type":"page","link":"https:\/\/museuciencies.cat\/en\/the-nat\/venues\/centre-martorell-dexposicions\/useful-information\/how-to-get-there\/","title":{"rendered":"How to get there"},"content":{"rendered":"<h3><span style=\"color: #000000;\">Address<\/span><\/h3>\n<p><strong><span style=\"color: #000000;\">Centre Martorell d&#8217;Exposicions<\/span><\/strong><\/p>\n<p><span style=\"color: #000000;\">Passeig Picasso, 9<br \/>\n<\/span><span style=\"color: #000000;\">Parc de la Ciutadella<\/span><br \/>\n<span style=\"color: #000000;\"> 08003 Barcelona<br \/>\nTel.: 934132293<\/span><br \/>\n<span style=\"color: #000000;\">E-mail: <a style=\"color: #000000;\" href=\"mailto:museuciencies@bcn.cat\">museuciencies@bcn.cat<\/a><\/span><\/p>\n<h4><span style=\"color: #000000;\">Transport<\/span><\/h4>\n<p><span style=\"color: #000000;\"><strong>Metro<\/strong><\/span><\/p>\n<p><span style=\"color: #000000;\">L4 Jaume I ; Bogatell<\/span><br \/>\n<span style=\"color: #000000;\"> L1 Arc de Triomf<\/span><\/p>\n<p dir=\"ltr\"><span style=\"color: #000000;\"><strong>Tram<\/strong><\/span><\/p>\n<p dir=\"ltr\"><span style=\"color: #000000;\">T4: Parada Marina<\/span><\/p>\n<p dir=\"ltr\"><span style=\"color: #000000;\"><strong>Bus<\/strong><\/span><\/p>\n<p dir=\"ltr\"><span style=\"color: #000000;\">V19, H16, B20, B25<\/span><\/p>\n<p><span style=\"color: #000000;\"><strong>Car<\/strong><\/span><\/p>\n<p><span style=\"color: #000000;\">The Museum does not have its own parking facilities. Nearest car parks: Passeig Llu\u00eds Companys, Passeig del Born, Pla\u00e7a de la Catedral, Avinguda Camb\u00f3 and Via Laietana.<\/span><\/p>\n<p><span style=\"color: #000000;\"><strong>Bicing<\/strong><\/span><\/p>\n<p><span style=\"color: #000000;\">Nearest stations: Passeig Llu\u00eds Companys-Parc de la Ciutadella, Carrer Comer\u00e7 and Avinguda Marqu\u00e8s de l\u2019Argentera (opposite Estaci\u00f3 de Fran\u00e7a train station).<\/span><\/p>\n","protected":false},"excerpt":{"rendered":"<p>Address Centre Martorell d&#8217;Exposicions Passeig Picasso, 9 Parc de la Ciutadella 08003 Barcelona Tel.: 934132293 E-mail: museuciencies@bcn.cat Transport Metro L4 Jaume I ; Bogatell L1 Arc de Triomf Tram T4: Parada Marina Bus V19, H16, B20, B25 Car The Museum does not have its own parking facilities. Nearest car parks: Passeig Llu\u00eds Companys, Passeig del [&hellip;]<\/p>\n","protected":false},"author":2,"featured_media":0,"parent":14077,"menu_order":0,"comment_status":"closed","ping_status":"closed","template":"","meta":{"_acf_changed":false,"footnotes":""},"class_list":["post-105175","page","type-page","status-publish","hentry"],"acf":{"segona_part":"","tambe_us_pot_interessar":"","img_cap":75660,"presenta_peu":false,"imatge_llistat":false,"nou_carrusel":false,"boto_de_link_o_mail":false,"arxius_adjunts":false,"links_associats":false,"presenta_fills":"no","activeu_alerta":false,"text_alerta":""},"jetpack_sharing_enabled":true,"_links":{"self":[{"href":"https:\/\/museuciencies.cat\/en\/wp-json\/wp\/v2\/pages\/105175","targetHints":{"allow":["GET"]}}],"collection":[{"href":"https:\/\/museuciencies.cat\/en\/wp-json\/wp\/v2\/pages"}],"about":[{"href":"https:\/\/museuciencies.cat\/en\/wp-json\/wp\/v2\/types\/page"}],"author":[{"embeddable":true,"href":"https:\/\/museuciencies.cat\/en\/wp-json\/wp\/v2\/users\/2"}],"replies":[{"embeddable":true,"href":"https:\/\/museuciencies.cat\/en\/wp-json\/wp\/v2\/comments?post=105175"}],"version-history":[{"count":1,"href":"https:\/\/museuciencies.cat\/en\/wp-json\/wp\/v2\/pages\/105175\/revisions"}],"predecessor-version":[{"id":108205,"href":"https:\/\/museuciencies.cat\/en\/wp-json\/wp\/v2\/pages\/105175\/revisions\/108205"}],"up":[{"embeddable":true,"href":"https:\/\/museuciencies.cat\/en\/wp-json\/wp\/v2\/pages\/14077"}],"wp:attachment":[{"href":"https:\/\/museuciencies.cat\/en\/wp-json\/wp\/v2\/media?parent=105175"}],"curies":[{"name":"wp","href":"https:\/\/api.w.org\/{rel}","templated":true}]}}